{"id":75,"date":"2014-09-18T10:21:02","date_gmt":"2014-09-18T09:21:02","guid":{"rendered":"http:\/\/agora.xtec.cat\/ies-salvat-barceloneta\/?page_id=75"},"modified":"2025-11-17T18:02:41","modified_gmt":"2025-11-17T17:02:41","slug":"activitats-extraescolars","status":"publish","type":"page","link":"https:\/\/agora.xtec.cat\/ies-salvat-barceloneta\/serveis\/activitats-extraescolars\/","title":{"rendered":"Activitats extraescolars"},"content":{"rendered":"<p><span style=\"font-weight: 400;\">Les activitats extraescolars que es realitzen aquest curs 2025-2026 s\u00f3n les seg\u00fcents:<\/span><\/p>\n<p><span style=\"font-weight: 400;\">Gratu\u00eftes<\/span><\/p>\n<ul>\n<li style=\"list-style-type: none;\">\n<ul>\n<li style=\"font-weight: 400;\" aria-level=\"1\"><b>\u00c8XIT: <\/b><span style=\"font-weight: 400;\">Refor\u00e7 escolar. Dilluns i dimecres de 16:00 a 17:30h. L\u2019equip docent recomanar\u00e0 aquest servei als alumnes que necessitin refor\u00e7 en algunes mat\u00e8ries.\u00a0 El referent \u00e9s Joan Carbonell. <\/span><a href=\"mailto:joan@salvatpapasseit.cat\"><span style=\"font-weight: 400;\">joan@salvatpapasseit.cat<\/span><\/a><\/li>\n<li style=\"font-weight: 400;\" aria-level=\"1\"><b>Speak Up: <\/b><span style=\"font-weight: 400;\">Ampliaci\u00f3 d&#8217;angl\u00e8s. Treball de la conversa. Dilluns i dimecres de 16:00 a 17:30h. El referent \u00e9s Joan Carbonell. <\/span><a href=\"mailto:joan@salvatpapasseit.cat\"><span style=\"font-weight: 400;\">joan@salvatpapasseit.cat<\/span><\/a><\/li>\n<li style=\"font-weight: 400;\" aria-level=\"1\"><b>Orquestra: <\/b><span style=\"font-weight: 400;\">Activitats musicals grupals de caire modern. Dijous de 15:30 a 17:30h. El referent \u00e9s Pau Dom\u00e8nech\u00a0 <\/span><a href=\"mailto:pau@salvatpapasseit.cat\"><span style=\"font-weight: 400;\">pau@salvatpapasseit.cat<\/span><\/a><\/li>\n<\/ul>\n<\/li>\n<\/ul>\n<ul>\n<li aria-level=\"1\"><b>Boxa: <\/b><span style=\"font-weight: 400;\">Dimarts i dijous de 17:30-18:30h. La referent \u00e9s\u00a0 Laia Luis <\/span><a href=\"mailto:laia@salvatpapasseit.cat\"><span style=\"font-weight: 400;\">laia@salvatpapasseit.cat<\/span><\/a><span style=\"font-weight: 400;\">\u00a0\u00a0<\/span><\/li>\n<\/ul>\n<ul>\n<li style=\"font-weight: 400;\" aria-level=\"1\"><b>Manga: <\/b><span style=\"font-weight: 400;\">Dijous de 16 1 17.30h. La referent \u00e9s\u00a0 Laia Luis\u00a0 <\/span><a href=\"mailto:laia@salvatpapasseit.cat\"><span style=\"font-weight: 400;\">laia@salvatpapasseit.cat<\/span><\/a><span style=\"font-weight: 400;\">\u00a0\u00a0<\/span><\/li>\n<li style=\"font-weight: 400;\" aria-level=\"1\"><b>Pell amb Piel: <\/b><span style=\"font-weight: 400;\">Activitat de creaci\u00f3 teatral adre\u00e7ada a alumnes de 4t d\u2019ESO i BAT. Dimecres de 16:00 a 18:00h<\/span><\/li>\n<\/ul>\n<p><span style=\"font-weight: 400;\">De pagament o amb beca:<\/span><\/p>\n<ul>\n<li style=\"font-weight: 400;\" aria-level=\"1\"><b>B\u00e0squet: <\/b><span style=\"font-weight: 400;\">Dilluns i dimecres de 15:30-16:30h. Referent N\u00faria L\u00f3pez nuria@salvatpapasseit.cat<\/span><\/li>\n<li style=\"font-weight: 400;\" aria-level=\"1\"><b>Voleibol:<\/b><span style=\"font-weight: 400;\"> Dimarts i dijous de 16 a 17:30h. Referent N\u00faria L\u00f3pez nuria@salvatpapasseit.cat<\/span><\/li>\n<li style=\"font-weight: 400;\" aria-level=\"1\"><b>Futbol Sala: <\/b><span style=\"font-weight: 400;\">Dilluns i dimecres de 16:30-18h. Referent N\u00faria L\u00f3pez nuria@salvatpapasseit.cat<\/span><\/li>\n<\/ul>\n<p><b>Preu per activitat:<\/b><span style=\"font-weight: 400;\"> 30\u20ac\/trimestre.<\/span><\/p>\n<p><b>Beca:<\/b><span style=\"font-weight: 400;\"> Es possible demanar una beca i tenir gratu\u00eftat parcial\/total de l\u2019activitat. El per\u00edode va finalitzar a l\u2019octubre.<\/span><\/p>\n","protected":false},"excerpt":{"rendered":"<p>Les activitats extraescolars que es realitzen aquest curs 2025-2026 s\u00f3n les seg\u00fcents: Gratu\u00eftes \u00c8XIT: Refor\u00e7 escolar. Dilluns i dimecres de 16:00 a 17:30h. L\u2019equip docent recomanar\u00e0 aquest servei als alumnes que necessitin refor\u00e7 en algunes mat\u00e8ries.\u00a0 El referent \u00e9s Joan Carbonell. joan@salvatpapasseit.cat Speak Up: Ampliaci\u00f3 d&#8217;angl\u00e8s. Treball de la conversa. Dilluns i dimecres de 16:00 [&hellip;]<\/p>\n","protected":false},"author":1,"featured_media":0,"parent":63,"menu_order":40,"comment_status":"closed","ping_status":"closed","template":"","meta":{"_bbp_topic_count":0,"_bbp_reply_count":0,"_bbp_total_topic_count":0,"_bbp_total_reply_count":0,"_bbp_voice_count":0,"_bbp_anonymous_reply_count":0,"_bbp_topic_count_hidden":0,"_bbp_reply_count_hidden":0,"_bbp_forum_subforum_count":0,"site-sidebar-layout":"default","site-content-layout":"","ast-site-content-layout":"default","site-content-style":"default","site-sidebar-style":"default","ast-global-header-display":"","ast-banner-title-visibility":"","ast-main-header-display":"","ast-hfb-above-header-display":"","ast-hfb-below-header-display":"","ast-hfb-mobile-header-display":"","site-post-title":"","ast-breadcrumbs-content":"","ast-featured-img":"","footer-sml-layout":"","theme-transparent-header-meta":"default","adv-header-id-meta":"","stick-header-meta":"","header-above-stick-meta":"","header-main-stick-meta":"","header-below-stick-meta":"","astra-migrate-meta-layouts":"set","ast-page-background-enabled":"default","ast-page-background-meta":{"desktop":{"background-color":"var(--ast-global-color-4)","background-image":"","background-repeat":"repeat","background-position":"center center","background-size":"auto","background-attachment":"scroll","background-type":"","background-media":"","overlay-type":"","overlay-color":"","overlay-opacity":"","overlay-gradient":""},"tablet":{"background-color":"","background-image":"","background-repeat":"repeat","background-position":"center center","background-size":"auto","background-attachment":"scroll","background-type":"","background-media":"","overlay-type":"","overlay-color":"","overlay-opacity":"","overlay-gradient":""},"mobile":{"background-color":"","background-image":"","background-repeat":"repeat","background-position":"center center","background-size":"auto","background-attachment":"scroll","background-type":"","background-media":"","overlay-type":"","overlay-color":"","overlay-opacity":"","overlay-gradient":""}},"ast-content-background-meta":{"desktop":{"background-color":"var(--ast-global-color-5)","background-image":"","background-repeat":"repeat","background-position":"center center","background-size":"auto","background-attachment":"scroll","background-type":"","background-media":"","overlay-type":"","overlay-color":"","overlay-opacity":"","overlay-gradient":""},"tablet":{"background-color":"var(--ast-global-color-5)","background-image":"","background-repeat":"repeat","background-position":"center center","background-size":"auto","background-attachment":"scroll","background-type":"","background-media":"","overlay-type":"","overlay-color":"","overlay-opacity":"","overlay-gradient":""},"mobile":{"background-color":"var(--ast-global-color-5)","background-image":"","background-repeat":"repeat","background-position":"center center","background-size":"auto","background-attachment":"scroll","background-type":"","background-media":"","overlay-type":"","overlay-color":"","overlay-opacity":"","overlay-gradient":""}},"footnotes":""},"class_list":["post-75","page","type-page","status-publish","hentry"],"post_mailing_queue_ids":[],"_links":{"self":[{"href":"https:\/\/agora.xtec.cat\/ies-salvat-barceloneta\/wp-json\/wp\/v2\/pages\/75","targetHints":{"allow":["GET"]}}],"collection":[{"href":"https:\/\/agora.xtec.cat\/ies-salvat-barceloneta\/wp-json\/wp\/v2\/pages"}],"about":[{"href":"https:\/\/agora.xtec.cat\/ies-salvat-barceloneta\/wp-json\/wp\/v2\/types\/page"}],"author":[{"embeddable":true,"href":"https:\/\/agora.xtec.cat\/ies-salvat-barceloneta\/wp-json\/wp\/v2\/users\/1"}],"replies":[{"embeddable":true,"href":"https:\/\/agora.xtec.cat\/ies-salvat-barceloneta\/wp-json\/wp\/v2\/comments?post=75"}],"version-history":[{"count":6,"href":"https:\/\/agora.xtec.cat\/ies-salvat-barceloneta\/wp-json\/wp\/v2\/pages\/75\/revisions"}],"predecessor-version":[{"id":6132,"href":"https:\/\/agora.xtec.cat\/ies-salvat-barceloneta\/wp-json\/wp\/v2\/pages\/75\/revisions\/6132"}],"up":[{"embeddable":true,"href":"https:\/\/agora.xtec.cat\/ies-salvat-barceloneta\/wp-json\/wp\/v2\/pages\/63"}],"wp:attachment":[{"href":"https:\/\/agora.xtec.cat\/ies-salvat-barceloneta\/wp-json\/wp\/v2\/media?parent=75"}],"curies":[{"name":"wp","href":"https:\/\/api.w.org\/{rel}","templated":true}]}}