{"id":69,"date":"2014-09-18T10:15:07","date_gmt":"2014-09-18T09:15:07","guid":{"rendered":"http:\/\/agora.xtec.cat\/ies-salvat-barceloneta\/?page_id=69"},"modified":"2025-11-19T11:53:50","modified_gmt":"2025-11-19T10:53:50","slug":"menjador-escolar","status":"publish","type":"page","link":"https:\/\/agora.xtec.cat\/ies-salvat-barceloneta\/serveis\/menjador-escolar\/","title":{"rendered":"Menjador escolar"},"content":{"rendered":"<p><a href=\"https:\/\/agora.xtec.cat\/ies-salvat-barceloneta\/wp-content\/uploads\/usu2276\/2021\/09\/Menjador01.jpg\"><img loading=\"lazy\" decoding=\"async\" class=\"aligncenter size-medium wp-image-1502\" src=\"https:\/\/agora.xtec.cat\/ies-salvat-barceloneta\/wp-content\/uploads\/usu2276\/2021\/09\/Menjador01-300x116.jpg\" alt=\"\" width=\"300\" height=\"116\" srcset=\"https:\/\/agora.xtec.cat\/ies-salvat-barceloneta\/wp-content\/uploads\/usu2276\/2021\/09\/Menjador01-300x116.jpg 300w, https:\/\/agora.xtec.cat\/ies-salvat-barceloneta\/wp-content\/uploads\/usu2276\/2021\/09\/Menjador01-768x298.jpg 768w, https:\/\/agora.xtec.cat\/ies-salvat-barceloneta\/wp-content\/uploads\/usu2276\/2021\/09\/Menjador01.jpg 850w\" sizes=\"auto, (max-width: 300px) 100vw, 300px\" \/><\/a><\/p>\n<p>El servei de menjador al nostre centre s&#8217;ofereix a les instal\u00b7lacions de l&#8217;escola Alexandre Gal\u00ed, a la cuina de la qual s&#8217;elabora el men\u00fa diari.<\/p>\n<p align=\"justify\"><span lang=\"ca-ES\">El servei de menjador inclou el <\/span><span lang=\"ca-ES\"><b>dinar i el monitoratge<\/b><\/span><span lang=\"ca-ES\"> dels alumnes durant l\u2019horari del migdia <\/span><span lang=\"ca-ES\"><b>de 14:40h a 16:00h<\/b><\/span><span lang=\"ca-ES\">. L&#8217;alumnat ser\u00e0 al menjador o al pati, vigilats per monitors. El preu \u00e9s de <\/span><span lang=\"ca-ES\"><b>6,97\u20ac\/dia<\/b><\/span><span lang=\"ca-ES\"> i s\u2019enviar\u00e0 per Dinantia l\u2019import consumit cada dos mesos per tal que la fam\u00edlia faci la transfer\u00e8ncia corresponent.<\/span><\/p>\n<p align=\"justify\"><span lang=\"ca-ES\">Els monitors i totes les persones relacionades amb el servei de menjador vetllaran per tal que aquest espai mantingui una l\u00ednia educativa amb el centre i sigui un moment d\u2019enriquiment personal, de relaci\u00f3 i de conviv\u00e8ncia. Es per aix\u00f2 que cal marcar unes normes i objectius a complir:<\/span><\/p>\n<ul>\n<li>\n<p align=\"justify\"><span lang=\"ca-ES\">El menjador \u00e9s un servei extraordinari, i com a tal, el centre pot suspendre el servei per aquells usuaris que incompleixin la normativa establerta.<\/span><\/p>\n<\/li>\n<li>\n<p align=\"justify\"><span lang=\"ca-ES\">Les fam\u00edlies que vulguin disposar dels serveis de menjador hauran d\u2019acceptar aquesta normativa.<\/span><\/p>\n<\/li>\n<\/ul>\n<p align=\"justify\"><span lang=\"ca-ES\"><b>NORMES DE CONVIV\u00c8NCIA<\/b><\/span><\/p>\n<p align=\"justify\"><span lang=\"ca-ES\">A l\u2019hora del menjador s\u2019han de complir les mateixes normes de conviv\u00e8ncia que durant les hores lectives, i que estan recollides al Reglament de R\u00e8gim Intern del centre. Destaquem el seg\u00fcent:<\/span><\/p>\n<ul>\n<li>\n<p align=\"justify\"><span lang=\"ca-ES\"><b>\u00c9s important apuntar-se al llistat setmanal de menjador<\/b><\/span><span lang=\"ca-ES\">, per deixar const\u00e0ncia de quins dies de la setmana es far\u00e0 \u00fas del servei. El fet de no apuntar-se pot provocar que no hi hagi menjar per l\u2019alumne\/a.<\/span><\/p>\n<\/li>\n<li>\n<p align=\"justify\"><span lang=\"ca-ES\"><b>Els monitors\/es<\/b><\/span><span lang=\"ca-ES\"> del menjador <\/span><span lang=\"ca-ES\"><b>tenen la mateixa autoritat que qualsevol professor<\/b><\/span><span lang=\"ca-ES\"> del centre. En tot moment es respectar\u00e0 les decisions i advertiments dels monitors.<\/span><\/p>\n<\/li>\n<li>\n<p align=\"justify\"><span lang=\"ca-ES\">Els alumnes no poden estar sols al pati. No hi sortiran fins que puguin estar acompanyats dels monitor\/es.<\/span><\/p>\n<\/li>\n<li>\n<p align=\"justify\"><span lang=\"ca-ES\">Mantenir en tot moment <\/span><span lang=\"ca-ES\"><b>un tracte respectu\u00f3s amb els companys<\/b><\/span><span lang=\"ca-ES\">, els monitores i totes les persones relacionades amb el servei.<\/span><\/p>\n<\/li>\n<li>\n<p align=\"justify\"><span lang=\"ca-ES\">No aixecar-se de taula fins que els monitors\/es donin perm\u00eds.<\/span><\/p>\n<\/li>\n<li>\n<p align=\"justify\"><span lang=\"ca-ES\">Durant l\u2019estona de dinar no es podr\u00e0 anar al lavabo (excepte urg\u00e8ncies) donat que tenen temps abans i despr\u00e9s de dinar.<\/span><\/p>\n<\/li>\n<li>\n<p align=\"justify\"><span lang=\"ca-ES\">Est\u00e0 totalment prohibit llen\u00e7ar ni jugar amb el menjar.<\/span><\/p>\n<\/li>\n<li>\n<p align=\"justify\"><span lang=\"ca-ES\">\u00c9s important rentar-se les mans abans d\u2019anar a taula.<\/span><\/p>\n<\/li>\n<li>\n<p align=\"justify\"><span lang=\"ca-ES\">Es important <\/span><span lang=\"ca-ES\"><b>notificar si algun alumne no pot menjar algun tipus d\u2019aliment<\/b><\/span><span lang=\"ca-ES\">.<\/span><\/p>\n<\/li>\n<li>\n<p align=\"justify\"><span lang=\"ca-ES\">Excepte per autoritzaci\u00f3 escrita de la fam\u00edlia, <\/span><span lang=\"ca-ES\"><b>l\u2019alumnat no pot marxar del servei fins les 16:00h<\/b><\/span><span lang=\"ca-ES\">. <\/span><\/p>\n<\/li>\n<\/ul>\n<p align=\"justify\"><span lang=\"ca-ES\"><b>EN CAS D\u2019INCOMPLIMENT DE LA NORMATIVA<\/b><\/span><\/p>\n<p align=\"justify\"><span lang=\"ca-ES\">Qualsevol incid\u00e8ncia d\u2019un alumne al menjador es notificar\u00e0 a trav\u00e9s de Dinantia, amb notificacions d\u2019 <\/span><span lang=\"ca-ES\"><b>\u201cIncid\u00e8ncia de menjador\u201d. <\/b><\/span><span lang=\"ca-ES\">En funci\u00f3 de la gravetat i\/o acumulaci\u00f3 d\u2019incid\u00e8ncies es prendran les seg\u00fcents mesures:<\/span><\/p>\n<ul>\n<li>\n<p align=\"justify\"><span lang=\"ca-ES\"><b>3 incid\u00e8ncies<\/b><\/span><span lang=\"ca-ES\"> de menjador: <\/span><span lang=\"ca-ES\"><b>es vetar\u00e0<\/b><\/span><span lang=\"ca-ES\"> a l\u2019alumne de l\u2019espai de menjador <\/span><span lang=\"ca-ES\"><b>2 dies<\/b><\/span><span lang=\"ca-ES\">. <\/span><span lang=\"ca-ES\"><b>Es proporcionar\u00e0 el menjar<\/b><\/span><span lang=\"ca-ES\"> a l\u2019alumne <\/span><span lang=\"ca-ES\"><b>en una carmanyola<\/b><\/span><span lang=\"ca-ES\"> que se li entregar\u00e0 a les 14:40h, quan l\u2019alumne l\u2019ha de recollir i marxar a casa.<\/span><\/p>\n<\/li>\n<li>\n<p align=\"justify\"><span lang=\"ca-ES\"><b>9 incid\u00e8ncies <\/b><\/span><span lang=\"ca-ES\">de menjador: es vetar\u00e0 a l\u2019alumne de l\u2019espai de menjador permanentment. Es proporcionar\u00e0 el menjar en carmanyola com en el cas anterior.<\/span><\/p>\n<\/li>\n<\/ul>\n<p align=\"justify\"><a name=\"_GoBack\"><\/a> En cas de <b>faltes de disciplina molt greus<\/b>, es podr\u00e0 <b>vetar o donar de baixa del servei<\/b> de menjador a l\u2019alumne directament.<\/p>\n","protected":false},"excerpt":{"rendered":"<p>El servei de menjador al nostre centre s&#8217;ofereix a les instal\u00b7lacions de l&#8217;escola Alexandre Gal\u00ed, a la cuina de la qual s&#8217;elabora el men\u00fa diari. El servei de menjador inclou el dinar i el monitoratge dels alumnes durant l\u2019horari del migdia de 14:40h a 16:00h. L&#8217;alumnat ser\u00e0 al menjador o al pati, vigilats per monitors. [&hellip;]<\/p>\n","protected":false},"author":1,"featured_media":0,"parent":63,"menu_order":20,"comment_status":"closed","ping_status":"closed","template":"","meta":{"_bbp_topic_count":0,"_bbp_reply_count":0,"_bbp_total_topic_count":0,"_bbp_total_reply_count":0,"_bbp_voice_count":0,"_bbp_anonymous_reply_count":0,"_bbp_topic_count_hidden":0,"_bbp_reply_count_hidden":0,"_bbp_forum_subforum_count":0,"site-sidebar-layout":"default","site-content-layout":"","ast-site-content-layout":"default","site-content-style":"default","site-sidebar-style":"default","ast-global-header-display":"","ast-banner-title-visibility":"","ast-main-header-display":"","ast-hfb-above-header-display":"","ast-hfb-below-header-display":"","ast-hfb-mobile-header-display":"","site-post-title":"","ast-breadcrumbs-content":"","ast-featured-img":"","footer-sml-layout":"","theme-transparent-header-meta":"default","adv-header-id-meta":"","stick-header-meta":"","header-above-stick-meta":"","header-main-stick-meta":"","header-below-stick-meta":"","astra-migrate-meta-layouts":"set","ast-page-background-enabled":"default","ast-page-background-meta":{"desktop":{"background-color":"var(--ast-global-color-4)","background-image":"","background-repeat":"repeat","background-position":"center center","background-size":"auto","background-attachment":"scroll","background-type":"","background-media":"","overlay-type":"","overlay-color":"","overlay-opacity":"","overlay-gradient":""},"tablet":{"background-color":"","background-image":"","background-repeat":"repeat","background-position":"center center","background-size":"auto","background-attachment":"scroll","background-type":"","background-media":"","overlay-type":"","overlay-color":"","overlay-opacity":"","overlay-gradient":""},"mobile":{"background-color":"","background-image":"","background-repeat":"repeat","background-position":"center center","background-size":"auto","background-attachment":"scroll","background-type":"","background-media":"","overlay-type":"","overlay-color":"","overlay-opacity":"","overlay-gradient":""}},"ast-content-background-meta":{"desktop":{"background-color":"var(--ast-global-color-5)","background-image":"","background-repeat":"repeat","background-position":"center center","background-size":"auto","background-attachment":"scroll","background-type":"","background-media":"","overlay-type":"","overlay-color":"","overlay-opacity":"","overlay-gradient":""},"tablet":{"background-color":"var(--ast-global-color-5)","background-image":"","background-repeat":"repeat","background-position":"center center","background-size":"auto","background-attachment":"scroll","background-type":"","background-media":"","overlay-type":"","overlay-color":"","overlay-opacity":"","overlay-gradient":""},"mobile":{"background-color":"var(--ast-global-color-5)","background-image":"","background-repeat":"repeat","background-position":"center center","background-size":"auto","background-attachment":"scroll","background-type":"","background-media":"","overlay-type":"","overlay-color":"","overlay-opacity":"","overlay-gradient":""}},"footnotes":""},"class_list":["post-69","page","type-page","status-publish","hentry"],"post_mailing_queue_ids":[],"_links":{"self":[{"href":"https:\/\/agora.xtec.cat\/ies-salvat-barceloneta\/wp-json\/wp\/v2\/pages\/69","targetHints":{"allow":["GET"]}}],"collection":[{"href":"https:\/\/agora.xtec.cat\/ies-salvat-barceloneta\/wp-json\/wp\/v2\/pages"}],"about":[{"href":"https:\/\/agora.xtec.cat\/ies-salvat-barceloneta\/wp-json\/wp\/v2\/types\/page"}],"author":[{"embeddable":true,"href":"https:\/\/agora.xtec.cat\/ies-salvat-barceloneta\/wp-json\/wp\/v2\/users\/1"}],"replies":[{"embeddable":true,"href":"https:\/\/agora.xtec.cat\/ies-salvat-barceloneta\/wp-json\/wp\/v2\/comments?post=69"}],"version-history":[{"count":5,"href":"https:\/\/agora.xtec.cat\/ies-salvat-barceloneta\/wp-json\/wp\/v2\/pages\/69\/revisions"}],"predecessor-version":[{"id":6133,"href":"https:\/\/agora.xtec.cat\/ies-salvat-barceloneta\/wp-json\/wp\/v2\/pages\/69\/revisions\/6133"}],"up":[{"embeddable":true,"href":"https:\/\/agora.xtec.cat\/ies-salvat-barceloneta\/wp-json\/wp\/v2\/pages\/63"}],"wp:attachment":[{"href":"https:\/\/agora.xtec.cat\/ies-salvat-barceloneta\/wp-json\/wp\/v2\/media?parent=69"}],"curies":[{"name":"wp","href":"https:\/\/api.w.org\/{rel}","templated":true}]}}