{"id":65,"date":"2014-09-18T10:12:22","date_gmt":"2014-09-18T10:12:22","guid":{"rendered":"http:\/\/agora.xtec.cat\/ies-salvat-barceloneta\/?page_id=65"},"modified":"2022-12-14T11:29:51","modified_gmt":"2022-12-14T10:29:51","slug":"serveis-digitals","status":"publish","type":"page","link":"https:\/\/agora.xtec.cat\/ies-salvat-barceloneta\/serveis\/serveis-digitals\/","title":{"rendered":"Serveis digitals"},"content":{"rendered":"<p style=\"color: #444444;\"><a href=\"https:\/\/agora.xtec.cat\/ies-salvat-barceloneta\/wp-content\/uploads\/usu2276\/2021\/09\/20210908_195124-2.jpg\"><img loading=\"lazy\" decoding=\"async\" class=\"aligncenter size-medium wp-image-1481\" src=\"https:\/\/agora.xtec.cat\/ies-salvat-barceloneta\/wp-content\/uploads\/usu2276\/2021\/09\/20210908_195124-2-300x91.jpg\" alt=\"\" width=\"300\" height=\"91\" srcset=\"https:\/\/agora.xtec.cat\/ies-salvat-barceloneta\/wp-content\/uploads\/usu2276\/2021\/09\/20210908_195124-2-300x91.jpg 300w, https:\/\/agora.xtec.cat\/ies-salvat-barceloneta\/wp-content\/uploads\/usu2276\/2021\/09\/20210908_195124-2-1024x311.jpg 1024w, https:\/\/agora.xtec.cat\/ies-salvat-barceloneta\/wp-content\/uploads\/usu2276\/2021\/09\/20210908_195124-2-768x233.jpg 768w, https:\/\/agora.xtec.cat\/ies-salvat-barceloneta\/wp-content\/uploads\/usu2276\/2021\/09\/20210908_195124-2.jpg 1126w\" sizes=\"auto, (max-width: 300px) 100vw, 300px\" \/><\/a><\/p>\n<p style=\"color: #444444;\">L\u2019oferta de\u00a0serveis\u00a0digitals constitueix un element molt important de l\u2019engranatge del nostre centre educatiu.<\/p>\n<p style=\"color: #444444;\">El curs 2021-22 es va dissenyar una nova Estrat\u00e8gia Digital de Centre on el treball amb els dispositius (un per cadascun dels nostres alumnes) amb suport de plataformes digitals com Classroom i Moodle, agafar\u00e0 molt de protagonisme.<\/p>\n<p>Aquestes eines ens acostaran a una formaci\u00f3 integral per als nostres alumnes.<\/p>\n<p><strong>IMPORTANT!<\/strong> Consulteu la Normativa d&#8217;\u00fas dels port\u00e0tils al seg\u00fcent enlla\u00e7: <a href=\"https:\/\/docs.google.com\/document\/u\/0\/d\/1DpHGpJocbTKXY9v3JgjnGVecH0fB7v0c_cCPduDkHJE\/\">bit.ly\/normativaticsalvat<\/a><\/p>\n<p style=\"color: #444444;\">\n","protected":false},"excerpt":{"rendered":"<p>L\u2019oferta de\u00a0serveis\u00a0digitals constitueix un element molt important de l\u2019engranatge del nostre centre educatiu. El curs 2021-22 es va dissenyar una nova Estrat\u00e8gia Digital de Centre on el treball amb els dispositius (un per cadascun dels nostres alumnes) amb suport de plataformes digitals com Classroom i Moodle, agafar\u00e0 molt de protagonisme. Aquestes eines ens acostaran a [&hellip;]<\/p>\n","protected":false},"author":1,"featured_media":0,"parent":63,"menu_order":10,"comment_status":"closed","ping_status":"closed","template":"page-templates\/side-menu.php","meta":{"_bbp_topic_count":0,"_bbp_reply_count":0,"_bbp_total_topic_count":0,"_bbp_total_reply_count":0,"_bbp_voice_count":0,"_bbp_anonymous_reply_count":0,"_bbp_topic_count_hidden":0,"_bbp_reply_count_hidden":0,"_bbp_forum_subforum_count":0,"site-sidebar-layout":"default","site-content-layout":"","ast-site-content-layout":"","site-content-style":"default","site-sidebar-style":"default","ast-global-header-display":"","ast-banner-title-visibility":"","ast-main-header-display":"","ast-hfb-above-header-display":"","ast-hfb-below-header-display":"","ast-hfb-mobile-header-display":"","site-post-title":"","ast-breadcrumbs-content":"","ast-featured-img":"","footer-sml-layout":"","theme-transparent-header-meta":"","adv-header-id-meta":"","stick-header-meta":"","header-above-stick-meta":"","header-main-stick-meta":"","header-below-stick-meta":"","astra-migrate-meta-layouts":"default","ast-page-background-enabled":"default","ast-page-background-meta":{"desktop":{"background-color":"var(--ast-global-color-4)","background-image":"","background-repeat":"repeat","background-position":"center center","background-size":"auto","background-attachment":"scroll","background-type":"","background-media":"","overlay-type":"","overlay-color":"","overlay-opacity":"","overlay-gradient":""},"tablet":{"background-color":"","background-image":"","background-repeat":"repeat","background-position":"center center","background-size":"auto","background-attachment":"scroll","background-type":"","background-media":"","overlay-type":"","overlay-color":"","overlay-opacity":"","overlay-gradient":""},"mobile":{"background-color":"","background-image":"","background-repeat":"repeat","background-position":"center center","background-size":"auto","background-attachment":"scroll","background-type":"","background-media":"","overlay-type":"","overlay-color":"","overlay-opacity":"","overlay-gradient":""}},"ast-content-background-meta":{"desktop":{"background-color":"var(--ast-global-color-5)","background-image":"","background-repeat":"repeat","background-position":"center center","background-size":"auto","background-attachment":"scroll","background-type":"","background-media":"","overlay-type":"","overlay-color":"","overlay-opacity":"","overlay-gradient":""},"tablet":{"background-color":"var(--ast-global-color-5)","background-image":"","background-repeat":"repeat","background-position":"center center","background-size":"auto","background-attachment":"scroll","background-type":"","background-media":"","overlay-type":"","overlay-color":"","overlay-opacity":"","overlay-gradient":""},"mobile":{"background-color":"var(--ast-global-color-5)","background-image":"","background-repeat":"repeat","background-position":"center center","background-size":"auto","background-attachment":"scroll","background-type":"","background-media":"","overlay-type":"","overlay-color":"","overlay-opacity":"","overlay-gradient":""}},"footnotes":""},"class_list":["post-65","page","type-page","status-publish","hentry"],"post_mailing_queue_ids":[],"_links":{"self":[{"href":"https:\/\/agora.xtec.cat\/ies-salvat-barceloneta\/wp-json\/wp\/v2\/pages\/65","targetHints":{"allow":["GET"]}}],"collection":[{"href":"https:\/\/agora.xtec.cat\/ies-salvat-barceloneta\/wp-json\/wp\/v2\/pages"}],"about":[{"href":"https:\/\/agora.xtec.cat\/ies-salvat-barceloneta\/wp-json\/wp\/v2\/types\/page"}],"author":[{"embeddable":true,"href":"https:\/\/agora.xtec.cat\/ies-salvat-barceloneta\/wp-json\/wp\/v2\/users\/1"}],"replies":[{"embeddable":true,"href":"https:\/\/agora.xtec.cat\/ies-salvat-barceloneta\/wp-json\/wp\/v2\/comments?post=65"}],"version-history":[{"count":4,"href":"https:\/\/agora.xtec.cat\/ies-salvat-barceloneta\/wp-json\/wp\/v2\/pages\/65\/revisions"}],"predecessor-version":[{"id":3019,"href":"https:\/\/agora.xtec.cat\/ies-salvat-barceloneta\/wp-json\/wp\/v2\/pages\/65\/revisions\/3019"}],"up":[{"embeddable":true,"href":"https:\/\/agora.xtec.cat\/ies-salvat-barceloneta\/wp-json\/wp\/v2\/pages\/63"}],"wp:attachment":[{"href":"https:\/\/agora.xtec.cat\/ies-salvat-barceloneta\/wp-json\/wp\/v2\/media?parent=65"}],"curies":[{"name":"wp","href":"https:\/\/api.w.org\/{rel}","templated":true}]}}