{"id":49,"date":"2014-09-17T16:55:55","date_gmt":"2014-09-17T16:55:55","guid":{"rendered":"http:\/\/agora.xtec.cat\/ies-salvat-barceloneta\/?page_id=49"},"modified":"2025-10-20T11:58:23","modified_gmt":"2025-10-20T09:58:23","slug":"normes-dorganitzacio-i-funcionament","status":"publish","type":"page","link":"https:\/\/agora.xtec.cat\/ies-salvat-barceloneta\/linstitut\/normes-dorganitzacio-i-funcionament\/","title":{"rendered":"Normes de conviv\u00e8ncia."},"content":{"rendered":"<p>La Normativa de conviv\u00e8ncia per al funcionament del nostre institut est\u00e0 basada en els <strong>Drets i deures de l\u2019alumnat,<\/strong><span style=\"font-weight: 400;\">\u00a0recollits al <\/span><i><span style=\"font-weight: 400;\">DECRET 279\/2006, de 4 de juliol, sobre drets i deures de l&#8217;alumnat i regulaci\u00f3 de la conviv\u00e8ncia en els centres educatius no universitaris de Catalunya<\/span><\/i><span style=\"font-weight: 400;\">.<\/span><\/p>\n<p><span style=\"color: #000000;\"><span style=\"font-family: Tahoma, serif;\"><span style=\"font-size: large;\"><b>Normes per fonamentar una bona conviv\u00e8ncia en el centre<\/b><\/span><\/span><\/span><\/p>\n<p><span style=\"color: #000000;\"><span style=\"font-family: Tahoma, serif;\"><span style=\"font-size: large;\"><i>En el centre<\/i><\/span><\/span><\/span><\/p>\n<ul>\n<li><span style=\"color: #000000;\"><span style=\"font-family: Tahoma, serif;\">RESPECTE. Fonamentarem la conviv\u00e8ncia en el respecte<\/span><\/span><\/li>\n<li><span style=\"color: #000000;\"><span style=\"font-family: Tahoma, serif;\">Ens hem de posar d\u2019acord per poder crear un espai <\/span><\/span><span style=\"color: #000000;\"><span style=\"font-family: Tahoma, serif;\"><b>on tothom estigui c\u00f2mode<\/b><\/span><\/span><span style=\"color: #000000;\"><span style=\"font-family: Tahoma, serif;\">. Intentarem tenir en compte les necessitats de cadascun.<\/span><\/span><\/li>\n<li><span style=\"font-family: Tahoma, serif;\">Dins de l\u2019edifici no podreu portar <\/span><span style=\"font-family: Tahoma, serif;\"><b>gorres<\/b><\/span><span style=\"font-family: Tahoma, serif;\"> o <\/span><span style=\"font-family: Tahoma, serif;\"><b>gorros <\/b><\/span><span style=\"font-family: Tahoma, serif;\">si no \u00e9s estrictament necessari degut a causes majors que cobreixin el cap. <\/span><\/li>\n<li><span style=\"font-family: Tahoma, serif;\">No es pot menjar <\/span><span style=\"font-family: Tahoma, serif;\"><b>xiclets<\/b><\/span><span style=\"font-family: Tahoma, serif;\">. Embruten molt i costa encara m\u00e9s treure\u2019ls. <\/span><\/li>\n<li><span style=\"font-family: Tahoma, serif;\">La puntualitat \u00e9s un element fonamental en qualsevol organitzaci\u00f3.<\/span><\/li>\n<li><span style=\"font-family: Tahoma, serif;\">En general respectarem els espais per poder <\/span><span style=\"font-family: Tahoma, serif;\"><b>gaudir-los.<\/b><\/span><\/li>\n<\/ul>\n<p><span style=\"color: #000000;\"><span style=\"font-family: Tahoma, serif;\"><span style=\"font-size: large;\"><i>Dins l\u2019aula<\/i><\/span><\/span><\/span><\/p>\n<ul>\n<li><span style=\"font-family: Tahoma, serif;\">\u00c9s necessari respectar unes pautes consensuades per poder treballar a classe.<\/span><\/li>\n<\/ul>\n<ul>\n<li><span style=\"font-family: Tahoma, serif;\">Per demanar la <\/span><span style=\"font-family: Tahoma, serif;\"><b>paraula<\/b><\/span><span style=\"font-family: Tahoma, serif;\"> aixecarem abans la m\u00e0.<\/span><\/li>\n<li><span style=\"font-family: Tahoma, serif;\">Seurem b\u00e9 i no ens <\/span><span style=\"font-family: Tahoma, serif;\"><b>aixecarem<\/b><\/span><span style=\"font-family: Tahoma, serif;\"> de la cadira sense perm\u00eds.<\/span><\/li>\n<li><span style=\"font-family: Tahoma, serif;\">Respectarem el lloc que us han assignat per seure. Si treballem en grup o fem servir una altra distribuci\u00f3, deixarem la classe com l\u2019hem trobada.<\/span><\/li>\n<li><span style=\"font-family: Tahoma, serif;\">Hem de mantenir la nostra taula i <\/span><span style=\"font-family: Tahoma, serif;\"><b>classe netes<\/b><\/span><span style=\"font-family: Tahoma, serif;\">. Tothom hauria de participar-hi ja que l\u2019espai \u00e9s de tothom.<\/span><\/li>\n<li><span style=\"font-family: Tahoma, serif;\"><b>No<\/b><\/span><span style=\"font-family: Tahoma, serif;\"> podem <\/span><span style=\"font-family: Tahoma, serif;\"><b>fer servir el m\u00f2bil<\/b><\/span><span style=\"font-family: Tahoma, serif;\"> sense perm\u00eds del professorat.<\/span><\/li>\n<li><span style=\"font-family: Tahoma, serif;\"><b>No<\/b><\/span><span style=\"font-family: Tahoma, serif;\"> es pot <\/span><span style=\"font-family: Tahoma, serif;\"><b>menjar<\/b><\/span><span style=\"font-family: Tahoma, serif;\"> dins de l\u2019aula ni a les escales . Esperarem sempre a l\u2019hora del pati.<\/span><\/li>\n<li><span style=\"font-family: Tahoma, serif;\"><b>Respectarem<\/b><\/span><span style=\"font-family: Tahoma, serif;\"> pels companys i companyes. El l\u00e8xic, insults, comentaris irrespectuosos o racistes no estan permesos, el to ha de ser el correcte cap a tota la comunitat educativa.<\/span><\/li>\n<li><span style=\"font-family: Tahoma, serif;\">No es pot sortir de l\u2019aula. Si alg\u00fa ho ha de fer haur\u00e0 d\u2019anar acompanyat.<\/span><\/li>\n<li><span style=\"font-family: Tahoma, serif;\">Els alumnes han de dur el seu ordinador carregat de casa.<\/span><\/li>\n<li><span style=\"font-family: Tahoma, serif;\">No sortim abans de sonar la m\u00fasica final, cal respectar els circuits de cada grup.<\/span><\/li>\n<\/ul>\n<p><span style=\"color: #000000;\"><span style=\"font-family: Tahoma, serif;\"><span style=\"font-size: large;\"><i>Fora de l\u2019aula<\/i><\/span><\/span><\/span><\/p>\n<ul>\n<li><span style=\"font-family: Tahoma, serif;\">No s\u2019ha d\u2019anar a les\u201d <\/span><span style=\"font-family: Tahoma, serif;\"><b>taquilles<\/b><\/span><span style=\"font-family: Tahoma, serif;\">\u201d entre classe i classe (podreu anar-hi a:<\/span><\/li>\n<\/ul>\n<p><span style=\"font-family: Tahoma, serif;\">1a hora, a l\u2019hora del pati i a darrera hora) <\/span><\/p>\n<ul>\n<li><span style=\"font-family: Tahoma, serif;\">No es faran servir els <\/span><span style=\"font-family: Tahoma, serif;\"><b>lavabos<\/b><\/span><span style=\"font-family: Tahoma, serif;\"> a les hores de classe si no teniu una urg\u00e8ncia.<\/span><\/li>\n<li><span style=\"font-family: Tahoma, serif;\">Els lavabos del pati es tancaran <\/span><span style=\"font-family: Tahoma, serif;\"><b>5\u2019<\/b><\/span><span style=\"font-family: Tahoma, serif;\"> abans que soni el timbre per evitar les aglomeracions d\u2019\u00faltima hora<\/span><\/li>\n<li><span style=\"font-family: Tahoma, serif;\">A les hores dels patis hi haur\u00e0 els lavabos de la planta baixa oberts. <\/span><\/li>\n<li>La <b>seguretat<\/b> al centre \u00e9s en general bona. Sou uns 300 alumnes i la immensa majoria teniu un comportament c\u00edvic. Tot i aix\u00f2 hem de col\u00b7laborar tots i totes per evitar qualsevol acte inc\u00edvic o robatori. Ajudeu al professorat a recordar que tanquin les aules quan no s\u2019han de fer servir<\/li>\n<li><b>El pati \u00e9s un espai de lleure.<\/b> Heu de respectar les activitats dels companys i companyes i en cas de conflictes demanar l\u2019ajuda d\u2019un professor o professora de gu\u00e0rdia. (actes inc\u00edvics com prendre la pilota als m\u00e9s petits, colpejar la pilota per fer mal&#8230; es considerar\u00e0 falta greu).<\/li>\n<li>Recordar que el pati \u00e9s un espai com\u00fa que hem de cuidar i no embrutar-lo.<\/li>\n<\/ul>\n<p><span style=\"color: #000000;\"><span style=\"font-family: Tahoma, serif;\"><span style=\"font-size: large;\"><i>Assist\u00e8ncia<\/i><\/span><\/span><\/span><\/p>\n<ul>\n<li>\u00c9s molt important que els alumnes que <b>arribin 10 minuts m\u00e9s tard de les 8\u201900h<\/b> del mat\u00ed, no podran entrar a l\u2019aula i aniran a la sala d\u2019actes. <b>No<\/b> podran fer servir el <b>m\u00f2bil<\/b> i l\u2019ordinador nom\u00e9s amb la supervisi\u00f3 del professorat de gu\u00e0rdia.<\/li>\n<\/ul>\n<p><span style=\"color: #000000;\"><span style=\"font-family: Tahoma, serif;\"><b>Qu\u00e8 passar\u00e0 si entrem en la din\u00e0mica proposada pel centre<\/b><\/span><\/span><\/p>\n<ol>\n<li><span style=\"color: #000000;\"><span style=\"font-family: Tahoma, serif;\">Comunicaci\u00f3 fluida amb la fam\u00edlia per comentar les situacions que <\/span><\/span><span style=\"color: #000000;\"><span style=\"font-family: Tahoma, serif;\"><b>S<\/b><\/span><\/span><span style=\"font-family: Tahoma, serif;\"><b>\u00cd <\/b><\/span><span style=\"color: #000000;\"><span style=\"font-family: Tahoma, serif;\"> que funcionen.<\/span><\/span><\/li>\n<li><span style=\"color: #000000;\"><span style=\"font-family: Tahoma, serif;\">Felicitacions DINANTIA.<\/span><\/span><\/li>\n<li><span style=\"color: #000000;\"><span style=\"font-family: Tahoma, serif;\">Molt bones notes compet\u00e8ncies personals i socials.<\/span><\/span><\/li>\n<li><span style=\"color: #000000;\"><span style=\"font-family: Tahoma, serif;\">Participacions en totes les festivitats i sortides del centre.<\/span><\/span><\/li>\n<\/ol>\n<p><span style=\"color: #000000;\"><span style=\"font-family: Tahoma, serif;\"><b>Qu\u00e8 passar\u00e0 si <\/b><\/span><\/span><span style=\"color: #000000;\"><span style=\"font-family: Tahoma, serif;\"><span style=\"font-size: large;\"><b>NO<\/b><\/span><\/span><\/span><span style=\"color: #000000;\"><span style=\"font-family: Tahoma, serif;\"><b> entrem en la din\u00e0mica proposada pel centre<\/b><\/span><\/span><\/p>\n<ol>\n<li><span style=\"color: #000000;\"><span style=\"font-family: Tahoma, serif;\">Comunicaci\u00f3 fluida amb la fam\u00edlia per comentar les situacions que <\/span><\/span><span style=\"color: #000000;\"><span style=\"font-family: Tahoma, serif;\"><b>no<\/b><\/span><\/span><span style=\"color: #000000;\"><span style=\"font-family: Tahoma, serif;\"> funcionen.<\/span><\/span><\/li>\n<li><span style=\"color: #000000;\"><span style=\"font-family: Tahoma, serif;\">Amonestacions, expulsions DINANTIA.<\/span><\/span><\/li>\n<li><span style=\"font-family: Tahoma, serif;\">Pr\u00e0ctiques<\/span><span style=\"color: #000000;\"><span style=\"font-family: Tahoma, serif;\"> restauratives.<\/span><\/span><\/li>\n<li><span style=\"color: #000000;\"><span style=\"font-family: Tahoma, serif;\">Vetos a sortides i festes del centre.<\/span><\/span><\/li>\n<li><span style=\"color: #000000;\"><span style=\"font-family: Tahoma, serif;\">Expulsions <\/span><\/span><span style=\"font-family: Tahoma, serif;\">de<\/span><span style=\"color: #000000;\"><span style=\"font-family: Tahoma, serif;\"> classe.<\/span><\/span><\/li>\n<li><span style=\"color: #000000;\"><span style=\"font-family: Tahoma, serif;\">Expulsions del centre.<\/span><\/span><\/li>\n<li><span style=\"color: #000000;\"> <span style=\"font-family: Tahoma, serif;\">Notes dolentes compet\u00e8ncies personals i socials.<\/span><\/span><\/li>\n<\/ol>\n<p><span style=\"color: #000000;\"><span style=\"font-family: Tahoma, serif;\"><b>Recordeu!<\/b><\/span><\/span><\/p>\n<ul>\n<li><span style=\"color: #000000;\"><span style=\"font-family: Tahoma, serif;\">La <\/span><\/span><span style=\"color: #000000;\"><span style=\"font-family: Tahoma, serif;\"><b>comissi\u00f3 conviv\u00e8ncia <\/b>s&#8217;encarregar\u00e0 d&#8217;estudiar els casos que no s&#8217;impliquin en la din\u00e0mica del centre.<\/span><\/span><\/li>\n<li><span style=\"color: #000000;\"><span style=\"font-family: Tahoma, serif;\">Hi ha a la vostra disposici\u00f3 un <\/span><\/span><span style=\"color: #000000;\"><span style=\"font-family: Tahoma, serif;\"><b>full de reflexi\u00f3 <\/b>per exposar per escrit el teu punt de vista en una situaci\u00f3 de conflicte<\/span><\/span><span style=\"color: #000000;\"><span style=\"font-family: Tahoma, serif;\">.<\/span><\/span><\/li>\n<li><span style=\"color: #000000;\"><span style=\"font-family: Tahoma, serif;\">Existeix un <strong>c<\/strong><\/span><\/span><span style=\"color: #000000;\"><span style=\"font-family: Tahoma, serif;\"><b>orreu electr\u00f2nic <\/b>per expressar<\/span><\/span><span style=\"color: #000000;\"><span style=\"font-family: Tahoma, serif;\"> queixes o suggerir idees: <\/span><\/span><a href=\"mailto:convivim@salvatpapasseit.cat\"><span style=\"color: #0000ff;\"><span style=\"font-family: Tahoma, serif;\"><u>convivim@salvatpapasseit.cat<\/u><\/span><\/span><\/a><\/li>\n<\/ul>\n<p><span style=\"color: #000000;\"><span style=\"font-family: Tahoma, serif;\"><b>Aquestes normes volen afavorir i facilitar la nostra conviv\u00e8ncia<\/b><\/span><\/span><span style=\"font-family: Tahoma, serif;\"><b>.<\/b><\/span><\/p>\n<p><span style=\"color: #000000;\"><span style=\"font-family: Tahoma, serif;\"><b>Esperem que us les feu vostres i que participeu en la seva adaptaci\u00f3 per fer un centre m\u00e9s acollidor i just.<\/b><\/span><\/span><\/p>\n<p><span style=\"color: #000000;\"><span style=\"font-family: Tahoma, serif;\"><b>Recordeu tamb\u00e9 que el compliment o l\u2019incompliment d\u2019aquestes normes pot suposar felicitacions, amonestacions o expulsions amb les conseq\u00fc\u00e8ncies que se&#8217;n deriven.<\/b><\/span><\/span><\/p>\n","protected":false},"excerpt":{"rendered":"<p>La Normativa de conviv\u00e8ncia per al funcionament del nostre institut est\u00e0 basada en els Drets i deures de l\u2019alumnat,\u00a0recollits al DECRET 279\/2006, de 4 de juliol, sobre drets i deures de l&#8217;alumnat i regulaci\u00f3 de la conviv\u00e8ncia en els centres educatius no universitaris de Catalunya. Normes per fonamentar una bona conviv\u00e8ncia en el centre En [&hellip;]<\/p>\n","protected":false},"author":1,"featured_media":0,"parent":19,"menu_order":60,"comment_status":"closed","ping_status":"closed","template":"","meta":{"_bbp_topic_count":0,"_bbp_reply_count":0,"_bbp_total_topic_count":0,"_bbp_total_reply_count":0,"_bbp_voice_count":0,"_bbp_anonymous_reply_count":0,"_bbp_topic_count_hidden":0,"_bbp_reply_count_hidden":0,"_bbp_forum_subforum_count":0,"site-sidebar-layout":"default","site-content-layout":"","ast-site-content-layout":"default","site-content-style":"default","site-sidebar-style":"default","ast-global-header-display":"","ast-banner-title-visibility":"","ast-main-header-display":"","ast-hfb-above-header-display":"","ast-hfb-below-header-display":"","ast-hfb-mobile-header-display":"","site-post-title":"","ast-breadcrumbs-content":"","ast-featured-img":"","footer-sml-layout":"","theme-transparent-header-meta":"default","adv-header-id-meta":"","stick-header-meta":"","header-above-stick-meta":"","header-main-stick-meta":"","header-below-stick-meta":"","astra-migrate-meta-layouts":"set","ast-page-background-enabled":"default","ast-page-background-meta":{"desktop":{"background-color":"var(--ast-global-color-4)","background-image":"","background-repeat":"repeat","background-position":"center center","background-size":"auto","background-attachment":"scroll","background-type":"","background-media":"","overlay-type":"","overlay-color":"","overlay-opacity":"","overlay-gradient":""},"tablet":{"background-color":"","background-image":"","background-repeat":"repeat","background-position":"center center","background-size":"auto","background-attachment":"scroll","background-type":"","background-media":"","overlay-type":"","overlay-color":"","overlay-opacity":"","overlay-gradient":""},"mobile":{"background-color":"","background-image":"","background-repeat":"repeat","background-position":"center center","background-size":"auto","background-attachment":"scroll","background-type":"","background-media":"","overlay-type":"","overlay-color":"","overlay-opacity":"","overlay-gradient":""}},"ast-content-background-meta":{"desktop":{"background-color":"var(--ast-global-color-5)","background-image":"","background-repeat":"repeat","background-position":"center center","background-size":"auto","background-attachment":"scroll","background-type":"","background-media":"","overlay-type":"","overlay-color":"","overlay-opacity":"","overlay-gradient":""},"tablet":{"background-color":"var(--ast-global-color-5)","background-image":"","background-repeat":"repeat","background-position":"center center","background-size":"auto","background-attachment":"scroll","background-type":"","background-media":"","overlay-type":"","overlay-color":"","overlay-opacity":"","overlay-gradient":""},"mobile":{"background-color":"var(--ast-global-color-5)","background-image":"","background-repeat":"repeat","background-position":"center center","background-size":"auto","background-attachment":"scroll","background-type":"","background-media":"","overlay-type":"","overlay-color":"","overlay-opacity":"","overlay-gradient":""}},"footnotes":""},"class_list":["post-49","page","type-page","status-publish","hentry"],"post_mailing_queue_ids":[],"_links":{"self":[{"href":"https:\/\/agora.xtec.cat\/ies-salvat-barceloneta\/wp-json\/wp\/v2\/pages\/49","targetHints":{"allow":["GET"]}}],"collection":[{"href":"https:\/\/agora.xtec.cat\/ies-salvat-barceloneta\/wp-json\/wp\/v2\/pages"}],"about":[{"href":"https:\/\/agora.xtec.cat\/ies-salvat-barceloneta\/wp-json\/wp\/v2\/types\/page"}],"author":[{"embeddable":true,"href":"https:\/\/agora.xtec.cat\/ies-salvat-barceloneta\/wp-json\/wp\/v2\/users\/1"}],"replies":[{"embeddable":true,"href":"https:\/\/agora.xtec.cat\/ies-salvat-barceloneta\/wp-json\/wp\/v2\/comments?post=49"}],"version-history":[{"count":4,"href":"https:\/\/agora.xtec.cat\/ies-salvat-barceloneta\/wp-json\/wp\/v2\/pages\/49\/revisions"}],"predecessor-version":[{"id":6054,"href":"https:\/\/agora.xtec.cat\/ies-salvat-barceloneta\/wp-json\/wp\/v2\/pages\/49\/revisions\/6054"}],"up":[{"embeddable":true,"href":"https:\/\/agora.xtec.cat\/ies-salvat-barceloneta\/wp-json\/wp\/v2\/pages\/19"}],"wp:attachment":[{"href":"https:\/\/agora.xtec.cat\/ies-salvat-barceloneta\/wp-json\/wp\/v2\/media?parent=49"}],"curies":[{"name":"wp","href":"https:\/\/api.w.org\/{rel}","templated":true}]}}