{"id":3863,"date":"2023-10-04T20:06:44","date_gmt":"2023-10-04T18:06:44","guid":{"rendered":"https:\/\/agora.xtec.cat\/ies-salvat-barceloneta\/?page_id=3863"},"modified":"2026-03-27T11:13:15","modified_gmt":"2026-03-27T10:13:15","slug":"menu-menjador","status":"publish","type":"page","link":"https:\/\/agora.xtec.cat\/ies-salvat-barceloneta\/menu-menjador\/","title":{"rendered":"Men\u00fa Menjador"},"content":{"rendered":"<p>Consulteu el <a href=\"https:\/\/agora.xtec.cat\/ies-salvat-barceloneta\/wp-content\/uploads\/usu2276\/2026\/03\/menu-basal-abril-2026_institut-joan-salvat-papasseit-2.pdf\" target=\"_blank\" rel=\"noopener\">Men\u00fa basal d&#8217;abril de 2026<\/a><\/p>\n<p>Consulteu el <a href=\"https:\/\/agora.xtec.cat\/ies-salvat-barceloneta\/wp-content\/uploads\/usu2276\/2026\/03\/menus-derivades-abril-2026_institut-joan-salvat-papasseit.pdf\" target=\"_blank\" rel=\"noopener\">Men\u00fa derivades d&#8217;abril de 2026<\/a><\/p>\n<p>Consulteu el <a href=\"https:\/\/agora.xtec.cat\/ies-salvat-barceloneta\/wp-content\/uploads\/usu2276\/2026\/03\/menu-basal-marc-2026_institut-papasseit.pdf\" target=\"_blank\" rel=\"noopener\">Men\u00fa basal de mar\u00e7 de 2026<\/a><\/p>\n<p>Consulteu el <a href=\"https:\/\/agora.xtec.cat\/ies-salvat-barceloneta\/wp-content\/uploads\/usu2276\/2026\/03\/menus-derivades-marc-2026_institut-papasseit.pdf\" target=\"_blank\" rel=\"noopener\">Men\u00fa derivades de mar\u00e7 de 2026<\/a><\/p>\n<p>Consulteu el<a href=\"https:\/\/agora.xtec.cat\/ies-salvat-barceloneta\/wp-content\/uploads\/usu2276\/2026\/01\/menu-basal-febrer-2026_institut-joan-salvat-papasseit.pdf\" target=\"_blank\" rel=\"noopener\"> Men\u00fa basal de febrer de 2026<\/a><\/p>\n<p>Consulteu el <a href=\"https:\/\/agora.xtec.cat\/ies-salvat-barceloneta\/wp-content\/uploads\/usu2276\/2026\/01\/menus-derivades-febrer-2026_institut-joan-salvat-papasseit.pdf\" target=\"_blank\" rel=\"noopener\">Men\u00fa derivades de febrer de 2026<\/a><\/p>\n<p>Consulteu el <a href=\"https:\/\/agora.xtec.cat\/ies-salvat-barceloneta\/wp-content\/uploads\/usu2276\/2025\/11\/menus-derivades-desembre-2025_institut-papasseit.pdf\" target=\"_blank\" rel=\"noopener\">Men\u00fa basal de desembre de 2025<\/a><\/p>\n<p>Consulteu el <a href=\"https:\/\/agora.xtec.cat\/ies-salvat-barceloneta\/wp-content\/uploads\/usu2276\/2025\/11\/menus-derivades-desembre-2025_institut-papasseit.pdf\" target=\"_blank\" rel=\"noopener\">Men\u00fa derivades de desembre de 2025<\/a><\/p>\n<p>Consulteu el <a href=\"https:\/\/agora.xtec.cat\/ies-salvat-barceloneta\/wp-content\/uploads\/usu2276\/2025\/11\/menu-basal-novembre-2025_papasseit-1.pdf\">Men\u00fa basal de novembre de 2025<\/a><\/p>\n<p>Consulteu el <a href=\"https:\/\/agora.xtec.cat\/ies-salvat-barceloneta\/wp-content\/uploads\/usu2276\/2025\/11\/menus-derivades-novembre-2025_institut-joan-salvat-papasseit-1.pdf\">Men\u00fa derivades de novembre de 2025<\/a><\/p>\n<p>Consulteu el <a href=\"https:\/\/agora.xtec.cat\/ies-salvat-barceloneta\/wp-content\/uploads\/usu2276\/2025\/05\/menu-basal-juny-2025_papasseit.pdf\">Men\u00fa basal del mes de juny de 2025<\/a><\/p>\n<p>Consulteu el <a href=\"https:\/\/agora.xtec.cat\/ies-salvat-barceloneta\/wp-content\/uploads\/usu2276\/2025\/05\/menus-derivades-juny-2025_papasseit.pdf\">Men\u00fa derivades de juny de 2025<\/a><\/p>\n<p>Consulteu el <a href=\"https:\/\/agora.xtec.cat\/ies-salvat-barceloneta\/wp-content\/uploads\/usu2276\/2025\/04\/menu-basal-maig-2025_institut-joan-salvat-papasseit.pdf\">Men\u00fa basal del mes de maig de 2025<\/a><\/p>\n<p>Consulteu el <a href=\"https:\/\/agora.xtec.cat\/ies-salvat-barceloneta\/wp-content\/uploads\/usu2276\/2025\/04\/menus-derivades-maig-2025_institut-joan-salvat-papasseit.pdf\">Men\u00fa derivades del mes de maig de 2025<\/a><\/p>\n<p>Consulteu el <a href=\"https:\/\/agora.xtec.cat\/ies-salvat-barceloneta\/wp-content\/uploads\/usu2276\/2025\/04\/menu-basal-abril-2025_-institut-joan-salvat-papasseit.pdf\">Men\u00fa basal del mes d&#8217;abril de 2025<\/a><\/p>\n<p>Consulteu el <a href=\"https:\/\/agora.xtec.cat\/ies-salvat-barceloneta\/wp-content\/uploads\/usu2276\/2025\/04\/menus-derivades-abril-2025_-institut-joan-salvat-papasseit.pdf\">Men\u00fa derivades del mes d&#8217;abril de 2025<\/a><\/p>\n<p>Consulteu el <a href=\"https:\/\/agora.xtec.cat\/ies-salvat-barceloneta\/wp-content\/uploads\/usu2276\/2025\/03\/menu-basal-marc-2025_-institut-papasseit.pdf\">Men\u00fa basal del mes de mar\u00e7 de 2025<\/a><\/p>\n<p>Consulteu el <a href=\"https:\/\/agora.xtec.cat\/ies-salvat-barceloneta\/wp-content\/uploads\/usu2276\/2025\/03\/menus-derivades-marc-2025_-institut-papasseit.pdf\">Men\u00fa derivades del mes de mar\u00e7 de 2025<\/a><\/p>\n<p>Consulteu el <a href=\"https:\/\/agora.xtec.cat\/ies-salvat-barceloneta\/wp-content\/uploads\/usu2276\/2025\/02\/menu-basal-febrer-2025_papasseit.pdf\">Men\u00fa basal del mes de febrer de 2025<\/a><\/p>\n<p>Consulteu el <a href=\"https:\/\/agora.xtec.cat\/ies-salvat-barceloneta\/wp-content\/uploads\/usu2276\/2025\/02\/menus-derivades-febrer-2025_papasseit.pdf\">Men\u00fa derivades del mes de febrer de 2025<\/a><\/p>\n<p>Consulteu el <a href=\"https:\/\/agora.xtec.cat\/ies-salvat-barceloneta\/wp-content\/uploads\/usu2276\/2024\/12\/menu-basal-gener-2025_institut-papasseit.pdf\">Men\u00fa basal del mes de gener de 2025<\/a><\/p>\n<p>Consulteu el <a href=\"https:\/\/agora.xtec.cat\/ies-salvat-barceloneta\/wp-content\/uploads\/usu2276\/2024\/12\/menus-derivades-gener-2025_institut-papasseit.pdf\">Men\u00fa derivades del mes de gener de 2025<\/a><\/p>\n<p>Consulteu el <a href=\"https:\/\/agora.xtec.cat\/ies-salvat-barceloneta\/wp-content\/uploads\/usu2276\/2024\/11\/menu-basal-desembre-2024_institut-papasseit.pdf\">Men\u00fa basal del mes de desembre de 2024<\/a><\/p>\n<p>Consulteu el <a href=\"https:\/\/agora.xtec.cat\/ies-salvat-barceloneta\/wp-content\/uploads\/usu2276\/2024\/11\/menus-derivades-desembre-2024_institut-papasseit.pdf\">Men\u00fa derivades del mes de desembre de 2024<\/a><\/p>\n<p>Consulteu el <a href=\"https:\/\/agora.xtec.cat\/ies-salvat-barceloneta\/wp-content\/uploads\/usu2276\/2024\/10\/menu-basal-novembre-2024_institut-papasseit.pdf\">Men\u00fa basal del mes de novembre de 2024<\/a><\/p>\n<p>Consulteu el <a href=\"https:\/\/agora.xtec.cat\/ies-salvat-barceloneta\/wp-content\/uploads\/usu2276\/2024\/10\/menus-derivades-novembre-2024_institut-papasseit.pdf\">Men\u00fa derivades del mes de novembre de 2024<\/a><\/p>\n<p>Consulteu el <a href=\"https:\/\/agora.xtec.cat\/ies-salvat-barceloneta\/wp-content\/uploads\/usu2276\/2024\/10\/menu-basal-octubre-2024_institut-papasseit.pdf\">Men\u00fa basal del mes d&#8217;octubre de 2024<\/a><\/p>\n<p>Consulteu el <a href=\"https:\/\/agora.xtec.cat\/ies-salvat-barceloneta\/wp-content\/uploads\/usu2276\/2024\/10\/menus-derivades-octubre-2024_institut-papasseit.pdf\">Men\u00fa derivades del mes d&#8217;octubre de 2024<\/a><\/p>\n<p>Consulteu el <a href=\"https:\/\/agora.xtec.cat\/ies-salvat-barceloneta\/wp-content\/uploads\/usu2276\/2024\/09\/menu-basal-setembre-2024_puig-gairalt.pdf\">Men\u00fa basal del mes de setembre de 2024<\/a><\/p>\n<p>Consulteu el <a href=\"https:\/\/agora.xtec.cat\/ies-salvat-barceloneta\/wp-content\/uploads\/usu2276\/2024\/09\/menus-derivades-setembre-2024_institut-papasseit.pdf\">Men\u00fa derivades del mes de setembre de 2024<\/a><\/p>\n","protected":false},"excerpt":{"rendered":"<p>Consulteu el Men\u00fa basal d&#8217;abril de 2026 Consulteu el Men\u00fa derivades d&#8217;abril de 2026 Consulteu el Men\u00fa basal de mar\u00e7 de 2026 Consulteu el Men\u00fa derivades de mar\u00e7 de 2026 Consulteu el Men\u00fa basal de febrer de 2026 Consulteu el Men\u00fa derivades de febrer de 2026 Consulteu el Men\u00fa basal de desembre de 2025 Consulteu [&hellip;]<\/p>\n","protected":false},"author":1,"featured_media":0,"parent":0,"menu_order":0,"comment_status":"closed","ping_status":"closed","template":"","meta":{"_bbp_topic_count":0,"_bbp_reply_count":0,"_bbp_total_topic_count":0,"_bbp_total_reply_count":0,"_bbp_voice_count":0,"_bbp_anonymous_reply_count":0,"_bbp_topic_count_hidden":0,"_bbp_reply_count_hidden":0,"_bbp_forum_subforum_count":0,"site-sidebar-layout":"default","site-content-layout":"","ast-site-content-layout":"default","site-content-style":"default","site-sidebar-style":"default","ast-global-header-display":"","ast-banner-title-visibility":"","ast-main-header-display":"","ast-hfb-above-header-display":"","ast-hfb-below-header-display":"","ast-hfb-mobile-header-display":"","site-post-title":"","ast-breadcrumbs-content":"","ast-featured-img":"","footer-sml-layout":"","theme-transparent-header-meta":"default","adv-header-id-meta":"","stick-header-meta":"","header-above-stick-meta":"","header-main-stick-meta":"","header-below-stick-meta":"","astra-migrate-meta-layouts":"set","ast-page-background-enabled":"default","ast-page-background-meta":{"desktop":{"background-color":"var(--ast-global-color-4)","background-image":"","background-repeat":"repeat","background-position":"center center","background-size":"auto","background-attachment":"scroll","background-type":"","background-media":"","overlay-type":"","overlay-color":"","overlay-opacity":"","overlay-gradient":""},"tablet":{"background-color":"","background-image":"","background-repeat":"repeat","background-position":"center center","background-size":"auto","background-attachment":"scroll","background-type":"","background-media":"","overlay-type":"","overlay-color":"","overlay-opacity":"","overlay-gradient":""},"mobile":{"background-color":"","background-image":"","background-repeat":"repeat","background-position":"center center","background-size":"auto","background-attachment":"scroll","background-type":"","background-media":"","overlay-type":"","overlay-color":"","overlay-opacity":"","overlay-gradient":""}},"ast-content-background-meta":{"desktop":{"background-color":"var(--ast-global-color-5)","background-image":"","background-repeat":"repeat","background-position":"center center","background-size":"auto","background-attachment":"scroll","background-type":"","background-media":"","overlay-type":"","overlay-color":"","overlay-opacity":"","overlay-gradient":""},"tablet":{"background-color":"var(--ast-global-color-5)","background-image":"","background-repeat":"repeat","background-position":"center center","background-size":"auto","background-attachment":"scroll","background-type":"","background-media":"","overlay-type":"","overlay-color":"","overlay-opacity":"","overlay-gradient":""},"mobile":{"background-color":"var(--ast-global-color-5)","background-image":"","background-repeat":"repeat","background-position":"center center","background-size":"auto","background-attachment":"scroll","background-type":"","background-media":"","overlay-type":"","overlay-color":"","overlay-opacity":"","overlay-gradient":""}},"footnotes":""},"class_list":["post-3863","page","type-page","status-publish","hentry"],"post_mailing_queue_ids":[],"_links":{"self":[{"href":"https:\/\/agora.xtec.cat\/ies-salvat-barceloneta\/wp-json\/wp\/v2\/pages\/3863","targetHints":{"allow":["GET"]}}],"collection":[{"href":"https:\/\/agora.xtec.cat\/ies-salvat-barceloneta\/wp-json\/wp\/v2\/pages"}],"about":[{"href":"https:\/\/agora.xtec.cat\/ies-salvat-barceloneta\/wp-json\/wp\/v2\/types\/page"}],"author":[{"embeddable":true,"href":"https:\/\/agora.xtec.cat\/ies-salvat-barceloneta\/wp-json\/wp\/v2\/users\/1"}],"replies":[{"embeddable":true,"href":"https:\/\/agora.xtec.cat\/ies-salvat-barceloneta\/wp-json\/wp\/v2\/comments?post=3863"}],"version-history":[{"count":7,"href":"https:\/\/agora.xtec.cat\/ies-salvat-barceloneta\/wp-json\/wp\/v2\/pages\/3863\/revisions"}],"predecessor-version":[{"id":6549,"href":"https:\/\/agora.xtec.cat\/ies-salvat-barceloneta\/wp-json\/wp\/v2\/pages\/3863\/revisions\/6549"}],"wp:attachment":[{"href":"https:\/\/agora.xtec.cat\/ies-salvat-barceloneta\/wp-json\/wp\/v2\/media?parent=3863"}],"curies":[{"name":"wp","href":"https:\/\/api.w.org\/{rel}","templated":true}]}}