{"id":27,"date":"2014-09-17T16:24:03","date_gmt":"2014-09-17T16:24:03","guid":{"rendered":"http:\/\/agora.xtec.cat\/ies-salvat-barceloneta\/?page_id=27"},"modified":"2022-11-30T11:04:36","modified_gmt":"2022-11-30T10:04:36","slug":"historia","status":"publish","type":"page","link":"https:\/\/agora.xtec.cat\/ies-salvat-barceloneta\/linstitut\/historia\/","title":{"rendered":"Hist\u00f2ria del centre"},"content":{"rendered":"<p lang=\"ca-ES\"><a href=\"https:\/\/agora.xtec.cat\/ies-salvat-barceloneta\/wp-content\/uploads\/usu2276\/2021\/02\/foto-24.jpg\"><img loading=\"lazy\" decoding=\"async\" class=\"size-medium wp-image-920 alignleft\" src=\"https:\/\/agora.xtec.cat\/ies-salvat-barceloneta\/wp-content\/uploads\/usu2276\/2021\/02\/foto-24-210x300.jpg\" alt=\"\" width=\"210\" height=\"300\" srcset=\"https:\/\/agora.xtec.cat\/ies-salvat-barceloneta\/wp-content\/uploads\/usu2276\/2021\/02\/foto-24-210x300.jpg 210w, https:\/\/agora.xtec.cat\/ies-salvat-barceloneta\/wp-content\/uploads\/usu2276\/2021\/02\/foto-24.jpg 347w\" sizes=\"auto, (max-width: 210px) 100vw, 210px\" \/><\/a><\/p>\n<p lang=\"ca-ES\">Inaugurat el 1979 amb el nom de Instituto Nacional de Bachillerato \u00abBarceloneta\u00bb, l\u2019empla\u00e7ament de l\u2019institut va aprofitar les instal\u00b7lacions de l\u2019antiga f\u00e0brica metal\u00b7l\u00fargica \u00abLa Maquinista Terrestre i Mar\u00edtima\u00bb.<a href=\"https:\/\/agora.xtec.cat\/ies-salvat-barceloneta\/wp-content\/uploads\/usu2276\/2021\/02\/foto-20.jpg\"><img loading=\"lazy\" decoding=\"async\" class=\"size-medium wp-image-922 alignright\" src=\"https:\/\/agora.xtec.cat\/ies-salvat-barceloneta\/wp-content\/uploads\/usu2276\/2021\/02\/foto-20-300x192.jpg\" alt=\"\" width=\"300\" height=\"192\" srcset=\"https:\/\/agora.xtec.cat\/ies-salvat-barceloneta\/wp-content\/uploads\/usu2276\/2021\/02\/foto-20-300x192.jpg 300w, https:\/\/agora.xtec.cat\/ies-salvat-barceloneta\/wp-content\/uploads\/usu2276\/2021\/02\/foto-20.jpg 492w\" sizes=\"auto, (max-width: 300px) 100vw, 300px\" \/><\/a><\/p>\n<p lang=\"ca-ES\">El curs 1979-80 va comen\u00e7ar l\u2019activitat educativa. Al llarg de 25 anys, l\u2019INS Joan Salvat-Papasseit ha estat l\u2019\u00fanic institut p\u00fablic d&#8217;ensenyament secundari a la Barceloneta i ha format diferents generacions de joves del barri.<\/p>\n<h6 lang=\"ca-ES\"><a href=\"https:\/\/agora.xtec.cat\/ies-salvat-barceloneta\/wp-content\/uploads\/usu2276\/2022\/11\/IMG-20220924-WA0019.jpg\"><img loading=\"lazy\" decoding=\"async\" class=\"wp-image-3001 alignleft\" src=\"https:\/\/agora.xtec.cat\/ies-salvat-barceloneta\/wp-content\/uploads\/usu2276\/2022\/11\/IMG-20220924-WA0019.jpg\" alt=\"\" width=\"313\" height=\"232\" srcset=\"https:\/\/agora.xtec.cat\/ies-salvat-barceloneta\/wp-content\/uploads\/usu2276\/2022\/11\/IMG-20220924-WA0019.jpg 960w, https:\/\/agora.xtec.cat\/ies-salvat-barceloneta\/wp-content\/uploads\/usu2276\/2022\/11\/IMG-20220924-WA0019-300x223.jpg 300w, https:\/\/agora.xtec.cat\/ies-salvat-barceloneta\/wp-content\/uploads\/usu2276\/2022\/11\/IMG-20220924-WA0019-768x570.jpg 768w\" sizes=\"auto, (max-width: 313px) 100vw, 313px\" \/><\/a><\/h6>\n<p lang=\"ca-ES\">\n<p lang=\"ca-ES\"><a href=\"https:\/\/agora.xtec.cat\/ies-salvat-barceloneta\/wp-content\/uploads\/usu2276\/2021\/02\/byte222.jpg\"><img loading=\"lazy\" decoding=\"async\" class=\"size-medium wp-image-959 alignleft\" src=\"https:\/\/agora.xtec.cat\/ies-salvat-barceloneta\/wp-content\/uploads\/usu2276\/2021\/02\/byte222-300x232.jpg\" alt=\"\" width=\"300\" height=\"232\" srcset=\"https:\/\/agora.xtec.cat\/ies-salvat-barceloneta\/wp-content\/uploads\/usu2276\/2021\/02\/byte222-300x232.jpg 300w, https:\/\/agora.xtec.cat\/ies-salvat-barceloneta\/wp-content\/uploads\/usu2276\/2021\/02\/byte222-768x593.jpg 768w, https:\/\/agora.xtec.cat\/ies-salvat-barceloneta\/wp-content\/uploads\/usu2276\/2021\/02\/byte222-1024x791.jpg 1024w, https:\/\/agora.xtec.cat\/ies-salvat-barceloneta\/wp-content\/uploads\/usu2276\/2021\/02\/byte222.jpg 1200w\" sizes=\"auto, (max-width: 300px) 100vw, 300px\" \/><\/a><\/p>\n<p lang=\"ca-ES\"><img loading=\"lazy\" decoding=\"async\" class=\" wp-image-917 alignnone\" src=\"https:\/\/agora.xtec.cat\/ies-salvat-barceloneta\/wp-content\/uploads\/usu2276\/2021\/02\/foto-1-300x196.jpg\" alt=\"\" width=\"311\" height=\"203\" srcset=\"https:\/\/agora.xtec.cat\/ies-salvat-barceloneta\/wp-content\/uploads\/usu2276\/2021\/02\/foto-1-300x196.jpg 300w, https:\/\/agora.xtec.cat\/ies-salvat-barceloneta\/wp-content\/uploads\/usu2276\/2021\/02\/foto-1-768x501.jpg 768w, https:\/\/agora.xtec.cat\/ies-salvat-barceloneta\/wp-content\/uploads\/usu2276\/2021\/02\/foto-1.jpg 833w\" sizes=\"auto, (max-width: 311px) 100vw, 311px\" \/><img loading=\"lazy\" decoding=\"async\" class=\"wp-image-916 alignleft\" src=\"https:\/\/agora.xtec.cat\/ies-salvat-barceloneta\/wp-content\/uploads\/usu2276\/2021\/02\/foto-3-300x211.jpg\" alt=\"\" width=\"291\" height=\"204\" srcset=\"https:\/\/agora.xtec.cat\/ies-salvat-barceloneta\/wp-content\/uploads\/usu2276\/2021\/02\/foto-3-300x211.jpg 300w, https:\/\/agora.xtec.cat\/ies-salvat-barceloneta\/wp-content\/uploads\/usu2276\/2021\/02\/foto-3-768x540.jpg 768w, https:\/\/agora.xtec.cat\/ies-salvat-barceloneta\/wp-content\/uploads\/usu2276\/2021\/02\/foto-3.jpg 807w\" sizes=\"auto, (max-width: 291px) 100vw, 291px\" \/><\/p>\n<p lang=\"ca-ES\"><em>Imatges del Sant Jordi de 1982 amb la pres\u00e8ncia de J.V. Foix, Tom\u00e0s Garc\u00e8s i Miravet, Narc\u00eds Serra i Joan Manuel Serrat<\/em><\/p>\n<p lang=\"ca-ES\">A l&#8217;estiu del passat 2020, es van fer obres per remodelar les instal\u00b7lacions: es va practicar, per exemple, un nou acc\u00e9s a l\u2019edifici. S&#8217;ha renovat tamb\u00e9 el mobiliari i s&#8217;han adaptat novament les instal\u00b7lacions per fer-les m\u00e9s modernes, funcionals i acollidores. A m\u00e9s a m\u00e9s, s&#8217;ha dotat el centre d\u2019una nova i potent xarxa WIFI que permet treballar amb els nous dispositius port\u00e0tils. El m\u00e9s important, per\u00f2, \u00e9s el comen\u00e7ament d\u2019un nou projecte educatiu que en un per\u00edode breu de temps ha de convertir l\u2019institut en referent de l\u2019ensenyament p\u00fablic a la ciutat de Barcelona.<a href=\"https:\/\/agora.xtec.cat\/ies-salvat-barceloneta\/wp-content\/uploads\/usu2276\/2021\/02\/foto-23-1.jpg\"><br \/>\n<\/a><\/p>\n","protected":false},"excerpt":{"rendered":"<p>Inaugurat el 1979 amb el nom de Instituto Nacional de Bachillerato \u00abBarceloneta\u00bb, l\u2019empla\u00e7ament de l\u2019institut va aprofitar les instal\u00b7lacions de l\u2019antiga f\u00e0brica metal\u00b7l\u00fargica \u00abLa Maquinista Terrestre i Mar\u00edtima\u00bb. El curs 1979-80 va comen\u00e7ar l\u2019activitat educativa. Al llarg de 25 anys, l\u2019INS Joan Salvat-Papasseit ha estat l\u2019\u00fanic institut p\u00fablic d&#8217;ensenyament secundari a la Barceloneta i ha [&hellip;]<\/p>\n","protected":false},"author":1,"featured_media":0,"parent":19,"menu_order":20,"comment_status":"closed","ping_status":"closed","template":"page-templates\/side-menu.php","meta":{"_bbp_topic_count":0,"_bbp_reply_count":0,"_bbp_total_topic_count":0,"_bbp_total_reply_count":0,"_bbp_voice_count":0,"_bbp_anonymous_reply_count":0,"_bbp_topic_count_hidden":0,"_bbp_reply_count_hidden":0,"_bbp_forum_subforum_count":0,"site-sidebar-layout":"default","site-content-layout":"","ast-site-content-layout":"","site-content-style":"default","site-sidebar-style":"default","ast-global-header-display":"","ast-banner-title-visibility":"","ast-main-header-display":"","ast-hfb-above-header-display":"","ast-hfb-below-header-display":"","ast-hfb-mobile-header-display":"","site-post-title":"","ast-breadcrumbs-content":"","ast-featured-img":"","footer-sml-layout":"","theme-transparent-header-meta":"","adv-header-id-meta":"","stick-header-meta":"","header-above-stick-meta":"","header-main-stick-meta":"","header-below-stick-meta":"","astra-migrate-meta-layouts":"default","ast-page-background-enabled":"default","ast-page-background-meta":{"desktop":{"background-color":"var(--ast-global-color-4)","background-image":"","background-repeat":"repeat","background-position":"center center","background-size":"auto","background-attachment":"scroll","background-type":"","background-media":"","overlay-type":"","overlay-color":"","overlay-opacity":"","overlay-gradient":""},"tablet":{"background-color":"","background-image":"","background-repeat":"repeat","background-position":"center center","background-size":"auto","background-attachment":"scroll","background-type":"","background-media":"","overlay-type":"","overlay-color":"","overlay-opacity":"","overlay-gradient":""},"mobile":{"background-color":"","background-image":"","background-repeat":"repeat","background-position":"center center","background-size":"auto","background-attachment":"scroll","background-type":"","background-media":"","overlay-type":"","overlay-color":"","overlay-opacity":"","overlay-gradient":""}},"ast-content-background-meta":{"desktop":{"background-color":"var(--ast-global-color-5)","background-image":"","background-repeat":"repeat","background-position":"center center","background-size":"auto","background-attachment":"scroll","background-type":"","background-media":"","overlay-type":"","overlay-color":"","overlay-opacity":"","overlay-gradient":""},"tablet":{"background-color":"var(--ast-global-color-5)","background-image":"","background-repeat":"repeat","background-position":"center center","background-size":"auto","background-attachment":"scroll","background-type":"","background-media":"","overlay-type":"","overlay-color":"","overlay-opacity":"","overlay-gradient":""},"mobile":{"background-color":"var(--ast-global-color-5)","background-image":"","background-repeat":"repeat","background-position":"center center","background-size":"auto","background-attachment":"scroll","background-type":"","background-media":"","overlay-type":"","overlay-color":"","overlay-opacity":"","overlay-gradient":""}},"footnotes":""},"class_list":["post-27","page","type-page","status-publish","hentry"],"post_mailing_queue_ids":[],"_links":{"self":[{"href":"https:\/\/agora.xtec.cat\/ies-salvat-barceloneta\/wp-json\/wp\/v2\/pages\/27","targetHints":{"allow":["GET"]}}],"collection":[{"href":"https:\/\/agora.xtec.cat\/ies-salvat-barceloneta\/wp-json\/wp\/v2\/pages"}],"about":[{"href":"https:\/\/agora.xtec.cat\/ies-salvat-barceloneta\/wp-json\/wp\/v2\/types\/page"}],"author":[{"embeddable":true,"href":"https:\/\/agora.xtec.cat\/ies-salvat-barceloneta\/wp-json\/wp\/v2\/users\/1"}],"replies":[{"embeddable":true,"href":"https:\/\/agora.xtec.cat\/ies-salvat-barceloneta\/wp-json\/wp\/v2\/comments?post=27"}],"version-history":[{"count":3,"href":"https:\/\/agora.xtec.cat\/ies-salvat-barceloneta\/wp-json\/wp\/v2\/pages\/27\/revisions"}],"predecessor-version":[{"id":3002,"href":"https:\/\/agora.xtec.cat\/ies-salvat-barceloneta\/wp-json\/wp\/v2\/pages\/27\/revisions\/3002"}],"up":[{"embeddable":true,"href":"https:\/\/agora.xtec.cat\/ies-salvat-barceloneta\/wp-json\/wp\/v2\/pages\/19"}],"wp:attachment":[{"href":"https:\/\/agora.xtec.cat\/ies-salvat-barceloneta\/wp-json\/wp\/v2\/media?parent=27"}],"curies":[{"name":"wp","href":"https:\/\/api.w.org\/{rel}","templated":true}]}}