{"id":2161,"date":"2022-03-11T11:04:55","date_gmt":"2022-03-11T10:04:55","guid":{"rendered":"https:\/\/agora.xtec.cat\/ies-salvat-barceloneta\/?page_id=2161"},"modified":"2026-04-13T17:31:44","modified_gmt":"2026-04-13T15:31:44","slug":"batxillerat","status":"publish","type":"page","link":"https:\/\/agora.xtec.cat\/ies-salvat-barceloneta\/estudis\/batxillerat\/","title":{"rendered":"Batxillerat"},"content":{"rendered":"<h3 data-section-id=\"1qcuc3p\" data-start=\"107\" data-end=\"152\">\ud83c\udf93 Batxillerat Est\u00e0ndard al nostre centre<\/h3>\n<p data-start=\"154\" data-end=\"357\">Al nostre centre oferim un <strong data-start=\"181\" data-end=\"218\">Batxillerat Est\u00e0ndard de qualitat<\/strong>, pensat per acompanyar l\u2019alumnat en una etapa clau del seu desenvolupament acad\u00e8mic i personal, i preparar-lo per als seus estudis futurs.<\/p>\n<p data-start=\"359\" data-end=\"387\">Disposem de dues modalitats:<\/p>\n<ul data-start=\"388\" data-end=\"457\">\n<li data-section-id=\"3l3g2n\" data-start=\"388\" data-end=\"418\">\ud83d\udd2c <strong data-start=\"393\" data-end=\"418\">Ci\u00e8ncies i Tecnologia<\/strong><\/li>\n<li data-section-id=\"bx75tm\" data-start=\"419\" data-end=\"457\">\ud83d\udcda <strong data-start=\"424\" data-end=\"457\">Humanitats i Ci\u00e8ncies Socials<\/strong><\/li>\n<\/ul>\n<p data-start=\"459\" data-end=\"652\">Cada alumne pot construir el seu propi itinerari gr\u00e0cies a una <strong data-start=\"522\" data-end=\"564\">\u00e0mplia oferta d\u2019assignatures optatives<\/strong>, que permet adaptar el recorregut als seus interessos, capacitats i objectius de futur.<\/p>\n<p data-start=\"654\" data-end=\"830\">El nostre projecte educatiu combina <strong data-start=\"690\" data-end=\"760\">rigor acad\u00e8mic, orientaci\u00f3 personalitzada i acompanyament constant<\/strong>, per tal que cada estudiant pugui assolir el m\u00e0xim del seu potencial.<\/p>\n<h3 data-section-id=\"gzqlj9\" data-start=\"837\" data-end=\"858\">\ud83d\uddd3\ufe0f Preinscripci\u00f3<\/h3>\n<p data-start=\"860\" data-end=\"923\">El per\u00edode de preinscripci\u00f3 \u00e9s <strong data-start=\"891\" data-end=\"922\">del 9 al 16 d\u2019abril de 2026<\/strong>.<\/p>\n<p data-start=\"925\" data-end=\"1045\">\ud83d\udc49 Pots fer la sol\u00b7licitud a trav\u00e9s del seg\u00fcent enlla\u00e7: <a href=\"https:\/\/tramits.gencat.cat\/ca\/tramits\/tramits-temes\/preinscripcio-batxillerat?&amp;moda=1\">preincripci\u00f3 a Batxillerat<\/a>.<\/p>\n<h3 data-section-id=\"1cl5767\" data-start=\"1052\" data-end=\"1073\">\ud83d\udcca M\u00e9s informaci\u00f3<\/h3>\n<p data-start=\"1075\" data-end=\"1238\">Per con\u00e8ixer tots els detalls sobre el nostre Batxillerat, metodologies, optatives i sortides acad\u00e8miques, pots consultar la presentaci\u00f3 de les <strong data-start=\"1219\" data-end=\"1237\">Portes Obertes<\/strong>:<\/p>\n<p data-start=\"1240\" data-end=\"1287\">\ud83d\udcce<a href=\"https:\/\/agora.xtec.cat\/ies-salvat-barceloneta\/wp-content\/uploads\/usu2276\/2026\/04\/25-26-Presentacio-PO-Batxillerat-Estandard.pptx.pdf\">Presentaci\u00f3 Portes Obertes Batxillerat Est\u00e0ndard.<\/a><\/p>\n<h3 data-section-id=\"12jo2nr\" data-start=\"1294\" data-end=\"1309\">\ud83d\udce9 Contacte<\/h3>\n<p data-start=\"1311\" data-end=\"1464\">Per a qualsevol dubte o consulta, us podeu adre\u00e7ar a:<br data-start=\"1364\" data-end=\"1367\" \/>\ud83d\udce7 <a class=\"decorated-link cursor-pointer\" rel=\"noopener\" data-start=\"1370\" data-end=\"1387\">a8034576@xtec.cat<\/a><br data-start=\"1387\" data-end=\"1390\" \/>\ud83d\udce7 Maria Mart\u00ednez, coordinadora de Batxillerat (<a class=\"decorated-link cursor-pointer\" rel=\"noopener\" data-start=\"1438\" data-end=\"1463\">maria@salvatpapasseit.cat<\/a>)<\/p>\n","protected":false},"excerpt":{"rendered":"<p>\ud83c\udf93 Batxillerat Est\u00e0ndard al nostre centre Al nostre centre oferim un Batxillerat Est\u00e0ndard de qualitat, pensat per acompanyar l\u2019alumnat en una etapa clau del seu desenvolupament acad\u00e8mic i personal, i preparar-lo per als seus estudis futurs. Disposem de dues modalitats: \ud83d\udd2c Ci\u00e8ncies i Tecnologia \ud83d\udcda Humanitats i Ci\u00e8ncies Socials Cada alumne pot construir el seu [&hellip;]<\/p>\n","protected":false},"author":1,"featured_media":0,"parent":195,"menu_order":0,"comment_status":"closed","ping_status":"closed","template":"","meta":{"_bbp_topic_count":0,"_bbp_reply_count":0,"_bbp_total_topic_count":0,"_bbp_total_reply_count":0,"_bbp_voice_count":0,"_bbp_anonymous_reply_count":0,"_bbp_topic_count_hidden":0,"_bbp_reply_count_hidden":0,"_bbp_forum_subforum_count":0,"site-sidebar-layout":"default","site-content-layout":"","ast-site-content-layout":"default","site-content-style":"default","site-sidebar-style":"default","ast-global-header-display":"","ast-banner-title-visibility":"","ast-main-header-display":"","ast-hfb-above-header-display":"","ast-hfb-below-header-display":"","ast-hfb-mobile-header-display":"","site-post-title":"","ast-breadcrumbs-content":"","ast-featured-img":"","footer-sml-layout":"","theme-transparent-header-meta":"default","adv-header-id-meta":"","stick-header-meta":"","header-above-stick-meta":"","header-main-stick-meta":"","header-below-stick-meta":"","astra-migrate-meta-layouts":"set","ast-page-background-enabled":"default","ast-page-background-meta":{"desktop":{"background-color":"var(--ast-global-color-4)","background-image":"","background-repeat":"repeat","background-position":"center center","background-size":"auto","background-attachment":"scroll","background-type":"","background-media":"","overlay-type":"","overlay-color":"","overlay-opacity":"","overlay-gradient":""},"tablet":{"background-color":"","background-image":"","background-repeat":"repeat","background-position":"center center","background-size":"auto","background-attachment":"scroll","background-type":"","background-media":"","overlay-type":"","overlay-color":"","overlay-opacity":"","overlay-gradient":""},"mobile":{"background-color":"","background-image":"","background-repeat":"repeat","background-position":"center center","background-size":"auto","background-attachment":"scroll","background-type":"","background-media":"","overlay-type":"","overlay-color":"","overlay-opacity":"","overlay-gradient":""}},"ast-content-background-meta":{"desktop":{"background-color":"var(--ast-global-color-5)","background-image":"","background-repeat":"repeat","background-position":"center center","background-size":"auto","background-attachment":"scroll","background-type":"","background-media":"","overlay-type":"","overlay-color":"","overlay-opacity":"","overlay-gradient":""},"tablet":{"background-color":"var(--ast-global-color-5)","background-image":"","background-repeat":"repeat","background-position":"center center","background-size":"auto","background-attachment":"scroll","background-type":"","background-media":"","overlay-type":"","overlay-color":"","overlay-opacity":"","overlay-gradient":""},"mobile":{"background-color":"var(--ast-global-color-5)","background-image":"","background-repeat":"repeat","background-position":"center center","background-size":"auto","background-attachment":"scroll","background-type":"","background-media":"","overlay-type":"","overlay-color":"","overlay-opacity":"","overlay-gradient":""}},"footnotes":""},"class_list":["post-2161","page","type-page","status-publish","hentry"],"post_mailing_queue_ids":[],"_links":{"self":[{"href":"https:\/\/agora.xtec.cat\/ies-salvat-barceloneta\/wp-json\/wp\/v2\/pages\/2161","targetHints":{"allow":["GET"]}}],"collection":[{"href":"https:\/\/agora.xtec.cat\/ies-salvat-barceloneta\/wp-json\/wp\/v2\/pages"}],"about":[{"href":"https:\/\/agora.xtec.cat\/ies-salvat-barceloneta\/wp-json\/wp\/v2\/types\/page"}],"author":[{"embeddable":true,"href":"https:\/\/agora.xtec.cat\/ies-salvat-barceloneta\/wp-json\/wp\/v2\/users\/1"}],"replies":[{"embeddable":true,"href":"https:\/\/agora.xtec.cat\/ies-salvat-barceloneta\/wp-json\/wp\/v2\/comments?post=2161"}],"version-history":[{"count":3,"href":"https:\/\/agora.xtec.cat\/ies-salvat-barceloneta\/wp-json\/wp\/v2\/pages\/2161\/revisions"}],"predecessor-version":[{"id":6592,"href":"https:\/\/agora.xtec.cat\/ies-salvat-barceloneta\/wp-json\/wp\/v2\/pages\/2161\/revisions\/6592"}],"up":[{"embeddable":true,"href":"https:\/\/agora.xtec.cat\/ies-salvat-barceloneta\/wp-json\/wp\/v2\/pages\/195"}],"wp:attachment":[{"href":"https:\/\/agora.xtec.cat\/ies-salvat-barceloneta\/wp-json\/wp\/v2\/media?parent=2161"}],"curies":[{"name":"wp","href":"https:\/\/api.w.org\/{rel}","templated":true}]}}