{"id":1120,"date":"2021-04-16T11:57:49","date_gmt":"2021-04-16T09:57:49","guid":{"rendered":"https:\/\/agora.xtec.cat\/ies-salvat-barceloneta\/?page_id=1120"},"modified":"2026-04-27T16:41:05","modified_gmt":"2026-04-27T14:41:05","slug":"batxillerat-esportiu","status":"publish","type":"page","link":"https:\/\/agora.xtec.cat\/ies-salvat-barceloneta\/batxillerat-esportiu\/","title":{"rendered":"Batxillerat Esportiu"},"content":{"rendered":"<h3 style=\"text-align: justify;\"><span style=\"color: #33cccc;\"><a style=\"color: #33cccc;\" href=\"https:\/\/agora.xtec.cat\/ies-salvat-barceloneta\/wp-content\/uploads\/usu2276\/2022\/03\/imatge_esports_2022.jpg\"><br \/>\n<\/a><\/span><span style=\"color: #3366ff;\"><span style=\"color: #33cccc;\">Doble titulaci\u00f3: Batxillerat &#8211; GM T\u00e8cnic\/a d&#8217;esports<\/span><br \/>\n<\/span><\/h3>\n<p><img loading=\"lazy\" decoding=\"async\" class=\"alignnone size-full wp-image-9484\" src=\"https:\/\/agora.xtec.cat\/ins-esport\/wp-content\/uploads\/usu2109\/2021\/04\/Batxillerat.png\" alt=\"\" width=\"987\" height=\"60\" \/><\/p>\n<h1><strong>PREINSCRIPCI\u00d3 BATXILLERAT ESPORTIU CURS 2026-2027<\/strong><\/h1>\n<p>\ud83d\udce2 Ja s\u2019ha iniciat el per\u00edode de <strong data-start=\"163\" data-end=\"204\">preinscripci\u00f3 al Batxillerat Esportiu<\/strong> per al curs <strong data-start=\"217\" data-end=\"230\">2026-2027<\/strong>.<\/p>\n<p data-start=\"274\" data-end=\"317\">\ud83d\uddd3\ufe0f\u00a0 <strong data-start=\"278\" data-end=\"317\">Calendari de preinscripci\u00f3: del 27 d\u2019abril al 6 de maig de 2026 (ambd\u00f3s inclosos)<\/strong><\/p>\n<h4 data-section-id=\"medo6x\" data-start=\"324\" data-end=\"357\">\ud83d\udcdd Com fer la preinscripci\u00f3<\/h4>\n<p data-start=\"358\" data-end=\"428\">Cal omplir el formulari corresponent segons la modalitat esportiva:<\/p>\n<ul>\n<li data-start=\"430\" data-end=\"469\"><strong data-start=\"432\" data-end=\"442\">Futbol: <a href=\"https:\/\/docs.google.com\/forms\/d\/e\/1FAIpQLScV74QJHPz7qX6zTLkgXtQyQbSY6ISN20gV_wIa7cLCUsi5wQ\/viewform\">formulari preinscripci\u00f3 futbol<\/a>.\u00a0<\/strong><\/li>\n<li data-start=\"471\" data-end=\"530\"><strong data-start=\"477\" data-end=\"503\">Salvament i socorrisme: <a href=\"https:\/\/docs.google.com\/forms\/d\/e\/1FAIpQLSeRgxXH4SEnGIbn04tmsIMYtbZoqOEhgBm1WxzDw57OkR_bAg\/viewform\">formulari preinscripci\u00f3 salvament i socorrisme<\/a>.\u00a0<\/strong><\/li>\n<li data-start=\"532\" data-end=\"569\"><strong data-start=\"534\" data-end=\"542\">Vela: <a href=\"https:\/\/docs.google.com\/forms\/d\/e\/1FAIpQLSeRgxXH4SEnGIbn04tmsIMYtbZoqOEhgBm1WxzDw57OkR_bAg\/viewform\">formulari preinscripci\u00f3 vela<\/a>.\u00a0<\/strong><\/li>\n<\/ul>\n<h3 data-section-id=\"11mecc0\" data-start=\"578\" data-end=\"612\">\ud83c\udfc5 Prova d\u2019acc\u00e9s (obligat\u00f2ria)<\/h3>\n<p data-start=\"614\" data-end=\"698\">Per accedir al Batxillerat Esportiu cal superar una <strong data-start=\"669\" data-end=\"697\">prova espec\u00edfica d\u2019acc\u00e9s<\/strong>.<\/p>\n<p data-start=\"700\" data-end=\"788\"><strong data-start=\"703\" data-end=\"741\">\ud83d\uddd3\ufe0f Inscripci\u00f3 i pagament de la prova: <\/strong>Del <strong data-start=\"752\" data-end=\"788\">27 d\u2019abril al 15 de maig de 2026<\/strong><\/p>\n<h5 data-section-id=\"yeext3\" data-start=\"838\" data-end=\"864\">\ud83d\udccd Dates de les proves i enlla\u00e7 a la inscripci\u00f3<\/h5>\n<ul>\n<li data-start=\"866\" data-end=\"913\"><strong data-start=\"868\" data-end=\"878\"><a href=\"https:\/\/triaeducativa.gencat.cat\/ca\/proves\/proves-acces\/esportius\/esportius-prova-especifica\/futbol\/calendari\/\">Futbol<\/a>: <\/strong>10, 15 i 16 de juny de 2026<\/li>\n<li data-start=\"915\" data-end=\"975\"><strong data-start=\"921\" data-end=\"947\"><a href=\"https:\/\/triaeducativa.gencat.cat\/ca\/proves\/proves-acces\/esportius\/esportius-prova-especifica\/salvament-socorrisme\/\">Salvament i socorrisme<\/a>: <\/strong>Pendent de confirmar<\/li>\n<li data-start=\"977\" data-end=\"1015\"><strong data-start=\"979\" data-end=\"987\"><a href=\"https:\/\/triaeducativa.gencat.cat\/ca\/proves\/proves-acces\/esportius\/esportius-prova-especifica\/vela\/\">Vela<\/a>: <\/strong>Pendent de confirmar<\/li>\n<\/ul>\n<p>Per informacions sobre batxillerat, un podeu adre\u00e7ar al INS Joan Salvat Papasseit:\u00a0<a href=\"mailto:a8034576@xtec.cat\">a8034576@xtec.cat\u00a0<\/a><\/p>\n<p>Per informacions sobre la part espec\u00edfica de futbol us podeu adre\u00e7ar a l&#8217;Institut de l&#8217;Esport: <a href=\"mailto:administracio@ieb.cat\">administracio@ieb.cat\u00a0<\/a><\/p>\n<p>Per informacions sobre la part espec\u00eddica de Salvament i socorrisme o vela us podeu adre\u00e7ar a l&#8217;Institut de N\u00e0utica de Barcelona: <a href=\"mailto:a8074847@xtec.cat\">a8074847@xtec.cat\u00a0<\/a><\/p>\n<p style=\"text-align: center;\">&#8212;<\/p>\n<p style=\"text-align: justify;\">El Curs 2021-22 vam posar en marxa el Batxillerat de doble titulaci\u00f3 esportiva. Aquesta iniciativa va n\u00e9ixer de la col\u00b7laboraci\u00f3 de tres instituts p\u00fablics molt propers, no nom\u00e9s geogr\u00e0ficament sin\u00f3, sobretot, en la manera d&#8217;entendre l&#8217;educaci\u00f3 i la formaci\u00f3 de les futures generacions. Amb la convicci\u00f3 que aquesta proposta millora les possibilitats d&#8217;\u00e8xit, tant acad\u00e8mic com professional de l&#8217;alumnat, em sumat forces, il\u00b7lusions, potencial formatiu i passi\u00f3 per l&#8217;esport:<\/p>\n<ul>\n<li><a href=\"https:\/\/agora.xtec.cat\/ies-salvat-barceloneta\/\" target=\"_blank\" rel=\"noopener noreferrer\">Institut Joan Salvat i Papasseit<\/a><\/li>\n<li><a href=\"https:\/\/agora.xtec.cat\/ins-nauticabcn\/\" target=\"_blank\" rel=\"noopener noreferrer\">Institut de N\u00e0utica de Barcelona<\/a> i<\/li>\n<li><a href=\"http:\/\/www.ieb.cat\" target=\"_blank\" rel=\"noopener noreferrer\">Institut de l&#8217;Esport de Barcelona<\/a><\/li>\n<\/ul>\n<p><strong>Qu\u00e8 \u00e9s el Batxillerat de doble titulaci\u00f3 esportiva?<\/strong><\/p>\n<div style=\"float: left; width: 45%;\">\n<p style=\"text-align: justify;\">Aquest Batxillerat permet obtenir una doble titulaci\u00f3. D\u2019una banda, el <strong>batxillerat<\/strong> i d\u2019una altra el grau mitj\u00e0 de t\u00e8cnic\/a en <strong>futbol<\/strong> o <strong>salvament i socorrisme o vela<\/strong>. Es desenvolupa en tres cursos i un dels seus avantatges \u00e9s que el batxillerat es desplega en m\u00e9s temps. A m\u00e9s, durant els dos primers cursos es combina amb el grau mitj\u00e0 escollit (nivell 1 i 2 de t\u00e8cnic\/a de futbol o salvament i socorrisme o vela).<\/p>\n<\/div>\n<div style=\"float: right; width: 45%;\"><img loading=\"lazy\" decoding=\"async\" class=\"wp-image-2136 size-full alignnone\" src=\"https:\/\/agora.xtec.cat\/ies-salvat-barceloneta\/wp-content\/uploads\/usu2276\/2022\/03\/imatge_esports_2022.jpg\" alt=\"\" width=\"1448\" height=\"768\" srcset=\"https:\/\/agora.xtec.cat\/ies-salvat-barceloneta\/wp-content\/uploads\/usu2276\/2022\/03\/imatge_esports_2022.jpg 1448w, https:\/\/agora.xtec.cat\/ies-salvat-barceloneta\/wp-content\/uploads\/usu2276\/2022\/03\/imatge_esports_2022-300x159.jpg 300w, https:\/\/agora.xtec.cat\/ies-salvat-barceloneta\/wp-content\/uploads\/usu2276\/2022\/03\/imatge_esports_2022-1024x543.jpg 1024w, https:\/\/agora.xtec.cat\/ies-salvat-barceloneta\/wp-content\/uploads\/usu2276\/2022\/03\/imatge_esports_2022-768x407.jpg 768w\" sizes=\"auto, (max-width: 1448px) 100vw, 1448px\" \/><\/div>\n<div style=\"clear: both;\"><\/div>\n<p><strong>Quins s\u00f3n els avantatges d\u2019aquests estudis esportius?<\/strong><\/p>\n<ul>\n<li>Pots obtenir una doble titulaci\u00f3 en tres cursos acad\u00e8mics.<\/li>\n<li>Realitzar el Batxillerat en tres anys afavoreix l\u2019\u00e8xit escolar.<\/li>\n<li>La doble titulaci\u00f3 permet convalidar algunes mat\u00e8ries, el que redueix la c\u00e0rrega lectiva.<\/li>\n<li>La cooperaci\u00f3 entre les tres institucions permet disposar d\u2019instal\u00b7lacions i professorat altament qualificat.<\/li>\n<li>El pla tutorial es vertebra en una cotutoria que donar\u00e0 resposta i suport a les necessitats de d\u2019ambdues titulacions aix\u00ed com orientaci\u00f3 en l\u2019itinerari professional.<\/li>\n<\/ul>\n<p><strong>Aquesta modalitat inclou:<\/strong><\/p>\n<ul>\n<li>Batxillerat cient\u00edfic-tecnol\u00f2gic o human\u00edstic-social<\/li>\n<li>Grau mitj\u00e0 en Salvament i socorrisme o Vela o en Futbol<\/li>\n<li>Pr\u00e0ctiques en empreses<\/li>\n<li>Acc\u00e9s directe a Cicles Superiors<\/li>\n<li>Acc\u00e9s a grau universitari<\/li>\n<li>Inserci\u00f3 laboral<\/li>\n<\/ul>\n","protected":false},"excerpt":{"rendered":"<p>Doble titulaci\u00f3: Batxillerat &#8211; GM T\u00e8cnic\/a d&#8217;esports PREINSCRIPCI\u00d3 BATXILLERAT ESPORTIU CURS 2026-2027 \ud83d\udce2 Ja s\u2019ha iniciat el per\u00edode de preinscripci\u00f3 al Batxillerat Esportiu per al curs 2026-2027. \ud83d\uddd3\ufe0f\u00a0 Calendari de preinscripci\u00f3: del 27 d\u2019abril al 6 de maig de 2026 (ambd\u00f3s inclosos) \ud83d\udcdd Com fer la preinscripci\u00f3 Cal omplir el formulari corresponent segons la modalitat [&hellip;]<\/p>\n","protected":false},"author":1,"featured_media":0,"parent":0,"menu_order":0,"comment_status":"closed","ping_status":"closed","template":"","meta":{"_bbp_topic_count":0,"_bbp_reply_count":0,"_bbp_total_topic_count":0,"_bbp_total_reply_count":0,"_bbp_voice_count":0,"_bbp_anonymous_reply_count":0,"_bbp_topic_count_hidden":0,"_bbp_reply_count_hidden":0,"_bbp_forum_subforum_count":0,"site-sidebar-layout":"default","site-content-layout":"","ast-site-content-layout":"default","site-content-style":"default","site-sidebar-style":"default","ast-global-header-display":"","ast-banner-title-visibility":"","ast-main-header-display":"","ast-hfb-above-header-display":"","ast-hfb-below-header-display":"","ast-hfb-mobile-header-display":"","site-post-title":"","ast-breadcrumbs-content":"","ast-featured-img":"","footer-sml-layout":"","theme-transparent-header-meta":"default","adv-header-id-meta":"","stick-header-meta":"","header-above-stick-meta":"","header-main-stick-meta":"","header-below-stick-meta":"","astra-migrate-meta-layouts":"set","ast-page-background-enabled":"default","ast-page-background-meta":{"desktop":{"background-color":"var(--ast-global-color-4)","background-image":"","background-repeat":"repeat","background-position":"center center","background-size":"auto","background-attachment":"scroll","background-type":"","background-media":"","overlay-type":"","overlay-color":"","overlay-opacity":"","overlay-gradient":""},"tablet":{"background-color":"","background-image":"","background-repeat":"repeat","background-position":"center center","background-size":"auto","background-attachment":"scroll","background-type":"","background-media":"","overlay-type":"","overlay-color":"","overlay-opacity":"","overlay-gradient":""},"mobile":{"background-color":"","background-image":"","background-repeat":"repeat","background-position":"center center","background-size":"auto","background-attachment":"scroll","background-type":"","background-media":"","overlay-type":"","overlay-color":"","overlay-opacity":"","overlay-gradient":""}},"ast-content-background-meta":{"desktop":{"background-color":"var(--ast-global-color-5)","background-image":"","background-repeat":"repeat","background-position":"center center","background-size":"auto","background-attachment":"scroll","background-type":"","background-media":"","overlay-type":"","overlay-color":"","overlay-opacity":"","overlay-gradient":""},"tablet":{"background-color":"var(--ast-global-color-5)","background-image":"","background-repeat":"repeat","background-position":"center center","background-size":"auto","background-attachment":"scroll","background-type":"","background-media":"","overlay-type":"","overlay-color":"","overlay-opacity":"","overlay-gradient":""},"mobile":{"background-color":"var(--ast-global-color-5)","background-image":"","background-repeat":"repeat","background-position":"center center","background-size":"auto","background-attachment":"scroll","background-type":"","background-media":"","overlay-type":"","overlay-color":"","overlay-opacity":"","overlay-gradient":""}},"footnotes":""},"class_list":["post-1120","page","type-page","status-publish","hentry"],"post_mailing_queue_ids":[],"_links":{"self":[{"href":"https:\/\/agora.xtec.cat\/ies-salvat-barceloneta\/wp-json\/wp\/v2\/pages\/1120","targetHints":{"allow":["GET"]}}],"collection":[{"href":"https:\/\/agora.xtec.cat\/ies-salvat-barceloneta\/wp-json\/wp\/v2\/pages"}],"about":[{"href":"https:\/\/agora.xtec.cat\/ies-salvat-barceloneta\/wp-json\/wp\/v2\/types\/page"}],"author":[{"embeddable":true,"href":"https:\/\/agora.xtec.cat\/ies-salvat-barceloneta\/wp-json\/wp\/v2\/users\/1"}],"replies":[{"embeddable":true,"href":"https:\/\/agora.xtec.cat\/ies-salvat-barceloneta\/wp-json\/wp\/v2\/comments?post=1120"}],"version-history":[{"count":6,"href":"https:\/\/agora.xtec.cat\/ies-salvat-barceloneta\/wp-json\/wp\/v2\/pages\/1120\/revisions"}],"predecessor-version":[{"id":6646,"href":"https:\/\/agora.xtec.cat\/ies-salvat-barceloneta\/wp-json\/wp\/v2\/pages\/1120\/revisions\/6646"}],"wp:attachment":[{"href":"https:\/\/agora.xtec.cat\/ies-salvat-barceloneta\/wp-json\/wp\/v2\/media?parent=1120"}],"curies":[{"name":"wp","href":"https:\/\/api.w.org\/{rel}","templated":true}]}}