{"id":24465,"date":"2025-06-03T00:53:41","date_gmt":"2025-06-02T22:53:41","guid":{"rendered":"https:\/\/agora.xtec.cat\/ies-sabadell\/?page_id=24465"},"modified":"2026-03-19T12:49:47","modified_gmt":"2026-03-19T11:49:47","slug":"erasmus-a-cf-durant-la-mobilitat","status":"publish","type":"page","link":"https:\/\/agora.xtec.cat\/ies-sabadell\/erasmus-a-cf-durant-la-mobilitat\/","title":{"rendered":"Erasmus+ a CF: Durant la mobilitat"},"content":{"rendered":"<link rel=\"preconnect\" href=\"https:\/\/fonts.googleapis.com\">\n<link rel=\"preconnect\" href=\"https:\/\/fonts.gstatic.com\" crossorigin>\n<link href=\"https:\/\/fonts.googleapis.com\/css2?family=DM+Serif+Display:ital@0;1&#038;family=DM+Sans:wght@300;400;500;600&#038;display=swap\" rel=\"stylesheet\">\n<link rel=\"stylesheet\" href=\"https:\/\/cdn.jsdelivr.net\/npm\/bootstrap-icons@1.11.3\/font\/bootstrap-icons.min.css\">\n<style>\n  .dur-wrap {\n    max-width: 860px;\n    padding: 16px 16px 40px;\n    font-family: 'DM Sans', sans-serif;\n    color: #0d1b2a;\n    line-height: 1.65;\n    background: #f0f7fb;\n    border-radius: 14px;\n  }<\/p>\n<p>  .dur-intro {\n    background: linear-gradient(135deg, #f0faff, #dff4ff);\n    border-left: 4px solid #0eb1ff;\n    border-radius: 10px;\n    padding: 18px 22px;\n    font-size: .97rem;\n    color: #3a5068;\n    margin-bottom: 36px;\n  }\n  .dur-intro strong { color: #087eb6; }<\/p>\n<p>  \/* \u2500\u2500 TIMELINE \u2500\u2500 *\/\n  .dur-steps {\n    display: flex;\n    flex-direction: column;\n    gap: 0;\n  }<\/p>\n<p>  .dur-step {\n    display: flex;\n    gap: 20px;\n    align-items: flex-start;\n    padding-bottom: 0;\n    position: relative;\n  }<\/p>\n<p>  \/* L\u00ednia vertical entre cercles, com a div real *\/\n  .dur-connector {\n    width: 2px;\n    min-height: 28px;\n    background: linear-gradient(to bottom, #0eb1ff, #87d8ff);\n    margin-left: 37px; \/* (76px \/ 2) - (2px \/ 2) = centres el fil *\/\n    border-radius: 2px;\n    flex-shrink: 0;\n  }<\/p>\n<p>  .dur-icon {\n    position: relative;\n    z-index: 1;\n    flex-shrink: 0;\n    width: 76px;\n    height: 76px;\n    border-radius: 50%;\n    background: #ffffff;\n    border: 2.5px solid #0eb1ff;\n    box-shadow: 0 0 0 5px #daeef8, 0 4px 16px rgba(8,126,182,.2);\n    display: flex;\n    flex-direction: column;\n    align-items: center;\n    justify-content: center;\n    gap: 0;\n    transition: transform .25s, box-shadow .25s;\n    overflow: hidden;\n  }\n  .dur-step:hover .dur-icon {\n    transform: scale(1.07);\n    box-shadow: 0 0 0 7px rgba(14,177,255,.15), 0 8px 28px rgba(8,126,182,.2);\n  }\n  .dur-icon i {\n    font-size: 1.3rem;\n    color: #087eb6;\n    padding: 0;\n    line-height: 1.2;\n    margin-bottom: 1px;\n  }\n  .dur-num {\n    font-size: .52rem;\n    font-weight: 700;\n    letter-spacing: .04em;\n    color: #0eb1ff;\n    text-transform: uppercase;\n    font-family: 'DM Sans', sans-serif;\n    line-height: 1;\n  }<\/p>\n<p>  .dur-body {\n    flex: 1;\n    background: #ffffff;\n    border-radius: 12px;\n    padding: 18px 22px;\n    box-shadow: 0 2px 8px rgba(8,126,182,.1), 0 6px 24px rgba(8,126,182,.12);\n    border-left: 4px solid #0eb1ff;\n    border-top: 1px solid #d8eef8;\n    border-right: 1px solid #d8eef8;\n    border-bottom: 1px solid #d8eef8;\n    transition: box-shadow .25s, transform .25s;\n    margin-top: 8px;\n    margin-bottom: 0;\n  }\n  .dur-step:hover .dur-body {\n    box-shadow: 0 10px 36px rgba(8,126,182,.18);\n    transform: translateX(4px);\n  }\n  .dur-body h3 {\n    font-family: 'DM Serif Display', serif;\n    font-size: 1.15rem;\n    color: #087eb6;\n    margin: 0 0 10px;\n    padding: 0;\n  }\n  .dur-body p {\n    font-size: .95rem;\n    color: #3a5068;\n    font-weight: 300;\n    margin: 0 0 8px;\n  }\n  .dur-body p:last-child { margin-bottom: 0; }\n  .dur-body strong { color: #0d1b2a; font-weight: 600; }<\/p>\n<p>  .dur-highlight {\n    margin-top: 12px;\n    background: linear-gradient(135deg, #f0faff, #e0f5ff);\n    border-radius: 8px;\n    padding: 12px 16px;\n    font-size: .9rem;\n    color: #3a5068;\n    border-left: 3px solid #0eb1ff;\n  }\n  .dur-highlight strong { color: #087eb6; }<\/p>\n<p>  .dur-badge {\n    display: inline-flex;\n    align-items: center;\n    gap: 4px;\n    background: linear-gradient(135deg, #087eb6, #0eb1ff);\n    color: #fff;\n    font-family: 'DM Sans', sans-serif;\n    font-size: .65rem;\n    font-weight: 700;\n    letter-spacing: .06em;\n    text-transform: uppercase;\n    padding: 3px 10px;\n    border-radius: 100px;\n    white-space: nowrap;\n    margin-bottom: 8px;\n  }<\/p>\n<p>  @media (max-width: 540px) {\n    .dur-icon { width: 62px; height: 62px; }\n    .dur-icon i { font-size: 1.2rem; }\n    .dur-body { padding: 14px 16px; }\n    .dur-connector { margin-left: 30px; }\n  }\n<\/style>\n<div class=\"dur-wrap\">\n<div class=\"dur-intro\">\n    Durant l&#8217;estada Erasmus+ cal mantenir una actitud <strong>compromesa i responsable<\/strong>. Segueix aquests passos per aprofitar al m\u00e0xim la mobilitat i complir amb els requisits del programa.\n  <\/div>\n<div class=\"dur-steps\">\n<p>    <!-- PAS 1 --><\/p>\n<div class=\"dur-step\">\n<div class=\"dur-icon\">\n        <i class=\"bi bi-headset\"><\/i><br \/>\n        <span class=\"dur-num\">Pas 1<\/span>\n      <\/div>\n<div class=\"dur-body\">\n<h3>Continuar el curs OLS<\/h3>\n<p>El <strong>Suport Ling\u00fc\u00edstic en l\u00ednia (OLS)<\/strong> \u00e9s un servei gratu\u00eft de la Comissi\u00f3 Europea dins d&#8217;Erasmus+ per millorar la compet\u00e8ncia ling\u00fc\u00edstica en l&#8217;idioma del pa\u00eds d&#8217;acollida.<\/p>\n<div class=\"dur-highlight\">\n          Mantenir-se actiu al curs facilita la <strong>integraci\u00f3 acad\u00e8mica, laboral i social<\/strong>, permet superar barreres comunicatives i consolida coneixements per aprofitar al m\u00e0xim l&#8217;experi\u00e8ncia.\n        <\/div>\n<\/p><\/div>\n<\/p><\/div>\n<div class=\"dur-connector\"><\/div>\n<p>    <!-- PAS 2 --><\/p>\n<div class=\"dur-step\">\n<div class=\"dur-icon\">\n        <i class=\"bi bi-briefcase\"><\/i><br \/>\n        <span class=\"dur-num\">Pas 2<\/span>\n      <\/div>\n<div class=\"dur-body\">\n<h3>Realitzar la mobilitat de manera eficient i responsable<\/h3>\n<p>Cal dur a terme les tasques acordades al <strong>Learning Agreement<\/strong> amb professionalitat, puntualitat i implicaci\u00f3, respectant les normes i la cultura de l&#8217;organitzaci\u00f3 d&#8217;acollida.<\/p>\n<\/p><\/div>\n<\/p><\/div>\n<div class=\"dur-connector\"><\/div>\n<p>    <!-- PAS 3 --><\/p>\n<div class=\"dur-step\">\n<div class=\"dur-icon\">\n        <i class=\"bi bi-chat-dots\"><\/i><br \/>\n        <span class=\"dur-num\">Pas 3<\/span>\n      <\/div>\n<div class=\"dur-body\">\n<h3>Mantenir contacte amb el tutor d&#8217;origen<\/h3>\n<p>Cal mantenir un <strong>contacte regular amb el tutor de l&#8217;organitzaci\u00f3 d&#8217;origen<\/strong> i informar de qualsevol problema o imprevist que sorgeixi durant l&#8217;estada el m\u00e9s aviat possible.<\/p>\n<\/p><\/div>\n<\/p><\/div>\n<div class=\"dur-connector\"><\/div>\n<p>    <!-- PAS 4 --><\/p>\n<div class=\"dur-step\">\n<div class=\"dur-icon\">\n        <i class=\"bi bi-file-earmark-check\"><\/i><br \/>\n        <span class=\"dur-num\">Pas 4<\/span>\n      <\/div>\n<div class=\"dur-body\">\n        <span class=\"dur-badge\"><i class=\"bi bi-exclamation-circle\"><\/i> Obligatori<\/span><\/p>\n<h3>Omplir qBid i portar el conveni signat<\/h3>\n<p>Cal introduir tota la informaci\u00f3 sobre les pr\u00e0ctiques a l&#8217;<strong>aplicatiu qBid<\/strong> i assegurar-se de portar el conveni degudament signat per totes les parts.<\/p>\n<\/p><\/div>\n<\/p><\/div>\n<div class=\"dur-connector\"><\/div>\n<p>    <!-- PAS 5 --><\/p>\n<div class=\"dur-step\">\n<div class=\"dur-icon\">\n        <i class=\"bi bi-journal-text\"><\/i><br \/>\n        <span class=\"dur-num\">Pas 5<\/span>\n      <\/div>\n<div class=\"dur-body\">\n<h3>Redactar la mem\u00f2ria de l&#8217;experi\u00e8ncia<\/h3>\n<p>Cal redactar la <strong>mem\u00f2ria sobre l&#8217;experi\u00e8ncia Erasmus+<\/strong> de manera ass\u00eddua durant tota l&#8217;estada, recollint les activitats realitzades, els aprenentatges adquirits i les impressions personals.<\/p>\n<\/p><\/div>\n<\/p><\/div>\n<\/p><\/div>\n<\/div>\n","protected":false},"excerpt":{"rendered":"<p>  .dur-wrap {<br \/>\n    max-width: 860px;<br \/>\n    padding: 16px 16px 40px;<br \/>\n    font-family: &#8216;DM Sans&#8217;, sans-serif;<br \/>\n    color: #0d1b2a;<br \/>\n    line-height: 1.65;<br \/>\n    background: #f0f7fb;<br \/>\n    border-radius: 14px;<br \/>\n  }<br \/>\n&hellip;  <a href=\"https:\/\/agora.xtec.cat\/ies-sabadell\/erasmus-a-cf-durant-la-mobilitat\/\" title=\"Read Erasmus+ a CF: Durant la mobilitat\">Llegeix m\u00e9s\u00bb<\/a><\/p>\n","protected":false},"author":185,"featured_media":0,"parent":0,"menu_order":0,"comment_status":"closed","ping_status":"closed","template":"","meta":{"_bbp_topic_count":0,"_bbp_reply_count":0,"_bbp_total_topic_count":0,"_bbp_total_reply_count":0,"_bbp_voice_count":0,"_bbp_anonymous_reply_count":0,"_bbp_topic_count_hidden":0,"_bbp_reply_count_hidden":0,"_bbp_forum_subforum_count":0,"footnotes":""},"class_list":["post-24465","page","type-page","status-publish","hentry"],"post_mailing_queue_ids":[],"_links":{"self":[{"href":"https:\/\/agora.xtec.cat\/ies-sabadell\/wp-json\/wp\/v2\/pages\/24465","targetHints":{"allow":["GET"]}}],"collection":[{"href":"https:\/\/agora.xtec.cat\/ies-sabadell\/wp-json\/wp\/v2\/pages"}],"about":[{"href":"https:\/\/agora.xtec.cat\/ies-sabadell\/wp-json\/wp\/v2\/types\/page"}],"author":[{"embeddable":true,"href":"https:\/\/agora.xtec.cat\/ies-sabadell\/wp-json\/wp\/v2\/users\/185"}],"replies":[{"embeddable":true,"href":"https:\/\/agora.xtec.cat\/ies-sabadell\/wp-json\/wp\/v2\/comments?post=24465"}],"version-history":[{"count":7,"href":"https:\/\/agora.xtec.cat\/ies-sabadell\/wp-json\/wp\/v2\/pages\/24465\/revisions"}],"predecessor-version":[{"id":25408,"href":"https:\/\/agora.xtec.cat\/ies-sabadell\/wp-json\/wp\/v2\/pages\/24465\/revisions\/25408"}],"wp:attachment":[{"href":"https:\/\/agora.xtec.cat\/ies-sabadell\/wp-json\/wp\/v2\/media?parent=24465"}],"curies":[{"name":"wp","href":"https:\/\/api.w.org\/{rel}","templated":true}]}}