{"id":23011,"date":"2024-02-26T12:49:30","date_gmt":"2024-02-26T11:49:30","guid":{"rendered":"https:\/\/agora.xtec.cat\/ies-sabadell\/?page_id=23011"},"modified":"2024-02-26T12:49:30","modified_gmt":"2024-02-26T11:49:30","slug":"curriculum-i-materies","status":"publish","type":"page","link":"https:\/\/agora.xtec.cat\/ies-sabadell\/batxillerat-internacional\/curriculum-i-materies\/","title":{"rendered":"Curr\u00edculum i mat\u00e8ries"},"content":{"rendered":"<p style=\"text-align: justify;\">El curr\u00edculum del Programa del Diploma de l\u2019IB est\u00e0 format per <b>sis grups d\u2019assignatures de sis grups de mat\u00e8ries: 1. Estudis de llengua i literatura, 2. Adquisici\u00f3 de lleng\u00fces, 3. Individus i Societats, 4. Ci\u00e8ncies, 5. Matem\u00e0tiques, 6. Arts.<\/b> L\u2019alumnat ha de cursar tres mat\u00e8ries a nivell superior (NS) i les altres tres a nivell mitj\u00e0 (NM). La difer\u00e8ncia entre una mat\u00e8ria de nivell superior i una de nivell mitj\u00e0 rau en l\u2019extensi\u00f3 i el grau d\u2019aprofundiment en els continguts.<\/p>\n<p>Els alumnes del BI han de cursar una mat\u00e8ria de cada un d\u2019aquests grups o b\u00e9 una segona mat\u00e8ria dels grups 1 a 5.<\/p>\n<p>Al nostre institut el cur\u00edculum del Programa del Diploma de l\u2019IB consta de:<\/p>\n<ul>\n<li aria-level=\"1\">Les seg\u00fcents <b>sis mat\u00e8ries<\/b> incloses en <b>cinc grups de coneixement<\/b>. Tres d\u2019elles es cursen a nivell superior (NS) i tres a nivell mitj\u00e0 (NM):\n<ul>\n<li aria-level=\"2\"><b>Grup 1. Estudis de Llengua i Literatura<\/b>: <a href=\"https:\/\/docs.google.com\/document\/d\/1OnvopNmGNr-EQ1sJHUTqTpotCpwmmqMvbA2258Aj4sQ\/edit?usp=drive_link\"><b>Literatura catalana (NS)<\/b><\/a><\/li>\n<li aria-level=\"2\"><b>Grup 2. Adquisici\u00f3 de lleng\u00fces<\/b>: <a href=\"https:\/\/docs.google.com\/document\/d\/1NFtppL2xMj7ISfbnFC0JW9jCL8WUCo1YGOaTgSy9qXg\/edit?usp=drive_link\"><b>Angl\u00e8s (NS)<\/b><\/a><\/li>\n<li aria-level=\"2\"><b>Grup 3. Individus i Societats<\/b>: <a href=\"https:\/\/docs.google.com\/document\/d\/1WTCfN6Jyn3PmVry3T4csXYTP9og9CN4jZYloUicTSsw\/edit?usp=drive_link\"><b>Hist\u00f2ria (NS)<\/b><\/a><b>, <\/b><a href=\"https:\/\/docs.google.com\/document\/d\/1POpJ38k8CSstDpT04fL-V311cs-2hz3LNo1IrXQ-zBY\/edit?usp=drive_link\"><b>Gesti\u00f3 empresarial (NM)<\/b><\/a><\/li>\n<li aria-level=\"2\"><b>Grup 4. Ci\u00e8ncies<\/b>: <a href=\"https:\/\/docs.google.com\/document\/d\/1TDdtCXPmThT2DAI9Xa_-asfGoW5Ysbv-5xowan5UauM\/edit?usp=drive_link\"><b>Inform\u00e0tica (NM)<\/b><\/a><b>\u00a0<\/b><\/li>\n<li aria-level=\"2\"><b>Grup 5: Matem\u00e0tiques<\/b>: <a href=\"https:\/\/docs.google.com\/document\/d\/19UV2AMQ_bDoTAe_HfosWY3KTZC9oiGGDDHe_qr2ZY4s\/edit?usp=drive_link\"><b>Matem\u00e0tiques (NM)<\/b><\/a><\/li>\n<\/ul>\n<\/li>\n<li aria-level=\"1\">Els <b>tres components troncals<\/b> obligatoris s\u00f3n:\n<ul>\n<li aria-level=\"2\"><a href=\"https:\/\/docs.google.com\/document\/d\/1swNKbWJAKZ4yj7QTfeBdlO39ojZW8vKeCYczowAGbQA\/edit?usp=sharing\"><b>Teoria del Coneixement<\/b><\/a>,<\/li>\n<li aria-level=\"2\"><a href=\"https:\/\/docs.google.com\/document\/d\/1uWnpY3ONnog-epNfFnOdTB0a6_w_wkltKlpMXWuv9Hg\/edit?usp=sharing\"><b>Monografia<\/b>\u00a0<\/a><\/li>\n<li aria-level=\"2\"><a href=\"https:\/\/docs.google.com\/document\/d\/1lEdqDW4E5xX479UQ2Cq-U7r4UKmOFykE8Ao1EeNKQ38\/edit?usp=sharing\"><b>Creativitat, Activitat i Servei (CAS)<\/b><\/a><\/li>\n<\/ul>\n<\/li>\n<\/ul>\n<p>Aquestes mat\u00e8ries i components troncals es combinen amb d&#8217;altres del Batxillerat LOMLOE per tal d\u2019obtenir la doble titulaci\u00f3 IB-LOMLOE, i conformen el curr\u00edculum de dos anys de durada que oferim al nostre centre.<\/p>\n","protected":false},"excerpt":{"rendered":"<p>El curr\u00edculum del Programa del Diploma de l\u2019IB est\u00e0 format per sis grups d\u2019assignatures de sis grups de mat\u00e8ries: 1. Estudis de llengua i literatura, 2. Adquisici\u00f3 de lleng\u00fces, 3. Individus i Societats, 4. Ci\u00e8ncies, 5. Matem\u00e0tiques, 6. Arts. L\u2019alumnat ha de cursar tres mat\u00e8ries&hellip;  <a href=\"https:\/\/agora.xtec.cat\/ies-sabadell\/batxillerat-internacional\/curriculum-i-materies\/\" title=\"Read Curr\u00edculum i mat\u00e8ries\">Llegeix m\u00e9s\u00bb<\/a><\/p>\n","protected":false},"author":3,"featured_media":0,"parent":20212,"menu_order":0,"comment_status":"closed","ping_status":"closed","template":"","meta":{"_bbp_topic_count":0,"_bbp_reply_count":0,"_bbp_total_topic_count":0,"_bbp_total_reply_count":0,"_bbp_voice_count":0,"_bbp_anonymous_reply_count":0,"_bbp_topic_count_hidden":0,"_bbp_reply_count_hidden":0,"_bbp_forum_subforum_count":0,"footnotes":""},"class_list":["post-23011","page","type-page","status-publish","hentry"],"post_mailing_queue_ids":[],"_links":{"self":[{"href":"https:\/\/agora.xtec.cat\/ies-sabadell\/wp-json\/wp\/v2\/pages\/23011","targetHints":{"allow":["GET"]}}],"collection":[{"href":"https:\/\/agora.xtec.cat\/ies-sabadell\/wp-json\/wp\/v2\/pages"}],"about":[{"href":"https:\/\/agora.xtec.cat\/ies-sabadell\/wp-json\/wp\/v2\/types\/page"}],"author":[{"embeddable":true,"href":"https:\/\/agora.xtec.cat\/ies-sabadell\/wp-json\/wp\/v2\/users\/3"}],"replies":[{"embeddable":true,"href":"https:\/\/agora.xtec.cat\/ies-sabadell\/wp-json\/wp\/v2\/comments?post=23011"}],"version-history":[{"count":1,"href":"https:\/\/agora.xtec.cat\/ies-sabadell\/wp-json\/wp\/v2\/pages\/23011\/revisions"}],"predecessor-version":[{"id":23012,"href":"https:\/\/agora.xtec.cat\/ies-sabadell\/wp-json\/wp\/v2\/pages\/23011\/revisions\/23012"}],"up":[{"embeddable":true,"href":"https:\/\/agora.xtec.cat\/ies-sabadell\/wp-json\/wp\/v2\/pages\/20212"}],"wp:attachment":[{"href":"https:\/\/agora.xtec.cat\/ies-sabadell\/wp-json\/wp\/v2\/media?parent=23011"}],"curies":[{"name":"wp","href":"https:\/\/api.w.org\/{rel}","templated":true}]}}