{"id":22876,"date":"2024-02-22T00:45:35","date_gmt":"2024-02-21T23:45:35","guid":{"rendered":"https:\/\/agora.xtec.cat\/ies-sabadell\/?page_id=22876"},"modified":"2026-05-08T11:27:21","modified_gmt":"2026-05-08T09:27:21","slug":"portes-obertes-preinscripcio-i-matricula-a-la-fp","status":"publish","type":"page","link":"https:\/\/agora.xtec.cat\/ies-sabadell\/cicles-formatius\/portes-obertes-preinscripcio-i-matricula-a-la-fp\/","title":{"rendered":"Portes Obertes, Preinscripci\u00f3 i Matr\u00edcula a la FP"},"content":{"rendered":"<p>Aquesta p\u00e0gina \u00e9s un recull de tota la informaci\u00f3 sobre fer la preinscripci\u00f3 i la matr\u00edcula a la Formaci\u00f3 Professional del nostre Institut.<\/p>\n<section class=\"l-section wpb_row height_large txtMd\">\n<div class=\"l-section-h i-cf\">\n<div class=\"g-cols vc_row type_default valign_top\">\n<div class=\"vc_col-sm-12 wpb_column vc_column_container animate_afc infoCol animate_start\">\n<div class=\"vc_column-inner\">\n<div class=\"wpb_wrapper\">\n<div class=\"wpb_text_column txt\">\n<div class=\"wpb_wrapper\">\n<p>Per tal de fer les preinscripcions i posterior matr\u00edcula adreceu-vos a l\u2019enlla\u00e7 corresponent dels estudis que heu escollit, que es troba just a sota. Penseu que les dates, requisits d\u2019acc\u00e9s i places oferides s\u00f3n diferents segons els estudis escollits.<\/p>\n<\/div>\n<h2><a href=\"https:\/\/agora.xtec.cat\/ies-sabadell\/general\/connectat-a-lfp-a-linstitut-sabadell\/\">Fira FP Pro: (click per m\u00e9s info)<\/a><\/h2>\n<p>El nostre Institut participa la Fira FP Pro al recinte de la Fira Sabadell, el <strong>25<\/strong><strong>, 26, 27, i 28 de Febrer de 2026<\/strong>. <a href=\"https:\/\/agora.xtec.cat\/ies-sabadell\/general\/connectat-a-lfp-a-linstitut-sabadell\/\">Aquest \u00e9s l&#8217;enlla\u00e7 a la web que habilitem en la Fira per a tenir m\u00e9s informaci\u00f3 del nostre Institut<\/a><\/p>\n<\/div>\n<\/div>\n<\/div>\n<\/div>\n<\/div>\n<\/div>\n<\/section>\n<section id=\"cursMd\" class=\"l-section wpb_row height_medium\">\n<div class=\"l-section-h i-cf\">\n<div class=\"g-cols vc_row type_default valign_top\">\n<div class=\"vc_col-sm-12 wpb_column vc_column_container\">\n<div class=\"vc_column-inner\">\n<div class=\"wpb_wrapper\">\n<div class=\"wpb_text_column introTtl\">\n<h2 class=\"wpb_wrapper\"><a href=\"https:\/\/agora.xtec.cat\/ies-sabadell\/general\/jornades-de-portes-obertes-als-cicles-formatius\/\">Jornades de Portes Obertes: (click per m\u00e9s info)<\/a><\/h2>\n<p><a href=\"https:\/\/agora.xtec.cat\/ies-sabadell\/general\/jornades-de-portes-obertes-als-cicles-formatius\/\">Tota la informaci\u00f3 sobre la Jornada de les Portes Obertes del nostre Institut es troba en aquest enlla\u00e7<\/a><\/p>\n<p>Les dates de les Jornades de Portes Obertes s\u00f3n:<\/p>\n<ul>\n<li>PFI Muntatge i Manteniment d&#8217;Equips Inform\u00e0tics: <span style=\"color: #b81f1f;\"><strong>dijous, 9 d&#8217;abril de 2026, a les 19:30<\/strong><\/span><\/li>\n<li>Cicle Formatiu de Grau Mitj\u00e0: Sistemes Microinform\u00e0tics i Xarxes: <span style=\"color: #b81f1f;\"><strong>dijous, 26 de mar\u00e7 de 2026, a les 19:30<\/strong><\/span><\/li>\n<li>Cicle Formatiu de Grau Superior: Administraci\u00f3 de Sistemes Inform\u00e0tics en Xarxa, Desenvolupament d&#8217;Aplicacions Web, Desenvolupament d&#8217;Aplicacions Multiplataforma, i Desenvolupament d&#8217;Aplicacions Multiplataforma, perfil professional Videojocs i Oci digital: <span style=\"color: #b81f1f;\"><strong>dimarts, 24 de mar\u00e7 de 2026, a les 19:30<\/strong><\/span><\/li>\n<li>M\u00e0ster d&#8217;FP: Curs d&#8217;Especialitzaci\u00f3 de Videojocs i Realitat Virtual: <span style=\"color: #b81f1f;\"><strong>dijous 11 de juny de 2026, a les 19:30<\/strong><\/span><\/li>\n<\/ul>\n<h2 class=\"wpb_wrapper\">Preinscripci\u00f3 i Matr\u00edcula:<\/h2>\n<\/div>\n<p>Tens tota la informaci\u00f3 sobre la preinscripci\u00f3 i matr\u00edcula de cada un dels nostres estudis a la seva respectiva p\u00e0gina: Adjuntem en aquesta p\u00e0gina la informaci\u00f3 m\u00e9s rellevant<\/p>\n<ul>\n<li>\n<h4><a href=\"https:\/\/agora.xtec.cat\/ies-sabadell\/eso\/preinscripcio-i-matricula-del-programa-de-formacio-i-insecio-auxiliar-de-manteniment-informatic\/\">PFI Muntatge i Manteniment d&#8217;Equips Inform\u00e0tics (click per a m\u00e9s info)<\/a><\/h4>\n<\/li>\n<\/ul>\n<p>Dates Presentaci\u00f3 de sol\u00b7licituds: <span style=\"color: #b81f1f;\"><strong>Del 4 al 13 de maig de 2026<br \/>\n<\/strong><\/span>Dates Matr\u00edcula: <span style=\"color: #b81f1f;\"><strong>Del 6 al 10 de juliol de 2026<br \/>\n<\/strong><\/span><span style=\"color: #b81f1f;\"><span style=\"color: #000000;\">Inici de les Classes: <\/span><strong><b>dilluns 14 de setembre de 2026, a les 9:30\u00a0<\/b><\/strong><\/span><\/p>\n<table style=\"border-collapse: collapse; width: 12.3594%;\">\n<tbody>\n<tr>\n<td style=\"width: 70.2127%;\">Nom<\/td>\n<td style=\"width: 43.9717%;\">Places<\/td>\n<\/tr>\n<tr>\n<td style=\"width: 70.2127%;\">PFI (mat\u00ed)<\/td>\n<td style=\"width: 43.9717%;\">17<\/td>\n<\/tr>\n<\/tbody>\n<\/table>\n<hr \/>\n<ul>\n<li>\n<h4><a href=\"https:\/\/agora.xtec.cat\/ies-sabadell\/general\/preinscripcio-matriculacio-cf\/\">Cicle Formatiu de Grau Mitj\u00e0: Sistemes Microinform\u00e0tics i Xarxes (click per a m\u00e9s info)<\/a><\/h4>\n<\/li>\n<\/ul>\n<p>Dates Preinscripci\u00f3: <span style=\"color: #b81f1f;\"><strong>Del 26 de maig a l&#8217;1 de juny de 2026<\/strong><\/span><span style=\"color: #b81f1f;\"><strong><br \/>\n<\/strong><\/span>Dates Matr\u00edcula: <span style=\"color: #b81f1f;\"><strong>\u00a010 al 14 de juliol de 2026 (Primera tanda), 24 al 28 de juliol i 1 al 3 de setembre (Segona tanda)<\/strong><\/span><span style=\"color: #b81f1f;\"><strong><br \/>\n<\/strong><\/span><span style=\"color: #b81f1f;\"><span style=\"color: #000000;\">Inici de les Classes: <\/span><strong><b>dilluns 14 de setembre de 2026, a les 9 torn de mat\u00ed i a les 15 torn de tarda.<\/b><\/strong><\/span><\/p>\n<table style=\"border-collapse: collapse; width: 36.801%; height: 112px;\">\n<tbody>\n<tr style=\"height: 48px;\">\n<td style=\"width: 26.2054%; height: 48px;\">Nom<\/td>\n<td style=\"width: 16.2028%; height: 48px;\">Places<\/td>\n<td style=\"width: 30.1478%; height: 48px;\">Nota de Tall (ESO)<\/td>\n<td style=\"width: 87.9002%; height: 48px;\">Nota de Tall (PFI\/Prova Acc\u00e9s)<\/td>\n<\/tr>\n<tr style=\"height: 32px;\">\n<td style=\"width: 26.2054%; height: 32px;\">SMX (mat\u00ed)<\/td>\n<td style=\"width: 16.2028%; height: 32px;\">90<\/td>\n<td style=\"width: 30.1478%; height: 32px;\">6,46<\/td>\n<td style=\"width: 87.9002%; height: 32px;\">6,25<\/td>\n<\/tr>\n<tr style=\"height: 32px;\">\n<td style=\"width: 26.2054%; height: 32px;\">SMX (tarda)<\/td>\n<td style=\"width: 16.2028%; height: 32px;\">30<\/td>\n<td style=\"width: 30.1478%; height: 32px;\">6,10<\/td>\n<td style=\"width: 87.9002%; height: 32px;\">5,55<\/td>\n<\/tr>\n<\/tbody>\n<\/table>\n<p><span style=\"color: #800000;\"><strong>La nota d&#8217;acc\u00e9s \u00e9s la nota mitjana entre 3r i 4t de l&#8217;ESO, no la nota global d&#8217;ESO.<\/strong><\/span><br \/>\n<span style=\"color: #800000;\"><strong>La nota de tall \u00e9s l&#8217;\u00faltima persona que va entrar en les segones assignacions. No es contemplen terceres i seg\u00fcents assignacions, per tant, una nota lleugerament menor podria entrar en les repesques.<\/strong><\/span><\/p>\n<hr \/>\n<ul>\n<li>\n<h4><a href=\"https:\/\/agora.xtec.cat\/ies-sabadell\/general\/preinscripcio-i-matricula-de-cicles-formatius-de-grau-superior-asix-dam-damvi\/\">Cicle Formatiu de Grau Superior: Administraci\u00f3 de Sistemes Inform\u00e0tics en Xarxa, Desenvolupament d&#8217;Aplicacions Web, Desenvolupament d&#8217;Aplicacions Multiplataforma, i Desenvolupament d&#8217;Aplicacions Multiplataforma, perfil professional Videojocs i Oci digital. (click per a m\u00e9s info)<\/a><\/h4>\n<\/li>\n<\/ul>\n<p>Dates Preinscripci\u00f3: <span style=\"color: #b81f1f;\"><strong>Del 26 de maig a l&#8217;1 de juny de 2026<\/strong><\/span><span style=\"color: #b81f1f;\"><strong><br \/>\n<\/strong><\/span>Dates Matr\u00edcula: <span style=\"color: #b81f1f;\"><strong>10 al 14 de juliol de 2026 (Primera tanda), 24 al 28 de juliol i 1 al 3 de setembre (Segona tanda)<\/strong><\/span><span style=\"color: #b81f1f;\"><strong><br \/>\n<\/strong><span style=\"color: #000000;\">Inici de les Classes: <\/span><strong><b>dilluns 14 de setembre de 2026, a les 9 torn de mat\u00ed (1r ASIX, 1r DAM) i a les 15 torn de tarda. (1r DAMvi, 1r DAW, 2ns)\u00a0<\/b><\/strong><\/span><\/p>\n<table style=\"border-collapse: collapse; width: 663px;\">\n<tbody>\n<tr>\n<td style=\"width: 105px;\">Nom<\/td>\n<td style=\"width: 61px;\">Places<\/td>\n<td style=\"width: 167px;\">Nota de Tall (Batxillerat)<\/td>\n<td style=\"width: 147px;\">Nota de Tall (CFGM)<\/td>\n<td style=\"width: 183px;\">Nota de Tall (Prova Acc\u00e9s)<\/td>\n<\/tr>\n<tr>\n<td style=\"width: 105px;\">ASIX (mat\u00ed)<\/td>\n<td style=\"width: 61px;\">30<\/td>\n<td style=\"width: 167px;\">5.86<\/td>\n<td style=\"width: 147px;\">7,1<\/td>\n<td style=\"width: 183px;\">7.45<\/td>\n<\/tr>\n<tr>\n<td style=\"width: 105px;\">DAM (mat\u00ed)<\/td>\n<td style=\"width: 61px;\">30<\/td>\n<td style=\"width: 167px;\">5,92<\/td>\n<td style=\"width: 147px;\">6,95<\/td>\n<td style=\"width: 183px;\">5<\/td>\n<\/tr>\n<tr>\n<td style=\"width: 105px;\">DAMvi (tarda)<\/td>\n<td style=\"width: 61px;\">30<\/td>\n<td style=\"width: 167px;\">6,04<\/td>\n<td style=\"width: 147px;\">7,2<\/td>\n<td style=\"width: 183px;\">5<\/td>\n<\/tr>\n<tr>\n<td style=\"width: 105px;\">DAW (tarda)<\/td>\n<td style=\"width: 61px;\">30<\/td>\n<td style=\"width: 167px;\">5,5<\/td>\n<td style=\"width: 147px;\">6,2<\/td>\n<td style=\"width: 183px;\">5<\/td>\n<\/tr>\n<\/tbody>\n<\/table>\n<p><span style=\"color: #800000;\"><strong>La nota de tall de Batxillerat \u00e9s la de Batxillerat tecnol\u00f2gic (que t\u00e9 prioritat sobre altres batxillerats). La nota de tall de CFGM \u00e9s la de inform\u00e0tica o fam\u00edlies del mateix \u00e0mbit (que tenen prioritat sobre altres CFGM de diferents \u00e0mbits).<\/strong><\/span><br \/>\n<span style=\"color: #800000;\"><strong>La nota de tall \u00e9s l&#8217;\u00faltima persona que va entrar en les segones assignacions. No es contemplen terceres i seg\u00fcents assignacions, per tant, una nota lleugerament menor podria entrar en les repesques.<\/strong><\/span><\/p>\n<hr \/>\n<ul>\n<li>\n<h4><a href=\"https:\/\/agora.xtec.cat\/ies-sabadell\/general\/preinscripcio-i-matricula-del-curs-despecialitzacio-fp-en-videojocs-i-realitat-virtual\/\">M\u00e0ster d&#8217;FP: Curs d&#8217;Especialitzaci\u00f3 de Videojocs i Realitat Virtual (click per a m\u00e9s info)<\/a><\/h4>\n<\/li>\n<\/ul>\n<p>Dates Preinscripci\u00f3: <span style=\"color: #b81f1f;\"><strong>Del 25 de juny al 3 de juliol de 2026<\/strong><\/span><span style=\"color: #b81f1f;\"><strong><br \/>\n<\/strong><\/span>Dates Matr\u00edcula: <span style=\"color: #b81f1f;\"><strong>10 al 22 de juliol de 2026<br \/>\n<\/strong><\/span>Inici de les Classes: <span style=\"color: #b81f1f;\"><b>segona setmana de setembre <span style=\"color: #b81f1f;\"><strong>(per determinar data exacta)<\/strong><\/span><\/b><\/span><\/p>\n<table style=\"border-collapse: collapse; width: 25.7745%;\">\n<tbody>\n<tr>\n<td style=\"width: 33.7621%;\">Nom<\/td>\n<td style=\"width: 19.6141%;\">Places<\/td>\n<td style=\"width: 54.9839%;\">Nota de Tall (CFGS)<\/td>\n<\/tr>\n<tr>\n<td style=\"width: 33.7621%;\">CEFP (tarda)<\/td>\n<td style=\"width: 19.6141%;\">20<\/td>\n<td style=\"width: 54.9839%;\">5<\/td>\n<\/tr>\n<\/tbody>\n<\/table>\n<\/div>\n<\/div>\n<\/div>\n<hr \/>\n<div class=\"vc_col-sm-12 wpb_column vc_column_container\">\n<div class=\"vc_column-inner\">\n<div class=\"wpb_wrapper\">\n<ul>\n<li>\n<h4><a href=\"https:\/\/agora.xtec.cat\/ies-sabadell\/general\/preinscripcio-i-matricula-dels-certificats-de-professionalitat-soc\/\">Certificats de Professionalitat &#8211; SOC (click per a m\u00e9s info)<\/a><\/h4>\n<\/li>\n<\/ul>\n<p>Dates Preinscripci\u00f3: <span style=\"color: #b81f1f;\"><strong>1 de juny al 30 de setembre de 2026<br \/>\n<\/strong><\/span>Dates Matr\u00edcula: <span style=\"color: #b81f1f;\"><strong>1 al 14 d&#8217;octubre de 2026<br \/>\n<\/strong><\/span>Inici de les Classes: <span style=\"color: #b81f1f;\"><strong>finals d&#8217;octubre de 2026 (per determinar data exacta)<\/strong><\/span><\/p>\n<table style=\"border-collapse: collapse; width: 44.2919%;\">\n<tbody>\n<tr>\n<td style=\"width: 91.091%;\">Nom<\/td>\n<td style=\"width: 20.991%;\">Places<\/td>\n<\/tr>\n<tr>\n<td style=\"width: 91.091%;\">Nivell 2 \u2013 Muntatge i reparaci\u00f3 de sistemes microinform\u00e0tics.<\/td>\n<td style=\"width: 20.991%;\">15<\/td>\n<\/tr>\n<tr>\n<td style=\"width: 91.091%;\">Nivell 2 \u2013 Confecci\u00f3 i Publicaci\u00f3 de p\u00e0gines Web.<\/td>\n<td style=\"width: 20.991%;\">15<\/td>\n<\/tr>\n<tr>\n<td style=\"width: 91.091%;\">Nivell 3 -Programaci\u00f3 en llenguatges Orientats a Objectes i Bases de Dades Relacionals<\/td>\n<td style=\"width: 20.991%;\">15<\/td>\n<\/tr>\n<\/tbody>\n<\/table>\n<\/div>\n<\/div>\n<\/div>\n<\/div>\n<\/div>\n<\/section>\n","protected":false},"excerpt":{"rendered":"<p>Aquesta p\u00e0gina \u00e9s un recull de tota la informaci\u00f3 sobre fer la preinscripci\u00f3 i la matr\u00edcula a la Formaci\u00f3 Professional del nostre Institut.<\/p>\n<p>Per tal de fer les preinscripcions i posterior matr\u00edcula adreceu-vos a l\u2019enlla\u00e7 corresponent dels estudis que heu escollit, que es troba just a&hellip;  <a href=\"https:\/\/agora.xtec.cat\/ies-sabadell\/cicles-formatius\/portes-obertes-preinscripcio-i-matricula-a-la-fp\/\" title=\"Read Portes Obertes, Preinscripci\u00f3 i Matr\u00edcula a la FP\">Llegeix m\u00e9s\u00bb<\/a><\/p>\n","protected":false},"author":375,"featured_media":0,"parent":323,"menu_order":0,"comment_status":"closed","ping_status":"closed","template":"","meta":{"_bbp_topic_count":0,"_bbp_reply_count":0,"_bbp_total_topic_count":0,"_bbp_total_reply_count":0,"_bbp_voice_count":0,"_bbp_anonymous_reply_count":0,"_bbp_topic_count_hidden":0,"_bbp_reply_count_hidden":0,"_bbp_forum_subforum_count":0,"footnotes":""},"class_list":["post-22876","page","type-page","status-publish","hentry"],"post_mailing_queue_ids":[],"_links":{"self":[{"href":"https:\/\/agora.xtec.cat\/ies-sabadell\/wp-json\/wp\/v2\/pages\/22876","targetHints":{"allow":["GET"]}}],"collection":[{"href":"https:\/\/agora.xtec.cat\/ies-sabadell\/wp-json\/wp\/v2\/pages"}],"about":[{"href":"https:\/\/agora.xtec.cat\/ies-sabadell\/wp-json\/wp\/v2\/types\/page"}],"author":[{"embeddable":true,"href":"https:\/\/agora.xtec.cat\/ies-sabadell\/wp-json\/wp\/v2\/users\/375"}],"replies":[{"embeddable":true,"href":"https:\/\/agora.xtec.cat\/ies-sabadell\/wp-json\/wp\/v2\/comments?post=22876"}],"version-history":[{"count":6,"href":"https:\/\/agora.xtec.cat\/ies-sabadell\/wp-json\/wp\/v2\/pages\/22876\/revisions"}],"predecessor-version":[{"id":25686,"href":"https:\/\/agora.xtec.cat\/ies-sabadell\/wp-json\/wp\/v2\/pages\/22876\/revisions\/25686"}],"up":[{"embeddable":true,"href":"https:\/\/agora.xtec.cat\/ies-sabadell\/wp-json\/wp\/v2\/pages\/323"}],"wp:attachment":[{"href":"https:\/\/agora.xtec.cat\/ies-sabadell\/wp-json\/wp\/v2\/media?parent=22876"}],"curies":[{"name":"wp","href":"https:\/\/api.w.org\/{rel}","templated":true}]}}