{"id":20497,"date":"2022-05-17T21:59:42","date_gmt":"2022-05-17T19:59:42","guid":{"rendered":"https:\/\/agora.xtec.cat\/ies-sabadell\/?page_id=20497"},"modified":"2024-04-05T12:16:06","modified_gmt":"2024-04-05T10:16:06","slug":"estrategia-digital-de-centre","status":"publish","type":"page","link":"https:\/\/agora.xtec.cat\/ies-sabadell\/linstitut\/estrategia-digital-de-centre\/","title":{"rendered":"Estrat\u00e8gia digital de centre"},"content":{"rendered":"<p>L&#8217;<strong>estrat\u00e8gia digital de centre (EDC)<\/strong> defineix i concreta les l\u00ednies d&#8217;actuaci\u00f3 de l\u2019Institut que fan possible que docents, alumnat i centre assoleixin la compet\u00e8ncia digital. Des del curs 2010-11 l\u2019Institut Sabadell ha estat treballant en la digitalitzaci\u00f3 dels processos d\u2019ensenyament aprenentatge, a fi de millorar la compet\u00e8ncia digital de l\u2019alumnat amb la incorporaci\u00f3 de dispositius personals en l\u2019aprenentatge.<\/p>\n<p>Per aconseguir aquesta compet\u00e8ncia digital, l&#8217;EDC compr\u00e8n tots els \u00e0mbits del centre: organitzatius, metodol\u00f2gics, curriculars i comunicatius. La Programaci\u00f3 General Anual (PGA) recull cada any objectius relacionats amb la millora de la compet\u00e8ncia digital.<\/p>\n<p>Per tal de con\u00e8ixer l\u2019estrat\u00e8gia digital del centre podeu consultar els apartats: el <a href=\"https:\/\/agora.xtec.cat\/ies-sabadell\/linstitut\/estrategia-digital-de-centre\/pla-estrategic\/\" target=\"_blank\" rel=\"noopener\">pla estrat\u00e8gic<\/a> i la <a href=\"https:\/\/agora.xtec.cat\/ies-sabadell\/linstitut\/estrategia-digital-de-centre\/cultura-digital\/\" target=\"_blank\" rel=\"noopener\">cultura digital<\/a> del centre.<\/p>\n<table style=\"height: 87px; width: 100%; border-collapse: collapse; border-style: hidden;\">\n<tbody>\n<tr style=\"height: 32px;\">\n<td style=\"width: 50%; height: 32px; border-style: none;\">&nbsp;<\/p>\n<p><a href=\"https:\/\/agora.xtec.cat\/ies-sabadell\/linstitut\/estrategia-digital-de-centre\/pla-estrategic\/\"><img loading=\"lazy\" decoding=\"async\" class=\"alignright wp-image-23245\" src=\"https:\/\/agora.xtec.cat\/ies-sabadell\/wp-content\/uploads\/usu405\/2024\/04\/estrategia-digital.png\" alt=\"\" width=\"172\" height=\"172\" srcset=\"https:\/\/agora.xtec.cat\/ies-sabadell\/wp-content\/uploads\/usu405\/2024\/04\/estrategia-digital.png 512w, https:\/\/agora.xtec.cat\/ies-sabadell\/wp-content\/uploads\/usu405\/2024\/04\/estrategia-digital-300x300.png 300w, https:\/\/agora.xtec.cat\/ies-sabadell\/wp-content\/uploads\/usu405\/2024\/04\/estrategia-digital-150x150.png 150w\" sizes=\"auto, (max-width: 172px) 100vw, 172px\" \/><\/a><\/td>\n<td style=\"width: 50%; height: 32px; border-style: none;\">&nbsp;<\/p>\n<p><a href=\"https:\/\/agora.xtec.cat\/ies-sabadell\/linstitut\/estrategia-digital-de-centre\/cultura-digital\/\"><img loading=\"lazy\" decoding=\"async\" class=\"alignnone wp-image-23246\" src=\"https:\/\/agora.xtec.cat\/ies-sabadell\/wp-content\/uploads\/usu405\/2024\/04\/ordenador-portatil-1.png\" alt=\"\" width=\"176\" height=\"176\" srcset=\"https:\/\/agora.xtec.cat\/ies-sabadell\/wp-content\/uploads\/usu405\/2024\/04\/ordenador-portatil-1.png 512w, https:\/\/agora.xtec.cat\/ies-sabadell\/wp-content\/uploads\/usu405\/2024\/04\/ordenador-portatil-1-300x300.png 300w, https:\/\/agora.xtec.cat\/ies-sabadell\/wp-content\/uploads\/usu405\/2024\/04\/ordenador-portatil-1-150x150.png 150w\" sizes=\"auto, (max-width: 176px) 100vw, 176px\" \/><\/a><\/td>\n<\/tr>\n<tr style=\"height: 55px;\">\n<td style=\"width: 50%; border-style: none; height: 55px;\">\n<p style=\"text-align: right;\"><strong>PLA ESTRAT\u00c8GIC\u00a0 \u00a0 \u00a0 \u00a0 \u00a0 \u00a0<\/strong><\/p>\n<\/td>\n<td style=\"width: 50%; border-style: none; height: 55px;\"><strong>\u00a0 \u00a0 \u00a0 \u00a0 CULTURA DIGITAL<\/strong><\/td>\n<\/tr>\n<\/tbody>\n<\/table>\n<blockquote>\n<p style=\"text-align: right;\"><sub><em>Les icones dels apartats del EDC descarregades de Flaticon.es<\/em><\/sub><\/p>\n<\/blockquote>\n","protected":false},"excerpt":{"rendered":"<p>L&#8217;estrat\u00e8gia digital de centre (EDC) defineix i concreta les l\u00ednies d&#8217;actuaci\u00f3 de l\u2019Institut que fan possible que docents, alumnat i centre assoleixin la compet\u00e8ncia digital. Des del curs 2010-11 l\u2019Institut Sabadell ha estat treballant en la digitalitzaci\u00f3 dels processos d\u2019ensenyament aprenentatge, a fi de millorar&hellip;  <a href=\"https:\/\/agora.xtec.cat\/ies-sabadell\/linstitut\/estrategia-digital-de-centre\/\" title=\"Read Estrat\u00e8gia digital de centre\">Llegeix m\u00e9s\u00bb<\/a><\/p>\n","protected":false},"author":3,"featured_media":0,"parent":13229,"menu_order":4,"comment_status":"closed","ping_status":"closed","template":"page-templates\/side-menu.php","meta":{"_bbp_topic_count":0,"_bbp_reply_count":0,"_bbp_total_topic_count":0,"_bbp_total_reply_count":0,"_bbp_voice_count":0,"_bbp_anonymous_reply_count":0,"_bbp_topic_count_hidden":0,"_bbp_reply_count_hidden":0,"_bbp_forum_subforum_count":0,"footnotes":""},"class_list":["post-20497","page","type-page","status-publish","hentry"],"post_mailing_queue_ids":[],"_links":{"self":[{"href":"https:\/\/agora.xtec.cat\/ies-sabadell\/wp-json\/wp\/v2\/pages\/20497","targetHints":{"allow":["GET"]}}],"collection":[{"href":"https:\/\/agora.xtec.cat\/ies-sabadell\/wp-json\/wp\/v2\/pages"}],"about":[{"href":"https:\/\/agora.xtec.cat\/ies-sabadell\/wp-json\/wp\/v2\/types\/page"}],"author":[{"embeddable":true,"href":"https:\/\/agora.xtec.cat\/ies-sabadell\/wp-json\/wp\/v2\/users\/3"}],"replies":[{"embeddable":true,"href":"https:\/\/agora.xtec.cat\/ies-sabadell\/wp-json\/wp\/v2\/comments?post=20497"}],"version-history":[{"count":6,"href":"https:\/\/agora.xtec.cat\/ies-sabadell\/wp-json\/wp\/v2\/pages\/20497\/revisions"}],"predecessor-version":[{"id":23266,"href":"https:\/\/agora.xtec.cat\/ies-sabadell\/wp-json\/wp\/v2\/pages\/20497\/revisions\/23266"}],"up":[{"embeddable":true,"href":"https:\/\/agora.xtec.cat\/ies-sabadell\/wp-json\/wp\/v2\/pages\/13229"}],"wp:attachment":[{"href":"https:\/\/agora.xtec.cat\/ies-sabadell\/wp-json\/wp\/v2\/media?parent=20497"}],"curies":[{"name":"wp","href":"https:\/\/api.w.org\/{rel}","templated":true}]}}