{"id":20212,"date":"2022-01-17T11:05:16","date_gmt":"2022-01-17T10:05:16","guid":{"rendered":"https:\/\/agora.xtec.cat\/ies-sabadell\/?page_id=20212"},"modified":"2026-02-13T12:22:05","modified_gmt":"2026-02-13T11:22:05","slug":"batxillerat-internacional","status":"publish","type":"page","link":"https:\/\/agora.xtec.cat\/ies-sabadell\/batxillerat-internacional\/","title":{"rendered":"Batxillerat internacional"},"content":{"rendered":"<p>Informacions oficials sobre el <strong>Batxillerat Internacional<\/strong> del Portal de centres (Departament d&#8217;Educaci\u00f3).<\/p>\n<p><span dir=\"ltr\" role=\"presentation\">Programa del Diploma del Batxillerat Internacional:<\/span><\/p>\n<p><span dir=\"ltr\" role=\"presentation\">En alguns centres de Catalunya, s&#8217;ofereix a l&#8217;alumnat la possibilitat de cursar <\/span><span dir=\"ltr\" role=\"presentation\">simult\u00e0niament el Batxillerat ordinari i el Batxillerat Internacional (BI), i eventualment <\/span><span dir=\"ltr\" role=\"presentation\">obtenir la doble titulaci\u00f3.<\/span><br role=\"presentation\" \/><span dir=\"ltr\" role=\"presentation\">El Programa del diploma del Batxillerat internacional \u00e9s educatiu i l&#8217;administra <\/span><span dir=\"ltr\" role=\"presentation\">l&#8217;Organitzaci\u00f3 del Batxillerat Internacional (IBO).<\/span><\/p>\n<p>A<span dir=\"ltr\" role=\"presentation\">l portal d&#8217;orientaci\u00f3 oficial <a href=\"https:\/\/triaeducativa.gencat.cat\/ca\/batxillerat\/doble-titulacio\/batxillerat-internacional\/\">&#8220;Tria Educativa&#8221; <\/a>del Departament d&#8217;Educaci\u00f3 trobareu m\u00e9s informaci\u00f3 sobre:<\/span><\/p>\n<ul>\n<li><span dir=\"ltr\" role=\"presentation\">Contingut curricular del Batxillerat Internacional<\/span><\/li>\n<li><span dir=\"ltr\" role=\"presentation\">Condicions d&#8217;acc\u00e9s a aquests estudis en un institut p\u00fablic<\/span><\/li>\n<li><span dir=\"ltr\" role=\"presentation\">Obtenci\u00f3 del t\u00edtol de Batxillerat Internacional<\/span><\/li>\n<li><span dir=\"ltr\" role=\"presentation\">Requisits del centre per impartir aquesta doble titulaci\u00f3.<\/span><\/li>\n<\/ul>\n<p>A continuaci\u00f3, trobareu la documentaci\u00f3 relacionada amb el Batxillerat Internacional a l&#8217;Institut Sabadell:<\/p>\n<ul>\n<li><a href=\"https:\/\/drive.google.com\/file\/d\/1RRGboyX9y8OT5r5ooG_cLjkuJlCxUNB-\/preview\" target=\"_blank\" rel=\"noopener\">Carta d&#8217;autoritzaci\u00f3 IBO a l&#8217;Institut Sabadell<\/a><\/li>\n<li><b><a href=\"https:\/\/drive.google.com\/file\/d\/1UjekDwvBJ4GLoA-APdMH6cpyBIswSvfU\/view?usp=sharing\">Presentaci\u00f3 del Batxillerat Internacional a l&#8217;institut Sabadell<\/a> (<\/b><span style=\"color: #ff0000;\">actualitzat gener 2026)<\/span><\/li>\n<li style=\"font-weight: 400;\" aria-level=\"1\"><span style=\"font-weight: 400;\">Pol\u00edtiques IB Institut Sabadell<\/span>\n<ul>\n<li><a href=\"https:\/\/drive.google.com\/file\/d\/1IT9v7OsIi6XJ82NsliaNdUYrOdqbajSl\/preview\" target=\"_blank\" rel=\"noopener\"><span style=\"font-weight: 400;\">Filosofia i declaraci\u00f3 de principis<\/span><\/a><\/li>\n<li aria-level=\"2\"><a href=\"https:\/\/drive.google.com\/file\/d\/17w6aGvdn4kHRu7bJrqaxVF_NLF0HrtDE\/preview\" target=\"_blank\" rel=\"noopener\"><span style=\"font-weight: 400;\">Ling\u00fc\u00edstica<\/span><\/a><\/li>\n<li style=\"font-weight: 400;\" aria-level=\"2\"><a href=\"https:\/\/drive.google.com\/file\/d\/1J0m8hTAWRsLv560ui6V7e8hbogNyxueU\/preview\" target=\"_blank\" rel=\"noopener\"><span style=\"font-weight: 400;\">Admissi\u00f3<\/span><\/a><\/li>\n<li style=\"font-weight: 400;\" aria-level=\"2\"><a href=\"https:\/\/drive.google.com\/file\/d\/151Xq9sFmCqRCFHOe9IKVpIhjdqAQVKda\/preview\" target=\"_blank\" rel=\"noopener\"><span style=\"font-weight: 400;\">Inclusi\u00f3<\/span><\/a><\/li>\n<li style=\"font-weight: 400;\" aria-level=\"2\"><a href=\"https:\/\/drive.google.com\/file\/d\/1CD1c88BFVdvUl6IvCPz-KvBK604yoS91\/preview\" target=\"_blank\" rel=\"noopener\"><span style=\"font-weight: 400;\">Probitat<\/span><\/a><\/li>\n<li style=\"font-weight: 400;\" aria-level=\"2\"><a href=\"https:\/\/drive.google.com\/file\/d\/1VIpuns3VAZci4XgbGAfmMhzVD0BCEt4a\/preview\" target=\"_blank\" rel=\"noopener\"><span style=\"font-weight: 400;\">Avaluaci\u00f3<\/span><\/a><\/li>\n<\/ul>\n<\/li>\n<\/ul>\n<div style=\"text-align: center;\"><iframe loading=\"lazy\" title=\"YouTube video player\" src=\"https:\/\/www.youtube.com\/embed\/pn21nZ-wERI\" width=\"560\" height=\"315\" frameborder=\"0\" allowfullscreen=\"allowfullscreen\"><\/iframe><\/div>\n<p>&nbsp;<\/p>\n<p>Per m\u00e9s informacions sobre el BI a l&#8217;Institut Sabadell, <span style=\"color: #24c1ed;\"><strong>cliqueu la icona de &#8220;Colegio del Mundo IB&#8221;<\/strong><\/span>:<\/p>\n<p><a href=\"https:\/\/www.ibo.org\/es\/school\/062411\/\" target=\"_blank\" rel=\"noopener\"><img loading=\"lazy\" decoding=\"async\" class=\"aligncenter wp-image-21059 size-full\" src=\"https:\/\/agora.xtec.cat\/ies-sabadell\/wp-content\/uploads\/usu405\/2022\/09\/BI-v2.jpg\" alt=\"\" width=\"242\" height=\"231\" \/><\/a><\/p>\n<p><strong>Altres centres p\u00fablics IB de Catalunya:<\/strong><\/p>\n<ul>\n<li><a href=\"https:\/\/www.jvvgirona.eu\/ca\/\" target=\"_blank\" rel=\"noopener\">INS Jaume Vicens Vives (Girona)<\/a>\u00a01998<\/li>\n<li><a href=\"https:\/\/agora.xtec.cat\/iesgabrielferrater\/\" target=\"_blank\" rel=\"noopener\">INS Gabriel\u00a0Ferrater i Soler (Reus)<\/a>\u00a02015<\/li>\n<li><a href=\"https:\/\/www.insjoseplladonosa.cat\/\">INS Josep Lladonosa (Lleida)<\/a>\u00a02015<\/li>\n<li><a href=\"http:\/\/institutbroggi.org\/\" target=\"_blank\" rel=\"noopener\">INS Mois\u00e8s Broggi (Barcelona)<\/a>\u00a02016<\/li>\n<li><a href=\"https:\/\/agora.xtec.cat\/insdertosa\/\" target=\"_blank\" rel=\"noopener\">INS Dertosa (Tortosa)<\/a>\u00a02020<\/li>\n<li><a href=\"https:\/\/agora.xtec.cat\/iesforatdelvent\/\" target=\"_blank\" rel=\"noopener\" data-saferedirecturl=\"https:\/\/www.google.com\/url?q=https:\/\/agora.xtec.cat\/iesforatdelvent\/&amp;source=gmail&amp;ust=1669965221359000&amp;usg=AOvVaw2RyqZ-jHTzAj9xI9L3sWt0\">INS Forat del Vent<\/a>\u00a0(Cerdanyola del Vall\u00e8s)\u00a02020<\/li>\n<li><a href=\"http:\/\/www.alzina.cat\/\" target=\"_blank\" rel=\"noopener\">INS L\u2019Alzina (Barcelona)<\/a>\u00a02021<\/li>\n<li><a href=\"http:\/\/www.institutpedralbes.cat\/\" target=\"_blank\" rel=\"noopener\">INS Pedralbes<\/a>\u00a0(Barcelona) 2021<\/li>\n<li><a href=\"https:\/\/agora.xtec.cat\/iesarnaucadell\/\" target=\"_blank\" rel=\"noopener\">INS Arnau Cadell<\/a> (Sant Cugat del Vall\u00e8s) 2022<\/li>\n<\/ul>\n","protected":false},"excerpt":{"rendered":"<p>Informacions oficials sobre el Batxillerat Internacional del Portal de centres (Departament d&#8217;Educaci\u00f3).<br \/>\nPrograma del Diploma del Batxillerat Internacional:<br \/>\nEn alguns centres de Catalunya, s&#8217;ofereix a l&#8217;alumnat la possibilitat de cursar simult\u00e0niament el Batxillerat ordinari i el Batxillerat Internacional (BI), i eventualment obtenir la doble titulaci\u00f3.El Programa del&hellip;  <a href=\"https:\/\/agora.xtec.cat\/ies-sabadell\/batxillerat-internacional\/\" title=\"Read Batxillerat internacional\">Llegeix m\u00e9s\u00bb<\/a><\/p>\n","protected":false},"author":3,"featured_media":0,"parent":0,"menu_order":0,"comment_status":"closed","ping_status":"closed","template":"","meta":{"_bbp_topic_count":0,"_bbp_reply_count":0,"_bbp_total_topic_count":0,"_bbp_total_reply_count":0,"_bbp_voice_count":0,"_bbp_anonymous_reply_count":0,"_bbp_topic_count_hidden":0,"_bbp_reply_count_hidden":0,"_bbp_forum_subforum_count":0,"footnotes":""},"class_list":["post-20212","page","type-page","status-publish","hentry"],"post_mailing_queue_ids":[],"_links":{"self":[{"href":"https:\/\/agora.xtec.cat\/ies-sabadell\/wp-json\/wp\/v2\/pages\/20212","targetHints":{"allow":["GET"]}}],"collection":[{"href":"https:\/\/agora.xtec.cat\/ies-sabadell\/wp-json\/wp\/v2\/pages"}],"about":[{"href":"https:\/\/agora.xtec.cat\/ies-sabadell\/wp-json\/wp\/v2\/types\/page"}],"author":[{"embeddable":true,"href":"https:\/\/agora.xtec.cat\/ies-sabadell\/wp-json\/wp\/v2\/users\/3"}],"replies":[{"embeddable":true,"href":"https:\/\/agora.xtec.cat\/ies-sabadell\/wp-json\/wp\/v2\/comments?post=20212"}],"version-history":[{"count":8,"href":"https:\/\/agora.xtec.cat\/ies-sabadell\/wp-json\/wp\/v2\/pages\/20212\/revisions"}],"predecessor-version":[{"id":25043,"href":"https:\/\/agora.xtec.cat\/ies-sabadell\/wp-json\/wp\/v2\/pages\/20212\/revisions\/25043"}],"wp:attachment":[{"href":"https:\/\/agora.xtec.cat\/ies-sabadell\/wp-json\/wp\/v2\/media?parent=20212"}],"curies":[{"name":"wp","href":"https:\/\/api.w.org\/{rel}","templated":true}]}}