{"id":18537,"date":"2020-01-22T11:40:07","date_gmt":"2020-01-22T10:40:07","guid":{"rendered":"http:\/\/agora.xtec.cat\/ies-sabadell\/?page_id=18537"},"modified":"2025-11-25T00:45:57","modified_gmt":"2025-11-24T23:45:57","slug":"erasmus-policy-statement","status":"publish","type":"page","link":"https:\/\/agora.xtec.cat\/ies-sabadell\/erasmus-plus\/erasmus-policy-statement\/","title":{"rendered":"Erasmus+ a l&#8217;ESO i Batxillerat"},"content":{"rendered":"<table style=\"border: hidden;\">\n<tbody style=\"border: hidden;\">\n<tr>\n<td style=\"width: 83.5px; border: hidden;\"><a href=\"https:\/\/twitter.com\/inssabadell\" target=\"_blank\" rel=\"noopener noreferrer\"><img loading=\"lazy\" decoding=\"async\" class=\"aligncenter wp-image-18022\" src=\"https:\/\/agora.xtec.cat\/ies-sabadell\/wp-content\/uploads\/usu405\/2025\/05\/x-removebg-preview.png\" alt=\"\" width=\"45\" height=\"45\" \/><\/a><\/td>\n<td style=\"width: 83.5px; border: medium hidden; text-align: center;\"><a href=\"https:\/\/www.instagram.com\/institutsabadell.fp\/\" target=\"_blank\" rel=\"noopener noreferrer\"><img loading=\"lazy\" decoding=\"async\" class=\"alignleft wp-image-18023\" src=\"https:\/\/agora.xtec.cat\/ies-sabadell\/wp-content\/uploads\/usu405\/2025\/05\/ig-removebg-preview.png\" alt=\"\" width=\"50\" height=\"50\" \/><\/a><\/td>\n<td style=\"width: 237.5px; border: medium hidden; text-align: center;\"><img loading=\"lazy\" decoding=\"async\" class=\"wp-image-18024 alignright\" src=\"https:\/\/agora.xtec.cat\/ies-sabadell\/wp-content\/uploads\/usu405\/2025\/05\/EN-Co-funded-by-the-EU_POS-1-scaled.jpg\" alt=\"\" width=\"204\" height=\"48\" \/><\/td>\n<td style=\"width: 191.5px; border: medium hidden; text-align: center;\"><img loading=\"lazy\" decoding=\"async\" class=\"wp-image-18025\" src=\"https:\/\/agora.xtec.cat\/ies-sabadell\/wp-content\/uploads\/usu405\/2019\/11\/logo1.png\" alt=\"\" width=\"172\" height=\"64\" srcset=\"https:\/\/agora.xtec.cat\/ies-sabadell\/wp-content\/uploads\/usu405\/2019\/11\/logo1.png 681w, https:\/\/agora.xtec.cat\/ies-sabadell\/wp-content\/uploads\/usu405\/2019\/11\/logo1-300x111.png 300w\" sizes=\"auto, (max-width: 172px) 100vw, 172px\" \/><\/td>\n<\/tr>\n<\/tbody>\n<\/table>\n<link rel=\"stylesheet\" href=\"https:\/\/cdn.jsdelivr.net\/npm\/bootstrap-icons@1.11.3\/font\/bootstrap-icons.min.css\">\n<style>\n.services-box\n{\n    display: flex;\n  justify-content: center;\n  align-items: center;\nflex-wrap: wrap;\n}\n.service\n{\nmargin: 8px\n}\n.page__wrapper {\n\tdisplay: flex;\n\tjustify-content: center;\n\talign-items: center;\n\tflex-direction: column;\n}\n.flip-box {\n  background-color: transparent;\n  width: 300px;\n  height: 200px;\n  border-radius: 10px;\n  perspective: 1000px;\n}\n.flip-box-inner {\n  position: relative;\n  width: 100%;\n  height: 100%;\n  text-align: center;\n  transition: transform 0.5s ease-in-out;\n  transform-style: preserve-3d;<\/p>\n<p>  display: flex;\n  justify-content: center;\n  align-items: center;\n}\n.flip-box:hover .flip-box-inner {\n  transform: rotateX(180deg);\n}\n.flip-box-front, .flip-box-back {\n  position: absolute;\n  width: 100%;\n  height: 100%;\n  -webkit-backface-visibility: hidden;\n  backface-visibility: hidden;\n  display: flex;\n  justify-content: center;\n  align-items: center;\n  flex-direction: row;\n}\n.flip-box-front {\n  background-color: #fff;\n  color: black;\n  border-radius: 10px;\n}\n.flip-box-front img\n{\n padding-right: 5%; \n width: 100px; \n height: auto;\n}\n.flip-box-front h2 {\n  font-size: 1rem;\n  padding: 0 10px;\n  text-align: center;\n}\n.flip-box-back {\n  background-color: lightblue;\n  color: white;\n  transform: rotateX(180deg);\n  border-radius: 10px;\n  padding: 5px;\n}\n.flip-box-back div {\n  padding: 10px;\n  max-width: 90%;\n  text-align: center;\n}\n.card {\n  padding: 1rem;\n}\n.cards {\n  max-width: 1200px;\n  margin: 0 auto;\n  display: grid;\n  grid-gap: 1rem;\n}\n@media (min-width: 600px) {\n  .cards { grid-template-columns: repeat(2, 1fr); }\n}\n@media (max-width: 600px) {\n  .flip-box {\n    width: 90%;\n    height: auto;\n  }\n  .flip-box-front, .flip-box-back {\n    flex-direction: column;\n  }\n}\ni {\npadding-right: 5%;\n}\n.card ul { \nmargin-top: 3%;\nlist-style-type: \"\u2714\ufe0f\"; \ntext-indent: 0.5em;\n}\n.flip-box-back ul\n{\nlist-style: none;\ntext-indent: -1em;\n}\n.dual ul {\nmargin-bottom: 0;\n}\n.dual {\n\t\tbackground-color: #0eb1ff;\n\t\tcolor: #fff;\n\t\tborder-radius: 5px;\n\t\tfont-size: 100%;\n\t\tpadding: 5px;\n\t}\n.duald{\nbackground-color: #087eb6;\ngrid-column: 2;\nfloat:right;\ndisplay: grid;\ngrid-template-columns: 1fr 1fr;\n    grid-gap: 5px;\n}\n\t.duale {\n\t\tgrid-column: 1 \/ 3;\n\t\tgrid-row: 1;\n  justify-content: center;\n  align-items: center;\n  display: flex;\n\t}\n\t.dualf {\n\t\tgrid-column: 1;\n\t\tgrid-row: 2;\n  justify-content: center;\n  align-items: center;\n  display: flex;\n\t}\n\t.dualg {\n\t\tgrid-column: 2;\n\t\tgrid-row: 2;\n  justify-content: center;\n  align-items: center;\n  display: flex;\n\t}\n\t.dualh {\n\t\tgrid-column: 1;\n\t\tgrid-row: 4;\n  justify-content: center;\n  align-items: center;\n  display: flex;\n\t}\n\t.duali {\n\t\tgrid-column: 2;\n\t\tgrid-row: 4;\n  justify-content: center;\n  align-items: center;\n  display: flex;\n\t}\n\t.dualj {\n\t\tgrid-column: 1 \/3;\n\t\tgrid-row: 3;\n  justify-content: center;\n  align-items: center;\n  display: flex;\n\t}\n.capcalera{\n\t\tdisplay:grid;\n\t}\n.textpres{\n\t\tdisplay:grid;\n\t\tgrid-column: 1;\n\t}\n.page__wrapper {\n\tdisplay: flex;\n\tjustify-content: center;\n\talign-items: center;\n\tflex-direction: column;\n}\n.heading {\n\tcolor: black;\n\tletter-spacing: 5px;\n\tfont-size: 2.6em;\n\tmargin-bottom: 30px;\n\tpadding: 0px 15px;\n}\n.accordion {\n\tmax-width: 500px;\n\twidth: calc(100% - 20px);\n}\ndetails {\n\tbackground-color: #087eb6;\n\tmargin-bottom: 10px;\n\tfilter: drop-shadow(5px 5px 0px #0A0A0A);\n}\ndetails:hover {\n\tfilter: drop-shadow(5px 5px 4px #0A0A0A);\n}\ndetails > summary {\n\tcolor: white;\n\tpadding: 5px 10px;\n\tfont-size: 1.3em;\n\tcursor: pointer;\n\tcontent: \"\u2193\";\n}\ndetails > summary::before {\n\tcontent: \"\u25ba  \";\n}\ndetails[open] summary:before {\n\tcontent: \"\u25bc  \";\n}\ndetails > p {\n\tpadding: 5px 10px 10px 20px;\n\tcolor: #ddd;\n\tfont-size: 1.1em;\n}\n.boto-acceptacio {\n      background-color: #00ffff;\n      color: white;\n      padding: 5px 40px;\n      font-weight: bold;\n      font-family: Arial, sans-serif;\n      font-size: 18px;\n      text-transform: uppercase;\n      text-decoration: none;\n      display: inline-block;\n      border: none;\n      cursor: pointer;\n    }\n<\/style>\n<h2><i class=\"bi bi bi-bullseye\" style=\"font-size: 30px; color: lightblue;\"><\/i>Introducci\u00f3<\/h2>\n<div class=\"textpres\">\n<p align=\"justify\">L\u2019Institut Sabadell \u00e9s un centre p\u00fablic amb una llarga traject\u00f2ria, que imparteix ESO i postobligat\u00f2ria amb un fort comprom\u00eds amb la innovaci\u00f3, la inclusi\u00f3 i la formaci\u00f3 integral. Apostem per valors com la conviv\u00e8ncia, el comprom\u00eds social i l\u2019obertura al m\u00f3n. La participaci\u00f3 en el programa Erasmus+ ens permet refor\u00e7ar la dimensi\u00f3 europea del centre, oferint oportunitats internacionals a professorat i alumnat i establint col\u00b7laboracions amb altres institucions educatives d\u2019Europa.<\/p>\n<p align=\"justify\" style=\"color: #0057B7;\">Institut Sabadell is a public school with a long tradition, offering lower and upper secondary education (students aged 12\u201318). Our school has a strong commitment to innovation, inclusion, and comprehensive student development. We promote values such as coexistence, social responsibility, and openness to the world. Participation in the Erasmus+ programme strengthens the European dimension of our school, providing international opportunities for teachers and students and fostering collaborations with other educational institutions across Europe.<\/p>\n<\/div>\n<h2><i class=\"bi bi bi-bullseye\" style=\"font-size: 30px; color: lightblue;\"><\/i>Acreditaci\u00f3 Erasmus+ KA121<\/h2>\n<div class=\"textpres\">\n<p align=\"justify\">La nostra instituci\u00f3 va obtenir l\u2019acreditaci\u00f3 Erasmus+ en educaci\u00f3 escolar KA121 (codi 2021-1-ES01-KA120-SCH-000043582), que garanteix finan\u00e7ament estable fins al 31 de desembre de 2027 per desenvolupar el projecte europeu de centre anomenat Moebius.<\/p>\n<p align=\"justify\" style=\"color: #0057B7;\">Our institution obtained the Erasmus+ accreditation in school education KA121 (code 2021-1-ES01-KA120-SCH-000043582), which guarantees stable funding until 31 December 2027 to develop the school\u2019s European project called Moebius.<\/p>\n<\/div>\n<p><a href=\"https:\/\/drive.google.com\/file\/d\/1oGkMumlkoi0X-cZeGPewDhMEa8UZYktO\/view?usp=sharing\"><img loading=\"lazy\" decoding=\"async\" src=\"https:\/\/agora.xtec.cat\/ies-sabadell\/wp-content\/uploads\/usu405\/2025\/11\/3diploma-1-300x212.png\" alt=\"\" width=\"300\" height=\"212\" class=\"aligncenter size-medium wp-image-24877\" srcset=\"https:\/\/agora.xtec.cat\/ies-sabadell\/wp-content\/uploads\/usu405\/2025\/11\/3diploma-1-300x212.png 300w, https:\/\/agora.xtec.cat\/ies-sabadell\/wp-content\/uploads\/usu405\/2025\/11\/3diploma-1-1024x724.png 1024w, https:\/\/agora.xtec.cat\/ies-sabadell\/wp-content\/uploads\/usu405\/2025\/11\/3diploma-1-768x543.png 768w, https:\/\/agora.xtec.cat\/ies-sabadell\/wp-content\/uploads\/usu405\/2025\/11\/3diploma-1-1536x1086.png 1536w, https:\/\/agora.xtec.cat\/ies-sabadell\/wp-content\/uploads\/usu405\/2025\/11\/3diploma-1-2048x1448.png 2048w\" sizes=\"auto, (max-width: 300px) 100vw, 300px\" \/><\/a><\/p>\n<div class=\"card\">\n<p align=\"justify\">Els objectius estrat\u00e8gics del projecte Erasmus+ de l\u2019Institut Sabadell s\u00f3n:<\/p>\n<ul>\n<li>Millorar la compet\u00e8ncia en angl\u00e8s del professorat, per afavorir la seva participaci\u00f3 en projectes internacionals i l\u2019\u00fas d\u2019aquesta llengua a les aules.<\/li>\n<li>Incorporar estrat\u00e8gies per prevenir situacions de risc i exclusi\u00f3, potenciant la intel\u00b7lig\u00e8ncia emocional i l\u2019autoconfian\u00e7a de l\u2019alumnat.<\/li>\n<li>Transferir bones pr\u00e0ctiques pedag\u00f2giques testades en altres centres europeus.<\/li>\n<li>Fomentar la cooperaci\u00f3 internacional, treballant amb equips d\u2019altres idiomes, cultures i models educatius.<\/li>\n<\/ul>\n<p align=\"justify\">Aquests objectius s\u2019alineen amb el nostre Projecte Educatiu, especialment en els \u00e0mbits de la innovaci\u00f3 metodol\u00f2gica, la inclusi\u00f3, la transformaci\u00f3 digital i els valors del programa Erasmus+.<\/p>\n<div class=\"card\">\n<p align=\"justify\" style=\"color: #0057B7;\">The strategic objectives of Institut Sabadell\u2019s Erasmus+ project are:<\/p>\n<ul>\n<li style=\"color: #0057B7;\">Improve teachers\u2019 English proficiency, to enhance their participation in international projects and the use of English in the classroom.<\/li>\n<li style=\"color: #0057B7;\">Introduce strategies to prevent situations of risk and exclusion, fostering students\u2019 emotional intelligence and self-confidence.<\/li>\n<li style=\"color: #0057B7;\">Adopt and transfer the best pedagogical practices tested in other European schools.<\/li>\n<li style=\"color: #0057B7;\">Promote international cooperation, working with teams from different languages, cultures, and educational systems.<\/li>\n<\/ul>\n<p align=\"justify\" style=\"color: #0057B7;\">These objectives are aligned with our School Educational Project, particularly in the areas of methodological innovation, inclusion, digital transformation, and the core values of the Erasmus+ programme.<\/p>\n<div class=\"card\">\n<p align=\"justify\">Consulta amb m\u00e9s detall les activitats desenvolupades visitant el nostre blog.<\/p>\n<p align=\"justify\" style=\"color: #0057B7;\">For more detailed information about the activities, please visit our blog.<\/p>\n<p><a class=\"boto-acceptacio\" href=\"https:\/\/sites.google.com\/ies-sabadell.cat\/projectemoebius\/home\">Blog en catal\u00e0<\/a><\/p>\n<p><a class=\"boto-acceptacio\" href=\"https:\/\/sites.google.com\/ies-sabadell.cat\/projectemoebiusen\/home\">Blog in english<\/a><\/p>\n<p align=\"justify\">Tamb\u00e9 pots consultar els articles web sobre les nostres activitats fent clic <a href=\"https:\/\/agora.xtec.cat\/ies-sabadell\/tag\/erasmus\/\" target=\"_blank\">aqu\u00ed<\/a>.<\/p>\n<p align=\"justify\" style=\"color: #0057B7;\">You can also browse the web articles about our activities by clicking <a href=\"https:\/\/agora.xtec.cat\/ies-sabadell\/tag\/erasmus\/\" target=\"_blank\">here<\/a>.<\/p>\n<h2><i class=\"bi bi bi-bullseye\" style=\"font-size: 30px; color: lightblue;\"><\/i>Activitats de mobilitat desenvolupades 2021-2027<\/h2>\n<p><strong>Curs 2023-2024 &#8211; Projecte 2023-1-ES01-KA121-SCH-000122479<\/strong><\/p>\n<ul>\n<li><strong>Jobshadowings<\/strong>\n<ul>\n<li>Jobshadowing a Evangeliki Model High School (Atenes, Gr\u00e8cia): mobilitat en angl\u00e8s, TIC i projectes d&#8217;intercanvi (abril del 2024).<\/li>\n<li>Jobshadowing al Carl Friedrich von Weizs\u00e4cker-Gymnasium (Ratingen, Alemanya): rob\u00f2tica, STEAM, conviv\u00e8ncia, mem\u00f2ria hist\u00f2rica, innovaci\u00f3 educativa (febrer del 2024).<\/li>\n<\/ul>\n<\/li>\n<li><strong>Formaci\u00f3 per al professorat \/ Teacher Training<\/strong>\n<ul>\n<li>Curs a Berl\u00edn sobre metodologies del segle XXI (juliol del 2024).<\/li>\n<li>Curs sobre salut mental (juliol del 2024).<\/li>\n<\/ul>\n<\/li>\n<li><strong>Acollida de professorat \/ Partner Hosting<\/strong>\n<ul>\n<li>Professorat de Fran\u00e7a (maig del 2024)<\/li>\n<li>SU \u201cIvan Vazov\u201d de Bulg\u00e0ria (mar\u00e7 del 2024)<\/li>\n<li>Evangeliki Model High School de Gr\u00e8cia (gener del 2025)<\/li>\n<\/ul>\n<\/li>\n<\/ul>\n<p><strong>Curs 2024-2025 &#8211; Projecte 2024-1-ES01-KA121-SCH-000199741<\/strong><\/p>\n<ul>\n<li><strong>1 mobilitat bidireccional de 12 alumnes de 2n i 3r d\u2019ESO \/ Group Mobility of 12 students aged 13-15.<\/strong>\n<ul>\n<li>Projecte al Carl Friedrich von Weizs\u00e4cker-Gymnasium (Ratingen, Alemanya)<\/li>\n<li>Jobshadowing al Carl Friedrich von Weizs\u00e4cker-Gymnasium (Ratingen, Alemanya): rob\u00f2tica, STEAM, conviv\u00e8ncia, mem\u00f2ria hist\u00f2rica, innovaci\u00f3 educativa (febrer del 2024).<\/li>\n<\/ul>\n<\/li>\n<li><strong>Formaci\u00f3 per al professorat \/ Teacher Training<\/strong>\n<ul>\n<li style=\"color: #0057B7;\">Preventing Early School Leaving: Strategies and Tools for Teachers (Dubl\u00edn, Irlanda)<\/li>\n<li style=\"color: #0057B7;\">Stress Management Trough Mindfulness, Yoga &amp; Meditation (Oporto, Portugal)<\/li>\n<li style=\"color: #0057B7;\">Conflict Management, Emotional Intelligence and Bullying Prevention (Berl\u00edn, Alemanya)<\/li>\n<li style=\"color: #0057B7;\">Cultivating Diversity and Inclusion (Helsinki, Finlandia)<\/li>\n<li style=\"color: #0057B7;\">Curs sobre salut mental (juliol del 2024).<\/li>\n<\/ul>\n<\/li>\n<li style=\"color: #0057B7;\"><strong>Jobshadowing<\/strong><\/li>\n<li><strong>Acollida de professorat \/ Partner Hosting<\/strong>\n<ul>\n<li>Acollida de professorat de l\u2019Evangeliki Model High School (Atenes, Gr\u00e8cia)<\/li>\n<\/ul>\n<\/li>\n<\/ul>\n<p><strong>2025-2026 &#8211; Projecte 2025-1-ES01-KA121-SCH-000320106<\/strong><\/p>\n<ul>\n<li><strong>Mobilitat en grup d\u2019alumnes \/ Group Mobility of Students<\/strong><\/li>\n<li><strong>Formaci\u00f3 per al professorat \/ Teacher Training<\/strong><\/li>\n<li style=\"color: #0057B7;\"><strong>Jobshadowing<\/strong><\/li>\n<li><strong>Acollida de professorat \/ Partner Hosting<\/strong><\/li>\n<\/ul>\n<p>&nbsp;<\/p>\n<\/div>\n<\/div>\n<\/div>\n<\/div>\n<\/div>\n","protected":false},"excerpt":{"rendered":"<p><a href=\"https:\/\/twitter.com\/inssabadell\" target=\"_blank\" rel=\"noopener noreferrer\"><\/a><br \/>\n<a href=\"https:\/\/www.instagram.com\/institutsabadell.fp\/\" target=\"_blank\" rel=\"noopener noreferrer\"><\/a><\/p>\n<p>.services-box<br \/>\n{<br \/>\n    display: flex;<br \/>\n  justify-content: center;<br \/>\n  align-items: center;<br \/>\nflex-wrap: wrap;<br \/>\n}<br \/>\n.service<br \/>\n{<br \/>\nmargin: 8px<br \/>\n}<br \/>\n.page__wrapper {<br \/>\n\tdisplay: flex;<br \/>\n\tjustify-content: center;<br \/>\n\talign-items: center;<br \/>\n\tflex-direction: column;<br \/>\n}<br \/>\n.flip-box {<br \/>\n  background-color: transparent;<br \/>\n  width: 300px;<br \/>\n  height: 200px;<br \/>\n  border-radius: 10px;<br \/>\n  perspective: 1000px;<br \/>\n}<br \/>\n.flip-box-inner {<br \/>\n &hellip;  <a href=\"https:\/\/agora.xtec.cat\/ies-sabadell\/erasmus-plus\/erasmus-policy-statement\/\" title=\"Read Erasmus+ a l&#8217;ESO i Batxillerat\">Llegeix m\u00e9s\u00bb<\/a><\/p>\n","protected":false},"author":3,"featured_media":0,"parent":15018,"menu_order":0,"comment_status":"closed","ping_status":"closed","template":"","meta":{"_bbp_topic_count":0,"_bbp_reply_count":0,"_bbp_total_topic_count":0,"_bbp_total_reply_count":0,"_bbp_voice_count":0,"_bbp_anonymous_reply_count":0,"_bbp_topic_count_hidden":0,"_bbp_reply_count_hidden":0,"_bbp_forum_subforum_count":0,"footnotes":""},"class_list":["post-18537","page","type-page","status-publish","hentry"],"post_mailing_queue_ids":[],"_links":{"self":[{"href":"https:\/\/agora.xtec.cat\/ies-sabadell\/wp-json\/wp\/v2\/pages\/18537","targetHints":{"allow":["GET"]}}],"collection":[{"href":"https:\/\/agora.xtec.cat\/ies-sabadell\/wp-json\/wp\/v2\/pages"}],"about":[{"href":"https:\/\/agora.xtec.cat\/ies-sabadell\/wp-json\/wp\/v2\/types\/page"}],"author":[{"embeddable":true,"href":"https:\/\/agora.xtec.cat\/ies-sabadell\/wp-json\/wp\/v2\/users\/3"}],"replies":[{"embeddable":true,"href":"https:\/\/agora.xtec.cat\/ies-sabadell\/wp-json\/wp\/v2\/comments?post=18537"}],"version-history":[{"count":8,"href":"https:\/\/agora.xtec.cat\/ies-sabadell\/wp-json\/wp\/v2\/pages\/18537\/revisions"}],"predecessor-version":[{"id":24879,"href":"https:\/\/agora.xtec.cat\/ies-sabadell\/wp-json\/wp\/v2\/pages\/18537\/revisions\/24879"}],"up":[{"embeddable":true,"href":"https:\/\/agora.xtec.cat\/ies-sabadell\/wp-json\/wp\/v2\/pages\/15018"}],"wp:attachment":[{"href":"https:\/\/agora.xtec.cat\/ies-sabadell\/wp-json\/wp\/v2\/media?parent=18537"}],"curies":[{"name":"wp","href":"https:\/\/api.w.org\/{rel}","templated":true}]}}