{"id":18210,"date":"2019-12-02T18:12:11","date_gmt":"2019-12-02T17:12:11","guid":{"rendered":"http:\/\/agora.xtec.cat\/ies-sabadell\/?page_id=18210"},"modified":"2026-03-31T12:52:29","modified_gmt":"2026-03-31T10:52:29","slug":"gestio-i-organitzacio-del-centre","status":"publish","type":"page","link":"https:\/\/agora.xtec.cat\/ies-sabadell\/linstitut\/gestio-i-organitzacio-del-centre\/","title":{"rendered":"Gesti\u00f3 i organitzaci\u00f3 del centre"},"content":{"rendered":"<p><span style=\"text-decoration: underline;\"><strong><span style=\"color: #0000ff; text-decoration: underline;\">EQUIP DIRECTIU<\/span><br \/>\n<\/strong><\/span><\/p>\n<ul>\n<li>Directora: <a href=\"https:\/\/drive.google.com\/file\/d\/1pKyUNHdEsk1kSZCNigHtj6L3iPU6Oqs0\/view?usp=sharing\">Merc\u00e8 Ma. Jover<\/a><\/li>\n<li>Cap d&#8217;estudis (ESO i Batxillerat):<a href=\"https:\/\/drive.google.com\/file\/d\/1fq7Z7ie-nZy_mNybbF5zvVXadVhZNg81\/view?usp=sharing\"> Raquel L\u00f3pez<\/a><\/li>\n<li>Direcci\u00f3 i Cap Estudis FP: <a href=\"https:\/\/drive.google.com\/file\/d\/1PLc7zLJajqnlkzFM9ENnwkrTqT7iFvmG\/view?usp=sharing\">Marc Albareda<\/a><\/li>\n<li>Secretari: Urbano Iglesias<\/li>\n<li>Coordinadora pedag\u00f2gica: <a href=\"https:\/\/drive.google.com\/file\/d\/16bc0vWVTVz6iun4IkVgoJFF4XcttkcxE\/view?usp=sharing\">Eva Bernat<\/a><\/li>\n<\/ul>\n<hr \/>\n<p><span style=\"text-decoration: underline;\"><strong><span style=\"color: #0000ff; text-decoration: underline;\">CONSELL ESCOLAR <\/span><\/strong><\/span><\/p>\n<p>Constitu\u00eft al desembre de 2025:<\/p>\n<table>\n<tbody>\n<tr>\n<td><b>Sector<\/b><\/td>\n<td><b>Nom<\/b><\/td>\n<td><b>Data presa posici\u00f3<\/b><\/td>\n<td><b>Data presa posici\u00f3<\/b><\/td>\n<td><b>Data finalitzaci\u00f3<\/b><\/td>\n<\/tr>\n<tr>\n<td>Pla\u00e7a 1<\/td>\n<td>Ajuntament<\/td>\n<td>Olga L\u00f3pez<\/td>\n<td>2023<\/td>\n<td>Membre designat<\/td>\n<\/tr>\n<tr>\n<td>Pla\u00e7a 2<\/td>\n<td>Directora<\/td>\n<td>Merc\u00e8 Jover<\/td>\n<td>2020<\/td>\n<td>Presidenta CE<\/td>\n<\/tr>\n<tr>\n<td>Pla\u00e7a 3<\/td>\n<td>Secretari<\/td>\n<td>Urbano Iglesias<\/td>\n<td>2023<\/td>\n<td>Secretari CE<\/td>\n<\/tr>\n<tr>\n<td>Pla\u00e7a 4<\/td>\n<td>Cap d\u2019estudis<\/td>\n<td>Raquel l\u00f3pez<\/td>\n<td>2025<\/td>\n<td>Equip directiu<\/td>\n<\/tr>\n<tr>\n<td>Pla\u00e7a 5<\/td>\n<td>PAS<\/td>\n<td>Yeray Ternero<\/td>\n<td>2025<\/td>\n<td>2029<\/td>\n<\/tr>\n<tr>\n<td>Pla\u00e7a 6<\/td>\n<td>Professor 1<\/td>\n<td>Bernat Olid<\/td>\n<td>2025<\/td>\n<td>2029<\/td>\n<\/tr>\n<tr>\n<td>Pla\u00e7a 7<\/td>\n<td>Professor 2<\/td>\n<td>Sandra C\u00e1ceres<\/td>\n<td>2023<\/td>\n<td><strong>2027<\/strong><\/td>\n<\/tr>\n<tr>\n<td>Pla\u00e7a 8<\/td>\n<td>Professor 3<\/td>\n<td>Gemma Cols<\/td>\n<td>2025<\/td>\n<td>2029<\/td>\n<\/tr>\n<tr>\n<td>Pla\u00e7a 9<\/td>\n<td>Professor 4<\/td>\n<td>M\u00f2nica Rosin\u00e9s<\/td>\n<td>2025<\/td>\n<td>2029<\/td>\n<\/tr>\n<tr>\n<td>Pla\u00e7a 10<\/td>\n<td>Professor 5<\/td>\n<td>Juan Carlos Sebasti\u00e1n<\/td>\n<td>2025<\/td>\n<td>2029<\/td>\n<\/tr>\n<tr>\n<td>Pla\u00e7a 11<\/td>\n<td>Professor 6<\/td>\n<td>Guillem Mogas<\/td>\n<td>2023<\/td>\n<td><strong>2027<\/strong><\/td>\n<\/tr>\n<tr>\n<td>Pla\u00e7a 12<\/td>\n<td>Professor 7<\/td>\n<td>Eloi V\u00e1zquez<\/td>\n<td>2025<\/td>\n<td>2029<\/td>\n<\/tr>\n<tr>\n<td>Pla\u00e7a 13<\/td>\n<td>Professor 8<\/td>\n<td>Oriol Torres<\/td>\n<td>2025<\/td>\n<td>2029<\/td>\n<\/tr>\n<tr>\n<td>Pla\u00e7a 14<\/td>\n<td>Pares 1:\u00a0 <strong>R. AMPA<\/strong><\/td>\n<td>Maria Teresa Fern\u00e1ndez<\/td>\n<td>2025<\/td>\n<td>Membre designat<\/td>\n<\/tr>\n<tr>\n<td>Pla\u00e7a 15<\/td>\n<td>Pares 2<\/td>\n<td>Alba Urbano<\/td>\n<td>2023<\/td>\n<td><strong>2027<\/strong><\/td>\n<\/tr>\n<tr>\n<td>Pla\u00e7a 16<\/td>\n<td>Pares 3<\/td>\n<td>N\u00faria Coflent<\/td>\n<td>2023<\/td>\n<td><strong>2027<\/strong><\/td>\n<\/tr>\n<tr>\n<td>Pla\u00e7a 17<\/td>\n<td>Pares 4<\/td>\n<td>Encarnaci\u00f3n Mu\u00f1oz<\/td>\n<td>2025<\/td>\n<td>2029<\/td>\n<\/tr>\n<tr>\n<td>Pla\u00e7a 18<\/td>\n<td>Pares 5<\/td>\n<td>Cristina Mazarico<\/td>\n<td>2025<\/td>\n<td>2029<\/td>\n<\/tr>\n<tr>\n<td>Pla\u00e7a 19<\/td>\n<td>Alumne 1<\/td>\n<td>Avjit Singh (ESO)<\/td>\n<td>2025<\/td>\n<td>2029<\/td>\n<\/tr>\n<tr>\n<td>Pla\u00e7a20<\/td>\n<td>Alumne 2<\/td>\n<td>Fortune C. David (ESO)<\/td>\n<td>2025<\/td>\n<td>2029<\/td>\n<\/tr>\n<tr>\n<td>Pla\u00e7a 21<\/td>\n<td>Alumne 3<\/td>\n<td>Iv\u00e1n Cecilia (FP)<\/td>\n<td>2025<\/td>\n<td>2029<\/td>\n<\/tr>\n<tr>\n<td>Pla\u00e7a 22<\/td>\n<td>Alumne 4<\/td>\n<td>Mar Mart\u00ednez (ESO)<\/td>\n<td>2025<\/td>\n<td>2029<\/td>\n<\/tr>\n<tr>\n<td>Pla\u00e7a 23<\/td>\n<td>Alumne 5<\/td>\n<td>Edurne Ram\u00edrez (FP)<\/td>\n<td>2025<\/td>\n<td>2029<\/td>\n<\/tr>\n<\/tbody>\n<\/table>\n<p><a href=\"https:\/\/drive.google.com\/drive\/folders\/1V_lHrcKg73iq9LK54fgqUTULLeRAPL7Q?usp=sharing\">Acords del Consell Escolar: Curs 2019-20<\/a><strong><br \/>\n<\/strong><\/p>\n<p>Acords del Consell Escolar: Curs 2025-26: <a href=\"https:\/\/drive.google.com\/file\/d\/1Z9H6vW8oRNZhxos9OHJzBZkAb200ugmc\/view?usp=sharing\">Acords CE 25\/02\/2026<\/a><\/p>\n<p>&nbsp;<\/p>\n<hr \/>\n<p><span style=\"text-decoration: underline; color: #0000ff;\"><strong>AMPA DE L&#8217;INSTITUT SABADELL 2025-26<\/strong><\/span><\/p>\n<ul>\n<li>Eva Fern\u00e1ndez (Presidenta)<\/li>\n<li>Nuria Estrada (Vice-Presidenta)<\/li>\n<li>Emi Cerezo (Secret\u00e0ria)<\/li>\n<li>Ana de Pedro (Tresorera)<\/li>\n<li>Mariceli Busto (Tresorera)<\/li>\n<li>Raquel Gil (Vocal)<\/li>\n<li>Alba Urbano (Vocal)<\/li>\n<li>Sandra Faci (Vocal)<\/li>\n<\/ul>\n<p style=\"text-align: justify;\">Quota anual dels socis de l&#8217;AMPA: 12 \u20ac<\/p>\n<p style=\"text-align: justify;\"><a href=\"https:\/\/agora.xtec.cat\/ies-sabadell\/ampa\/\">Espai web de l&#8217;AMPA de l&#8217;Institut Sabadell.<\/a><\/p>\n<hr \/>\n<p style=\"text-align: justify;\"><span style=\"text-decoration: underline;\"><strong><span style=\"color: #0000ff; text-decoration: underline;\">INFORMACI\u00d3 ECON\u00d2MICA<\/span><br \/>\n<\/strong><\/span><\/p>\n<ul>\n<li style=\"text-align: justify;\"><span id=\"m_-7428662047033638925m_-6248076582711383926gmail-docs-internal-guid-7a9ab35a-7fff-438d-eb3d-a3d34462c02c\">Els imports que ha acordat el Consell Escolar sobre les aportacions volunt\u00e0ries de les fam\u00edlies per material escolar s\u00f3n de 65 \u20ac. <\/span><\/li>\n<li style=\"text-align: justify;\"><span id=\"m_-7428662047033638925m_-6248076582711383926gmail-docs-internal-guid-7a9ab35a-7fff-438d-eb3d-a3d34462c02c\">La quota de l&#8217;Ampa \u00e9s de 12 \u20ac.<\/span><\/li>\n<li><a href=\"https:\/\/drive.google.com\/file\/d\/1UK9EWzDZlL8q-AC828QcJrDU0Ypd0H3s\/view?usp=sharing\">Certificat de preus p\u00fablics a la FP curs 25-26<\/a><\/li>\n<\/ul>\n<p>&nbsp;<\/p>\n<hr \/>\n<p style=\"text-align: justify;\"><span style=\"color: #0000ff;\"><strong><span style=\"text-decoration: underline;\">CALENDARI ESCOLAR: dies festius i vacances escolars 2025-26<\/span><\/strong><\/span><\/p>\n<ul>\n<li><a href=\"https:\/\/web.sabadell.cat\/images\/CEM_Calendari_2025_2026_CENTRES_EDUCATIUS_NO_UNIVERSATARIS_amb_logo.pdf\">Enlla\u00e7 al Calendari del Consell escolar Municipal de Sabadell 2025-26<\/a><\/li>\n<li><b>8 de setembre de 2025<\/b>: Festa local a Sabadell<\/li>\n<li>9 de setembre de 2025: inici de les classes a L\u2019ESO,<\/li>\n<li><strong>12 de setembre de 2025<\/strong>, inici de les classes per al Batxillerat Lomloe, batxillerat internacional, PFI, CFGM, CFGS i els cursos d&#8217;especialitzaci\u00f3 d&#8217;FP.<\/li>\n<li><b>Del 20 de desembre de 2025 al 7 de gener de 2026, amd\u00f3s inclosos<\/b>: vacances de Nadal<\/li>\n<li aria-level=\"1\"><b>Del 28 de mar\u00e7 al 7 d&#8217;abril de 2026, ambd\u00f3s inclosos<\/b>: vacances de Setmana Santa<\/li>\n<li aria-level=\"1\"><b>19 de juny de 2026<\/b>: Acaben les classes a l&#8217;ESO i batxillerat. Les classes d\u2019FP\u00a0 acaben d&#8217;acord amb la seva programaci\u00f3 acad\u00e8mica.<\/li>\n<\/ul>\n<p>&nbsp;<\/p>\n<p><span style=\"color: #0000ff;\"><b>DIES DE LLIURE DISPOSICI\u00d3 (4 DIES) 2025-2026<\/b><\/span><\/p>\n<p>El <a href=\"https:\/\/web.sabadell.cat\/images\/CEM_Calendari_2025_2026_CENTRES_EDUCATIUS_NO_UNIVERSATARIS_amb_logo.pdf\">Consell Escolar Municipal<\/a> va acordar els seg\u00fcents dies de lliure disposici\u00f3, aprovats pel Claustre i Consell Escolar:<\/p>\n<ul>\n<li aria-level=\"1\">El 3 de novembre de 2025<\/li>\n<li aria-level=\"1\">16 de febrer de 2026<\/li>\n<li aria-level=\"1\">13 de mar\u00e7 de 2026<\/li>\n<li aria-level=\"1\">30 d&#8217;abril de 2026<\/li>\n<\/ul>\n<p><span style=\"color: #3366ff;\"><strong>Festes locals 2025-2026<\/strong><\/span><\/p>\n<ul>\n<li aria-level=\"1\">Festes locals: 8<b>\u00a0de setembre de 2025 <\/b>(Festa major)<b>, 11 de maig de 2026 <\/b>(Aplec de la Salut)<\/li>\n<\/ul>\n<p><span style=\"color: #3366ff;\"><strong>Celebracions a l&#8217;ESO, Batxillerats i FP:<\/strong><\/span><\/p>\n<ul>\n<li>Festa de Nadal (19 de desembre de 2025)<\/li>\n<li>Carnestoltes (13 de febrer de 2026)<\/li>\n<li>Dia de la ci\u00e8ncia i Fira d&#8217;experiments (2n trimestre)<\/li>\n<li>Sant Jordi (23 d&#8217;abril)<\/li>\n<li>Festes de comiat de 4t ESO, 2n BATX, PFI, CFGM i CFGS (mes de juny)<\/li>\n<\/ul>\n<hr \/>\n<p style=\"text-align: justify;\"><span style=\"text-decoration: underline; color: #0000ff;\"><strong>CONVENIS SUBSCRITS PER L&#8217;INSTITUT SABADELL. CURS 2025-2026<\/strong><\/span><\/p>\n<ul>\n<li>Associaci\u00f3 juvenil Esquitx. Organitzaci\u00f3 d&#8217;un casal d&#8217;estiu a l&#8217;institut durant el mes de juliol.<\/li>\n<li>Associaci\u00f3 juvenil Esquitx. Cessi\u00f3 dels patis exteriors per als joves del menjador social (el menjador es fa al Centre C\u00edvic) del Casal del migdia: activitats de lleure i suport a l&#8217;estudi als migdies i tardes de dilluns a divendres al llarg del curs. L&#8217;activitat s&#8217;emmarca en el programa &#8220;Dinem junts&#8221; de la Fundaci\u00f3 Probitas, amb la col\u00b7laboraci\u00f3 dels Serveis Socials de l&#8217;Ajuntament de Sabadell i el Consell Comarcal del Vall\u00e8s Occidental.<\/li>\n<li>Esplai La Masia. Organitzaci\u00f3 d&#8217;un casal d&#8217;estiu a l&#8217;institut durant el mes de juliol.<\/li>\n<li>Conveni de col\u00b7laboraci\u00f3 entre la Universitat de Barcelona i l\u2019Institut Sabadell en la recerca europea del projecte<em> FOODe a 3r d&#8217;ESO. <\/em><\/li>\n<li>Conveni amb Campus \u00cdtaca UAB amb alumnat de 3r d&#8217;ESO. Estada d&#8217;una setmana i mitja al Campus de la Universitat Aut\u00f2noma amb activitats d&#8217;orientaci\u00f3 i motivaci\u00f3 acad\u00e8mica.<\/li>\n<li>Carnet d&#8217;Entitats amb la biblioteca de Ponent de la Diputaci\u00f3 de Barcelona. (Xarxa de biblioteques municipals) amb els diferents ensenyaments ESO , Batxillerats i CF.<\/li>\n<li>Conveni de col\u00b7laboraci\u00f3 entre la Fundaci\u00f3 BCN Formaci\u00f3 Professional i l\u2019Institut Sabadell per l\u2019aplicaci\u00f3 del <a href=\"https:\/\/jo-el.es\/\" target=\"_blank\" rel=\"noopener\">projecte JOEL &#8211; Jutge Online Educatiu Lliure<\/a><em>. <\/em><\/li>\n<li>Conveni 3 d&#8217;Integra FP: Projecte d\u2019oferta integrada de formaci\u00f3 professional (SOC 3), establert mitjan\u00e7ant conveni signat en data 28 de desembre de 2022 entre el Departament de Treball, Afers Socials i Fam\u00edlies (mitjan\u00e7ant el Servei P\u00fablic d\u2019Ocupaci\u00f3 de Catalunya), el Dept. d\u2019Educaci\u00f3 i l\u2019Ag\u00e8ncia P\u00fablica de Formaci\u00f3 i Qualificaci\u00f3 Professionals de Catalunya, amb la impartici\u00f3 de certificats de professionalitat.<\/li>\n<li>Conveni de col\u00b7laboraci\u00f3 amb el British Council per a la realitzaci\u00f3 d&#8217;ex\u00e0mens APTIS ESOL, que avaluen el coneixement de la llengua anglesa entre els seus alumnes. Aquest conveni permet que els alumnes que formen part del Projecte d&#8217;Impuls a les Lleng\u00fces Estrangeres a la FP acreditin el seu nivell d&#8217;angl\u00e8s.<\/li>\n<li>Addenda, del <a href=\"https:\/\/drive.google.com\/file\/d\/1wZk20xW739xUjUrm-_FOrvvYBmassqys\/view?usp=sharing\">conveni de col\u00b7laboraci\u00f3 entre l\u2019administraci\u00f3 de la Generalitat de Catalunya, mitjan\u00e7ant el Departament d\u2019Educaci\u00f3 i l\u2019Ajuntament de Sabadell, en relaci\u00f3 amb el Projecte del <strong>Servei Comunitari<\/strong> del centre educatiu de secund\u00e0ria <strong>Institut Sabadell<\/strong><\/a>, aprovat pel Decret del Regidor d\u2019Educaci\u00f3 n\u00famero<br \/>\n1652\/2021 de 18 de mar\u00e7 de 2021, amb una vig\u00e8ncia des del 13 d\u2019abril de 2025 fins al 12 d\u2019abril de 2029, ambd\u00f3s inclosos.<\/li>\n<\/ul>\n","protected":false},"excerpt":{"rendered":"<p>EQUIP DIRECTIU<\/p>\n<ul>\n<li>Directora: <a href=\"https:\/\/drive.google.com\/file\/d\/1pKyUNHdEsk1kSZCNigHtj6L3iPU6Oqs0\/view?usp=sharing\">Merc\u00e8 Ma. Jover<\/a><\/li>\n<li>Cap d&#8217;estudis (ESO i Batxillerat):<a href=\"https:\/\/drive.google.com\/file\/d\/1fq7Z7ie-nZy_mNybbF5zvVXadVhZNg81\/view?usp=sharing\"> Raquel L\u00f3pez<\/a><\/li>\n<li>Direcci\u00f3 i Cap Estudis FP: <a href=\"https:\/\/drive.google.com\/file\/d\/1PLc7zLJajqnlkzFM9ENnwkrTqT7iFvmG\/view?usp=sharing\">Marc Albareda<\/a><\/li>\n<li>Secretari: Urbano Iglesias<\/li>\n<li>Coordinadora pedag\u00f2gica: <a href=\"https:\/\/drive.google.com\/file\/d\/16bc0vWVTVz6iun4IkVgoJFF4XcttkcxE\/view?usp=sharing\">Eva Bernat<\/a><\/li>\n<\/ul>\n<p>CONSELL ESCOLAR<br \/>\nConstitu\u00eft al desembre de 2025:<\/p>\n<p>Sector<br \/>\nNom<br \/>\nData presa posici\u00f3<br \/>\nData presa posici\u00f3<br \/>\nData finalitzaci\u00f3<\/p>\n<p>Pla\u00e7a 1<br \/>\nAjuntament<br \/>\nOlga L\u00f3pez<br \/>\n2023<br \/>\nMembre designat<\/p>\n<p>Pla\u00e7a 2<br \/>\nDirectora<br \/>\nMerc\u00e8 Jover<br \/>\n2020<br \/>\nPresidenta CE<\/p>\n<p>Pla\u00e7a 3<br \/>\nSecretari<br \/>\nUrbano Iglesias<br \/>\n2023<br \/>\nSecretari&hellip;  <a href=\"https:\/\/agora.xtec.cat\/ies-sabadell\/linstitut\/gestio-i-organitzacio-del-centre\/\" title=\"Read Gesti\u00f3 i organitzaci\u00f3 del centre\">Llegeix m\u00e9s\u00bb<\/a><\/p>\n","protected":false},"author":3,"featured_media":0,"parent":13229,"menu_order":3,"comment_status":"closed","ping_status":"closed","template":"","meta":{"_bbp_topic_count":0,"_bbp_reply_count":0,"_bbp_total_topic_count":0,"_bbp_total_reply_count":0,"_bbp_voice_count":0,"_bbp_anonymous_reply_count":0,"_bbp_topic_count_hidden":0,"_bbp_reply_count_hidden":0,"_bbp_forum_subforum_count":0,"footnotes":""},"class_list":["post-18210","page","type-page","status-publish","hentry"],"post_mailing_queue_ids":[],"_links":{"self":[{"href":"https:\/\/agora.xtec.cat\/ies-sabadell\/wp-json\/wp\/v2\/pages\/18210","targetHints":{"allow":["GET"]}}],"collection":[{"href":"https:\/\/agora.xtec.cat\/ies-sabadell\/wp-json\/wp\/v2\/pages"}],"about":[{"href":"https:\/\/agora.xtec.cat\/ies-sabadell\/wp-json\/wp\/v2\/types\/page"}],"author":[{"embeddable":true,"href":"https:\/\/agora.xtec.cat\/ies-sabadell\/wp-json\/wp\/v2\/users\/3"}],"replies":[{"embeddable":true,"href":"https:\/\/agora.xtec.cat\/ies-sabadell\/wp-json\/wp\/v2\/comments?post=18210"}],"version-history":[{"count":7,"href":"https:\/\/agora.xtec.cat\/ies-sabadell\/wp-json\/wp\/v2\/pages\/18210\/revisions"}],"predecessor-version":[{"id":23121,"href":"https:\/\/agora.xtec.cat\/ies-sabadell\/wp-json\/wp\/v2\/pages\/18210\/revisions\/23121"}],"up":[{"embeddable":true,"href":"https:\/\/agora.xtec.cat\/ies-sabadell\/wp-json\/wp\/v2\/pages\/13229"}],"wp:attachment":[{"href":"https:\/\/agora.xtec.cat\/ies-sabadell\/wp-json\/wp\/v2\/media?parent=18210"}],"curies":[{"name":"wp","href":"https:\/\/api.w.org\/{rel}","templated":true}]}}