{"id":16946,"date":"2018-03-08T12:21:02","date_gmt":"2018-03-08T11:21:02","guid":{"rendered":"http:\/\/agora.xtec.cat\/ies-sabadell\/?page_id=16946"},"modified":"2024-02-06T23:45:59","modified_gmt":"2024-02-06T22:45:59","slug":"cfgs-dam-vi","status":"publish","type":"page","link":"https:\/\/agora.xtec.cat\/ies-sabadell\/cicles-formatius\/cfgs-dam-vi\/","title":{"rendered":"CFGS DAM-VI"},"content":{"rendered":"<p><a href=\"https:\/\/agora.xtec.cat\/ies-sabadell\/wp-content\/uploads\/usu405\/2023\/02\/istockphoto-1297564630-612x612-1.jpg\"><img loading=\"lazy\" decoding=\"async\" class=\"wp-image-21506 alignleft\" src=\"https:\/\/agora.xtec.cat\/ies-sabadell\/wp-content\/uploads\/usu405\/2023\/02\/istockphoto-1297564630-612x612-1.jpg\" alt=\"\" width=\"418\" height=\"235\" srcset=\"https:\/\/agora.xtec.cat\/ies-sabadell\/wp-content\/uploads\/usu405\/2023\/02\/istockphoto-1297564630-612x612-1.jpg 612w, https:\/\/agora.xtec.cat\/ies-sabadell\/wp-content\/uploads\/usu405\/2023\/02\/istockphoto-1297564630-612x612-1-300x169.jpg 300w\" sizes=\"auto, (max-width: 418px) 100vw, 418px\" \/><\/a><\/p>\n<h3>Vies d&#8217;acc\u00e9s<\/h3>\n<p>Els alumnes que poden accedir a aquest cicle formatiu s\u00f3n els seg\u00fcents:<\/p>\n<ul>\n<li>Batxillerat.<\/li>\n<li>T\u00e8cnic GM\/GS\/Especialista.<\/li>\n<li>Prova d&#8217;acc\u00e9s a CFGS.<\/li>\n<\/ul>\n<h3>Caracter\u00edstiques del centre<\/h3>\n<p>Som l&#8217;\u00fanic centre p\u00fablic de Sabadell que imparteix els cicles formatius de la fam\u00edlia professional d&#8217;inform\u00e0tica i comunicaci\u00f3. La nostra experi\u00e8ncia formant als futurs treballadors del sector digital ens avala.<\/p>\n<p>Cada alumne\/a disposar\u00e0 del seu propi equip de treball amb el programari necessari per poder realitzar la seva formaci\u00f3. El material necessari que haur\u00e0 d&#8217;aportar l&#8217;estudiant ser\u00e0 el m\u00ednim per poder guardar la seva feina, un teclat i un ratol\u00ed i&#8230;moltes ganes!<\/p>\n<p>Aquest cicle incorpora tres m\u00f2duls espec\u00edfics de Programaci\u00f3 de Videojocs. Un de Game Design, un de modelatge i disseny gr\u00e0fic, i un de programaci\u00f3 de videojocs en Unity. Molts dels nostres alumnes de DAMvi decideixen seguir els estudis de videojocs fent el Curs d&#8217;Especialitzaci\u00f3 en Videojocs i Realitat Virtual, a nostre centre.<\/p>\n<p>Tamb\u00e9 oferim la formaci\u00f3 Dual, a on 1000 hores es fan en empresa de manera retribu\u00efda, i la formaci\u00f3 d&#8217;ERASUMS+ pels nostres alumnes, a on podr\u00e0s fer les pr\u00e0ctiques d&#8217;empresa en un altre pa\u00eds de la Uni\u00f3 Europea. Addicionalment, participem, i hem guanyat dues edicions, en el ProgramaMe, el concurs de programaci\u00f3 m\u00e9s important d&#8217;FP en l&#8217;\u00e0mbit estatal<\/p>\n<h3>Sortides acad\u00e8miques i professionals<\/h3>\n<p>Un cop assoleixis el t\u00edtol de t\u00e8cnic\/a superior en DAMvi, podr\u00e0s:<\/p>\n<ul>\n<li>Continuar els teus estudis a la universitat, en el grau d&#8217;Enginyeria Inform\u00e0tica\n<ul>\n<li>Podr\u00e0s convalidar 66 cr\u00e8dits ECTS (m\u00e9s d&#8217;un any del grau)<\/li>\n<\/ul>\n<\/li>\n<li>Accedir al m\u00f3n laboral com:\n<ul>\n<li>Desenvolupar aplicacions de prop\u00f2sit general.<\/li>\n<li>Desenvolupar aplicacions en l&#8217;\u00e0mbit de<br \/>\nl&#8217;entreteniment i la inform\u00e0tica m\u00f2bil.<\/li>\n<li>Programador de videojocs 2D i 3D.<\/li>\n<li>Game Designer<\/li>\n<\/ul>\n<\/li>\n<\/ul>\n<p>Aquest curs en aquest centre t\u00e9 m\u00e9s d&#8217;un 80% d&#8217;Inserci\u00f3 Laboral, segons l&#8217;Informe Anual d&#8217;Inserci\u00f3 Laboral<\/p>\n\n\t\t<style type=\"text\/css\">\n\t\t\t#gallery-1 {\n\t\t\t\tmargin: auto;\n\t\t\t}\n\t\t\t#gallery-1 .gallery-item {\n\t\t\t\tfloat: left;\n\t\t\t\tmargin-top: 10px;\n\t\t\t\ttext-align: center;\n\t\t\t\twidth: 25%;\n\t\t\t}\n\t\t\t#gallery-1 img {\n\t\t\t\tborder: 2px solid #cfcfcf;\n\t\t\t}\n\t\t\t#gallery-1 .gallery-caption {\n\t\t\t\tmargin-left: 0;\n\t\t\t}\n\t\t\t\/* see gallery_shortcode() in wp-includes\/media.php *\/\n\t\t<\/style>\n\t\t<div id='gallery-1' class='gallery galleryid-16946 gallery-columns-4 gallery-size-medium'><dl class='gallery-item'>\n\t\t\t<dt class='gallery-icon portrait'>\n\t\t\t\t<a href='https:\/\/agora.xtec.cat\/ies-sabadell\/cicles-formatius\/grau-mitja\/cicle-formatiu-de-grau-mitja-sistemes-microinformatics-i-xarxes\/attachment\/dual\/'><img loading=\"lazy\" decoding=\"async\" width=\"180\" height=\"191\" src=\"https:\/\/agora.xtec.cat\/ies-sabadell\/wp-content\/uploads\/usu405\/2023\/02\/Dual.png\" class=\"attachment-medium size-medium\" alt=\"\" \/><\/a>\n\t\t\t<\/dt><\/dl><dl class='gallery-item'>\n\t\t\t<dt class='gallery-icon landscape'>\n\t\t\t\t<a href='https:\/\/agora.xtec.cat\/ies-sabadell\/cicles-formatius\/grau-mitja\/cicle-formatiu-de-grau-mitja-sistemes-microinformatics-i-xarxes\/attachment\/erasmus-3\/'><img loading=\"lazy\" decoding=\"async\" width=\"300\" height=\"165\" src=\"https:\/\/agora.xtec.cat\/ies-sabadell\/wp-content\/uploads\/usu405\/2023\/02\/ERASMUS-300x165.png\" class=\"attachment-medium size-medium\" alt=\"\" srcset=\"https:\/\/agora.xtec.cat\/ies-sabadell\/wp-content\/uploads\/usu405\/2023\/02\/ERASMUS-300x165.png 300w, https:\/\/agora.xtec.cat\/ies-sabadell\/wp-content\/uploads\/usu405\/2023\/02\/ERASMUS.png 316w\" sizes=\"auto, (max-width: 300px) 100vw, 300px\" \/><\/a>\n\t\t\t<\/dt><\/dl><dl class='gallery-item'>\n\t\t\t<dt class='gallery-icon landscape'>\n\t\t\t\t<a href='https:\/\/agora.xtec.cat\/ies-sabadell\/cicles-formatius\/grau-mitja\/cicle-formatiu-de-grau-mitja-sistemes-microinformatics-i-xarxes\/attachment\/rskltz3f_400x400\/'><img loading=\"lazy\" decoding=\"async\" width=\"256\" height=\"256\" src=\"https:\/\/agora.xtec.cat\/ies-sabadell\/wp-content\/uploads\/usu405\/2023\/02\/rsklTZ3f_400x400.png\" class=\"attachment-medium size-medium\" alt=\"\" srcset=\"https:\/\/agora.xtec.cat\/ies-sabadell\/wp-content\/uploads\/usu405\/2023\/02\/rsklTZ3f_400x400.png 256w, https:\/\/agora.xtec.cat\/ies-sabadell\/wp-content\/uploads\/usu405\/2023\/02\/rsklTZ3f_400x400-150x150.png 150w\" sizes=\"auto, (max-width: 256px) 100vw, 256px\" \/><\/a>\n\t\t\t<\/dt><\/dl>\n\t\t\t<br style='clear: both' \/>\n\t\t<\/div>\n\n<h3>El curr\u00edculum del cicle formatiu<\/h3>\n<p>Qu\u00e8 estudiar\u00e0s a aquest Cicle Formatiu?<\/p>\n<p>Aquest Cicle Formatiu consta de 2000h de treball a classe. Els continguts estan dividits en M\u00f2duls Professionals (MP). A DAMvi, aquests s\u00f3n:<\/p>\n<table style=\"width: 110.765%; height: 495px;\" width=\"604\">\n<tbody>\n<tr style=\"height: 33px;\">\n<td style=\"height: 33px;\" width=\"368\">MP1. Implantaci\u00f3 de sistemes operatius<\/td>\n<\/tr>\n<tr style=\"height: 33px;\">\n<td style=\"height: 33px;\" width=\"368\">MP2. Gesti\u00f3 de bases de dades<\/td>\n<\/tr>\n<tr style=\"height: 33px;\">\n<td style=\"height: 33px;\" width=\"368\">MP3. Programaci\u00f3 b\u00e0sica<\/td>\n<\/tr>\n<tr style=\"height: 33px;\">\n<td style=\"height: 33px;\" width=\"368\">MP4. Llenguatge de marques<\/td>\n<\/tr>\n<tr style=\"height: 33px;\">\n<td style=\"height: 33px;\" width=\"368\">MP5. Fonaments de maquinari<\/td>\n<\/tr>\n<tr style=\"height: 33px;\">\n<td style=\"height: 33px;\" width=\"368\">MP6. Administraci\u00f3 de sistemes operatius<\/td>\n<\/tr>\n<tr style=\"height: 33px;\">\n<td style=\"height: 33px;\" width=\"368\">MP7. Planificaci\u00f3 i administraci\u00f3 de xarxes<\/td>\n<\/tr>\n<tr style=\"height: 33px;\">\n<td style=\"height: 33px;\" width=\"368\">MP8. Serveis de xarxa i Internet<\/td>\n<\/tr>\n<tr style=\"height: 33px;\">\n<td style=\"height: 33px;\" width=\"368\">MP9. Implantaci\u00f3 d&#8217;aplicacions Web<\/td>\n<\/tr>\n<tr style=\"height: 33px;\">\n<td style=\"height: 33px;\" width=\"368\">MP10. Administraci\u00f3 de sistemes gestors de bases de dades<\/td>\n<\/tr>\n<tr style=\"height: 33px;\">\n<td style=\"height: 33px;\" width=\"368\">MP11. Formaci\u00f3 i orientaci\u00f3 laboral<\/td>\n<\/tr>\n<tr style=\"height: 33px;\">\n<td style=\"height: 33px;\" width=\"368\">MP12: Empresa i iniciativa empresarial<\/td>\n<\/tr>\n<tr style=\"height: 33px;\">\n<td style=\"height: 33px;\" width=\"368\">MP13. Projecte (297 h)<\/td>\n<\/tr>\n<tr style=\"height: 33px;\">\n<td style=\"height: 33px;\">MP14: Formaci\u00f3 en centres de treball (383 h)<\/td>\n<\/tr>\n<tr>\n<td>MP15: Game Design<\/td>\n<\/tr>\n<tr>\n<td>MP16: Disseny Gr\u00e0fic 2D i 3D<\/td>\n<\/tr>\n<tr>\n<td>MP17: Programaci\u00f3 de videojocs 2D i 3D<\/td>\n<\/tr>\n<\/tbody>\n<\/table>\n<p>Si decideixes optar a fer la formaci\u00f3 de dual i ets seleccionat, realitzar\u00e0s 1000 hores d&#8217;estada remunerada a l&#8217;empresa, que inclouran el m\u00f2dul de Projecte i la Formaci\u00f3 en centres de Treball<\/p>\n<p>&nbsp;<\/p>\n","protected":false},"excerpt":{"rendered":"<p><a href=\"https:\/\/agora.xtec.cat\/ies-sabadell\/wp-content\/uploads\/usu405\/2023\/02\/istockphoto-1297564630-612x612-1.jpg\"><\/a><br \/>\nVies d&#8217;acc\u00e9s<br \/>\nEls alumnes que poden accedir a aquest cicle formatiu s\u00f3n els seg\u00fcents:<\/p>\n<ul>\n<li>Batxillerat.<\/li>\n<li>T\u00e8cnic GM\/GS\/Especialista.<\/li>\n<li>Prova d&#8217;acc\u00e9s a CFGS.<\/li>\n<\/ul>\n<p>Caracter\u00edstiques del centre<br \/>\nSom l&#8217;\u00fanic centre p\u00fablic de Sabadell que imparteix els cicles formatius de la fam\u00edlia professional d&#8217;inform\u00e0tica i comunicaci\u00f3. La nostra experi\u00e8ncia formant als futurs treballadors del&hellip;  <a href=\"https:\/\/agora.xtec.cat\/ies-sabadell\/cicles-formatius\/cfgs-dam-vi\/\" title=\"Read CFGS DAM-VI\">Llegeix m\u00e9s\u00bb<\/a><\/p>\n","protected":false},"author":197,"featured_media":0,"parent":323,"menu_order":0,"comment_status":"closed","ping_status":"closed","template":"","meta":{"_bbp_topic_count":0,"_bbp_reply_count":0,"_bbp_total_topic_count":0,"_bbp_total_reply_count":0,"_bbp_voice_count":0,"_bbp_anonymous_reply_count":0,"_bbp_topic_count_hidden":0,"_bbp_reply_count_hidden":0,"_bbp_forum_subforum_count":0,"footnotes":""},"class_list":["post-16946","page","type-page","status-publish","hentry"],"post_mailing_queue_ids":[],"_links":{"self":[{"href":"https:\/\/agora.xtec.cat\/ies-sabadell\/wp-json\/wp\/v2\/pages\/16946","targetHints":{"allow":["GET"]}}],"collection":[{"href":"https:\/\/agora.xtec.cat\/ies-sabadell\/wp-json\/wp\/v2\/pages"}],"about":[{"href":"https:\/\/agora.xtec.cat\/ies-sabadell\/wp-json\/wp\/v2\/types\/page"}],"author":[{"embeddable":true,"href":"https:\/\/agora.xtec.cat\/ies-sabadell\/wp-json\/wp\/v2\/users\/197"}],"replies":[{"embeddable":true,"href":"https:\/\/agora.xtec.cat\/ies-sabadell\/wp-json\/wp\/v2\/comments?post=16946"}],"version-history":[{"count":3,"href":"https:\/\/agora.xtec.cat\/ies-sabadell\/wp-json\/wp\/v2\/pages\/16946\/revisions"}],"predecessor-version":[{"id":21667,"href":"https:\/\/agora.xtec.cat\/ies-sabadell\/wp-json\/wp\/v2\/pages\/16946\/revisions\/21667"}],"up":[{"embeddable":true,"href":"https:\/\/agora.xtec.cat\/ies-sabadell\/wp-json\/wp\/v2\/pages\/323"}],"wp:attachment":[{"href":"https:\/\/agora.xtec.cat\/ies-sabadell\/wp-json\/wp\/v2\/media?parent=16946"}],"curies":[{"name":"wp","href":"https:\/\/api.w.org\/{rel}","templated":true}]}}