{"id":15087,"date":"2016-02-02T13:49:46","date_gmt":"2016-02-02T12:49:46","guid":{"rendered":"http:\/\/agora.xtec.cat\/ies-sabadell\/?page_id=15087"},"modified":"2016-11-29T08:54:22","modified_gmt":"2016-11-29T07:54:22","slug":"equivalencia-entre-unitats-formatives-uf-i-el-sistema-de-credits-ects-dam","status":"publish","type":"page","link":"https:\/\/agora.xtec.cat\/ies-sabadell\/erasmus-plus\/equivalencia-entre-unitats-formatives-uf-i-el-sistema-de-credits-ects\/equivalencia-entre-unitats-formatives-uf-i-el-sistema-de-credits-ects-dam\/","title":{"rendered":"Unitats Formatives i el sistema de cr\u00e8dits ECTS &#8211; DAM"},"content":{"rendered":"<p>A l\u2019efecte de facilitar les convalidacions que s\u2019estableixin entre aquest t\u00edtol i els ensenyaments universitaris de grau, s\u2019han assignat 120 cr\u00e8dits ECTS al t\u00edtol, distribu\u00efts entre els m\u00f2duls professionals regulats pel curr\u00edculum.<\/p>\n<p><strong>M\u00f2dul professional 1: sistemes inform\u00e0tics<\/strong><br \/>\nDurada: 198 hores<br \/>\nHores de lliure disposici\u00f3: 33 hores<br \/>\nEquival\u00e8ncia en cr\u00e8dits ECTS: 10<\/p>\n<p><strong>M\u00f2dul professional 2: bases de dades<\/strong><br \/>\nDurada: 231 hores<br \/>\nHores de lliure disposici\u00f3: 33 hores<br \/>\nEquival\u00e8ncia en cr\u00e8dits ECTS: 11<\/p>\n<p><strong>M\u00f2dul professional 3: programaci\u00f3<\/strong><br \/>\nDurada: 297 hores<br \/>\nHores de lliure disposici\u00f3: 33 hores<br \/>\nEquival\u00e8ncia en cr\u00e8dits ECTS: 14<\/p>\n<p><strong>M\u00f2dul professional 4: llenguatge de marques i sistemes de gesti\u00f3 de la informaci\u00f3<\/strong><br \/>\nDurada: 99 hores<br \/>\nEquival\u00e8ncia en cr\u00e8dits ECTS: 7<\/p>\n<p><strong>M\u00f2dul professional 5: entorns de desenvolupament<\/strong><br \/>\nDurada: 66 hores<br \/>\nEquival\u00e8ncia en cr\u00e8dits ECTS: 6<\/p>\n<p><strong>M\u00f2dul professional 6: acc\u00e9s a dades<\/strong><br \/>\nDurada: 132 hores<br \/>\nHores de lliure disposici\u00f3: 33 hores<br \/>\nEquival\u00e8ncia en cr\u00e8dits ECTS: 9<\/p>\n<p><strong>M\u00f2dul professional 7: desenvolupament d\u2019interf\u00edcies<\/strong><br \/>\nDurada: 99 hores<br \/>\nEquival\u00e8ncia en cr\u00e8dits ECTS: 9<\/p>\n<p><strong>M\u00f2dul professional 8: programaci\u00f3 multim\u00e8dia i dispositius m\u00f2bils<\/strong><br \/>\nDurada: 99 hores<br \/>\nEquival\u00e8ncia en cr\u00e8dits ECTS: 7<\/p>\n<p><strong>M\u00f2dul professional 9: programaci\u00f3 de serveis i processos<\/strong><br \/>\nDurada: 99 hores<br \/>\nEquival\u00e8ncia en cr\u00e8dits ECTS: 5<\/p>\n<p><strong>M\u00f2dul professional 10: sistemes de gesti\u00f3 empresarial<\/strong><br \/>\nDurada: 99 hores<br \/>\nHores de lliure disposici\u00f3: 33 hores<br \/>\nEquival\u00e8ncia en cr\u00e8dits ECTS: 6<\/p>\n<p><strong>M\u00f2dul professional 11: formaci\u00f3 i orientaci\u00f3 laboral<\/strong><br \/>\nDurada: 99 hores<br \/>\nEquival\u00e8ncia en cr\u00e8dits ECTS: 5<\/p>\n<p><strong>M\u00f2dul professional 12: empresa i iniciativa emprenedora<\/strong><br \/>\nDurada: 66 hores<br \/>\nEquival\u00e8ncia en cr\u00e8dits ECTS: 4<\/p>\n<p><strong>M\u00f2dul professional 13: projecte de desenvolupament d\u2019aplicacions multiplataforma<\/strong><br \/>\nDurada: 99 hores<br \/>\nEquival\u00e8ncia en cr\u00e8dits ECTS: 5<\/p>\n<p><strong>M\u00f2dul professional 14: formaci\u00f3 en centres de treball<\/strong><br \/>\nDurada: 317 hores<br \/>\nEquival\u00e8ncia en cr\u00e8dits ECTS: 22<\/p>\n<p>Decret oficial:<br \/>\n<a href=\"http:\/\/xtec.gencat.cat\/web\/.content\/alfresco\/d\/d\/workspace\/SpacesStore\/0052\/64a26049-c0c0-45cc-baa0-a4f831059839\/DOGC_TS_desenvolupament_aplicacions_multiplataforma.pdf\">DOGC_TS_desenvolupament_aplicacions_multiplataforma.pdf<\/a><\/p>\n","protected":false},"excerpt":{"rendered":"<p>A l\u2019efecte de facilitar les convalidacions que s\u2019estableixin entre aquest t\u00edtol i els ensenyaments universitaris de grau, s\u2019han assignat 120 cr\u00e8dits ECTS al t\u00edtol, distribu\u00efts entre els m\u00f2duls professionals regulats pel curr\u00edculum.<br \/>\nM\u00f2dul professional 1: sistemes inform\u00e0tics<br \/>\nDurada: 198 hores<br \/>\nHores de lliure disposici\u00f3: 33 hores<br \/>\nEquival\u00e8ncia en cr\u00e8dits&hellip;  <a href=\"https:\/\/agora.xtec.cat\/ies-sabadell\/erasmus-plus\/equivalencia-entre-unitats-formatives-uf-i-el-sistema-de-credits-ects\/equivalencia-entre-unitats-formatives-uf-i-el-sistema-de-credits-ects-dam\/\" title=\"Read Unitats Formatives i el sistema de cr\u00e8dits ECTS &#8211; DAM\">Llegeix m\u00e9s\u00bb<\/a><\/p>\n","protected":false},"author":10,"featured_media":0,"parent":15083,"menu_order":0,"comment_status":"closed","ping_status":"closed","template":"","meta":{"_bbp_topic_count":0,"_bbp_reply_count":0,"_bbp_total_topic_count":0,"_bbp_total_reply_count":0,"_bbp_voice_count":0,"_bbp_anonymous_reply_count":0,"_bbp_topic_count_hidden":0,"_bbp_reply_count_hidden":0,"_bbp_forum_subforum_count":0,"footnotes":""},"class_list":["post-15087","page","type-page","status-publish","hentry"],"post_mailing_queue_ids":[],"_links":{"self":[{"href":"https:\/\/agora.xtec.cat\/ies-sabadell\/wp-json\/wp\/v2\/pages\/15087","targetHints":{"allow":["GET"]}}],"collection":[{"href":"https:\/\/agora.xtec.cat\/ies-sabadell\/wp-json\/wp\/v2\/pages"}],"about":[{"href":"https:\/\/agora.xtec.cat\/ies-sabadell\/wp-json\/wp\/v2\/types\/page"}],"author":[{"embeddable":true,"href":"https:\/\/agora.xtec.cat\/ies-sabadell\/wp-json\/wp\/v2\/users\/10"}],"replies":[{"embeddable":true,"href":"https:\/\/agora.xtec.cat\/ies-sabadell\/wp-json\/wp\/v2\/comments?post=15087"}],"version-history":[{"count":3,"href":"https:\/\/agora.xtec.cat\/ies-sabadell\/wp-json\/wp\/v2\/pages\/15087\/revisions"}],"predecessor-version":[{"id":15905,"href":"https:\/\/agora.xtec.cat\/ies-sabadell\/wp-json\/wp\/v2\/pages\/15087\/revisions\/15905"}],"up":[{"embeddable":true,"href":"https:\/\/agora.xtec.cat\/ies-sabadell\/wp-json\/wp\/v2\/pages\/15083"}],"wp:attachment":[{"href":"https:\/\/agora.xtec.cat\/ies-sabadell\/wp-json\/wp\/v2\/media?parent=15087"}],"curies":[{"name":"wp","href":"https:\/\/api.w.org\/{rel}","templated":true}]}}