{"id":15085,"date":"2016-02-02T13:48:53","date_gmt":"2016-02-02T12:48:53","guid":{"rendered":"http:\/\/agora.xtec.cat\/ies-sabadell\/?page_id=15085"},"modified":"2016-11-29T08:54:13","modified_gmt":"2016-11-29T07:54:13","slug":"equivalencia-entre-unitats-formatives-uf-i-el-sistema-de-credits-ects-asix","status":"publish","type":"page","link":"https:\/\/agora.xtec.cat\/ies-sabadell\/erasmus-plus\/equivalencia-entre-unitats-formatives-uf-i-el-sistema-de-credits-ects\/equivalencia-entre-unitats-formatives-uf-i-el-sistema-de-credits-ects-asix\/","title":{"rendered":"Unitats Formatives i el sistema de cr\u00e8dits ECTS &#8211; ASIX"},"content":{"rendered":"<p>A l\u2019efecte de facilitar les convalidacions que s\u2019estableixin entre aquest t\u00edtol i els ensenyaments universitaris de grau, s\u2019han assignat 120 cr\u00e8dits ECTS al t\u00edtol, distribu\u00efts entre els m\u00f2duls professionals regulats pel curr\u00edculum.<\/p>\n<p><strong>M\u00f2dul professional 1: implantaci\u00f3 de sistemes operatius<\/strong><br \/>\nDurada: 231 hores<br \/>\nHores de lliure disposici\u00f3: 33 hores<br \/>\nEquival\u00e8ncia en cr\u00e8dits ECTS: 15<\/p>\n<p><strong>M\u00f2dul professional 2: gesti\u00f3 de bases de dades<\/strong><br \/>\nDurada: 165 hores<br \/>\nHores de lliure disposici\u00f3: 33 hores<br \/>\nEquival\u00e8ncia en cr\u00e8dits ECTS: 11<\/p>\n<p><strong>M\u00f2dul professional 3: programaci\u00f3 b\u00e0sica<\/strong><br \/>\nDurada: 165 hores<\/p>\n<p><strong>M\u00f2dul professional 4: llenguatges de marques i sistemes de gesti\u00f3 d\u2019informaci\u00f3<\/strong><br \/>\nDurada: 99 hores<br \/>\nEquival\u00e8ncia en cr\u00e8dits ECTS: 7<\/p>\n<p><strong>M\u00f2dul professional 5: fonaments de maquinari<\/strong><br \/>\nDurada: 99 hores<br \/>\nHores de lliure disposici\u00f3: 33 hores<br \/>\nEquival\u00e8ncia en cr\u00e8dits ECTS: 6<\/p>\n<p><strong>M\u00f2dul professional 6: administraci\u00f3 de sistemes operatius<\/strong><br \/>\nDurada: 132 hores<br \/>\nHores de lliure disposici\u00f3: 33 hores<br \/>\nEquival\u00e8ncia en cr\u00e8dits ECTS: 8<\/p>\n<p><strong>M\u00f2dul professional 7: planificaci\u00f3 i administraci\u00f3 de xarxes<\/strong><br \/>\nDurada: 165 hores<br \/>\nHores de lliure disposici\u00f3: 33 hores<br \/>\nEquival\u00e8ncia en cr\u00e8dits ECTS: 12<\/p>\n<p><strong>M\u00f2dul professional 8: serveis de xarxa i Internet<\/strong><br \/>\nDurada: 99 hores<br \/>\nEquival\u00e8ncia en cr\u00e8dits ECTS: 8<\/p>\n<p><strong>M\u00f2dul professional 9: implantaci\u00f3 d\u2019aplicacions web<\/strong><br \/>\nDurada: 66 hores<br \/>\nEquival\u00e8ncia en cr\u00e8dits ECTS: 6<\/p>\n<p><strong>M\u00f2dul professional 10: administraci\u00f3 de sistemes gestors de bases de dades<\/strong><br \/>\nDurada: 99 hores<br \/>\nEquival\u00e8ncia en cr\u00e8dits ECTS: 5<\/p>\n<p><strong>M\u00f2dul professional 11: seguretat i alta disponibilitat<\/strong><br \/>\nDurada: 99 hores<br \/>\nHores de lliure disposici\u00f3: no se n\u2019assignen Equival\u00e8ncia en cr\u00e8dits ECTS: 6<\/p>\n<p><strong>M\u00f2dul professional 12: formaci\u00f3 i orientaci\u00f3 laboral<\/strong><br \/>\nDurada: 99 hores<br \/>\nEquival\u00e8ncia en cr\u00e8dits ECTS: 5<\/p>\n<p><strong>M\u00f2dul professional 13: empresa i iniciativa emprenedora<\/strong><br \/>\nDurada: 66 hores<br \/>\nEquival\u00e8ncia en cr\u00e8dits ECTS: 4<\/p>\n<p><strong>M\u00f2dul professional 14: projecte d\u2019administraci\u00f3 de sistemes inform\u00e0tics en xarxa<\/strong><br \/>\nDurada: 99 hores<br \/>\nEquival\u00e8ncia en cr\u00e8dits ECTS: 5<\/p>\n<p><strong>M\u00f2dul 15: formaci\u00f3 en centres de treball<\/strong><br \/>\nDurada: 317 hores<br \/>\nEquival\u00e8ncia en cr\u00e8dits ECTS: 22<\/p>\n<p>Decret oficial:<br \/>\n<a href=\"http:\/\/xtec.gencat.cat\/web\/.content\/alfresco\/d\/d\/workspace\/SpacesStore\/0035\/15cc64c8-86b9-4576-a924-665ce20c9021\/DOGC_T_administracio_sistemes_informatics_xarxa.pdf\">DOGC_T_administracio_sistemes_informatics_xarxa.pdf<\/a><\/p>\n","protected":false},"excerpt":{"rendered":"<p>A l\u2019efecte de facilitar les convalidacions que s\u2019estableixin entre aquest t\u00edtol i els ensenyaments universitaris de grau, s\u2019han assignat 120 cr\u00e8dits ECTS al t\u00edtol, distribu\u00efts entre els m\u00f2duls professionals regulats pel curr\u00edculum.<br \/>\nM\u00f2dul professional 1: implantaci\u00f3 de sistemes operatius<br \/>\nDurada: 231 hores<br \/>\nHores de lliure disposici\u00f3: 33 hores<br \/>\nEquival\u00e8ncia&hellip;  <a href=\"https:\/\/agora.xtec.cat\/ies-sabadell\/erasmus-plus\/equivalencia-entre-unitats-formatives-uf-i-el-sistema-de-credits-ects\/equivalencia-entre-unitats-formatives-uf-i-el-sistema-de-credits-ects-asix\/\" title=\"Read Unitats Formatives i el sistema de cr\u00e8dits ECTS &#8211; ASIX\">Llegeix m\u00e9s\u00bb<\/a><\/p>\n","protected":false},"author":10,"featured_media":0,"parent":15083,"menu_order":0,"comment_status":"closed","ping_status":"closed","template":"","meta":{"_bbp_topic_count":0,"_bbp_reply_count":0,"_bbp_total_topic_count":0,"_bbp_total_reply_count":0,"_bbp_voice_count":0,"_bbp_anonymous_reply_count":0,"_bbp_topic_count_hidden":0,"_bbp_reply_count_hidden":0,"_bbp_forum_subforum_count":0,"footnotes":""},"class_list":["post-15085","page","type-page","status-publish","hentry"],"post_mailing_queue_ids":[],"_links":{"self":[{"href":"https:\/\/agora.xtec.cat\/ies-sabadell\/wp-json\/wp\/v2\/pages\/15085","targetHints":{"allow":["GET"]}}],"collection":[{"href":"https:\/\/agora.xtec.cat\/ies-sabadell\/wp-json\/wp\/v2\/pages"}],"about":[{"href":"https:\/\/agora.xtec.cat\/ies-sabadell\/wp-json\/wp\/v2\/types\/page"}],"author":[{"embeddable":true,"href":"https:\/\/agora.xtec.cat\/ies-sabadell\/wp-json\/wp\/v2\/users\/10"}],"replies":[{"embeddable":true,"href":"https:\/\/agora.xtec.cat\/ies-sabadell\/wp-json\/wp\/v2\/comments?post=15085"}],"version-history":[{"count":4,"href":"https:\/\/agora.xtec.cat\/ies-sabadell\/wp-json\/wp\/v2\/pages\/15085\/revisions"}],"predecessor-version":[{"id":22393,"href":"https:\/\/agora.xtec.cat\/ies-sabadell\/wp-json\/wp\/v2\/pages\/15085\/revisions\/22393"}],"up":[{"embeddable":true,"href":"https:\/\/agora.xtec.cat\/ies-sabadell\/wp-json\/wp\/v2\/pages\/15083"}],"wp:attachment":[{"href":"https:\/\/agora.xtec.cat\/ies-sabadell\/wp-json\/wp\/v2\/media?parent=15085"}],"curies":[{"name":"wp","href":"https:\/\/api.w.org\/{rel}","templated":true}]}}