{"id":13528,"date":"2015-02-19T16:59:35","date_gmt":"2015-02-19T16:59:35","guid":{"rendered":"http:\/\/ies-sabadell.cat\/nodes\/?page_id=13528"},"modified":"2019-11-25T09:51:33","modified_gmt":"2019-11-25T08:51:33","slug":"un-centre-pioner-una-mica-dhistoria","status":"publish","type":"page","link":"https:\/\/agora.xtec.cat\/ies-sabadell\/linstitut\/un-centre-pioner-una-mica-dhistoria\/","title":{"rendered":"Hist\u00f2ria"},"content":{"rendered":"<p><strong>Un centre pioner. Una mica d&#8217;hist\u00f2ria<\/strong><\/p>\n<p>L\u2019Institut Sabadell va n\u00e9ixer en un moment d\u2019increment de la poblaci\u00f3 escolar a Catalunya, i en el context de desenvolupament de la LOGSE, que establiria un \u00fanic cam\u00ed en l\u2019ensenyament secundari obligatori, l\u2019ESO, fins als 16 anys. El centre nostre va iniciar el seu cam\u00ed el curs 1987-88 com una delegaci\u00f3 de l\u2019IES del Vall\u00e8s, que portava tres anys experimentant el que en deien el \u201ctronc com\u00fa\u201d, que superava la divisi\u00f3 de l\u2019alumnat en centres de BUP o FP de primer grau. Va comen\u00e7ar en unes aules de l\u2019escola Via Alexandra i va adoptar el nom d\u2019Andreu Castells. El curs 1990-91 es va traslladar a l\u2019edifici que ocupa actualment i que en aquells moments era de l\u2019Escola Rius i Borrell. Vam compartir espais un parell de cursos fins que es van fusionar les escoles Andreu Castells i Rius i Borrell i es van ubicar en l\u2019actual edifici de l\u2019Escola Andreu Castells, a la Via Alexandra.<\/p>\n<p>En aquells primers anys, el nostre Institut formava part del conjunt de centres que experimentaven la \u201cReforma educativa\u201d. Per tant, vam acollir alumnes a partir dels 12 anys des del curs 90-91, anticipant el model de l\u2019ESO i el Batxillerat, que no es va acabar de desplegar fins el 1995.<\/p>\n<p>De bon comen\u00e7ament, el nostre institut va voler ser un centre integrador, que centr\u00e9s el focus en l\u2019alumne i en el seu progr\u00e9s, que par\u00e9s atenci\u00f3 a les necessitats educatives especials de l\u2019alumnat i que practiqu\u00e9s una avaluaci\u00f3 global per part de tot l\u2019equip docent en lloc de la tradicional avaluaci\u00f3 per mat\u00e8ries deslligades.<\/p>\n<p>Com a centre experimental, vam acollir aviat alumnes amb greus dificultats i m\u00e9s endavant, en col\u00b7laboraci\u00f3 amb el CREDAV, entre 8-10 alumnes amb defici\u00e8ncies auditives que feien l\u2019aprenentatge en llenguatge de signes. Aquests trets: l\u2019avaluaci\u00f3 globalitzada i la voluntat integradora d\u2019alumnat ben divers han estat sempre i encara s\u00f3n avui principis b\u00e0sics del nostre projecte educatiu.<br \/>\nHi ha hagut uns quants intents de buscar un nom per l&#8217;institut per\u00f2 no han reeixit. Algunes denominacions proposades han estat Manuel de Pedrolo, Gil de Biedma, Teresa Claramunt, Hyp\u00e0tia, etc. per\u00f2 encara mantenim la denominaci\u00f3 que ens va donar el Departament d\u2019Ensenyament.<\/p>\n<p>A l&#8217;Institut Sabadell es van poder cursar els Cicles Formatius d&#8217;Administraci\u00f3 i de Turisme de 1992 a 1997. Despr\u00e9s d&#8217;uns anys sense Formaci\u00f3 Professional, l&#8217;any 2005 es van iniciar els Cicles Formatius d&#8217;Inform\u00e0tica, que encara s&#8217;imparteixen avui. El nostre institut \u00e9s l&#8217;\u00fanic centre p\u00fablic de la ciutat de Sabadell on s&#8217;imparteixen titulacions d&#8217;aquesta fam\u00edlia professional.<\/p>\n<p>L\u2019edifici de l\u2019institut va experimentar entre 2006 i 2007 una remodelaci\u00f3 radical que l\u2019ha convertit en un espai modern, c\u00f2mode, ampli, llumin\u00f3s i adaptat a les noves tecnologies.<\/p>\n","protected":false},"excerpt":{"rendered":"<p>Un centre pioner. Una mica d&#8217;hist\u00f2ria<br \/>\nL\u2019Institut Sabadell va n\u00e9ixer en un moment d\u2019increment de la poblaci\u00f3 escolar a Catalunya, i en el context de desenvolupament de la LOGSE, que establiria un \u00fanic cam\u00ed en l\u2019ensenyament secundari obligatori, l\u2019ESO, fins als 16 anys. El centre nostre&hellip;  <a href=\"https:\/\/agora.xtec.cat\/ies-sabadell\/linstitut\/un-centre-pioner-una-mica-dhistoria\/\" title=\"Read Hist\u00f2ria\">Llegeix m\u00e9s\u00bb<\/a><\/p>\n","protected":false},"author":5,"featured_media":0,"parent":13229,"menu_order":2,"comment_status":"closed","ping_status":"closed","template":"page-templates\/side-menu.php","meta":{"_bbp_topic_count":0,"_bbp_reply_count":0,"_bbp_total_topic_count":0,"_bbp_total_reply_count":0,"_bbp_voice_count":0,"_bbp_anonymous_reply_count":0,"_bbp_topic_count_hidden":0,"_bbp_reply_count_hidden":0,"_bbp_forum_subforum_count":0,"footnotes":""},"class_list":["post-13528","page","type-page","status-publish","hentry"],"post_mailing_queue_ids":[],"_links":{"self":[{"href":"https:\/\/agora.xtec.cat\/ies-sabadell\/wp-json\/wp\/v2\/pages\/13528","targetHints":{"allow":["GET"]}}],"collection":[{"href":"https:\/\/agora.xtec.cat\/ies-sabadell\/wp-json\/wp\/v2\/pages"}],"about":[{"href":"https:\/\/agora.xtec.cat\/ies-sabadell\/wp-json\/wp\/v2\/types\/page"}],"author":[{"embeddable":true,"href":"https:\/\/agora.xtec.cat\/ies-sabadell\/wp-json\/wp\/v2\/users\/5"}],"replies":[{"embeddable":true,"href":"https:\/\/agora.xtec.cat\/ies-sabadell\/wp-json\/wp\/v2\/comments?post=13528"}],"version-history":[{"count":2,"href":"https:\/\/agora.xtec.cat\/ies-sabadell\/wp-json\/wp\/v2\/pages\/13528\/revisions"}],"predecessor-version":[{"id":14654,"href":"https:\/\/agora.xtec.cat\/ies-sabadell\/wp-json\/wp\/v2\/pages\/13528\/revisions\/14654"}],"up":[{"embeddable":true,"href":"https:\/\/agora.xtec.cat\/ies-sabadell\/wp-json\/wp\/v2\/pages\/13229"}],"wp:attachment":[{"href":"https:\/\/agora.xtec.cat\/ies-sabadell\/wp-json\/wp\/v2\/media?parent=13528"}],"curies":[{"name":"wp","href":"https:\/\/api.w.org\/{rel}","templated":true}]}}