{"id":13229,"date":"2015-02-09T22:18:57","date_gmt":"2015-02-09T22:18:57","guid":{"rendered":"http:\/\/ies-sabadell.cat\/nodes\/?page_id=13229"},"modified":"2022-11-21T22:28:25","modified_gmt":"2022-11-21T21:28:25","slug":"linstitut","status":"publish","type":"page","link":"https:\/\/agora.xtec.cat\/ies-sabadell\/linstitut\/","title":{"rendered":"L&#8217;institut"},"content":{"rendered":"<p>L&#8217;Institut Sabadell \u00e9s un centre educatiu que ofereix ensenyaments secundaris obligatoris (ESO) i postobligatoris (Batxillerat i Cicles Formatius d&#8217;Inform\u00e0tica).<\/p>\n<p>Volem proporcionar als nostres estudiants una formaci\u00f3 acad\u00e8mica de qualitat, lligada a la seva formaci\u00f3 integral com a persones. Pensem que ambdues coses van estretament unides: volem ajudar el nostre alumnat a ser capa\u00e7 d&#8217;encarar amb \u00e8xit el seu futur professional, com a persones del nostre temps, responsables, amb capacitat cr\u00edtica i sentit comunitari.<\/p>\n<p>El nostre institut \u00e9s pioner en l&#8217;\u00fas d&#8217;ordinadors a l&#8217;aula, pissarres digitals i internet.<\/p>\n<p><a href=\"http:\/\/agora.xtec.cat\/ies-sabadell\/wp-content\/uploads\/usu405\/2015\/06\/Selecci\u00f3_999291.png\"><img loading=\"lazy\" decoding=\"async\" class=\"alignnone size-full wp-image-14370\" src=\"http:\/\/agora.xtec.cat\/ies-sabadell\/wp-content\/uploads\/usu405\/2015\/06\/Selecci\u00f3_999291.png\" alt=\"Selecci\u00f3_999(291)\" width=\"702\" height=\"470\" srcset=\"https:\/\/agora.xtec.cat\/ies-sabadell\/wp-content\/uploads\/usu405\/2015\/06\/Selecci\u00f3_999291.png 702w, https:\/\/agora.xtec.cat\/ies-sabadell\/wp-content\/uploads\/usu405\/2015\/06\/Selecci\u00f3_999291-300x200.png 300w\" sizes=\"auto, (max-width: 702px) 100vw, 702px\" \/><\/a><\/p>\n<p>Orientem cada estudiant perqu\u00e8 assoleixi els seus objectius en funci\u00f3 dels seus interessos i les seves capacitats.<\/p>\n<p>Atenem l&#8217;alumnat tenint en compte el seu context familiar i la situaci\u00f3 econ\u00f2mica de les fam\u00edlies, adaptant-nos en la mesura del possible a les seves necessitats.<\/p>\n<p>Lliguem les activitats d&#8217;ensenyament i aprenentage al seguiment tutorial individualitzat de l&#8217;alumnat, prestem atenci\u00f3 especial als alumnes amb dificultats i volem estimular l&#8217;esfor\u00e7 i l&#8217;excel\u00b7l\u00e8ncia, l&#8217;obertura al m\u00f3n i l&#8217;esperit solidari, la recerca i l&#8217;emprenedoria.<\/p>\n<p>Facilitem a les fam\u00edlies el seguiment de les activitats escolars dels seus fills, amb acc\u00e9s directe a les agendes digitals i als aplicatius de gesti\u00f3 de les incid\u00e8ncies d&#8217;aula, abs\u00e8ncies o retards.<\/p>\n<p>Volem facilitar les estades del nostre alumnat en altres pa\u00efsos per a l\u2019aprenentatge de les lleng\u00fces estrangeres,\u00a0aix\u00ed com l\u2019acc\u00e9s a beques i ajuts amb aquesta finalitat.<\/p>\n<p>Disposem d&#8217;espais amplis, l&#8217;institut es llumin\u00f3s, amb pistes esportives i jard\u00ed, i <strong>uns espais adequats per a les activitats educatives.<\/strong><\/p>\n<p><span style=\"font-family: inherit; font-size: 1em; line-height: 1.6;\">En col\u2022laboraci\u00f3 amb <strong>l\u2019<a href=\"https:\/\/agora.xtec.cat\/ies-sabadell\/ampa\/\">AMPA<\/a><\/strong>, oferim activitats extraescolars a les tardes a preus molt assequibles: angl\u00e8s, suport a l\u2019estudi, teatre, handbol, futbol sala, etc.<\/span><\/p>\n<h3><span style=\"font-size: 1.6875em; line-height: 1.4;\">\u00a0<\/span><\/h3>\n","protected":false},"excerpt":{"rendered":"<p>L&#8217;Institut Sabadell \u00e9s un centre educatiu que ofereix ensenyaments secundaris obligatoris (ESO) i postobligatoris (Batxillerat i Cicles Formatius d&#8217;Inform\u00e0tica).<br \/>\nVolem proporcionar als nostres estudiants una formaci\u00f3 acad\u00e8mica de qualitat, lligada a la seva formaci\u00f3 integral com a persones. Pensem que ambdues coses van estretament unides: volem&hellip;  <a href=\"https:\/\/agora.xtec.cat\/ies-sabadell\/linstitut\/\" title=\"Read L&#8217;institut\">Llegeix m\u00e9s\u00bb<\/a><\/p>\n","protected":false},"author":2,"featured_media":0,"parent":0,"menu_order":0,"comment_status":"closed","ping_status":"closed","template":"page-templates\/side-menu.php","meta":{"_bbp_topic_count":0,"_bbp_reply_count":0,"_bbp_total_topic_count":0,"_bbp_total_reply_count":0,"_bbp_voice_count":0,"_bbp_anonymous_reply_count":0,"_bbp_topic_count_hidden":0,"_bbp_reply_count_hidden":0,"_bbp_forum_subforum_count":0,"footnotes":""},"class_list":["post-13229","page","type-page","status-publish","hentry"],"post_mailing_queue_ids":[],"_links":{"self":[{"href":"https:\/\/agora.xtec.cat\/ies-sabadell\/wp-json\/wp\/v2\/pages\/13229","targetHints":{"allow":["GET"]}}],"collection":[{"href":"https:\/\/agora.xtec.cat\/ies-sabadell\/wp-json\/wp\/v2\/pages"}],"about":[{"href":"https:\/\/agora.xtec.cat\/ies-sabadell\/wp-json\/wp\/v2\/types\/page"}],"author":[{"embeddable":true,"href":"https:\/\/agora.xtec.cat\/ies-sabadell\/wp-json\/wp\/v2\/users\/2"}],"replies":[{"embeddable":true,"href":"https:\/\/agora.xtec.cat\/ies-sabadell\/wp-json\/wp\/v2\/comments?post=13229"}],"version-history":[{"count":5,"href":"https:\/\/agora.xtec.cat\/ies-sabadell\/wp-json\/wp\/v2\/pages\/13229\/revisions"}],"predecessor-version":[{"id":21174,"href":"https:\/\/agora.xtec.cat\/ies-sabadell\/wp-json\/wp\/v2\/pages\/13229\/revisions\/21174"}],"wp:attachment":[{"href":"https:\/\/agora.xtec.cat\/ies-sabadell\/wp-json\/wp\/v2\/media?parent=13229"}],"curies":[{"name":"wp","href":"https:\/\/api.w.org\/{rel}","templated":true}]}}