{"id":13214,"date":"2015-02-12T14:59:44","date_gmt":"2015-02-12T14:59:44","guid":{"rendered":"http:\/\/ies-sabadell.cat\/nodes\/?page_id=13214"},"modified":"2022-05-18T19:04:52","modified_gmt":"2022-05-18T17:04:52","slug":"eso","status":"publish","type":"page","link":"https:\/\/agora.xtec.cat\/ies-sabadell\/eso\/","title":{"rendered":"ESO"},"content":{"rendered":"<h3>Grups tutoria redu\u00efts<\/h3>\n<p>El nostre institut ofereix <strong>4 l\u00ednies d&#8217;ESO, <\/strong>per\u00f2 repartim l&#8217;alumnat en <strong>5 tutories<\/strong> per treballar amb <strong>grups m\u00e9s redu\u00efts d&#8217;uns 22-24 alumnes<\/strong> per cada grup-tutoria.<\/p>\n<h3>Principals actuacions pedag\u00f2giques<\/h3>\n<h5><strong><a href=\"http:\/\/agora.xtec.cat\/ies-sabadell\/projectes-pedagogics-a-leso\/\">Consulta els principals projectes pedag\u00f2gics que desenvolupem a l&#8217;ESO. ENTREU AQU\u00cd&#8230;<\/a><\/strong><\/h5>\n<p>Algunes trets propis del centre pel que fa a l&#8217;ESO:<\/p>\n<ol>\n<li>L\u2019alumnat s\u2019organitza per <strong>grups-tutoria a 1r d\u2019ESO tenint en compte la informaci\u00f3 rebuda de les escoles<\/strong>, mirant d\u2019equilibrar nois i noies i creant grups heterogenis amb un repartiment proporcional d\u2019alumnat de diferents tipologies, atenent a raons pedag\u00f2giques i amb exclusi\u00f3 de tota discrimaci\u00f3, privilegi o greuge comparatiu.<\/li>\n<li><strong>Ens coordinem amb les escoles de prim\u00e0ria adscrites al nostre institut, Escola Can Rull i Escola Andreu Castells per treballar conjuntament en algunes mat\u00e8ries<\/strong> (aquest curs l&#8217;Angl\u00e8s) i pels deures d&#8217;estiu dels alumnes que passen de 6\u00e8 de prim\u00e0ria a 1r d&#8217;ESO.<\/li>\n<li>\u00a0Fem molt d&#8217;\u00e8mfasi en <strong>l&#8217;educaci\u00f3 en valors <\/strong>que es concreta en totes les mat\u00e8ries i especialment a les hores de tutoria i de Cultura i valors. Celebrem el\u00a0 Dia escolar de la No viol\u00e8ncia i la Pau i el\u00a0 Dia de la dona treballadora.<\/li>\n<li>A <strong>1r i 2n\u00a0 d&#8217;ESO es treballa per projectes<\/strong> integrant continguts i activitats en les assignatures de Ci\u00e8ncies Socials, Tecnologia i Angl\u00e8s.<\/li>\n<li>Fem activitats coordinades a tots els nivells per <strong>millorar la resoluci\u00f3 de problemes a matem\u00e0tiques.\u00a0<\/strong><\/li>\n<li>Treballem de manera coordinada les ci\u00e8ncies i la tecnologia. Es fan pr\u00e0ctiques de ci\u00e8ncies als laboratoris i de tecnologia als tallers en grups redu\u00efts.\u00a0 Celebrem cada any el<strong> Dia de la ci\u00e8ncia i de la tecnologia<\/strong>\u00a0(<a href=\"https:\/\/drive.google.com\/drive\/folders\/1FI13KTlTGrIonY0rU3O9zHafyy_5Kfsp?usp=sharing\">mireu una col\u00b7lecci\u00f3 de fotos de l&#8217;edici\u00f3 de 2019)<\/a>. Els alumnes fan rob\u00f2tica a l&#8217;ESO.<a href=\"http:\/\/agora.xtec.cat\/ies-sabadell\/wp-content\/uploads\/usu405\/2016\/11\/DSC_0195-e1480693350788.jpg\"><img loading=\"lazy\" decoding=\"async\" class=\"wp-image-15854 aligncenter\" src=\"http:\/\/agora.xtec.cat\/ies-sabadell\/wp-content\/uploads\/usu405\/2016\/11\/DSC_0195-1024x576.jpg\" alt=\"dsc_0195\" width=\"431\" height=\"242\" \/><\/a><\/li>\n<li><strong>Volem formar el nostre alumnat en l\u2019\u00fas de les noves tecnologies<\/strong>: fem servir habitualment tauletes digitals i\/o ordinadors personals a l&#8217;aula; fomentem la utilitzaci\u00f3 responsable d\u2019internet com a font d\u2019informaci\u00f3 i els recursos digitals com a eines d\u2019estudi, recerca i presentaci\u00f3 i comunicaci\u00f3 de coneixements. Utilitzem la plataforma Moodle com a recurs pedag\u00f2gic en algunes assignatures. <a href=\"http:\/\/agora.xtec.cat\/ies-sabadell\/wp-content\/uploads\/usu405\/2015\/09\/Selecci\u00f3_999292.png\"><img loading=\"lazy\" decoding=\"async\" class=\"wp-image-14594 aligncenter\" src=\"http:\/\/agora.xtec.cat\/ies-sabadell\/wp-content\/uploads\/usu405\/2015\/09\/Selecci\u00f3_999292.png\" alt=\"Selecci\u00f3_999292\" width=\"391\" height=\"256\" srcset=\"https:\/\/agora.xtec.cat\/ies-sabadell\/wp-content\/uploads\/usu405\/2015\/09\/Selecci\u00f3_999292.png 710w, https:\/\/agora.xtec.cat\/ies-sabadell\/wp-content\/uploads\/usu405\/2015\/09\/Selecci\u00f3_999292-300x196.png 300w\" sizes=\"auto, (max-width: 391px) 100vw, 391px\" \/><\/a><\/li>\n<li><strong>Fomentem en els alumnes l&#8217;h\u00e0bit de llegir per plaer i amb autonomia<\/strong>, conven\u00e7uts que la lectura \u00e9s la base de tots els aprenentatges i el fonament de la cultura.\u00a0A tota l&#8217;ESO hi ha una hora de lectura lliure setmanal a l&#8217;aula. Hi ha un sol departament de llengua que treballa coordinadament el<strong>\u00a0catal\u00e0 <\/strong>i el<strong> castell\u00e0.\u00a0\u00a0Tots els departaments fan activitats avaluables d&#8217;expressi\u00f3 oral i escrita.<\/strong> <a href=\"http:\/\/agora.xtec.cat\/ies-sabadell\/wp-content\/uploads\/usu405\/2016\/03\/FOTO-ALUMNES-4t.jpg\"><img loading=\"lazy\" decoding=\"async\" class=\"wp-image-15281 aligncenter\" src=\"http:\/\/agora.xtec.cat\/ies-sabadell\/wp-content\/uploads\/usu405\/2016\/03\/FOTO-ALUMNES-4t.jpg\" alt=\"FOTO ALUMNES 4t\" width=\"232\" height=\"309\" srcset=\"https:\/\/agora.xtec.cat\/ies-sabadell\/wp-content\/uploads\/usu405\/2016\/03\/FOTO-ALUMNES-4t.jpg 314w, https:\/\/agora.xtec.cat\/ies-sabadell\/wp-content\/uploads\/usu405\/2016\/03\/FOTO-ALUMNES-4t-225x300.jpg 225w\" sizes=\"auto, (max-width: 232px) 100vw, 232px\" \/><\/a><\/li>\n<li><strong>En tots els nivells d&#8217;ESO es fan desdoblaments per fer angl\u00e8s oral en grups redu\u00efts<\/strong>. El Departament d&#8217;idiomes tamb\u00e9 porta a terme activitats de millora de l&#8217;expressi\u00f3 escrita en angl\u00e8s.<strong> El Franc\u00e8s \u00e9s optatiu com a segon idioma a tota l&#8217;ESO i a 1r de Batxillerat.<br \/>\n<\/strong><\/li>\n<li>Cada trimestre oferim optatives de refor\u00e7, ampliaci\u00f3 i iniciaci\u00f3. Es fan assignatures optatives que serveixen per recuperar mat\u00e8ries pendents de cursos anteriors.<\/li>\n<li><strong>A 4t d&#8217;ESO treballem per itineraris<\/strong> amb assignatures orientades a les diferents modalitats de batxillerat o fam\u00edlies professionals de CF.<\/li>\n<li><strong>A EF es forma l&#8217;alumnat en h\u00e0bits saludables<\/strong> i, a 4t ESO, els alumnes que cursen l&#8217;assignatura &#8220;Esport i salut&#8221; poden obtenir el certificat del Curs d&#8217;iniciaci\u00f3 de t\u00e8cnic esportiu.<\/li>\n<li>Tenim un <strong>Departament d&#8217;expressi\u00f3 art\u00edstica<\/strong> que organitza activitats compartides de M\u00fasica i Educaci\u00f3 Visual i Pl\u00e0stica.<a href=\"https:\/\/agora.xtec.cat\/ies-sabadell\/wp-content\/uploads\/usu405\/2020\/01\/CapturaJR.jpg\"><img loading=\"lazy\" decoding=\"async\" class=\" wp-image-18516 aligncenter\" src=\"https:\/\/agora.xtec.cat\/ies-sabadell\/wp-content\/uploads\/usu405\/2020\/01\/CapturaJR.jpg\" alt=\"\" width=\"442\" height=\"243\" srcset=\"https:\/\/agora.xtec.cat\/ies-sabadell\/wp-content\/uploads\/usu405\/2020\/01\/CapturaJR.jpg 569w, https:\/\/agora.xtec.cat\/ies-sabadell\/wp-content\/uploads\/usu405\/2020\/01\/CapturaJR-300x165.jpg 300w\" sizes=\"auto, (max-width: 442px) 100vw, 442px\" \/><\/a><\/li>\n<li><span style=\"font-family: inherit; font-size: 1em;\">Duem a terme un <strong>programa coherent d&#8217;activitats fora del centre<\/strong> intentant sempre que el cost sigui molt baix i que, si \u00e9s possible, siguin gratu\u00eftes: teatre escolar, excursions, visites a exposicions, etc.<\/span><\/li>\n<li>Cada curs, tots els departaments did\u00e0ctics del centre programen i despleguen activitats per millorar els aprenentatges.<\/li>\n<li>Els cursos 2018-20 hem dut a terme el <strong>projecte Erasmus +<\/strong> Dietes sostenibles en col\u00b7laboraci\u00f3 amb instituts de Portugal, \u00c0ustria i Eslov\u00e0quia.<\/li>\n<\/ol>\n<h3>Orientaci\u00f3 i atenci\u00f3 a la diversitat<\/h3>\n<p>-Volem orientar cada estudiant a assolir els seus objectius en funci\u00f3 dels seus interessos, motivaci\u00f3 i aptituds.<br \/>\n-Elaborem plans individuals de treball i refor\u00e7 per a l&#8217;alumnat que t\u00e9 necessitats educatives especials.<br \/>\n-A 1r, 2n i 3r d&#8217;ESO \u00a0fem atencions en petit grup, disposem d&#8217;aula d&#8217;aprenentatges b\u00e0sics de catal\u00e0, castell\u00e0 i matem\u00e0tiques per l&#8217;alumnat que necessita suport per assolir les compet\u00e8ncies b\u00e0siques.<br \/>\n-A 4t d&#8217;ESO, l&#8217;alumnat amb m\u00e9s dificultats d&#8217;aprenentatge treballa en un grup adaptat \u00a0amb l&#8217;objectiu d&#8217;assolir les compet\u00e8ncies b\u00e0siques i facilitar-li l&#8217;obtenci\u00f3 del t\u00edtol d&#8217;ESO.<br \/>\n-Disposem d&#8217;una <strong>Aula Oberta<\/strong> que\u00a0porta a termes\u00a0projectes com l\u2019hort escolar, jardineria, servei comunitari, etc.<\/p>\n<p><a href=\"http:\/\/agora.xtec.cat\/ies-sabadell\/wp-content\/uploads\/usu405\/2015\/06\/bassa.png\"><img loading=\"lazy\" decoding=\"async\" class=\"wp-image-14290 aligncenter\" src=\"http:\/\/agora.xtec.cat\/ies-sabadell\/wp-content\/uploads\/usu405\/2015\/06\/bassa.png\" alt=\"bassa\" width=\"419\" height=\"243\" srcset=\"https:\/\/agora.xtec.cat\/ies-sabadell\/wp-content\/uploads\/usu405\/2015\/06\/bassa.png 650w, https:\/\/agora.xtec.cat\/ies-sabadell\/wp-content\/uploads\/usu405\/2015\/06\/bassa-300x174.png 300w\" sizes=\"auto, (max-width: 419px) 100vw, 419px\" \/><\/a><\/p>\n<p>-Tenim una <strong>Aula d&#8217;acollida<\/strong> per a l&#8217;alumnat nouvingut, que facilita la seva immersi\u00f3 en la llengua catalana i la seva integraci\u00f3 en la vida escolar del centre.<br \/>\n-Treballem coordinadament amb l&#8217;EAP, els Serveis de Salut, els Serveis Socials\u00a0 i amb els altres professionals que tenen cura del nostre alumnat: una infermera asessora l&#8217;alumnat al centre un mat\u00ed a la setmana (Programa Salut i Escola).<\/p>\n<h3>Acci\u00f3 tutorial<\/h3>\n<p>-Es realitza\u00a0un seguiment personal de l&#8217;alumne.\u00a0Hi ha <strong>dues hores setmanals de tutoria<\/strong> amb activitats formatives complement\u00e0ries per a cada nivell sobre autoestima, resoluci\u00f3 de conflictes, conviv\u00e8ncia, prevenci\u00f3 del bullyng escolar i del ciberasetjament, \u00fas responsable de les xarxes socials, relacions de parella, educaci\u00f3 de les emocions, prevenci\u00f3 de les drogaadiccions, drets humans, gesti\u00f3 de residus, orientaci\u00f3 d&#8217;estudis postobligaroris, etc.<br \/>\n-Seguim un<strong> protocol de prevenci\u00f3 de l&#8217;absentisme<\/strong> per mirar d&#8217;evitar-lo i, en cas que es produeixi, corregir-lo d&#8217;una manera educadora, intentant sempre que es garanteixi el dret dels nois i noies a l&#8217;educaci\u00f3.<br \/>\n-Mirem de gestionar la resoluci\u00f3 de conflictes mitjan\u00e7ant el<strong> Servei de mediaci\u00f3,<\/strong> amb la participaci\u00f3 d&#8217;alumnat i professorat mediadors.<\/p>\n<h3>LLibres de text<\/h3>\n<p>-Treballem a l&#8217;ESO\u00a0amb moodle, llibres digitals i llibres paper reciclats. \u00a0L&#8217;AMPA del centre\u00a0organitza el <strong>reciclatge i\u00a0distribuci\u00f3 dels llibres de text al mateix institut i a preus redu\u00efts (50% de descompte aprox) mitjan\u00e7ant l&#8217;empresa<a href=\"https:\/\/www.iddink.cat\/\"> Iddink<\/a><\/strong>, de manera que els alumnes puguin comen\u00e7ar el curs disposant de tots els llibres que necessiten.<br \/>\n-Tamb\u00e9 amb la subvenci\u00f3 de l&#8217;AMPA tenim alguns llibres\u00a0de lectura obligat\u00f2ria de catal\u00e0, castell\u00e0 i angl\u00e8s socialitzats.<\/p>\n<h3>Relaci\u00f3 amb les fam\u00edlies<\/h3>\n<p>-Les fam\u00edlies poden comunicar-se amb el tutor via e-mail o telef\u00f2nicament, a l&#8217;institut. Els tutors poden atendre als pares o mares en entrevistes a realitzar en hores concertades.<br \/>\n-Facilitem a les fam\u00edlies <strong>el seguiment on line de l\u2019assist\u00e8ncia, les incid\u00e8ncies d\u2019aula dels seus fills i actuacions contra la conviv\u00e8ncia i sancions (amb l&#8217;app ENSE)<\/strong>. Enviem avisos als pares en cas d\u2019abs\u00e8ncia a 1\u00aa hora. <strong>Enviem setmanalment a les fam\u00edlies per email un informe personalitzat d\u2019assist\u00e8ncia, puntualitat i incid\u00e8ncies del seu fills i filles.<br \/>\n<\/strong>-Les fam\u00edlies i l&#8217;alumnat en general <strong>poden consultar les programacions generals de les assignatures i els criteris d&#8217;avaluaci\u00f3 i recuperaci\u00f3<\/strong> en aquest mateix web. (Vg. sempre al men\u00fa lateral d&#8217;aquesta mateixa p\u00e0gina<a href=\"https:\/\/frontal.institutsabadell.cat\/eso-moodle\/course\/view.php?id=166\">\u00a0i en aquest link<\/a>).<\/p>\n<h3>Horari de classes i esbarjo<\/h3>\n<p>-L&#8217;horari de classes \u00e9s de 8 a 14:30 h.<br \/>\n-L&#8217;esbarjo \u00e9s de 11 a 11:30 h.\u00a0 Els alumnes de 1r i 2n fan jocs organitzats en les estones d&#8217;esbarjo. Hi ha patis separats per 1r-2n d&#8217;ESO i 3r-4t d&#8217;ESO.<br \/>\nA les estones d&#8217;esbarjo els alumnes que ho vulguin poden anar a la biblioteca o altres espais supervisats per professorat (aula de jocs de taula, aula d&#8217;inform\u00e0tica, etc)<\/p>\n<h3>Principals activitats fora del centre<\/h3>\n<p>La participaci\u00f3 en aquestes activitats \u00e9s volunt\u00e0ria per a l&#8217;alumnat.<\/p>\n<ul>\n<li>1r ESO: Esquiada a Masella o altres activitats esportives a la natura i al centre pels que no van a l&#8217;esquiada.<\/li>\n<li>2n ESO: Col\u00f2nies a Prades (Priorat), al juny.<\/li>\n<li>3r ESO: Col\u00f2nies a Altafulla (al juny). Intercanvi amb un institut franc\u00e8s de Font Romeu, per als alumnes que estudien aquesta llengua.<\/li>\n<li>4t ESO: Viatge de fi d&#8217;estudis d&#8217;ESO.<\/li>\n<\/ul>\n<h3>Altres serveis a l&#8217;alumnat<\/h3>\n<p>En col\u00b7laboraci\u00f3 amb l&#8217;AMPA:<br \/>\n<span style=\"font-family: inherit; font-size: 1em; line-height: 1.6;\">-Grups de Suport a l&#8217;estudi, a les tardes, si hi ha un m\u00ednim d&#8217;alumnes que ho demanen.<br \/>\n-Grup d&#8217;Angl\u00e8s-Conversa a les tardes.<br \/>\n<\/span>-Activitats escolars esportives (Handbol, Futbol Sala mascul\u00ed i femen\u00ed, Boleivol, teatre emocional, etc&#8230;).<br \/>\n-Classes de refor\u00e7 al juliol pels alumnes amb assignatures pendents\u00a0per la convocat\u00f2ria de setembre.<\/p>\n<h3><strong>Vinculaci\u00f3 amb entitats i projectes externs per a l&#8217;ESO<\/strong><\/h3>\n<p>Assenyalem alguns dels projectes vinculats a entitats externes amb qu\u00e8 hem col\u00b7laborat en els darrers cursos o hi estem col\u00b7laborant:<\/p>\n<ul>\n<li>Projecte \u00cdtaca. Estades a la Universitat Aut\u00f2noma de Barcelona per alumnat de 3r d&#8217;ESO.<\/li>\n<li>Vapor Llonch, en el Programa Coneixement d&#8217;Ofici.<\/li>\n<li>UAB, en els programes SASAT (prevenci\u00f3 de l&#8217;abandonament escolar); ECOPREV i MABIC (prevenci\u00f3 de transtorns alimentaris)<\/li>\n<li>Voluntariat al Casal de gent gran del Complex Alexandra al Barri de Can Rull: coral i tallers d&#8217;\u00fas d&#8217;smartphones.<\/li>\n<li>Hort escolar amb avis del barri.<\/li>\n<li>Col\u00b7laboracions amb les escoles Can Rull (Contes per infantil) i Andreu Castells (Jocs als patis).<\/li>\n<li>Conveni amb l&#8217;esplai Associaci\u00f3 Esquitx.<\/li>\n<li>Espai jove del Centre C\u00edvic de Can Rull: compartim projectes formatius.<\/li>\n<li>Col\u00b7laboraci\u00f3 amb la Fundaci\u00f3 Atendis en la recollida de taps de pl\u00e0stic.<\/li>\n<li>Projecte &#8220;Coneixement d&#8217;oficis&#8221; per alumnat de 4t d&#8217;ESO al Vapor Llonch (Ajuntament de Sabadell).<\/li>\n<li>Projecte XESI sobre voluntariat jovenil, amb l&#8217;Ajuntament de Sabadell.<\/li>\n<li>Narraci\u00f3 de contes al cicle d&#8217;educaci\u00f3 infantil de l&#8217;escola Can Rull.<\/li>\n<li>Oncolliga, en Servei comunitari.<\/li>\n<li>Creu Roja i Banc de Sang i Teixits, en Servei comunitari i Jornada de donaci\u00f3 de sang.<\/li>\n<li>Hospital de Sant Joan de D\u00e9u, xocolatada solid\u00e0ria per al c\u00e0ncer infantil.<\/li>\n<\/ul>\n<p><a href=\"http:\/\/agora.xtec.cat\/ies-sabadell\/wp-content\/uploads\/usu405\/2017\/01\/i.png\"><img loading=\"lazy\" decoding=\"async\" class=\"wp-image-16014 aligncenter\" src=\"http:\/\/agora.xtec.cat\/ies-sabadell\/wp-content\/uploads\/usu405\/2017\/01\/i.png\" alt=\"i\" width=\"305\" height=\"324\" srcset=\"https:\/\/agora.xtec.cat\/ies-sabadell\/wp-content\/uploads\/usu405\/2017\/01\/i.png 674w, https:\/\/agora.xtec.cat\/ies-sabadell\/wp-content\/uploads\/usu405\/2017\/01\/i-282x300.png 282w\" sizes=\"auto, (max-width: 305px) 100vw, 305px\" \/><\/a><\/p>\n<p style=\"text-align: center;\"><sub>Alumnat participant al projecte XESI, 2016<\/sub><\/p>\n","protected":false},"excerpt":{"rendered":"<p>Grups tutoria redu\u00efts<br \/>\nEl nostre institut ofereix 4 l\u00ednies d&#8217;ESO, per\u00f2 repartim l&#8217;alumnat en 5 tutories per treballar amb grups m\u00e9s redu\u00efts d&#8217;uns 22-24 alumnes per cada grup-tutoria.<br \/>\nPrincipals actuacions pedag\u00f2giques<br \/>\n<a href=\"http:\/\/agora.xtec.cat\/ies-sabadell\/projectes-pedagogics-a-leso\/\">Consulta els principals projectes pedag\u00f2gics que desenvolupem a l&#8217;ESO. ENTREU AQU\u00cd&#8230;<\/a><br \/>\nAlgunes trets propis del centre pel&hellip;  <a href=\"https:\/\/agora.xtec.cat\/ies-sabadell\/eso\/\" title=\"Read ESO\">Llegeix m\u00e9s\u00bb<\/a><\/p>\n","protected":false},"author":2,"featured_media":0,"parent":0,"menu_order":13,"comment_status":"closed","ping_status":"closed","template":"page-templates\/side-menu.php","meta":{"_bbp_topic_count":0,"_bbp_reply_count":0,"_bbp_total_topic_count":0,"_bbp_total_reply_count":0,"_bbp_voice_count":0,"_bbp_anonymous_reply_count":0,"_bbp_topic_count_hidden":0,"_bbp_reply_count_hidden":0,"_bbp_forum_subforum_count":0,"footnotes":""},"class_list":["post-13214","page","type-page","status-publish","hentry"],"post_mailing_queue_ids":[],"_links":{"self":[{"href":"https:\/\/agora.xtec.cat\/ies-sabadell\/wp-json\/wp\/v2\/pages\/13214","targetHints":{"allow":["GET"]}}],"collection":[{"href":"https:\/\/agora.xtec.cat\/ies-sabadell\/wp-json\/wp\/v2\/pages"}],"about":[{"href":"https:\/\/agora.xtec.cat\/ies-sabadell\/wp-json\/wp\/v2\/types\/page"}],"author":[{"embeddable":true,"href":"https:\/\/agora.xtec.cat\/ies-sabadell\/wp-json\/wp\/v2\/users\/2"}],"replies":[{"embeddable":true,"href":"https:\/\/agora.xtec.cat\/ies-sabadell\/wp-json\/wp\/v2\/comments?post=13214"}],"version-history":[{"count":3,"href":"https:\/\/agora.xtec.cat\/ies-sabadell\/wp-json\/wp\/v2\/pages\/13214\/revisions"}],"predecessor-version":[{"id":18653,"href":"https:\/\/agora.xtec.cat\/ies-sabadell\/wp-json\/wp\/v2\/pages\/13214\/revisions\/18653"}],"wp:attachment":[{"href":"https:\/\/agora.xtec.cat\/ies-sabadell\/wp-json\/wp\/v2\/media?parent=13214"}],"curies":[{"name":"wp","href":"https:\/\/api.w.org\/{rel}","templated":true}]}}