{"id":13207,"date":"2015-02-09T22:19:41","date_gmt":"2015-02-09T22:19:41","guid":{"rendered":"http:\/\/ies-sabadell.cat\/nodes\/?page_id=13207"},"modified":"2024-05-21T21:12:00","modified_gmt":"2024-05-21T19:12:00","slug":"batxillerat","status":"publish","type":"page","link":"https:\/\/agora.xtec.cat\/ies-sabadell\/batxillerat\/","title":{"rendered":"Batxillerat"},"content":{"rendered":"<p><a href=\"https:\/\/drive.google.com\/file\/d\/1li0LRuiN5lLlJRvJs2i-xjfsvq00IzjB\/view?usp=sharing\"><strong>Tr\u00edptic informatiu de les Jornada de Portes Obertes de Batxillerat per al curs 2024-2025<span style=\"color: #ff0000;\"> (actualitzat 3\/04\/2024)<\/span><\/strong><\/a><\/p>\n<p><a href=\"https:\/\/docs.google.com\/presentation\/d\/1FqhxhHBWeNpdFvjgxTVUoXDPxA_teU4k\/edit?usp=sharing&amp;ouid=111475055887602135058&amp;rtpof=true&amp;sd=true\"><strong>Power Point de presentaci\u00f3 del Batxillerat 2024-2025<\/strong><\/a><\/p>\n<hr \/>\n<h6>Informacions sobre el batxillerat a l&#8217;Institut Sabadell<\/h6>\n<p>El nostre institut ofereix <strong>2 l\u00ednies de Batxillerat,<\/strong> respectivament,\u00a0de les modalitats cient\u00edfica-tecnol\u00f2gica, social-human\u00edstica, amb quatre itineraris.<\/p>\n<p>A <strong>1r de Batxillerat<\/strong> les assignatures s\u00f3n:<\/p>\n<ul>\n<li><span style=\"text-decoration: underline;\">Comunes<\/span>: Catal\u00e0, Castell\u00e0, Angl\u00e8s, Filosofia, Ci\u00e8ncies del m\u00f3n contemporani, Educaci\u00f3 F\u00edsica.<\/li>\n<li><span style=\"text-decoration: underline;\">Itinerari cient\u00edfic:<\/span> Matem\u00e0tiques, F\u00edsica (o una optativa), Qu\u00edmica, Biologia.<\/li>\n<li><span style=\"text-decoration: underline;\">Itinerari tecnol\u00f2gic<\/span>:\u00a0Matem\u00e0tiques, F\u00edsica (o una optativa), Dibuix t\u00e8cnic \/ Qu\u00edmica, Tecnologia.<\/li>\n<li><span style=\"text-decoration: underline;\">Itinerari Ci\u00e8ncies Socials<\/span>:\u00a0Matem\u00e0tiques aplicades a les CCSS, \u00a0Economia i Org. d&#8217;empreses, Hist\u00f2ria contempor\u00e0nia i una optativa.<\/li>\n<li><span style=\"text-decoration: underline;\">Itinerari Human\u00edstic<\/span>: Llat\u00ed, Grec, Literatura Catalana, Hist\u00f2ria contempor\u00e0nia, .<br \/>\n<span style=\"text-decoration: underline;\">Assignatures optatives<\/span>*: Economia, Psicologia i sociologia, Franc\u00e8s, F\u00edsica.<\/li>\n<\/ul>\n<p>A <strong>2n de Batxillerat<\/strong> les assignatures s\u00f3n:<\/p>\n<ul>\n<li><span style=\"text-decoration: underline;\">Comunes<\/span>: Catal\u00e0, Castell\u00e0, Angl\u00e8s, Hist\u00f2ria de la Filosofia, Hist\u00f2ria.<\/li>\n<li><span style=\"text-decoration: underline;\">Itinerari cient\u00edfic:<\/span> Matem\u00e0tiques, F\u00edsica, Qu\u00edmica, Biologia o\u00a0Estada a l&#8217;empresa.<\/li>\n<li><span style=\"text-decoration: underline;\">Itinerari tecnol\u00f2gic<\/span>:\u00a0Matem\u00e0tiques, F\u00edsica, Dibuix t\u00e8cnic \/ Qu\u00edmica o\u00a0Estada a l&#8217;empresa.<\/li>\n<li><span style=\"text-decoration: underline;\">Itinerari Ci\u00e8ncies Socials<\/span>:\u00a0Matem\u00e0tiques aplicades a les CCSS, Economia i Org. d&#8217;empreses, Geografia o Estada a l&#8217;empresa.<\/li>\n<li><span style=\"text-decoration: underline;\">Itinerari Human\u00edstic<\/span>: Llat\u00ed, Literatura Castellana, Geografia,\u00a0Hist\u00f2ria de l&#8217;Art o\u00a0Estada a l&#8217;empresa.<\/li>\n<\/ul>\n<p><span style=\"font-family: inherit; font-size: 1em; line-height: 1.6;\">L&#8217;alumne <\/span><span style=\"text-decoration: underline;\">pot escollir altres assignatures del seu inter\u00e8s a 1r i 2n de Batxillerat \u00a0cursant-les a l&#8217;IOC<\/span><span style=\"font-family: inherit; font-size: 1em; line-height: 1.6;\"> amb l&#8217;assessorament de professorat del centre. \u00a0Oferim estades en empreses a alumnes a finals de 1r de Batxillerat de totes les modalitats de Batxillerat.<\/span><\/p>\n<h3>Principals actuacions pedag\u00f2giques al Batxillerat<\/h3>\n<ul>\n<li>A 2n de Batxillerat intensifiquem la preparaci\u00f3 exhaustiva de les PAU en totes les assignatures.<\/li>\n<li>A 1r i 2n oferim ex\u00e0mens i activitats de recuperaci\u00f3 anteriors a les proves extraordin\u00e0ries per facilitar a l&#8217;alumnat la superaci\u00f3 del curs. <span style=\"font-family: inherit; font-size: 1em; line-height: 1.6;\">Facilitem que l\u2019alumnat que no supera el 1r curs i que t\u00e9 fins a 4 assignatures suspeses pugui fer el <strong>Batxillerat en 3 anys<\/strong>, combinant durant el segon any assignatures de 1r i de 2n.<br \/>\n<\/span>Els alumnes treballen amb un Manual d&#8217;estil amb orientacions i normes per a l&#8217;elaboraci\u00f3 de treballs escrits en totes les assignatures, en una perspectiva universit\u00e0ria.<\/li>\n<li>Impulsem la mobilitat de l&#8217;alumnat per a l&#8217;aprenentatge de les lleng\u00fces estrangeres. Durant el 2n trimestre de 1r de Batxillerat oferim una estada de l&#8217;alumnat a la Gran Bretanya per practicar l&#8217;angl\u00e8s.\u00a0Durant el 3r trimestre, tamb\u00e9 s&#8217;ofereix una estada a Par\u00eds per als alumnes de l&#8217;optativa de Franc\u00e8s Segon idioma.\u00a0A m\u00e9s, facilitem la preparaci\u00f3 de l&#8217;alumnat per als ex\u00e0mens oficials d&#8217;angl\u00e8s (<i>FCE<\/i>\u00a0Cambridge English First Certificate)\u00a0i franc\u00e8s (<i>DELF<\/i>\u00a0a l&#8217;Alliance Fran\u00e7aise de Sabadell).<\/li>\n<li>Els alumnes de ci\u00e8ncies fan activitats d&#8217;experimentaci\u00f3 als laboratoris de la UAB, en el marc de diverses activitats anuals organitzades per aquesta universitat. Celebrem amb activitats pr\u00f2pies de batxillerat el Dia de la Ci\u00e8ncia.<\/li>\n<\/ul>\n<p><a href=\"http:\/\/agora.xtec.cat\/ies-sabadell\/wp-content\/uploads\/usu405\/2017\/01\/IMG-20170127-WA0000.jpg\"><img loading=\"lazy\" decoding=\"async\" class=\"alignnone wp-image-16018\" src=\"http:\/\/agora.xtec.cat\/ies-sabadell\/wp-content\/uploads\/usu405\/2017\/01\/IMG-20170127-WA0000-1024x768.jpg\" alt=\"img-20170127-wa0000\" width=\"453\" height=\"340\" srcset=\"https:\/\/agora.xtec.cat\/ies-sabadell\/wp-content\/uploads\/usu405\/2017\/01\/IMG-20170127-WA0000-1024x768.jpg 1024w, https:\/\/agora.xtec.cat\/ies-sabadell\/wp-content\/uploads\/usu405\/2017\/01\/IMG-20170127-WA0000-300x225.jpg 300w, https:\/\/agora.xtec.cat\/ies-sabadell\/wp-content\/uploads\/usu405\/2017\/01\/IMG-20170127-WA0000-768x576.jpg 768w, https:\/\/agora.xtec.cat\/ies-sabadell\/wp-content\/uploads\/usu405\/2017\/01\/IMG-20170127-WA0000-200x150.jpg 200w, https:\/\/agora.xtec.cat\/ies-sabadell\/wp-content\/uploads\/usu405\/2017\/01\/IMG-20170127-WA0000.jpg 1600w\" sizes=\"auto, (max-width: 453px) 100vw, 453px\" \/><\/a><\/p>\n<ul>\n<li>Hem concebut el <a href=\"http:\/\/ies-sabadell.cat\/nodes\/?p=13261\"><strong>treball de recerca de 2n de Batxillerat<\/strong><\/a> com una activitat d&#8217;iniciaci\u00f3 a la investigaci\u00f3 de nivell universitari orientada a la creaci\u00f3 de nou coneixement. Facilitem la realitzaci\u00f3 del treball a de recerca a universitats, centres d&#8217;investigaci\u00f3 i altres entitats.<\/li>\n<\/ul>\n<p><a href=\"http:\/\/agora.xtec.cat\/ies-sabadell\/wp-content\/uploads\/usu405\/2017\/01\/20170116_125700.jpg\"><img loading=\"lazy\" decoding=\"async\" class=\"alignnone wp-image-15993\" src=\"http:\/\/agora.xtec.cat\/ies-sabadell\/wp-content\/uploads\/usu405\/2017\/01\/20170116_125700-1024x768.jpg\" alt=\"20170116_125700\" width=\"464\" height=\"348\" srcset=\"https:\/\/agora.xtec.cat\/ies-sabadell\/wp-content\/uploads\/usu405\/2017\/01\/20170116_125700-1024x768.jpg 1024w, https:\/\/agora.xtec.cat\/ies-sabadell\/wp-content\/uploads\/usu405\/2017\/01\/20170116_125700-300x225.jpg 300w, https:\/\/agora.xtec.cat\/ies-sabadell\/wp-content\/uploads\/usu405\/2017\/01\/20170116_125700-768x576.jpg 768w, https:\/\/agora.xtec.cat\/ies-sabadell\/wp-content\/uploads\/usu405\/2017\/01\/20170116_125700-200x150.jpg 200w\" sizes=\"auto, (max-width: 464px) 100vw, 464px\" \/><\/a><\/p>\n<ul>\n<li>Participem en les Proves Cangur de Matem\u00e0tiques.<\/li>\n<li>Els alumnes de 1r de Batxillerat participen en el programa de <a href=\"https:\/\/sites.google.com\/site\/assignaturesbatisb\/fotofilosofia\">Fotofilosofia<\/a>.<\/li>\n<\/ul>\n<p>Totes\u00a0les aules de Batxillerat compten amb connexi\u00f3 wifi, projector i pissarra digital. A m\u00e9s, tenim aules espec\u00edfiques amb laboratoris de ci\u00e8ncies, laboratori d&#8217;idiomes, aules de dibuix, taller de tecnologia, aules d&#8217;inform\u00e0tica, aules d&#8217;\u00e0udio-visuals, entre d&#8217;altres.<\/p>\n<h3>Horari de classes<\/h3>\n<p>L&#8217;horari \u00a0a 1r i 2n de Batxillerat \u00e9s de 8 a 14:30 h.<\/p>\n<h3>Acci\u00f3 tutorial<\/h3>\n<p>S&#8217;intenta dur a terme un seguiment personal de l&#8217;alumne.\u00a0Hi ha una hora de tutoria setmanal.\u00a0Centrem l\u2019acci\u00f3 tutorial al Batxillerat en les t\u00e8cniques d\u2019estudi pr\u00f2pies d&#8217;aquesta etapa i, sobretot, l\u2019orientaci\u00f3 professional i d\u2019estudis universitaris i de Cicles Formatius. Fem un seguiment personal de l\u2019alumnat en sessions peri\u00f2diques de tutoria amb cada estudiant. Tamb\u00e9 dediquem hores de tutoria a confer\u00e8ncies i altres activitats culturals.<\/p>\n<h3>Relaci\u00f3 amb les fam\u00edlies<\/h3>\n<p>Les fam\u00edlies poden comunicar-se amb el tutor via e-mail o telef\u00f2nicament, a l&#8217;institut. Els tutors poden atendre els pares o mares en entrevistes a realitzar en hores concertades.<br \/>\nEnviem setmanalment a les fam\u00edlies per email un informe personalitzat d\u2019assist\u00e8ncia, puntualitat i incid\u00e8ncies.<\/p>\n<p>Les fam\u00edlies i l&#8217;alumnat en general <strong>poden consultar les programacions generals de les assignatures i els criteris d&#8217;avaluaci\u00f3 i recuperaci\u00f3<\/strong> en aquest mateix web (Vg. men\u00fa lateral d&#8217;aquesta mateixa p\u00e0gina).<\/p>\n<h3>Altres serveis a l&#8217;alumnat<\/h3>\n<p>-Disposem d&#8217;un espai de treball de grups de l&#8217;alumnat durant el mat\u00ed i a tamb\u00e9 les tardes, fins a les 20 h, \u00a0amb wifi, endolls per a PC i pissarra.<br \/>\n-Classes complement\u00e0ries d&#8217;angl\u00e8s a les tardes (conversa), a preus redu\u00efts.<br \/>\n-Hi ha la possibilitat de formar grups de suport a l&#8217;estudi, a les tardes, si hi ha un m\u00ednim d&#8217;alumnes que ho demanen.<br \/>\n-Atres activitats escolars esportives:: Handbol, Futbol Sala, Korfball&#8230;.<\/p>\n<p><a href=\"http:\/\/agora.xtec.cat\/ies-sabadell\/wp-content\/uploads\/usu405\/2016\/04\/Captura_opt.png\"><img loading=\"lazy\" decoding=\"async\" class=\"alignnone wp-image-15390\" src=\"http:\/\/agora.xtec.cat\/ies-sabadell\/wp-content\/uploads\/usu405\/2016\/04\/Captura_opt.png\" alt=\"Captura_opt\" width=\"467\" height=\"388\" srcset=\"https:\/\/agora.xtec.cat\/ies-sabadell\/wp-content\/uploads\/usu405\/2016\/04\/Captura_opt.png 400w, https:\/\/agora.xtec.cat\/ies-sabadell\/wp-content\/uploads\/usu405\/2016\/04\/Captura_opt-300x250.png 300w\" sizes=\"auto, (max-width: 467px) 100vw, 467px\" \/><\/a><\/p>\n<p>&nbsp;<\/p>\n<p>&nbsp;<\/p>\n<p>&nbsp;<\/p>\n<p>&nbsp;<\/p>\n","protected":false},"excerpt":{"rendered":"<p><a href=\"https:\/\/drive.google.com\/file\/d\/1li0LRuiN5lLlJRvJs2i-xjfsvq00IzjB\/view?usp=sharing\">Tr\u00edptic informatiu de les Jornada de Portes Obertes de Batxillerat per al curs 2024-2025 (actualitzat 3\/04\/2024)<\/a><br \/>\n<a href=\"https:\/\/docs.google.com\/presentation\/d\/1FqhxhHBWeNpdFvjgxTVUoXDPxA_teU4k\/edit?usp=sharing&amp;ouid=111475055887602135058&amp;rtpof=true&amp;sd=true\">Power Point de presentaci\u00f3 del Batxillerat 2024-2025<\/a><\/p>\n<p>Informacions sobre el batxillerat a l&#8217;Institut Sabadell<br \/>\nEl nostre institut ofereix 2 l\u00ednies de Batxillerat, respectivament,\u00a0de les modalitats cient\u00edfica-tecnol\u00f2gica, social-human\u00edstica, amb quatre itineraris.<br \/>\nA&hellip;  <a href=\"https:\/\/agora.xtec.cat\/ies-sabadell\/batxillerat\/\" title=\"Read Batxillerat\">Llegeix m\u00e9s\u00bb<\/a><\/p>\n","protected":false},"author":2,"featured_media":0,"parent":0,"menu_order":0,"comment_status":"closed","ping_status":"closed","template":"","meta":{"_bbp_topic_count":0,"_bbp_reply_count":0,"_bbp_total_topic_count":0,"_bbp_total_reply_count":0,"_bbp_voice_count":0,"_bbp_anonymous_reply_count":0,"_bbp_topic_count_hidden":0,"_bbp_reply_count_hidden":0,"_bbp_forum_subforum_count":0,"footnotes":""},"class_list":["post-13207","page","type-page","status-publish","hentry"],"post_mailing_queue_ids":[],"_links":{"self":[{"href":"https:\/\/agora.xtec.cat\/ies-sabadell\/wp-json\/wp\/v2\/pages\/13207","targetHints":{"allow":["GET"]}}],"collection":[{"href":"https:\/\/agora.xtec.cat\/ies-sabadell\/wp-json\/wp\/v2\/pages"}],"about":[{"href":"https:\/\/agora.xtec.cat\/ies-sabadell\/wp-json\/wp\/v2\/types\/page"}],"author":[{"embeddable":true,"href":"https:\/\/agora.xtec.cat\/ies-sabadell\/wp-json\/wp\/v2\/users\/2"}],"replies":[{"embeddable":true,"href":"https:\/\/agora.xtec.cat\/ies-sabadell\/wp-json\/wp\/v2\/comments?post=13207"}],"version-history":[{"count":7,"href":"https:\/\/agora.xtec.cat\/ies-sabadell\/wp-json\/wp\/v2\/pages\/13207\/revisions"}],"predecessor-version":[{"id":23493,"href":"https:\/\/agora.xtec.cat\/ies-sabadell\/wp-json\/wp\/v2\/pages\/13207\/revisions\/23493"}],"wp:attachment":[{"href":"https:\/\/agora.xtec.cat\/ies-sabadell\/wp-json\/wp\/v2\/media?parent=13207"}],"curies":[{"name":"wp","href":"https:\/\/api.w.org\/{rel}","templated":true}]}}