{"id":791,"date":"2018-01-30T18:08:35","date_gmt":"2018-01-30T17:08:35","guid":{"rendered":"http:\/\/agora.xtec.cat\/ies-rubio-hospitalet\/?page_id=791"},"modified":"2018-01-30T18:21:03","modified_gmt":"2018-01-30T17:21:03","slug":"diversitat","status":"publish","type":"page","link":"https:\/\/agora.xtec.cat\/ies-rubio-hospitalet\/departaments\/diversitat\/","title":{"rendered":"Diversitat"},"content":{"rendered":"<div><a href=\"https:\/\/sites.google.com\/a\/xtec.cat\/rubioiors\/departaments\/diversitat\/diversitat%20web%201.jpg?attredirects=0\"><img loading=\"lazy\" decoding=\"async\" class=\"alignleft\" src=\"https:\/\/sites.google.com\/a\/xtec.cat\/rubioiors\/_\/rsrc\/1488802212212\/departaments\/diversitat\/diversitat%20web%201.jpg?height=226&amp;width=320\" width=\"320\" height=\"226\" border=\"0\" \/><\/a><\/div>\n<p style=\"text-align: justify;\"><span style=\"color: #000000; font-family: verdana, sans-serif; font-size: medium;\">La\u00a0<b>diversitat \u00e9s una de les riqueses que m\u00e9s hem de valorar<\/b>\u00a0en la societat actual, ja que ens permet aprendre i compartir a tots i a totes. Les ciutats, els pobles i els barris estan plens de gent diversa.\u00a0<\/span><\/p>\n<p style=\"text-align: justify;\"><span style=\"color: #000000; font-family: verdana, sans-serif; font-size: medium;\">Hi ha persones amb diferents inquietuds, persones amb diferents capacitats, persones amb diferent aspecte f\u00edsic, persones de cultura diversa i persones amb lleng\u00fces d&#8217;arreu.<\/span><\/p>\n<p>&nbsp;<\/p>\n<p style=\"text-align: justify;\"><span style=\"font-family: verdana, sans-serif; font-size: medium;\"><b>Ning\u00fa \u00e9s millor que ning\u00fa\u00a0<\/b><span style=\"color: #000000;\">per les seves caracter\u00edstiques personals, f\u00edsiques, acad\u00e8miques o culturals. Tothom \u00e9s tractat igual al nostre institut, perqu\u00e8 tothom mereix les mateixes oportunitats.\u00a0<\/span><\/span><\/p>\n<p style=\"text-align: justify;\"><span style=\"color: #000000;\"><b>El Rubi\u00f3 i Ors \u00e9s un institut de totes i per a totes les persones.<\/b>\u00a0<\/span><\/p>\n<p style=\"text-align: justify;\"><span style=\"color: #000000; font-family: verdana, sans-serif; font-size: medium;\">Tot l&#8217;equip docent, i especialment el<b> Departament de Diversitat<\/b>, cuida i valora molt la diversitat i ens sentim orgullosos\/es de tenir la motivaci\u00f3 i la capacitat d&#8217;atendre tota aquesta heterogene\u00eftat.<\/span><\/p>\n<p style=\"text-align: justify;\"><span style=\"color: #000000;\">Des del <b>Departament de Diversitat<\/b> s&#8217;intenta oferir a l&#8217;alumnat una atenci\u00f3 m\u00e9s individualitzada i personalitzada, d&#8217;acord amb les seves necessitats.<\/span><\/p>\n<p>&nbsp;<\/p>\n<p>&nbsp;<\/p>\n<div><a href=\"https:\/\/sites.google.com\/a\/xtec.cat\/rubioiors\/departaments\/diversitat\/diversitat%20web%202.png?attredirects=0\"><img loading=\"lazy\" decoding=\"async\" class=\"alignleft\" src=\"https:\/\/sites.google.com\/a\/xtec.cat\/rubioiors\/_\/rsrc\/1488802212212\/departaments\/diversitat\/diversitat%20web%202.png?height=174&amp;width=400\" width=\"400\" height=\"174\" border=\"0\" \/><\/a><\/div>\n<div><\/div>\n<p><span style=\"font-family: verdana, sans-serif; font-size: medium;\"><span style=\"color: #000000;\">Actualment al Departament de Diversitat est\u00e0 format per l&#8217;<b>Elena Garc\u00eda\u00a0<\/b>(directora), la <b>Maite Sebastian<\/b> (psicopedagoga), la\u00a0<strong>Sabina Rodr\u00edguez <\/strong>(psic\u00f2loga),\u00a0la <b>Cristina Vargas<\/b> i la <b>Sandra Alarc\u00f3n<\/b> (professores de l&#8217;Aula d&#8217;Acollida).<\/span><span style=\"color: #351c75;\">\u00a0<\/span><\/span><\/p>\n<div><span style=\"font-family: verdana, sans-serif; font-size: medium;\"><span style=\"color: #351c75;\">\u00a0<\/span><\/span><\/div>\n<div><\/div>\n<div><\/div>\n<div><\/div>\n<h5><span style=\"font-size: medium; color: #3366ff;\"><span style=\"font-family: verdana, sans-serif;\">Si voleu con\u00e8ixer m\u00e9s a fons tot all\u00f2 relacionat amb l&#8217;Aula d&#8217;Acollida aquest \u00e9s el nostre\u00a0<a style=\"color: #3366ff;\" href=\"http:\/\/insrubioiorsauladacollida.blogspot.com.es\/\" target=\"_blank\" rel=\"noopener noreferrer\">BLOG!<\/a><\/span><\/span><\/h5>\n<div><span style=\"font-family: verdana, sans-serif; font-size: medium;\"><b>\u00a0<\/b><\/span><\/div>\n<div><span style=\"font-family: verdana, sans-serif; font-size: medium;\"><b>\u00a0<\/b><\/span><\/div>\n<div><span style=\"font-family: verdana, sans-serif; font-size: medium;\"><b>\u00a0<\/b><\/span><\/div>\n","protected":false},"excerpt":{"rendered":"<p>La\u00a0diversitat \u00e9s una de les riqueses que m\u00e9s hem de valorar\u00a0en la societat actual, ja que ens permet aprendre i compartir a tots i a totes. Les ciutats, els pobles i els barris estan plens de gent diversa.\u00a0 Hi ha persones amb diferents inquietuds, persones amb diferents capacitats, persones amb diferent aspecte f\u00edsic, persones de [&hellip;]<\/p>\n","protected":false},"author":1,"featured_media":0,"parent":623,"menu_order":0,"comment_status":"closed","ping_status":"closed","template":"page-templates\/side-menu.php","meta":{"_bbp_topic_count":0,"_bbp_reply_count":0,"_bbp_total_topic_count":0,"_bbp_total_reply_count":0,"_bbp_voice_count":0,"_bbp_anonymous_reply_count":0,"_bbp_topic_count_hidden":0,"_bbp_reply_count_hidden":0,"_bbp_forum_subforum_count":0,"site-sidebar-layout":"default","site-content-layout":"","ast-site-content-layout":"","site-content-style":"default","site-sidebar-style":"default","ast-global-header-display":"","ast-banner-title-visibility":"","ast-main-header-display":"","ast-hfb-above-header-display":"","ast-hfb-below-header-display":"","ast-hfb-mobile-header-display":"","site-post-title":"","ast-breadcrumbs-content":"","ast-featured-img":"","footer-sml-layout":"","theme-transparent-header-meta":"","adv-header-id-meta":"","stick-header-meta":"","header-above-stick-meta":"","header-main-stick-meta":"","header-below-stick-meta":"","astra-migrate-meta-layouts":"default","ast-page-background-enabled":"default","ast-page-background-meta":{"desktop":{"background-color":"var(--ast-global-color-4)","background-image":"","background-repeat":"repeat","background-position":"center center","background-size":"auto","background-attachment":"scroll","background-type":"","background-media":"","overlay-type":"","overlay-color":"","overlay-opacity":"","overlay-gradient":""},"tablet":{"background-color":"","background-image":"","background-repeat":"repeat","background-position":"center center","background-size":"auto","background-attachment":"scroll","background-type":"","background-media":"","overlay-type":"","overlay-color":"","overlay-opacity":"","overlay-gradient":""},"mobile":{"background-color":"","background-image":"","background-repeat":"repeat","background-position":"center center","background-size":"auto","background-attachment":"scroll","background-type":"","background-media":"","overlay-type":"","overlay-color":"","overlay-opacity":"","overlay-gradient":""}},"ast-content-background-meta":{"desktop":{"background-color":"var(--ast-global-color-5)","background-image":"","background-repeat":"repeat","background-position":"center center","background-size":"auto","background-attachment":"scroll","background-type":"","background-media":"","overlay-type":"","overlay-color":"","overlay-opacity":"","overlay-gradient":""},"tablet":{"background-color":"var(--ast-global-color-5)","background-image":"","background-repeat":"repeat","background-position":"center center","background-size":"auto","background-attachment":"scroll","background-type":"","background-media":"","overlay-type":"","overlay-color":"","overlay-opacity":"","overlay-gradient":""},"mobile":{"background-color":"var(--ast-global-color-5)","background-image":"","background-repeat":"repeat","background-position":"center center","background-size":"auto","background-attachment":"scroll","background-type":"","background-media":"","overlay-type":"","overlay-color":"","overlay-opacity":"","overlay-gradient":""}},"footnotes":""},"class_list":["post-791","page","type-page","status-publish","hentry"],"post_mailing_queue_ids":[],"_links":{"self":[{"href":"https:\/\/agora.xtec.cat\/ies-rubio-hospitalet\/wp-json\/wp\/v2\/pages\/791","targetHints":{"allow":["GET"]}}],"collection":[{"href":"https:\/\/agora.xtec.cat\/ies-rubio-hospitalet\/wp-json\/wp\/v2\/pages"}],"about":[{"href":"https:\/\/agora.xtec.cat\/ies-rubio-hospitalet\/wp-json\/wp\/v2\/types\/page"}],"author":[{"embeddable":true,"href":"https:\/\/agora.xtec.cat\/ies-rubio-hospitalet\/wp-json\/wp\/v2\/users\/1"}],"replies":[{"embeddable":true,"href":"https:\/\/agora.xtec.cat\/ies-rubio-hospitalet\/wp-json\/wp\/v2\/comments?post=791"}],"version-history":[{"count":3,"href":"https:\/\/agora.xtec.cat\/ies-rubio-hospitalet\/wp-json\/wp\/v2\/pages\/791\/revisions"}],"predecessor-version":[{"id":802,"href":"https:\/\/agora.xtec.cat\/ies-rubio-hospitalet\/wp-json\/wp\/v2\/pages\/791\/revisions\/802"}],"up":[{"embeddable":true,"href":"https:\/\/agora.xtec.cat\/ies-rubio-hospitalet\/wp-json\/wp\/v2\/pages\/623"}],"wp:attachment":[{"href":"https:\/\/agora.xtec.cat\/ies-rubio-hospitalet\/wp-json\/wp\/v2\/media?parent=791"}],"curies":[{"name":"wp","href":"https:\/\/api.w.org\/{rel}","templated":true}]}}