{"id":724,"date":"2018-01-29T19:22:31","date_gmt":"2018-01-29T18:22:31","guid":{"rendered":"http:\/\/agora.xtec.cat\/ies-rubio-hospitalet\/?page_id=724"},"modified":"2025-09-09T10:15:52","modified_gmt":"2025-09-09T08:15:52","slug":"criquet","status":"publish","type":"page","link":"https:\/\/agora.xtec.cat\/ies-rubio-hospitalet\/aprenentatge-i-servei\/criquet\/","title":{"rendered":"El Criquet Uneix"},"content":{"rendered":"<p><span lang=\"ES\"><span style=\"font-family: verdana, sans-serif; font-size: medium;\">Amb la col\u00b7laboraci\u00f3 del Consorci de Normalitzaci\u00f3 Ling\u00fc\u00edstica i el Servei de Mediaci\u00f3 duem a terme un projecte de criquet per\u00a0<b>visibilitzar la diversitat de referents esportius\u00a0<\/b>al nostre entorn, al mateix temps que\u00a0<b>s\u2019afavoreix una visi\u00f3 positiva de les diferents cultures<\/b>\u00a0tot trencant amb prejudicis i estereotips.\u00a0<\/span><\/span><\/p>\n<p>Hi ha un grup motor format per <b>alumnes de l\u2019institut <\/b>que s\u00f3n de l\u2019<b>\u00cdndia i del Paquistan,<\/b>\u00a0els quals han rebut una formaci\u00f3 de llengua per tal d\u2019ensenyar als seus companys i companyes a\u00a0<b>jugar al criquet<\/b>, l\u2019esport rei dels seus pa\u00efsos.<\/p>\n<div>\n<div><\/div>\n<div><span lang=\"ES\" style=\"font-family: verdana, sans-serif; font-size: medium; background-color: rgba(0, 0, 0, 0); font-weight: inherit;\">Ja s\u2019han fet les primeres pr\u00e0ctiques a Educaci\u00f3 F\u00edsica, i el grup motor ha fet molt b\u00e9 la seva tasca com a profes de criquet. <\/span><span lang=\"FR\" style=\"font-family: verdana, sans-serif; font-size: medium; background-color: rgba(0, 0, 0, 0); font-weight: inherit;\">Properament, s\u2019intentar\u00e0 quedar amb l\u2019institut Europa (que tamb\u00e9 fa aquest projecte) per fer partits interinstituts.<\/span><\/div>\n<div><\/div>\n<\/div>\n<div><\/div>\n<p><span style=\"font-family: verdana, sans-serif; font-size: medium;\">Es mostra la fase de formaci\u00f3, l&#8217;activitat del servei, la difusi\u00f3, l&#8217;avaluaci\u00f3 i la festa de cloenda final. El m\u00e9s important \u00e9s\u00a0<\/span><span style=\"font-family: verdana, sans-serif; font-size: medium;\">l&#8217;enriquiment personal que s&#8217;emporta tot l&#8217;alumnat i com han gaudit del projecte.<\/span><\/p>\n<h3><span style=\"font-size: x-large;\">Cloenda del Projecte Criquet:<\/span><\/h3>\n<p style=\"text-align: justify;\"><span style=\"font-family: verdana, sans-serif; font-size: medium;\">El passat dime<\/span><span style=\"font-family: verdana, sans-serif; font-size: medium;\">cres 7 de juny va ser la jornada de\u00a0<b>tancament del projecte \u00a0 de Criquet.<\/b>\u00a0Ho vam celebrar amb un\u00a0<b>partit contra l&#8217;institut Europa<\/b>\u00a0i va ser\u00a0una tarda molt divertida i emocionant.<br \/>\n<span style=\"color: #222222;\"><br \/>\n<\/span>Donem les gr\u00e0cies a l&#8217;alumnat de Paquistan i \u00cdndia, ja que van ensenyar l&#8217;esport als seus\u00a0companys i companyes durant el curs, i van engrescar\u00a0molta gent a participar en aquest\u00a0partit de criquet.<br \/>\n<span style=\"color: #222222;\"><br \/>\n<\/span>Ha quedat clar que\u00a0<b>l&#8217;esport no t\u00e9 fronteres<\/b>\u00a0i que \u00e9s\u00a0capa\u00e7 d&#8217;unir a cultures i instituts\u00a0diferents.<\/span><\/p>\n<div>\n<div><\/div>\n<\/div>\n","protected":false},"excerpt":{"rendered":"<p>Amb la col\u00b7laboraci\u00f3 del Consorci de Normalitzaci\u00f3 Ling\u00fc\u00edstica i el Servei de Mediaci\u00f3 duem a terme un projecte de criquet per\u00a0visibilitzar la diversitat de referents esportius\u00a0al nostre entorn, al mateix temps que\u00a0s\u2019afavoreix una visi\u00f3 positiva de les diferents cultures\u00a0tot trencant amb prejudicis i estereotips.\u00a0 Hi ha un grup motor format per alumnes de l\u2019institut que [&hellip;]<\/p>\n","protected":false},"author":1,"featured_media":0,"parent":712,"menu_order":8,"comment_status":"closed","ping_status":"closed","template":"","meta":{"_bbp_topic_count":0,"_bbp_reply_count":0,"_bbp_total_topic_count":0,"_bbp_total_reply_count":0,"_bbp_voice_count":0,"_bbp_anonymous_reply_count":0,"_bbp_topic_count_hidden":0,"_bbp_reply_count_hidden":0,"_bbp_forum_subforum_count":0,"site-sidebar-layout":"default","site-content-layout":"","ast-site-content-layout":"default","site-content-style":"default","site-sidebar-style":"default","ast-global-header-display":"","ast-banner-title-visibility":"","ast-main-header-display":"","ast-hfb-above-header-display":"","ast-hfb-below-header-display":"","ast-hfb-mobile-header-display":"","site-post-title":"","ast-breadcrumbs-content":"","ast-featured-img":"","footer-sml-layout":"","theme-transparent-header-meta":"","adv-header-id-meta":"","stick-header-meta":"","header-above-stick-meta":"","header-main-stick-meta":"","header-below-stick-meta":"","astra-migrate-meta-layouts":"set","ast-page-background-enabled":"default","ast-page-background-meta":{"desktop":{"background-color":"var(--ast-global-color-4)","background-image":"","background-repeat":"repeat","background-position":"center center","background-size":"auto","background-attachment":"scroll","background-type":"","background-media":"","overlay-type":"","overlay-color":"","overlay-opacity":"","overlay-gradient":""},"tablet":{"background-color":"","background-image":"","background-repeat":"repeat","background-position":"center center","background-size":"auto","background-attachment":"scroll","background-type":"","background-media":"","overlay-type":"","overlay-color":"","overlay-opacity":"","overlay-gradient":""},"mobile":{"background-color":"","background-image":"","background-repeat":"repeat","background-position":"center center","background-size":"auto","background-attachment":"scroll","background-type":"","background-media":"","overlay-type":"","overlay-color":"","overlay-opacity":"","overlay-gradient":""}},"ast-content-background-meta":{"desktop":{"background-color":"var(--ast-global-color-5)","background-image":"","background-repeat":"repeat","background-position":"center center","background-size":"auto","background-attachment":"scroll","background-type":"","background-media":"","overlay-type":"","overlay-color":"","overlay-opacity":"","overlay-gradient":""},"tablet":{"background-color":"var(--ast-global-color-5)","background-image":"","background-repeat":"repeat","background-position":"center center","background-size":"auto","background-attachment":"scroll","background-type":"","background-media":"","overlay-type":"","overlay-color":"","overlay-opacity":"","overlay-gradient":""},"mobile":{"background-color":"var(--ast-global-color-5)","background-image":"","background-repeat":"repeat","background-position":"center center","background-size":"auto","background-attachment":"scroll","background-type":"","background-media":"","overlay-type":"","overlay-color":"","overlay-opacity":"","overlay-gradient":""}},"footnotes":""},"class_list":["post-724","page","type-page","status-publish","hentry"],"post_mailing_queue_ids":[],"_links":{"self":[{"href":"https:\/\/agora.xtec.cat\/ies-rubio-hospitalet\/wp-json\/wp\/v2\/pages\/724","targetHints":{"allow":["GET"]}}],"collection":[{"href":"https:\/\/agora.xtec.cat\/ies-rubio-hospitalet\/wp-json\/wp\/v2\/pages"}],"about":[{"href":"https:\/\/agora.xtec.cat\/ies-rubio-hospitalet\/wp-json\/wp\/v2\/types\/page"}],"author":[{"embeddable":true,"href":"https:\/\/agora.xtec.cat\/ies-rubio-hospitalet\/wp-json\/wp\/v2\/users\/1"}],"replies":[{"embeddable":true,"href":"https:\/\/agora.xtec.cat\/ies-rubio-hospitalet\/wp-json\/wp\/v2\/comments?post=724"}],"version-history":[{"count":6,"href":"https:\/\/agora.xtec.cat\/ies-rubio-hospitalet\/wp-json\/wp\/v2\/pages\/724\/revisions"}],"predecessor-version":[{"id":11126,"href":"https:\/\/agora.xtec.cat\/ies-rubio-hospitalet\/wp-json\/wp\/v2\/pages\/724\/revisions\/11126"}],"up":[{"embeddable":true,"href":"https:\/\/agora.xtec.cat\/ies-rubio-hospitalet\/wp-json\/wp\/v2\/pages\/712"}],"wp:attachment":[{"href":"https:\/\/agora.xtec.cat\/ies-rubio-hospitalet\/wp-json\/wp\/v2\/media?parent=724"}],"curies":[{"name":"wp","href":"https:\/\/api.w.org\/{rel}","templated":true}]}}