{"id":720,"date":"2018-01-29T19:21:32","date_gmt":"2018-01-29T18:21:32","guid":{"rendered":"http:\/\/agora.xtec.cat\/ies-rubio-hospitalet\/?page_id=720"},"modified":"2025-06-26T10:12:05","modified_gmt":"2025-06-26T08:12:05","slug":"consell-de-nois-i-noies","status":"publish","type":"page","link":"https:\/\/agora.xtec.cat\/ies-rubio-hospitalet\/aprenentatge-i-servei\/consell-de-nois-i-noies\/","title":{"rendered":"Consell de nois i noies"},"content":{"rendered":"<div>\u00a0<\/div>\n<p>El\u00a0<a href=\"http:\/\/www.l-h.cat\/educacio\/345421_1.aspx\" rel=\"nofollow\">\u00a0<b>Consell de Nois i Noies<\/b><\/a>\u00a0\u00e9s un\u00a0<b>projecte de participaci\u00f3 ciutadana<\/b>\u00a0a trav\u00e9s de la implicaci\u00f3 dels nois i noies en temes d&#8217;inter\u00e8s\u00a0ciutad\u00e0 que els preocupen i els interessen i al voltant dels quals fan propostes per millorar la ciutat.<\/p>\n<p style=\"text-align: justify;\">Aquests posaran les seves propostes a disposici\u00f3 del Govern municipal.<\/p>\n<p>El plenari del Consell\u00a0<b>es reuneix tres vegades cada curs escolar<\/b>\u00a0(en comen\u00e7ar el curs per projectar la feina, a mig curs per fer-ne el seguiment i al final de curs per a tancar-la i valorar-la).<\/p>\n<p>En el marc del primer plenari del curs, l&#8217;alcaldessa realitza un &#8216;enc\u00e0rrec&#8217; als consellers i conselleres de prim\u00e0ria<b>.<\/b><\/p>\n<p>Els <b>consellers i conselleres d&#8217;ESO<\/b> continuen treballant de forma m\u00e9s aut\u00f2noma a l&#8217;entorn de tres eixos: Urbanisme i Coneixement de la Ciutat; \u00das del Temps Lliure; Mitjans de Comunicaci\u00f3 i TIC.<\/p>\n<div>\n<div>\n<p>Els consellers i conselleres<b> treballen en grups de 10-15 nois\/es agrupats per zones educatives.<\/b><\/p>\n<\/div>\n<\/div>\n<h3><span style=\"font-family: verdana, sans-serif; font-size: x-large;\">Primer plenari Consell de nois i noies de l&#8217;Hospitalet<\/span><\/h3>\n<p><span style=\"font-size: medium;\">Aquest mes de novembre\u00a0s&#8217;ha celebrat el\u00a0primer plenari amb l&#8217;alcaldessa\u00a0a l&#8217;ajuntament de la ciutat i els nostres alumnes han tingut la primera sessi\u00f3 de treball amb la resta de centres.\u00a0<\/span>Aquest any l&#8217;Ainhoa, l&#8217;Aicha i el Samuel\u00a0representen el nostre institut al\u00a0Consell de Nois i Noies de l&#8217;Hospitalet\u00a0i\u00a0durant aquest curs s&#8217;encarregaran de treballar l&#8217;\u00e0mbit de la r\u00e0dio.<\/p>\n<div>\u00a0<\/div>\n<div>\u00a0<\/div>\n<div>\u00a0<\/div>\n\n\n<p><\/p>\n","protected":false},"excerpt":{"rendered":"<p>\u00a0 El\u00a0\u00a0Consell de Nois i Noies\u00a0\u00e9s un\u00a0projecte de participaci\u00f3 ciutadana\u00a0a trav\u00e9s de la implicaci\u00f3 dels nois i noies en temes d&#8217;inter\u00e8s\u00a0ciutad\u00e0 que els preocupen i els interessen i al voltant dels quals fan propostes per millorar la ciutat. Aquests posaran les seves propostes a disposici\u00f3 del Govern municipal. El plenari del Consell\u00a0es reuneix tres vegades [&hellip;]<\/p>\n","protected":false},"author":1,"featured_media":0,"parent":712,"menu_order":8,"comment_status":"closed","ping_status":"closed","template":"","meta":{"_bbp_topic_count":0,"_bbp_reply_count":0,"_bbp_total_topic_count":0,"_bbp_total_reply_count":0,"_bbp_voice_count":0,"_bbp_anonymous_reply_count":0,"_bbp_topic_count_hidden":0,"_bbp_reply_count_hidden":0,"_bbp_forum_subforum_count":0,"site-sidebar-layout":"default","site-content-layout":"","ast-site-content-layout":"default","site-content-style":"default","site-sidebar-style":"default","ast-global-header-display":"","ast-banner-title-visibility":"","ast-main-header-display":"","ast-hfb-above-header-display":"","ast-hfb-below-header-display":"","ast-hfb-mobile-header-display":"","site-post-title":"","ast-breadcrumbs-content":"","ast-featured-img":"","footer-sml-layout":"","theme-transparent-header-meta":"","adv-header-id-meta":"","stick-header-meta":"","header-above-stick-meta":"","header-main-stick-meta":"","header-below-stick-meta":"","astra-migrate-meta-layouts":"set","ast-page-background-enabled":"default","ast-page-background-meta":{"desktop":{"background-color":"var(--ast-global-color-4)","background-image":"","background-repeat":"repeat","background-position":"center center","background-size":"auto","background-attachment":"scroll","background-type":"","background-media":"","overlay-type":"","overlay-color":"","overlay-opacity":"","overlay-gradient":""},"tablet":{"background-color":"","background-image":"","background-repeat":"repeat","background-position":"center center","background-size":"auto","background-attachment":"scroll","background-type":"","background-media":"","overlay-type":"","overlay-color":"","overlay-opacity":"","overlay-gradient":""},"mobile":{"background-color":"","background-image":"","background-repeat":"repeat","background-position":"center center","background-size":"auto","background-attachment":"scroll","background-type":"","background-media":"","overlay-type":"","overlay-color":"","overlay-opacity":"","overlay-gradient":""}},"ast-content-background-meta":{"desktop":{"background-color":"var(--ast-global-color-5)","background-image":"","background-repeat":"repeat","background-position":"center center","background-size":"auto","background-attachment":"scroll","background-type":"","background-media":"","overlay-type":"","overlay-color":"","overlay-opacity":"","overlay-gradient":""},"tablet":{"background-color":"var(--ast-global-color-5)","background-image":"","background-repeat":"repeat","background-position":"center center","background-size":"auto","background-attachment":"scroll","background-type":"","background-media":"","overlay-type":"","overlay-color":"","overlay-opacity":"","overlay-gradient":""},"mobile":{"background-color":"var(--ast-global-color-5)","background-image":"","background-repeat":"repeat","background-position":"center center","background-size":"auto","background-attachment":"scroll","background-type":"","background-media":"","overlay-type":"","overlay-color":"","overlay-opacity":"","overlay-gradient":""}},"footnotes":""},"class_list":["post-720","page","type-page","status-publish","hentry"],"post_mailing_queue_ids":[],"_links":{"self":[{"href":"https:\/\/agora.xtec.cat\/ies-rubio-hospitalet\/wp-json\/wp\/v2\/pages\/720","targetHints":{"allow":["GET"]}}],"collection":[{"href":"https:\/\/agora.xtec.cat\/ies-rubio-hospitalet\/wp-json\/wp\/v2\/pages"}],"about":[{"href":"https:\/\/agora.xtec.cat\/ies-rubio-hospitalet\/wp-json\/wp\/v2\/types\/page"}],"author":[{"embeddable":true,"href":"https:\/\/agora.xtec.cat\/ies-rubio-hospitalet\/wp-json\/wp\/v2\/users\/1"}],"replies":[{"embeddable":true,"href":"https:\/\/agora.xtec.cat\/ies-rubio-hospitalet\/wp-json\/wp\/v2\/comments?post=720"}],"version-history":[{"count":4,"href":"https:\/\/agora.xtec.cat\/ies-rubio-hospitalet\/wp-json\/wp\/v2\/pages\/720\/revisions"}],"predecessor-version":[{"id":11114,"href":"https:\/\/agora.xtec.cat\/ies-rubio-hospitalet\/wp-json\/wp\/v2\/pages\/720\/revisions\/11114"}],"up":[{"embeddable":true,"href":"https:\/\/agora.xtec.cat\/ies-rubio-hospitalet\/wp-json\/wp\/v2\/pages\/712"}],"wp:attachment":[{"href":"https:\/\/agora.xtec.cat\/ies-rubio-hospitalet\/wp-json\/wp\/v2\/media?parent=720"}],"curies":[{"name":"wp","href":"https:\/\/api.w.org\/{rel}","templated":true}]}}