{"id":718,"date":"2018-01-29T19:20:58","date_gmt":"2018-01-29T18:20:58","guid":{"rendered":"http:\/\/agora.xtec.cat\/ies-rubio-hospitalet\/?page_id=718"},"modified":"2025-06-26T10:06:21","modified_gmt":"2025-06-26T08:06:21","slug":"joves-pel-barri","status":"publish","type":"page","link":"https:\/\/agora.xtec.cat\/ies-rubio-hospitalet\/aprenentatge-i-servei\/joves-pel-barri\/","title":{"rendered":"Joves pel barri"},"content":{"rendered":"<p style=\"text-align: justify;\"><span style=\"font-family: verdana, sans-serif; font-size: medium;\">L\u2019<strong>alumnat voluntari de 4t d\u2019ESO<\/strong> que participa en aquest projecte fa d\u2019ajudant de monitor\/a a l\u2019esplai de Pubilla Cases.\u00a0<\/span><\/p>\n<p style=\"text-align: justify;\"><span style=\"color: #000000; font-family: verdana, sans-serif; font-size: medium;\"><b>Col\u00b7laboren en diferents tallers amb infants i joves<\/b>\u00a0i els principals objectius s\u00f3n:<\/span><\/p>\n<p style=\"text-align: justify;\"><span style=\"font-family: verdana, sans-serif; font-size: medium;\">&#8211;\u00a0Comprendre una necessitat social: el repte del temps lliure dels infants, treballant amb ells i aix\u00ed obtenir una visi\u00f3 m\u00e9s completa del seu barri.<\/span><\/p>\n<p style=\"text-align: justify;\"><span style=\"font-family: verdana, sans-serif; font-size: medium;\">&#8211; Con\u00e8ixer el m\u00f3n associatiu i del voluntariat, a trav\u00e9s del contacte amb l\u2019esplai La Florida, i entrevistant-se amb els diferents professionals per tal que l\u2019alumne\/a adquireixi el coneixement sobre la tasca desenvolupada i la seva responsabilitat en el lloc de treball.<\/span><\/p>\n<p style=\"text-align: justify;\"><span style=\"font-family: verdana, sans-serif; font-size: medium;\">&#8211; Millorar les habilitats comunicatives.<\/span><\/p>\n<p><a href=\"https:\/\/agora.xtec.cat\/ies-rubio-hospitalet\/wp-content\/uploads\/usu1778\/2025\/06\/1746691136276.jpg\"><img loading=\"lazy\" decoding=\"async\" class=\"aligncenter size-large wp-image-11110\" src=\"https:\/\/agora.xtec.cat\/ies-rubio-hospitalet\/wp-content\/uploads\/usu1778\/2025\/06\/1746691136276-1024x768.jpg\" alt=\"\" width=\"1024\" height=\"768\" srcset=\"https:\/\/agora.xtec.cat\/ies-rubio-hospitalet\/wp-content\/uploads\/usu1778\/2025\/06\/1746691136276-1024x768.jpg 1024w, https:\/\/agora.xtec.cat\/ies-rubio-hospitalet\/wp-content\/uploads\/usu1778\/2025\/06\/1746691136276-300x225.jpg 300w, https:\/\/agora.xtec.cat\/ies-rubio-hospitalet\/wp-content\/uploads\/usu1778\/2025\/06\/1746691136276-768x576.jpg 768w, https:\/\/agora.xtec.cat\/ies-rubio-hospitalet\/wp-content\/uploads\/usu1778\/2025\/06\/1746691136276-1536x1152.jpg 1536w, https:\/\/agora.xtec.cat\/ies-rubio-hospitalet\/wp-content\/uploads\/usu1778\/2025\/06\/1746691136276.jpg 2000w\" sizes=\"auto, (max-width: 1024px) 100vw, 1024px\" \/><\/a><\/p>\n<p>Aquest curs l&#8217;alumnat voluntari del projecte &#8220;Joves pel Barri&#8221; ja ha comen\u00e7at la formaci\u00f3.<\/p>\n<p><span style=\"color: #000000; font-family: verdana, sans-serif; font-size: medium;\">A partir del\u00a0gener ajudaran els monitors i monitores en les diferents\u00a0<b>activitats per a infants de l&#8217;Esplai Pubilla Cases.<\/b><\/span><\/p>\n<div><span style=\"font-family: verdana, sans-serif; font-size: medium; background-color: rgba(0, 0, 0, 0); font-weight: inherit;\">L&#8217;<\/span><b style=\"font-family: verdana, sans-serif; font-size: medium; background-color: rgba(0, 0, 0, 0);\">Esplai Pubilla Cases <\/b><span style=\"font-family: verdana, sans-serif; font-size: medium; background-color: rgba(0, 0, 0, 0); font-weight: inherit;\">est\u00e0 de sort perqu\u00e8 l&#8217;alumnat voluntari del nostre institut ja ha triat en quins tallers faran d&#8217;ajudants, i de ben segur que ho faran molt b\u00e9!\u00a0<\/span><\/div>\n<div>\n<p style=\"text-align: left;\"><span style=\"font-family: verdana, sans-serif; font-size: medium;\">\u00a0<\/span><\/p>\n<\/div>\n","protected":false},"excerpt":{"rendered":"<p>L\u2019alumnat voluntari de 4t d\u2019ESO que participa en aquest projecte fa d\u2019ajudant de monitor\/a a l\u2019esplai de Pubilla Cases.\u00a0 Col\u00b7laboren en diferents tallers amb infants i joves\u00a0i els principals objectius s\u00f3n: &#8211;\u00a0Comprendre una necessitat social: el repte del temps lliure dels infants, treballant amb ells i aix\u00ed obtenir una visi\u00f3 m\u00e9s completa del seu barri. [&hellip;]<\/p>\n","protected":false},"author":1,"featured_media":0,"parent":712,"menu_order":6,"comment_status":"closed","ping_status":"closed","template":"","meta":{"_bbp_topic_count":0,"_bbp_reply_count":0,"_bbp_total_topic_count":0,"_bbp_total_reply_count":0,"_bbp_voice_count":0,"_bbp_anonymous_reply_count":0,"_bbp_topic_count_hidden":0,"_bbp_reply_count_hidden":0,"_bbp_forum_subforum_count":0,"site-sidebar-layout":"default","site-content-layout":"","ast-site-content-layout":"default","site-content-style":"default","site-sidebar-style":"default","ast-global-header-display":"","ast-banner-title-visibility":"","ast-main-header-display":"","ast-hfb-above-header-display":"","ast-hfb-below-header-display":"","ast-hfb-mobile-header-display":"","site-post-title":"","ast-breadcrumbs-content":"","ast-featured-img":"","footer-sml-layout":"","theme-transparent-header-meta":"","adv-header-id-meta":"","stick-header-meta":"","header-above-stick-meta":"","header-main-stick-meta":"","header-below-stick-meta":"","astra-migrate-meta-layouts":"set","ast-page-background-enabled":"default","ast-page-background-meta":{"desktop":{"background-color":"var(--ast-global-color-4)","background-image":"","background-repeat":"repeat","background-position":"center center","background-size":"auto","background-attachment":"scroll","background-type":"","background-media":"","overlay-type":"","overlay-color":"","overlay-opacity":"","overlay-gradient":""},"tablet":{"background-color":"","background-image":"","background-repeat":"repeat","background-position":"center center","background-size":"auto","background-attachment":"scroll","background-type":"","background-media":"","overlay-type":"","overlay-color":"","overlay-opacity":"","overlay-gradient":""},"mobile":{"background-color":"","background-image":"","background-repeat":"repeat","background-position":"center center","background-size":"auto","background-attachment":"scroll","background-type":"","background-media":"","overlay-type":"","overlay-color":"","overlay-opacity":"","overlay-gradient":""}},"ast-content-background-meta":{"desktop":{"background-color":"var(--ast-global-color-5)","background-image":"","background-repeat":"repeat","background-position":"center center","background-size":"auto","background-attachment":"scroll","background-type":"","background-media":"","overlay-type":"","overlay-color":"","overlay-opacity":"","overlay-gradient":""},"tablet":{"background-color":"var(--ast-global-color-5)","background-image":"","background-repeat":"repeat","background-position":"center center","background-size":"auto","background-attachment":"scroll","background-type":"","background-media":"","overlay-type":"","overlay-color":"","overlay-opacity":"","overlay-gradient":""},"mobile":{"background-color":"var(--ast-global-color-5)","background-image":"","background-repeat":"repeat","background-position":"center center","background-size":"auto","background-attachment":"scroll","background-type":"","background-media":"","overlay-type":"","overlay-color":"","overlay-opacity":"","overlay-gradient":""}},"footnotes":""},"class_list":["post-718","page","type-page","status-publish","hentry"],"post_mailing_queue_ids":[],"_links":{"self":[{"href":"https:\/\/agora.xtec.cat\/ies-rubio-hospitalet\/wp-json\/wp\/v2\/pages\/718","targetHints":{"allow":["GET"]}}],"collection":[{"href":"https:\/\/agora.xtec.cat\/ies-rubio-hospitalet\/wp-json\/wp\/v2\/pages"}],"about":[{"href":"https:\/\/agora.xtec.cat\/ies-rubio-hospitalet\/wp-json\/wp\/v2\/types\/page"}],"author":[{"embeddable":true,"href":"https:\/\/agora.xtec.cat\/ies-rubio-hospitalet\/wp-json\/wp\/v2\/users\/1"}],"replies":[{"embeddable":true,"href":"https:\/\/agora.xtec.cat\/ies-rubio-hospitalet\/wp-json\/wp\/v2\/comments?post=718"}],"version-history":[{"count":4,"href":"https:\/\/agora.xtec.cat\/ies-rubio-hospitalet\/wp-json\/wp\/v2\/pages\/718\/revisions"}],"predecessor-version":[{"id":11111,"href":"https:\/\/agora.xtec.cat\/ies-rubio-hospitalet\/wp-json\/wp\/v2\/pages\/718\/revisions\/11111"}],"up":[{"embeddable":true,"href":"https:\/\/agora.xtec.cat\/ies-rubio-hospitalet\/wp-json\/wp\/v2\/pages\/712"}],"wp:attachment":[{"href":"https:\/\/agora.xtec.cat\/ies-rubio-hospitalet\/wp-json\/wp\/v2\/media?parent=718"}],"curies":[{"name":"wp","href":"https:\/\/api.w.org\/{rel}","templated":true}]}}