{"id":716,"date":"2018-01-29T19:20:24","date_gmt":"2018-01-29T18:20:24","guid":{"rendered":"http:\/\/agora.xtec.cat\/ies-rubio-hospitalet\/?page_id=716"},"modified":"2025-06-26T09:56:54","modified_gmt":"2025-06-26T07:56:54","slug":"connecta-jove","status":"publish","type":"page","link":"https:\/\/agora.xtec.cat\/ies-rubio-hospitalet\/aprenentatge-i-servei\/connecta-jove\/","title":{"rendered":"Connecta jove"},"content":{"rendered":"<p>El principal objectiu del projecte \u00e9s proporcionar una formaci\u00f3 a joves del barri entre 15 i 19 anys, perqu\u00e8 despr\u00e8s l&#8217;apliquin donant classes d&#8217;alfabetitzaci\u00f3 digital a adults, potenciant d&#8217;aquesta manera les relacions intergeneracionals, interculturals i comunit\u00e0ries i l&#8217;\u00fas dels equipaments dels centres educatius fora de l&#8217;horari lectiu.<\/p>\n<p><span style=\"color: #000000; font-family: verdana, sans-serif; font-size: medium;\">En el nostre centre, els\u00a0<b>alumnes de 4t ESO<\/b>\u00a0que reben una formaci\u00f3 espec\u00edfica a l&#8217;esplai Pubilla Cases, fan posteriorment classes d&#8217;inform\u00e0tica als adults.\u00a0<\/span><span style=\"font-family: verdana, sans-serif; font-size: medium;\">\u00c9s a dir,\u00a0<b>donen classes d\u2018alfabetitzaci\u00f3 digital.<\/b><\/span><\/p>\n<p style=\"text-align: justify;\"><span style=\"color: #000000; font-family: verdana, sans-serif; font-size: medium;\">Els\u00a0<b>principals objectius d&#8217;aprenentatge<\/b>\u00a0s\u00f3n:<\/span><\/p>\n<div title=\"Page 1\">\n<ul>\n<li><span style=\"color: #000000; font-family: verdana, sans-serif; font-size: medium;\">Potenciar l&#8217;autonomia i millorar les habilitats i capacitats individuals posant-les al servei dels altres.<\/span><\/li>\n<li><span style=\"color: #000000; font-family: verdana, sans-serif; font-size: medium;\">Sensibilitzar-se envers tem\u00e0tiques socials i la import\u00e0ncia i necessitat del treball voluntari a la nostra societat i entorn m\u00e9s proper.<\/span><\/li>\n<li><span style=\"color: #000000; font-family: verdana, sans-serif; font-size: medium;\">Acostar el joves i els adults en un \u00e0mbit extraescolar i extrafamiliar i potenciar la confian\u00e7a m\u00fatua.<\/span><\/li>\n<li><span style=\"color: #000000; font-family: verdana, sans-serif; font-size: medium;\">Enfortir el teixit comunitari a trav\u00e9s de les relacions intergeneracionals.\u00a0<\/span><\/li>\n<\/ul>\n<\/div>\n<p style=\"text-align: justify;\"><span style=\"font-family: verdana, sans-serif; font-size: medium;\">Aquest \u00e9s el<b>\u00a0grup voluntari\u00a0<\/b>que aquest any\u00a0<b>ensenya inform\u00e0tica<\/b>\u00a0a gent que no en sap i a aprendre a<b> utilitzar el m\u00f2bil.<\/b><\/span><\/p>\n<div><\/div>\n<div style=\"text-align: center;\"><\/div>\n<div style=\"text-align: center;\">\n<div>\n<div>\n<div><a href=\"https:\/\/sites.google.com\/a\/xtec.cat\/rubioiors\/projectes\/Aprenentatge-i-Servei-APS\/Connecta%20Jove%2016-17.jpg?attredirects=0\"><img loading=\"lazy\" decoding=\"async\" class=\"aligncenter\" src=\"https:\/\/sites.google.com\/a\/xtec.cat\/rubioiors\/_\/rsrc\/1488974351170\/projectes\/Aprenentatge-i-Servei-APS\/20170214_165126.jpg?height=240&amp;width=400\" width=\"400\" height=\"240\" border=\"0\" \/><\/a><\/div>\n<\/div>\n<\/div>\n<\/div>\n<div style=\"text-align: center;\"><\/div>\n<div style=\"text-align: center;\"><\/div>\n<div style=\"text-align: center;\">\n<div>\n<div><a href=\"https:\/\/sites.google.com\/a\/xtec.cat\/rubioiors\/projectes\/Aprenentatge-i-Servei-APS\/Connecta%20Jove%2016-17.jpg?attredirects=0\"><img loading=\"lazy\" decoding=\"async\" class=\"aligncenter\" src=\"https:\/\/sites.google.com\/a\/xtec.cat\/rubioiors\/_\/rsrc\/1488974324414\/projectes\/Aprenentatge-i-Servei-APS\/20170208_173624.jpg?height=240&amp;width=400\" width=\"400\" height=\"240\" border=\"0\" \/><\/a><\/div>\n<\/div>\n<\/div>\n<div style=\"text-align: center;\"><\/div>\n<div style=\"text-align: center;\"><\/div>\n<div style=\"text-align: center;\">\n<div>\n<div><a href=\"https:\/\/sites.google.com\/a\/xtec.cat\/rubioiors\/projectes\/Aprenentatge-i-Servei-APS\/Connecta%20Jove%2016-17.jpg?attredirects=0\"><img loading=\"lazy\" decoding=\"async\" class=\"aligncenter\" src=\"https:\/\/sites.google.com\/a\/xtec.cat\/rubioiors\/_\/rsrc\/1488802212402\/projectes\/Aprenentatge-i-Servei-APS\/Connecta%20Jove%2016-17.jpg?height=240&amp;width=400\" width=\"400\" height=\"240\" border=\"0\" \/><\/a><\/div>\n<\/div>\n<\/div>\n<div style=\"text-align: center;\"><\/div>\n<div style=\"text-align: center;\"><\/div>\n<div style=\"text-align: center;\"><\/div>\n<div>\n<div>\n<div>\n<div><a href=\"https:\/\/sites.google.com\/a\/xtec.cat\/rubioiors\/projectes\/Aprenentatge-i-Servei-APS\/20170214_165507.jpg?attredirects=0\"><img loading=\"lazy\" decoding=\"async\" class=\"aligncenter\" src=\"https:\/\/sites.google.com\/a\/xtec.cat\/rubioiors\/_\/rsrc\/1488974512821\/projectes\/Aprenentatge-i-Servei-APS\/20170214_165507.jpg?height=240&amp;width=400\" width=\"400\" height=\"240\" border=\"0\" \/><\/a><\/div>\n<\/div>\n<\/div>\n<\/div>\n","protected":false},"excerpt":{"rendered":"<p>El principal objectiu del projecte \u00e9s proporcionar una formaci\u00f3 a joves del barri entre 15 i 19 anys, perqu\u00e8 despr\u00e8s l&#8217;apliquin donant classes d&#8217;alfabetitzaci\u00f3 digital a adults, potenciant d&#8217;aquesta manera les relacions intergeneracionals, interculturals i comunit\u00e0ries i l&#8217;\u00fas dels equipaments dels centres educatius fora de l&#8217;horari lectiu. En el nostre centre, els\u00a0alumnes de 4t ESO\u00a0que [&hellip;]<\/p>\n","protected":false},"author":1,"featured_media":0,"parent":712,"menu_order":5,"comment_status":"closed","ping_status":"closed","template":"","meta":{"_bbp_topic_count":0,"_bbp_reply_count":0,"_bbp_total_topic_count":0,"_bbp_total_reply_count":0,"_bbp_voice_count":0,"_bbp_anonymous_reply_count":0,"_bbp_topic_count_hidden":0,"_bbp_reply_count_hidden":0,"_bbp_forum_subforum_count":0,"site-sidebar-layout":"default","site-content-layout":"","ast-site-content-layout":"default","site-content-style":"default","site-sidebar-style":"default","ast-global-header-display":"","ast-banner-title-visibility":"","ast-main-header-display":"","ast-hfb-above-header-display":"","ast-hfb-below-header-display":"","ast-hfb-mobile-header-display":"","site-post-title":"","ast-breadcrumbs-content":"","ast-featured-img":"","footer-sml-layout":"","theme-transparent-header-meta":"","adv-header-id-meta":"","stick-header-meta":"","header-above-stick-meta":"","header-main-stick-meta":"","header-below-stick-meta":"","astra-migrate-meta-layouts":"set","ast-page-background-enabled":"default","ast-page-background-meta":{"desktop":{"background-color":"var(--ast-global-color-4)","background-image":"","background-repeat":"repeat","background-position":"center center","background-size":"auto","background-attachment":"scroll","background-type":"","background-media":"","overlay-type":"","overlay-color":"","overlay-opacity":"","overlay-gradient":""},"tablet":{"background-color":"","background-image":"","background-repeat":"repeat","background-position":"center center","background-size":"auto","background-attachment":"scroll","background-type":"","background-media":"","overlay-type":"","overlay-color":"","overlay-opacity":"","overlay-gradient":""},"mobile":{"background-color":"","background-image":"","background-repeat":"repeat","background-position":"center center","background-size":"auto","background-attachment":"scroll","background-type":"","background-media":"","overlay-type":"","overlay-color":"","overlay-opacity":"","overlay-gradient":""}},"ast-content-background-meta":{"desktop":{"background-color":"var(--ast-global-color-5)","background-image":"","background-repeat":"repeat","background-position":"center center","background-size":"auto","background-attachment":"scroll","background-type":"","background-media":"","overlay-type":"","overlay-color":"","overlay-opacity":"","overlay-gradient":""},"tablet":{"background-color":"var(--ast-global-color-5)","background-image":"","background-repeat":"repeat","background-position":"center center","background-size":"auto","background-attachment":"scroll","background-type":"","background-media":"","overlay-type":"","overlay-color":"","overlay-opacity":"","overlay-gradient":""},"mobile":{"background-color":"var(--ast-global-color-5)","background-image":"","background-repeat":"repeat","background-position":"center center","background-size":"auto","background-attachment":"scroll","background-type":"","background-media":"","overlay-type":"","overlay-color":"","overlay-opacity":"","overlay-gradient":""}},"footnotes":""},"class_list":["post-716","page","type-page","status-publish","hentry"],"post_mailing_queue_ids":[],"_links":{"self":[{"href":"https:\/\/agora.xtec.cat\/ies-rubio-hospitalet\/wp-json\/wp\/v2\/pages\/716","targetHints":{"allow":["GET"]}}],"collection":[{"href":"https:\/\/agora.xtec.cat\/ies-rubio-hospitalet\/wp-json\/wp\/v2\/pages"}],"about":[{"href":"https:\/\/agora.xtec.cat\/ies-rubio-hospitalet\/wp-json\/wp\/v2\/types\/page"}],"author":[{"embeddable":true,"href":"https:\/\/agora.xtec.cat\/ies-rubio-hospitalet\/wp-json\/wp\/v2\/users\/1"}],"replies":[{"embeddable":true,"href":"https:\/\/agora.xtec.cat\/ies-rubio-hospitalet\/wp-json\/wp\/v2\/comments?post=716"}],"version-history":[{"count":6,"href":"https:\/\/agora.xtec.cat\/ies-rubio-hospitalet\/wp-json\/wp\/v2\/pages\/716\/revisions"}],"predecessor-version":[{"id":11109,"href":"https:\/\/agora.xtec.cat\/ies-rubio-hospitalet\/wp-json\/wp\/v2\/pages\/716\/revisions\/11109"}],"up":[{"embeddable":true,"href":"https:\/\/agora.xtec.cat\/ies-rubio-hospitalet\/wp-json\/wp\/v2\/pages\/712"}],"wp:attachment":[{"href":"https:\/\/agora.xtec.cat\/ies-rubio-hospitalet\/wp-json\/wp\/v2\/media?parent=716"}],"curies":[{"name":"wp","href":"https:\/\/api.w.org\/{rel}","templated":true}]}}