{"id":714,"date":"2018-01-29T19:19:57","date_gmt":"2018-01-29T18:19:57","guid":{"rendered":"http:\/\/agora.xtec.cat\/ies-rubio-hospitalet\/?page_id=714"},"modified":"2025-06-26T10:09:43","modified_gmt":"2025-06-26T08:09:43","slug":"cicerone","status":"publish","type":"page","link":"https:\/\/agora.xtec.cat\/ies-rubio-hospitalet\/aprenentatge-i-servei\/cicerone\/","title":{"rendered":"Cicerone"},"content":{"rendered":"<p style=\"text-align: justify;\"><span lang=\"ES\"><span style=\"font-family: verdana, sans-serif; font-size: medium;\">El\u00a0<b>Projecte Cicerone<\/b>\u00a0\u00e9s un projecte del <b>Pla Integral de La Florida i Pubilla Cases<\/b> que dep\u00e8n de l\u2019\u00c0rea de Benestar Social i Fam\u00edlia de l\u2019Ajuntament de l\u2019Hospitalet, i tamb\u00e9 est\u00e0 incl\u00f2s en els <b>Pla Educatiu Entorn (PEE)<\/b> del nostre districte.<\/span><\/span><\/p>\n<p style=\"text-align: justify;\"><span lang=\"ES\"><span style=\"font-family: verdana, sans-serif; font-size: medium;\">L\u2019<b>objectiu principal<\/b>\u00a0del projecte \u00e9s crear una xarxa social de joves que facin suport i acompanyament als adolescents i joves de nova arribada, i tamb\u00e9:<\/span><\/span><\/p>\n<ul style=\"text-align: justify;\">\n<li><span lang=\"ES\"><span style=\"font-family: verdana, sans-serif; font-size: medium;\">Acollir i fer acompanyament del jovent nouvingut en la primera fase d\u2019integraci\u00f3 dins l\u2019institut.<\/span><\/span><\/li>\n<li><span lang=\"ES\"><span style=\"font-family: verdana, sans-serif; font-size: medium;\">Aconseguir una borsa d\u2019alumnat voluntari dels instituts que destinin part del seu temps a acollir els\/les joves que acaben d\u2019arribar procedents d\u2019altres barris, municipis o d\u2019altres pa\u00efsos.<\/span><\/span><\/li>\n<li><span lang=\"ES\"><span style=\"font-family: verdana, sans-serif; font-size: medium;\">Crear una estructura estudiantil d\u2019acollida dins del centre educatiu.<\/span><\/span><\/li>\n<li><span lang=\"ES\"><span style=\"font-family: verdana, sans-serif; font-size: medium;\">Treballar l\u2019educaci\u00f3 intercultural dins de l\u2019institut.<\/span><\/span><\/li>\n<\/ul>\n<p style=\"text-align: justify;\"><span lang=\"ES\"><span style=\"font-family: verdana, sans-serif; font-size: medium;\">En el nostre institut, l\u2019alumnat Cicerone \u00e9s\u00a0<b>alumnat voluntari de 3r d\u2019ESO que ajuda l\u2019alumnat nouvingut d\u2019Aula d\u2019Acollida.<\/b>\u00a0Els ajuden amb la llengua i tamb\u00e9 els acompanyen en la seva adaptaci\u00f3 al nou institut i al nou entorn. D\u2019aquesta forma, es crea una\u00a0<b>estructura jove d\u2019acollida<\/b>\u00a0dins de l\u2019institut i\u00a0<b>es treballa l\u2019educaci\u00f3 intercultural.<\/b><\/span><\/span><\/p>\n<p style=\"text-align: justify;\"><span lang=\"ES\"><span style=\"font-family: verdana, sans-serif; font-size: medium;\"><b>L\u2019alumnat Cicerone rep sessions de formaci\u00f3<\/b> on treballen aspectes com l\u2019empatia, la comunicaci\u00f3 i el dol migratori. Despr\u00e9s de la formaci\u00f3, comencen a fer les pr\u00e0ctiques amb l\u2019alumnat de l\u2019Aula d\u2019Acollida.\u00a0Aquest projecte es du a terme a diferents instituts de la zona i al nostre centre<b>\u00a0ja fa anys que s\u2019implementa.<\/b>\u00a0<\/span><\/span><\/p>\n\n\n<figure class=\"wp-block-image size-large\"><a href=\"https:\/\/agora.xtec.cat\/ies-rubio-hospitalet\/wp-content\/uploads\/usu1778\/2025\/06\/1743625836916.jpg\"><img loading=\"lazy\" decoding=\"async\" width=\"1024\" height=\"768\" src=\"https:\/\/agora.xtec.cat\/ies-rubio-hospitalet\/wp-content\/uploads\/usu1778\/2025\/06\/1743625836916-1024x768.jpg\" alt=\"\" class=\"wp-image-11112\" srcset=\"https:\/\/agora.xtec.cat\/ies-rubio-hospitalet\/wp-content\/uploads\/usu1778\/2025\/06\/1743625836916-1024x768.jpg 1024w, https:\/\/agora.xtec.cat\/ies-rubio-hospitalet\/wp-content\/uploads\/usu1778\/2025\/06\/1743625836916-300x225.jpg 300w, https:\/\/agora.xtec.cat\/ies-rubio-hospitalet\/wp-content\/uploads\/usu1778\/2025\/06\/1743625836916-768x576.jpg 768w, https:\/\/agora.xtec.cat\/ies-rubio-hospitalet\/wp-content\/uploads\/usu1778\/2025\/06\/1743625836916-1536x1152.jpg 1536w, https:\/\/agora.xtec.cat\/ies-rubio-hospitalet\/wp-content\/uploads\/usu1778\/2025\/06\/1743625836916.jpg 2000w\" sizes=\"auto, (max-width: 1024px) 100vw, 1024px\" \/><\/a><\/figure>\n","protected":false},"excerpt":{"rendered":"<p>El\u00a0Projecte Cicerone\u00a0\u00e9s un projecte del Pla Integral de La Florida i Pubilla Cases que dep\u00e8n de l\u2019\u00c0rea de Benestar Social i Fam\u00edlia de l\u2019Ajuntament de l\u2019Hospitalet, i tamb\u00e9 est\u00e0 incl\u00f2s en els Pla Educatiu Entorn (PEE) del nostre districte. L\u2019objectiu principal\u00a0del projecte \u00e9s crear una xarxa social de joves que facin suport i acompanyament als [&hellip;]<\/p>\n","protected":false},"author":1,"featured_media":0,"parent":712,"menu_order":7,"comment_status":"closed","ping_status":"closed","template":"","meta":{"_bbp_topic_count":0,"_bbp_reply_count":0,"_bbp_total_topic_count":0,"_bbp_total_reply_count":0,"_bbp_voice_count":0,"_bbp_anonymous_reply_count":0,"_bbp_topic_count_hidden":0,"_bbp_reply_count_hidden":0,"_bbp_forum_subforum_count":0,"site-sidebar-layout":"default","site-content-layout":"","ast-site-content-layout":"default","site-content-style":"default","site-sidebar-style":"default","ast-global-header-display":"","ast-banner-title-visibility":"","ast-main-header-display":"","ast-hfb-above-header-display":"","ast-hfb-below-header-display":"","ast-hfb-mobile-header-display":"","site-post-title":"","ast-breadcrumbs-content":"","ast-featured-img":"","footer-sml-layout":"","theme-transparent-header-meta":"","adv-header-id-meta":"","stick-header-meta":"","header-above-stick-meta":"","header-main-stick-meta":"","header-below-stick-meta":"","astra-migrate-meta-layouts":"set","ast-page-background-enabled":"default","ast-page-background-meta":{"desktop":{"background-color":"var(--ast-global-color-4)","background-image":"","background-repeat":"repeat","background-position":"center center","background-size":"auto","background-attachment":"scroll","background-type":"","background-media":"","overlay-type":"","overlay-color":"","overlay-opacity":"","overlay-gradient":""},"tablet":{"background-color":"","background-image":"","background-repeat":"repeat","background-position":"center center","background-size":"auto","background-attachment":"scroll","background-type":"","background-media":"","overlay-type":"","overlay-color":"","overlay-opacity":"","overlay-gradient":""},"mobile":{"background-color":"","background-image":"","background-repeat":"repeat","background-position":"center center","background-size":"auto","background-attachment":"scroll","background-type":"","background-media":"","overlay-type":"","overlay-color":"","overlay-opacity":"","overlay-gradient":""}},"ast-content-background-meta":{"desktop":{"background-color":"var(--ast-global-color-5)","background-image":"","background-repeat":"repeat","background-position":"center center","background-size":"auto","background-attachment":"scroll","background-type":"","background-media":"","overlay-type":"","overlay-color":"","overlay-opacity":"","overlay-gradient":""},"tablet":{"background-color":"var(--ast-global-color-5)","background-image":"","background-repeat":"repeat","background-position":"center center","background-size":"auto","background-attachment":"scroll","background-type":"","background-media":"","overlay-type":"","overlay-color":"","overlay-opacity":"","overlay-gradient":""},"mobile":{"background-color":"var(--ast-global-color-5)","background-image":"","background-repeat":"repeat","background-position":"center center","background-size":"auto","background-attachment":"scroll","background-type":"","background-media":"","overlay-type":"","overlay-color":"","overlay-opacity":"","overlay-gradient":""}},"footnotes":""},"class_list":["post-714","page","type-page","status-publish","hentry"],"post_mailing_queue_ids":[],"_links":{"self":[{"href":"https:\/\/agora.xtec.cat\/ies-rubio-hospitalet\/wp-json\/wp\/v2\/pages\/714","targetHints":{"allow":["GET"]}}],"collection":[{"href":"https:\/\/agora.xtec.cat\/ies-rubio-hospitalet\/wp-json\/wp\/v2\/pages"}],"about":[{"href":"https:\/\/agora.xtec.cat\/ies-rubio-hospitalet\/wp-json\/wp\/v2\/types\/page"}],"author":[{"embeddable":true,"href":"https:\/\/agora.xtec.cat\/ies-rubio-hospitalet\/wp-json\/wp\/v2\/users\/1"}],"replies":[{"embeddable":true,"href":"https:\/\/agora.xtec.cat\/ies-rubio-hospitalet\/wp-json\/wp\/v2\/comments?post=714"}],"version-history":[{"count":4,"href":"https:\/\/agora.xtec.cat\/ies-rubio-hospitalet\/wp-json\/wp\/v2\/pages\/714\/revisions"}],"predecessor-version":[{"id":11113,"href":"https:\/\/agora.xtec.cat\/ies-rubio-hospitalet\/wp-json\/wp\/v2\/pages\/714\/revisions\/11113"}],"up":[{"embeddable":true,"href":"https:\/\/agora.xtec.cat\/ies-rubio-hospitalet\/wp-json\/wp\/v2\/pages\/712"}],"wp:attachment":[{"href":"https:\/\/agora.xtec.cat\/ies-rubio-hospitalet\/wp-json\/wp\/v2\/media?parent=714"}],"curies":[{"name":"wp","href":"https:\/\/api.w.org\/{rel}","templated":true}]}}