{"id":712,"date":"2018-01-29T19:19:29","date_gmt":"2018-01-29T18:19:29","guid":{"rendered":"http:\/\/agora.xtec.cat\/ies-rubio-hospitalet\/?page_id=712"},"modified":"2025-09-25T10:12:15","modified_gmt":"2025-09-25T08:12:15","slug":"aprenentatge-i-servei","status":"publish","type":"page","link":"https:\/\/agora.xtec.cat\/ies-rubio-hospitalet\/aprenentatge-i-servei\/","title":{"rendered":"Servei Comunitari"},"content":{"rendered":"<p style=\"text-align: justify;\">L\u2019<strong>aprenentatge i Servei comunitari<\/strong> t\u00e9 la finalitat de garantir que els estudiants, al llarg de la seva traject\u00f2ria escolar, experimentin i protagonitzin accions de comprom\u00eds c\u00edvic, aprenguin en l\u2019exercici actiu de la ciutadania, i posin en joc els seus coneixements i capacitats al servei de la comunitat.<\/p>\n<p style=\"text-align: justify;\">Forma part\u00a0de la programaci\u00f3 curricular d\u2019una o diverses mat\u00e8ries de tercer i\/o quart d\u2019ESO definides en la programaci\u00f3 general anual del centre.<\/p>\n<p><a href=\"http:\/\/agora.xtec.cat\/ies-rubio-hospitalet\/wp-content\/uploads\/usu1778\/2018\/01\/ApS.jpg\"><img loading=\"lazy\" decoding=\"async\" class=\" wp-image-779 aligncenter\" src=\"http:\/\/agora.xtec.cat\/ies-rubio-hospitalet\/wp-content\/uploads\/usu1778\/2018\/01\/ApS.jpg\" alt=\"\" width=\"474\" height=\"393\" srcset=\"https:\/\/agora.xtec.cat\/ies-rubio-hospitalet\/wp-content\/uploads\/usu1778\/2018\/01\/ApS.jpg 598w, https:\/\/agora.xtec.cat\/ies-rubio-hospitalet\/wp-content\/uploads\/usu1778\/2018\/01\/ApS-300x250.jpg 300w\" sizes=\"auto, (max-width: 474px) 100vw, 474px\" \/><\/a><\/p>\n<p><strong>S\u00f3n objectius de l\u2019aprenentatge i Servei comunitari:<\/strong><\/p>\n<ol>\n<li style=\"text-align: justify;\">Desenvolupar la compet\u00e8ncia social i ciutadana, afavorint una actitud cr\u00edtica i compromesa davant la societat, per tal d\u2019esdevenir membres actius en una societat catalana democr\u00e0tica i participativa.<\/li>\n<li style=\"text-align: justify;\">Desenvolupar habilitats relacionades amb el disseny i realitzaci\u00f3 de projectes i amb el treball d\u2019equip.<\/li>\n<li style=\"text-align: justify;\">Donar a con\u00e8ixer a l\u2019alumnat i les seves fam\u00edlies la xarxa associativa i les entitats de l\u2019entorn, per tal de promoure la participaci\u00f3 dels joves.<\/li>\n<li style=\"text-align: justify;\">Promoure el treball en xarxa entre els diferents agents educatius de l\u2019entorn.<\/li>\n<li style=\"text-align: justify;\">Donar una resposta educativa a les necessitats emergents de l\u2019entorn escolar.<\/li>\n<li style=\"text-align: justify;\">Augmentar la participaci\u00f3 en el teixit associatiu i les entitats de caire social per fomentar el comprom\u00eds amb la construcci\u00f3 d\u2019una societat m\u00e9s justa, cohesionada i arrelada al territori.<\/li>\n<\/ol>\n<p><strong>Els principis que regeixen l\u2019aprenentatge i Servei comunitari s\u00f3n:<\/strong><\/p>\n<ol>\n<li>Educaci\u00f3 en valors.<\/li>\n<li>Participaci\u00f3 activa i democr\u00e0tica.<\/li>\n<li>Resposta a les necessitats socials emergents.<\/li>\n<li>Treball en xarxa i coresponsabilitzaci\u00f3.<\/li>\n<li>Millora constant.<\/li>\n<\/ol>\n<p style=\"text-align: justify;\"><span style=\"font-family: verdana, sans-serif; font-size: medium;\">El nostre institut \u00e9s for\u00e7a actiu pel que fa a <b>projectes d&#8217;Aprenentatge Servei<\/b>. <\/span><span style=\"font-family: verdana, sans-serif; font-size: medium;\">Al Rubi\u00f3 i Ors hi ha alumnat molt solidari disposat a ajudar a millorar el seu entorn i el col\u00b7lectiu de persones que els envolten, a l&#8217;hora que s&#8217;enriqueixen personalment.<\/span><\/p>\n<p style=\"text-align: justify;\"><span style=\"font-family: verdana, sans-serif; font-size: medium;\"><b style=\"background-color: rgba(0, 0, 0, 0);\">\u00c9s per aix\u00f2 que al nostre centre duem a terme els seg\u00fcents projectes:<\/b><\/span><\/p>\n<ul>\n<li><a href=\"https:\/\/agora.xtec.cat\/ies-rubio-hospitalet\/aprenentatge-i-servei\/cicerone\/\"><span style=\"font-family: verdana, sans-serif; font-size: medium;\">Cicerone<\/span><\/a><\/li>\n<li><span style=\"font-family: verdana, sans-serif; font-size: medium;\">Consell de Nois i Noies<\/span><\/li>\n<li><span style=\"font-family: verdana, sans-serif; font-size: medium;\">Connecta Jove<\/span><\/li>\n<li><span style=\"font-family: verdana, sans-serif; font-size: medium;\">Joves pel Barri<\/span><\/li>\n<li><span style=\"font-family: verdana, sans-serif; font-size: medium;\">El Criquet Uneix<\/span><\/li>\n<li><span style=\"font-family: verdana, sans-serif; font-size: medium;\">Comunica<\/span><\/li>\n<li><span style=\"font-family: verdana, sans-serif; font-size: medium;\">AFEX-Aprenem Fam\u00edlies en Xarxa<\/span><\/li>\n<li>Parlem de lectures<\/li>\n<li>GeneraCcions<\/li>\n<\/ul>\n<div><\/div>\n<h4 style=\"text-align: justify;\"><span style=\"color: #000000;\">Aquest \u00e9s el<\/span><span style=\"color: #000000;\">\u00a0<\/span><a href=\"https:\/\/aprenentatgeserveilhospitalet.wordpress.com\/about\/\" target=\"_blank\" rel=\"nofollow noopener noreferrer\">blog<\/a><b>\u00a0<span style=\"color: #000000;\">d&#8217;<\/span><\/b><span style=\"color: #000000; font-family: verdana, sans-serif;\"><b>Aprenentatge Servei de L&#8217;Hospitalet de Llobregat.<\/b><\/span><\/h4>\n","protected":false},"excerpt":{"rendered":"<p>L\u2019aprenentatge i Servei comunitari t\u00e9 la finalitat de garantir que els estudiants, al llarg de la seva traject\u00f2ria escolar, experimentin i protagonitzin accions de comprom\u00eds c\u00edvic, aprenguin en l\u2019exercici actiu de la ciutadania, i posin en joc els seus coneixements i capacitats al servei de la comunitat. Forma part\u00a0de la programaci\u00f3 curricular d\u2019una o diverses [&hellip;]<\/p>\n","protected":false},"author":1,"featured_media":0,"parent":0,"menu_order":0,"comment_status":"closed","ping_status":"closed","template":"","meta":{"_bbp_topic_count":0,"_bbp_reply_count":0,"_bbp_total_topic_count":0,"_bbp_total_reply_count":0,"_bbp_voice_count":0,"_bbp_anonymous_reply_count":0,"_bbp_topic_count_hidden":0,"_bbp_reply_count_hidden":0,"_bbp_forum_subforum_count":0,"site-sidebar-layout":"default","site-content-layout":"","ast-site-content-layout":"default","site-content-style":"default","site-sidebar-style":"default","ast-global-header-display":"","ast-banner-title-visibility":"","ast-main-header-display":"","ast-hfb-above-header-display":"","ast-hfb-below-header-display":"","ast-hfb-mobile-header-display":"","site-post-title":"","ast-breadcrumbs-content":"","ast-featured-img":"","footer-sml-layout":"","theme-transparent-header-meta":"default","adv-header-id-meta":"","stick-header-meta":"","header-above-stick-meta":"","header-main-stick-meta":"","header-below-stick-meta":"","astra-migrate-meta-layouts":"set","ast-page-background-enabled":"default","ast-page-background-meta":{"desktop":{"background-color":"var(--ast-global-color-4)","background-image":"","background-repeat":"repeat","background-position":"center center","background-size":"auto","background-attachment":"scroll","background-type":"","background-media":"","overlay-type":"","overlay-color":"","overlay-opacity":"","overlay-gradient":""},"tablet":{"background-color":"","background-image":"","background-repeat":"repeat","background-position":"center center","background-size":"auto","background-attachment":"scroll","background-type":"","background-media":"","overlay-type":"","overlay-color":"","overlay-opacity":"","overlay-gradient":""},"mobile":{"background-color":"","background-image":"","background-repeat":"repeat","background-position":"center center","background-size":"auto","background-attachment":"scroll","background-type":"","background-media":"","overlay-type":"","overlay-color":"","overlay-opacity":"","overlay-gradient":""}},"ast-content-background-meta":{"desktop":{"background-color":"var(--ast-global-color-5)","background-image":"","background-repeat":"repeat","background-position":"center center","background-size":"auto","background-attachment":"scroll","background-type":"","background-media":"","overlay-type":"","overlay-color":"","overlay-opacity":"","overlay-gradient":""},"tablet":{"background-color":"var(--ast-global-color-5)","background-image":"","background-repeat":"repeat","background-position":"center center","background-size":"auto","background-attachment":"scroll","background-type":"","background-media":"","overlay-type":"","overlay-color":"","overlay-opacity":"","overlay-gradient":""},"mobile":{"background-color":"var(--ast-global-color-5)","background-image":"","background-repeat":"repeat","background-position":"center center","background-size":"auto","background-attachment":"scroll","background-type":"","background-media":"","overlay-type":"","overlay-color":"","overlay-opacity":"","overlay-gradient":""}},"footnotes":""},"class_list":["post-712","page","type-page","status-publish","hentry"],"post_mailing_queue_ids":[],"_links":{"self":[{"href":"https:\/\/agora.xtec.cat\/ies-rubio-hospitalet\/wp-json\/wp\/v2\/pages\/712","targetHints":{"allow":["GET"]}}],"collection":[{"href":"https:\/\/agora.xtec.cat\/ies-rubio-hospitalet\/wp-json\/wp\/v2\/pages"}],"about":[{"href":"https:\/\/agora.xtec.cat\/ies-rubio-hospitalet\/wp-json\/wp\/v2\/types\/page"}],"author":[{"embeddable":true,"href":"https:\/\/agora.xtec.cat\/ies-rubio-hospitalet\/wp-json\/wp\/v2\/users\/1"}],"replies":[{"embeddable":true,"href":"https:\/\/agora.xtec.cat\/ies-rubio-hospitalet\/wp-json\/wp\/v2\/comments?post=712"}],"version-history":[{"count":6,"href":"https:\/\/agora.xtec.cat\/ies-rubio-hospitalet\/wp-json\/wp\/v2\/pages\/712\/revisions"}],"predecessor-version":[{"id":11471,"href":"https:\/\/agora.xtec.cat\/ies-rubio-hospitalet\/wp-json\/wp\/v2\/pages\/712\/revisions\/11471"}],"wp:attachment":[{"href":"https:\/\/agora.xtec.cat\/ies-rubio-hospitalet\/wp-json\/wp\/v2\/media?parent=712"}],"curies":[{"name":"wp","href":"https:\/\/api.w.org\/{rel}","templated":true}]}}