{"id":654,"date":"2018-01-29T13:22:02","date_gmt":"2018-01-29T12:22:02","guid":{"rendered":"http:\/\/agora.xtec.cat\/ies-rubio-hospitalet\/?page_id=654"},"modified":"2018-01-29T19:09:38","modified_gmt":"2018-01-29T18:09:38","slug":"educacio-visual-i-plastica","status":"publish","type":"page","link":"https:\/\/agora.xtec.cat\/ies-rubio-hospitalet\/departaments\/educacio-visual-i-plastica\/","title":{"rendered":"Educaci\u00f3 visual i pl\u00e0stica"},"content":{"rendered":"<div><\/div>\n<div><span style=\"font-family: verdana, sans-serif; font-size: medium;\"><span style=\"color: #000000;\">\u00a0<\/span><\/span><\/div>\n<p><span style=\"color: #000000;\"><span style=\"font-family: verdana, sans-serif; font-size: medium;\"><a href=\"http:\/\/agora.xtec.cat\/ies-rubio-hospitalet\/wp-content\/uploads\/usu1778\/2018\/01\/plastica.jpg\"><img loading=\"lazy\" decoding=\"async\" class=\"wp-image-710 alignleft\" src=\"http:\/\/agora.xtec.cat\/ies-rubio-hospitalet\/wp-content\/uploads\/usu1778\/2018\/01\/plastica.jpg\" alt=\"\" width=\"264\" height=\"176\" srcset=\"https:\/\/agora.xtec.cat\/ies-rubio-hospitalet\/wp-content\/uploads\/usu1778\/2018\/01\/plastica.jpg 600w, https:\/\/agora.xtec.cat\/ies-rubio-hospitalet\/wp-content\/uploads\/usu1778\/2018\/01\/plastica-300x200.jpg 300w\" sizes=\"auto, (max-width: 264px) 100vw, 264px\" \/><\/a><\/span><\/span><\/p>\n<p>&nbsp;<\/p>\n<p><span style=\"font-family: verdana, sans-serif; font-size: medium;\">Aquests s\u00f3n els\u00a0<a style=\"color: #000000;\" href=\"https:\/\/docs.google.com\/document\/d\/1y9qUvlCLz6E0x9iw3NBLSk_HsHss_YFeOmZWqhDr3a4\/edit\" target=\"_blank\" rel=\"noopener noreferrer\"><b>criteris d&#8217;avaluaci\u00f3<\/b><\/a>\u00a0de l&#8217;<b>ESO<\/b> i els de\u00a0<a style=\"color: #000000;\" href=\"https:\/\/docs.google.com\/document\/d\/11YvFggyXps3GqTCYquRC7C66BSuEAPcJDOeToW2WMhM\/edit?usp=sharing\" target=\"_blank\" rel=\"noopener noreferrer\"><b>Batxillerat<\/b><\/a>\u00a0(Dibuix t\u00e8cnic)\u00a0<\/span><span style=\"font-family: verdana, sans-serif; font-size: medium;\">de l&#8217;\u00e0rea d&#8217;Educaci\u00f3 Visual i Pl\u00e0stica.\u00a0<\/span><\/p>\n<div><\/div>\n","protected":false},"excerpt":{"rendered":"<p>\u00a0 &nbsp; Aquests s\u00f3n els\u00a0criteris d&#8217;avaluaci\u00f3\u00a0de l&#8217;ESO i els de\u00a0Batxillerat\u00a0(Dibuix t\u00e8cnic)\u00a0de l&#8217;\u00e0rea d&#8217;Educaci\u00f3 Visual i Pl\u00e0stica.\u00a0<\/p>\n","protected":false},"author":1,"featured_media":0,"parent":623,"menu_order":90,"comment_status":"closed","ping_status":"closed","template":"page-templates\/side-menu.php","meta":{"_bbp_topic_count":0,"_bbp_reply_count":0,"_bbp_total_topic_count":0,"_bbp_total_reply_count":0,"_bbp_voice_count":0,"_bbp_anonymous_reply_count":0,"_bbp_topic_count_hidden":0,"_bbp_reply_count_hidden":0,"_bbp_forum_subforum_count":0,"site-sidebar-layout":"default","site-content-layout":"","ast-site-content-layout":"","site-content-style":"default","site-sidebar-style":"default","ast-global-header-display":"","ast-banner-title-visibility":"","ast-main-header-display":"","ast-hfb-above-header-display":"","ast-hfb-below-header-display":"","ast-hfb-mobile-header-display":"","site-post-title":"","ast-breadcrumbs-content":"","ast-featured-img":"","footer-sml-layout":"","theme-transparent-header-meta":"","adv-header-id-meta":"","stick-header-meta":"","header-above-stick-meta":"","header-main-stick-meta":"","header-below-stick-meta":"","astra-migrate-meta-layouts":"default","ast-page-background-enabled":"default","ast-page-background-meta":{"desktop":{"background-color":"var(--ast-global-color-4)","background-image":"","background-repeat":"repeat","background-position":"center center","background-size":"auto","background-attachment":"scroll","background-type":"","background-media":"","overlay-type":"","overlay-color":"","overlay-opacity":"","overlay-gradient":""},"tablet":{"background-color":"","background-image":"","background-repeat":"repeat","background-position":"center center","background-size":"auto","background-attachment":"scroll","background-type":"","background-media":"","overlay-type":"","overlay-color":"","overlay-opacity":"","overlay-gradient":""},"mobile":{"background-color":"","background-image":"","background-repeat":"repeat","background-position":"center center","background-size":"auto","background-attachment":"scroll","background-type":"","background-media":"","overlay-type":"","overlay-color":"","overlay-opacity":"","overlay-gradient":""}},"ast-content-background-meta":{"desktop":{"background-color":"var(--ast-global-color-5)","background-image":"","background-repeat":"repeat","background-position":"center center","background-size":"auto","background-attachment":"scroll","background-type":"","background-media":"","overlay-type":"","overlay-color":"","overlay-opacity":"","overlay-gradient":""},"tablet":{"background-color":"var(--ast-global-color-5)","background-image":"","background-repeat":"repeat","background-position":"center center","background-size":"auto","background-attachment":"scroll","background-type":"","background-media":"","overlay-type":"","overlay-color":"","overlay-opacity":"","overlay-gradient":""},"mobile":{"background-color":"var(--ast-global-color-5)","background-image":"","background-repeat":"repeat","background-position":"center center","background-size":"auto","background-attachment":"scroll","background-type":"","background-media":"","overlay-type":"","overlay-color":"","overlay-opacity":"","overlay-gradient":""}},"footnotes":""},"class_list":["post-654","page","type-page","status-publish","hentry"],"post_mailing_queue_ids":[],"_links":{"self":[{"href":"https:\/\/agora.xtec.cat\/ies-rubio-hospitalet\/wp-json\/wp\/v2\/pages\/654","targetHints":{"allow":["GET"]}}],"collection":[{"href":"https:\/\/agora.xtec.cat\/ies-rubio-hospitalet\/wp-json\/wp\/v2\/pages"}],"about":[{"href":"https:\/\/agora.xtec.cat\/ies-rubio-hospitalet\/wp-json\/wp\/v2\/types\/page"}],"author":[{"embeddable":true,"href":"https:\/\/agora.xtec.cat\/ies-rubio-hospitalet\/wp-json\/wp\/v2\/users\/1"}],"replies":[{"embeddable":true,"href":"https:\/\/agora.xtec.cat\/ies-rubio-hospitalet\/wp-json\/wp\/v2\/comments?post=654"}],"version-history":[{"count":2,"href":"https:\/\/agora.xtec.cat\/ies-rubio-hospitalet\/wp-json\/wp\/v2\/pages\/654\/revisions"}],"predecessor-version":[{"id":711,"href":"https:\/\/agora.xtec.cat\/ies-rubio-hospitalet\/wp-json\/wp\/v2\/pages\/654\/revisions\/711"}],"up":[{"embeddable":true,"href":"https:\/\/agora.xtec.cat\/ies-rubio-hospitalet\/wp-json\/wp\/v2\/pages\/623"}],"wp:attachment":[{"href":"https:\/\/agora.xtec.cat\/ies-rubio-hospitalet\/wp-json\/wp\/v2\/media?parent=654"}],"curies":[{"name":"wp","href":"https:\/\/api.w.org\/{rel}","templated":true}]}}