{"id":648,"date":"2018-01-29T13:17:45","date_gmt":"2018-01-29T12:17:45","guid":{"rendered":"http:\/\/agora.xtec.cat\/ies-rubio-hospitalet\/?page_id=648"},"modified":"2018-01-29T18:07:39","modified_gmt":"2018-01-29T17:07:39","slug":"tecnologia","status":"publish","type":"page","link":"https:\/\/agora.xtec.cat\/ies-rubio-hospitalet\/departaments\/tecnologia\/","title":{"rendered":"Tecnologia"},"content":{"rendered":"<h5 style=\"text-align: justify;\"><span style=\"font-family: verdana, sans-serif; font-size: medium;\">Aquest s\u00f3n els <a href=\"https:\/\/drive.google.com\/file\/d\/0B7M6EPtH3pxsQ0hxcUg0aXBYanNGTHdxUnFFVnpFWFE4NDFv\/view?usp=sharing\" target=\"_blank\" rel=\"noopener noreferrer\"><b>criteris d&#8217;avaluaci\u00f3<\/b><\/a>\u00a0d&#8217;ESO del Departament de Tecnologia.<\/span><\/h5>\n<div style=\"text-align: justify;\"><span style=\"font-family: verdana, sans-serif; font-size: medium;\">\u00a0<\/span><\/div>\n<div style=\"text-align: justify;\"><span style=\"font-family: verdana, sans-serif;\"><span style=\"font-size: x-large;\"><b><u>\u00a0<\/u><\/b><\/span><\/span><\/div>\n<div style=\"text-align: justify;\"><span style=\"font-family: verdana, sans-serif;\"><span style=\"font-size: x-large;\"><b><u>Projecte de Rob\u00f2tica<\/u><\/b><\/span><\/span><\/div>\n<div style=\"text-align: justify;\"><span style=\"font-family: verdana, sans-serif; font-size: medium;\">\u00a0<\/span><\/div>\n<p><span style=\"font-family: verdana, sans-serif; font-size: medium;\">L&#8217;alumnat de<b> 4t d&#8217;ESO<\/b> que cursa l&#8217;<b>espec\u00edfica de tecnologia<\/b> participen en un <b>projecte de rob\u00f2tica<\/b> juntament amb 70 centres p\u00fablics de tot Catalunya.\u00a0<\/span><\/p>\n<p><span style=\"font-family: verdana, sans-serif; font-size: medium;\">El fet de par<a href=\"https:\/\/sites.google.com\/a\/xtec.cat\/rubioiors\/departaments\/tecnologia\/ROBOTICA-1.jpg?attredirects=0\"><img loading=\"lazy\" decoding=\"async\" class=\"alignleft\" src=\"https:\/\/sites.google.com\/a\/xtec.cat\/rubioiors\/_\/rsrc\/1488802212213\/departaments\/tecnologia\/ROBOTICA-1.jpg?height=150&amp;width=200\" width=\"263\" height=\"197\" border=\"0\" \/><\/a>ticipar-hi ha implicat molts canvis a l&#8217;hora de fer la classe, la teoria la practiquen constantment ja que passen totes<\/span><span>\u00a0<\/span><span style=\"font-family: verdana, sans-serif; font-size: medium;\">les hores al taller de tecnologia programant, han treballat amb processing i arduino, creant jocs i muntant maquetes on l&#8217;electr\u00f2nica forma una part molt important.\u00a0<\/span><\/p>\n<p><span style=\"font-family: verdana, sans-serif; font-size: medium;\">Han muntat maquetes on es simulava el fam\u00f3s cotxe fant\u00e0stic, regular un sem\u00e0for, moure Leds i descobrir la paraula amagada, una caixa que quan la toques et respon, un cotxe que segueix l\u00ednies, un gat que gateja, un personatge que quan li toques el cor mou les cames i els bra\u00e7os, &#8230;\u00a0<\/span><\/p>\n<p>Totes aquestes pr\u00e0ctiques han sigut \u00fatils per fer un projecte pensat, constru\u00eft i programat per ells.<\/p>\n<p>I aqu\u00ed estem: han dissenyat diferents projectes, se n&#8217;ha escollit un i estan treballant en ell perqu\u00e8 el <b>divendres 17 de febrer <\/b>tindrem la <b>Fira de Tecnologia\u00a0<\/b>que es far\u00e0 al <b>CosmoCaixa<\/b>, on ens trobarem amb tots els alumnes de tots els centres que participem i on mostraran tot all\u00f2 que els propis alumnes han dissenyat.<\/p>\n<p><b>\u00a0<\/b><\/p>\n<p><span style=\"font-family: verdana, sans-serif; font-size: medium;\"><b><a href=\"https:\/\/drive.google.com\/drive\/folders\/0Bwbcy9yg8J_yM1ZOcEljaTdCZkU?usp=sharing\" target=\"_blank\" rel=\"noopener noreferrer\">En aquest enlla\u00e7<\/a>\u00a0en teniu una mostra!<\/b><\/span><\/p>\n<p><span style=\"font-family: verdana, sans-serif; font-size: medium;\">\u00a0<\/span><\/p>\n<div style=\"text-align: justify;\"><span style=\"font-family: verdana, sans-serif; font-size: medium;\">\u00a0<\/span><\/div>\n<div>\n<p style=\"text-align: justify;\"><span style=\"font-size: medium;\">El passat 17 de febrer vam participar a la<\/span><span style=\"font-size: large;\"><b>\u00a0Fira IRTCA de rob\u00f2tica<\/b>,<\/span><span style=\"font-size: medium;\">\u00a0al CosmoCaixa de Barcelona. Abans, el dia 14 hav\u00edem d&#8217;<b>enviar un v\u00eddeo<\/b>\u00a0(elaborat per l&#8217;Alejandro i el Gurpreet) i un p\u00f2ster del projecte (fet pel Gurpreet) que es presentava: GLOW\u00a0HOCKEY.<\/span><\/p>\n<div style=\"text-align: justify;\"><\/div>\n<div style=\"text-align: justify;\">\n<div>\n<div class=\"sites-embed-align-left-wrapping-on\">\n<div class=\"sites-embed-border-off sites-embed\"><iframe loading=\"lazy\" class=\"youtube-player\" title=\"YouTube video player\" src=\"https:\/\/www.youtube.com\/embed\/EBnD6kD33ts?rel=0&amp;wmode=opaque\" width=\"480\" height=\"270\" frameborder=\"0\" allowfullscreen=\"allowfullscreen\" data-mce-fragment=\"1\"><\/iframe><\/div>\n<\/div>\n<\/div>\n<\/div>\n<div>\n<div><\/div>\n<p style=\"text-align: justify;\"><span style=\"font-size: medium;\">A la fira va haver-hi una participaci\u00f3 massiva: 115 centres p\u00fablics expositors de tot Catalunya, m\u00e9s de 450 projectes, m\u00e9s de 1800 alumnes expositors\/es &#8230;. i m\u00e9s de 4000 assistents!!!\u00a0<\/span><span style=\"font-size: medium;\">\u00a0<\/span><\/p>\n<div style=\"text-align: justify;\"><span style=\"font-size: medium;\">\u00a0<\/span><\/div>\n<div style=\"text-align: justify;\"><b><span style=\"font-size: large;\"><a href=\"https:\/\/drive.google.com\/drive\/folders\/0B5KbxsWK1ZzhaWFNUkw3V243aEU?usp=sharing\" target=\"_blank\" rel=\"noopener noreferrer\">\u00c0lbum fotogr\u00e0fic FIRA<\/a><\/span><\/b><\/div>\n<div style=\"text-align: justify;\"><span style=\"font-size: medium;\">\u00a0<\/span><\/div>\n<div style=\"text-align: justify;\"><span style=\"font-size: medium;\"><b>Moltes felicitats a tots i totes i enhorabona per la feina que heu fet!<\/b><\/span><\/div>\n<\/div>\n<div><\/div>\n<div><\/div>\n<div><\/div>\n<\/div>\n","protected":false},"excerpt":{"rendered":"<p>Aquest s\u00f3n els criteris d&#8217;avaluaci\u00f3\u00a0d&#8217;ESO del Departament de Tecnologia. \u00a0 \u00a0 Projecte de Rob\u00f2tica \u00a0 L&#8217;alumnat de 4t d&#8217;ESO que cursa l&#8217;espec\u00edfica de tecnologia participen en un projecte de rob\u00f2tica juntament amb 70 centres p\u00fablics de tot Catalunya.\u00a0 El fet de participar-hi ha implicat molts canvis a l&#8217;hora de fer la classe, la teoria la [&hellip;]<\/p>\n","protected":false},"author":1,"featured_media":0,"parent":623,"menu_order":60,"comment_status":"closed","ping_status":"closed","template":"page-templates\/side-menu.php","meta":{"_bbp_topic_count":0,"_bbp_reply_count":0,"_bbp_total_topic_count":0,"_bbp_total_reply_count":0,"_bbp_voice_count":0,"_bbp_anonymous_reply_count":0,"_bbp_topic_count_hidden":0,"_bbp_reply_count_hidden":0,"_bbp_forum_subforum_count":0,"site-sidebar-layout":"default","site-content-layout":"","ast-site-content-layout":"","site-content-style":"default","site-sidebar-style":"default","ast-global-header-display":"","ast-banner-title-visibility":"","ast-main-header-display":"","ast-hfb-above-header-display":"","ast-hfb-below-header-display":"","ast-hfb-mobile-header-display":"","site-post-title":"","ast-breadcrumbs-content":"","ast-featured-img":"","footer-sml-layout":"","theme-transparent-header-meta":"","adv-header-id-meta":"","stick-header-meta":"","header-above-stick-meta":"","header-main-stick-meta":"","header-below-stick-meta":"","astra-migrate-meta-layouts":"default","ast-page-background-enabled":"default","ast-page-background-meta":{"desktop":{"background-color":"var(--ast-global-color-4)","background-image":"","background-repeat":"repeat","background-position":"center center","background-size":"auto","background-attachment":"scroll","background-type":"","background-media":"","overlay-type":"","overlay-color":"","overlay-opacity":"","overlay-gradient":""},"tablet":{"background-color":"","background-image":"","background-repeat":"repeat","background-position":"center center","background-size":"auto","background-attachment":"scroll","background-type":"","background-media":"","overlay-type":"","overlay-color":"","overlay-opacity":"","overlay-gradient":""},"mobile":{"background-color":"","background-image":"","background-repeat":"repeat","background-position":"center center","background-size":"auto","background-attachment":"scroll","background-type":"","background-media":"","overlay-type":"","overlay-color":"","overlay-opacity":"","overlay-gradient":""}},"ast-content-background-meta":{"desktop":{"background-color":"var(--ast-global-color-5)","background-image":"","background-repeat":"repeat","background-position":"center center","background-size":"auto","background-attachment":"scroll","background-type":"","background-media":"","overlay-type":"","overlay-color":"","overlay-opacity":"","overlay-gradient":""},"tablet":{"background-color":"var(--ast-global-color-5)","background-image":"","background-repeat":"repeat","background-position":"center center","background-size":"auto","background-attachment":"scroll","background-type":"","background-media":"","overlay-type":"","overlay-color":"","overlay-opacity":"","overlay-gradient":""},"mobile":{"background-color":"var(--ast-global-color-5)","background-image":"","background-repeat":"repeat","background-position":"center center","background-size":"auto","background-attachment":"scroll","background-type":"","background-media":"","overlay-type":"","overlay-color":"","overlay-opacity":"","overlay-gradient":""}},"footnotes":""},"class_list":["post-648","page","type-page","status-publish","hentry"],"post_mailing_queue_ids":[],"_links":{"self":[{"href":"https:\/\/agora.xtec.cat\/ies-rubio-hospitalet\/wp-json\/wp\/v2\/pages\/648","targetHints":{"allow":["GET"]}}],"collection":[{"href":"https:\/\/agora.xtec.cat\/ies-rubio-hospitalet\/wp-json\/wp\/v2\/pages"}],"about":[{"href":"https:\/\/agora.xtec.cat\/ies-rubio-hospitalet\/wp-json\/wp\/v2\/types\/page"}],"author":[{"embeddable":true,"href":"https:\/\/agora.xtec.cat\/ies-rubio-hospitalet\/wp-json\/wp\/v2\/users\/1"}],"replies":[{"embeddable":true,"href":"https:\/\/agora.xtec.cat\/ies-rubio-hospitalet\/wp-json\/wp\/v2\/comments?post=648"}],"version-history":[{"count":3,"href":"https:\/\/agora.xtec.cat\/ies-rubio-hospitalet\/wp-json\/wp\/v2\/pages\/648\/revisions"}],"predecessor-version":[{"id":695,"href":"https:\/\/agora.xtec.cat\/ies-rubio-hospitalet\/wp-json\/wp\/v2\/pages\/648\/revisions\/695"}],"up":[{"embeddable":true,"href":"https:\/\/agora.xtec.cat\/ies-rubio-hospitalet\/wp-json\/wp\/v2\/pages\/623"}],"wp:attachment":[{"href":"https:\/\/agora.xtec.cat\/ies-rubio-hospitalet\/wp-json\/wp\/v2\/media?parent=648"}],"curies":[{"name":"wp","href":"https:\/\/api.w.org\/{rel}","templated":true}]}}