{"id":644,"date":"2018-01-29T13:16:49","date_gmt":"2018-01-29T12:16:49","guid":{"rendered":"http:\/\/agora.xtec.cat\/ies-rubio-hospitalet\/?page_id=644"},"modified":"2018-01-29T15:41:17","modified_gmt":"2018-01-29T14:41:17","slug":"filosofia","status":"publish","type":"page","link":"https:\/\/agora.xtec.cat\/ies-rubio-hospitalet\/departaments\/filosofia\/","title":{"rendered":"Filosofia"},"content":{"rendered":"<h4><b><a href=\"https:\/\/drive.google.com\/file\/d\/0B7M6EPtH3pxsOE1NUXNXbkUxYm1pWF84SDFVbHhXVWlWOEgw\/view?usp=sharing\" target=\"_blank\" rel=\"noopener noreferrer\">Criteris d&#8217;avaluaci\u00f3 de Filosofia a Batxillerat<\/a><\/b><\/h4>\n<div><b>\u00a0<\/b><\/div>\n<div><b>\u00a0<\/b><\/div>\n<div><img loading=\"lazy\" decoding=\"async\" class=\"alignleft\" src=\"https:\/\/sites.google.com\/a\/xtec.cat\/rubioiors\/_\/rsrc\/1488802212212\/departaments\/filosofia\/federacion-internacional-sociedades-filosofia-universidad_milima20130920_0203_8.jpg?height=135&amp;width=200\" width=\"247\" height=\"168\" border=\"0\" \/><\/div>\n<div><b>\u00a0<\/b><\/div>\n<div>\n<blockquote><p><b>Viure sense filosofar \u00e9s, pr\u00f2piament, tenir els ulls tancats, sense tractar d&#8217;obrir-los mai.\u00a0<\/b>Ren\u00e9 Descartes\u00a0\u00a0(1596-1650) Fil\u00f2sof i matem\u00e0tic franc\u00e8s.<\/p>\n<div title=\"Page 2\"><b>El fil\u00f2sof no \u00e9s m\u00e9s que una esp\u00e8cie d\u2019ocasi\u00f3 per a qu\u00e8 l\u2019impuls prengui finalment la paraula.\u00a0<\/b>Friedrich Wilhelm Nietzsche (1844-1900) \u00a0Fil\u00f2sof alemany<\/div>\n<\/blockquote>\n<\/div>\n","protected":false},"excerpt":{"rendered":"<p>Criteris d&#8217;avaluaci\u00f3 de Filosofia a Batxillerat \u00a0 \u00a0 \u00a0 Viure sense filosofar \u00e9s, pr\u00f2piament, tenir els ulls tancats, sense tractar d&#8217;obrir-los mai.\u00a0Ren\u00e9 Descartes\u00a0\u00a0(1596-1650) Fil\u00f2sof i matem\u00e0tic franc\u00e8s. El fil\u00f2sof no \u00e9s m\u00e9s que una esp\u00e8cie d\u2019ocasi\u00f3 per a qu\u00e8 l\u2019impuls prengui finalment la paraula.\u00a0Friedrich Wilhelm Nietzsche (1844-1900) \u00a0Fil\u00f2sof alemany<\/p>\n","protected":false},"author":1,"featured_media":0,"parent":623,"menu_order":40,"comment_status":"closed","ping_status":"closed","template":"page-templates\/side-menu.php","meta":{"_bbp_topic_count":0,"_bbp_reply_count":0,"_bbp_total_topic_count":0,"_bbp_total_reply_count":0,"_bbp_voice_count":0,"_bbp_anonymous_reply_count":0,"_bbp_topic_count_hidden":0,"_bbp_reply_count_hidden":0,"_bbp_forum_subforum_count":0,"site-sidebar-layout":"default","site-content-layout":"","ast-site-content-layout":"","site-content-style":"default","site-sidebar-style":"default","ast-global-header-display":"","ast-banner-title-visibility":"","ast-main-header-display":"","ast-hfb-above-header-display":"","ast-hfb-below-header-display":"","ast-hfb-mobile-header-display":"","site-post-title":"","ast-breadcrumbs-content":"","ast-featured-img":"","footer-sml-layout":"","theme-transparent-header-meta":"","adv-header-id-meta":"","stick-header-meta":"","header-above-stick-meta":"","header-main-stick-meta":"","header-below-stick-meta":"","astra-migrate-meta-layouts":"default","ast-page-background-enabled":"default","ast-page-background-meta":{"desktop":{"background-color":"var(--ast-global-color-4)","background-image":"","background-repeat":"repeat","background-position":"center center","background-size":"auto","background-attachment":"scroll","background-type":"","background-media":"","overlay-type":"","overlay-color":"","overlay-opacity":"","overlay-gradient":""},"tablet":{"background-color":"","background-image":"","background-repeat":"repeat","background-position":"center center","background-size":"auto","background-attachment":"scroll","background-type":"","background-media":"","overlay-type":"","overlay-color":"","overlay-opacity":"","overlay-gradient":""},"mobile":{"background-color":"","background-image":"","background-repeat":"repeat","background-position":"center center","background-size":"auto","background-attachment":"scroll","background-type":"","background-media":"","overlay-type":"","overlay-color":"","overlay-opacity":"","overlay-gradient":""}},"ast-content-background-meta":{"desktop":{"background-color":"var(--ast-global-color-5)","background-image":"","background-repeat":"repeat","background-position":"center center","background-size":"auto","background-attachment":"scroll","background-type":"","background-media":"","overlay-type":"","overlay-color":"","overlay-opacity":"","overlay-gradient":""},"tablet":{"background-color":"var(--ast-global-color-5)","background-image":"","background-repeat":"repeat","background-position":"center center","background-size":"auto","background-attachment":"scroll","background-type":"","background-media":"","overlay-type":"","overlay-color":"","overlay-opacity":"","overlay-gradient":""},"mobile":{"background-color":"var(--ast-global-color-5)","background-image":"","background-repeat":"repeat","background-position":"center center","background-size":"auto","background-attachment":"scroll","background-type":"","background-media":"","overlay-type":"","overlay-color":"","overlay-opacity":"","overlay-gradient":""}},"footnotes":""},"class_list":["post-644","page","type-page","status-publish","hentry"],"post_mailing_queue_ids":[],"_links":{"self":[{"href":"https:\/\/agora.xtec.cat\/ies-rubio-hospitalet\/wp-json\/wp\/v2\/pages\/644","targetHints":{"allow":["GET"]}}],"collection":[{"href":"https:\/\/agora.xtec.cat\/ies-rubio-hospitalet\/wp-json\/wp\/v2\/pages"}],"about":[{"href":"https:\/\/agora.xtec.cat\/ies-rubio-hospitalet\/wp-json\/wp\/v2\/types\/page"}],"author":[{"embeddable":true,"href":"https:\/\/agora.xtec.cat\/ies-rubio-hospitalet\/wp-json\/wp\/v2\/users\/1"}],"replies":[{"embeddable":true,"href":"https:\/\/agora.xtec.cat\/ies-rubio-hospitalet\/wp-json\/wp\/v2\/comments?post=644"}],"version-history":[{"count":2,"href":"https:\/\/agora.xtec.cat\/ies-rubio-hospitalet\/wp-json\/wp\/v2\/pages\/644\/revisions"}],"predecessor-version":[{"id":682,"href":"https:\/\/agora.xtec.cat\/ies-rubio-hospitalet\/wp-json\/wp\/v2\/pages\/644\/revisions\/682"}],"up":[{"embeddable":true,"href":"https:\/\/agora.xtec.cat\/ies-rubio-hospitalet\/wp-json\/wp\/v2\/pages\/623"}],"wp:attachment":[{"href":"https:\/\/agora.xtec.cat\/ies-rubio-hospitalet\/wp-json\/wp\/v2\/media?parent=644"}],"curies":[{"name":"wp","href":"https:\/\/api.w.org\/{rel}","templated":true}]}}