{"id":642,"date":"2018-01-29T13:16:30","date_gmt":"2018-01-29T12:16:30","guid":{"rendered":"http:\/\/agora.xtec.cat\/ies-rubio-hospitalet\/?page_id=642"},"modified":"2018-01-29T16:01:09","modified_gmt":"2018-01-29T15:01:09","slug":"llengues-estrangeres","status":"publish","type":"page","link":"https:\/\/agora.xtec.cat\/ies-rubio-hospitalet\/departaments\/llengues-estrangeres\/","title":{"rendered":"Lleng\u00fces estrangeres"},"content":{"rendered":"<p><span style=\"font-family: verdana, sans-serif; font-size: medium; color: #000000;\"><a href=\"http:\/\/agora.xtec.cat\/ies-rubio-hospitalet\/wp-content\/uploads\/usu1778\/2018\/01\/ENGLISH.jpg\"><img loading=\"lazy\" decoding=\"async\" class=\"wp-image-684 alignleft\" src=\"http:\/\/agora.xtec.cat\/ies-rubio-hospitalet\/wp-content\/uploads\/usu1778\/2018\/01\/ENGLISH.jpg\" alt=\"\" width=\"307\" height=\"204\" srcset=\"https:\/\/agora.xtec.cat\/ies-rubio-hospitalet\/wp-content\/uploads\/usu1778\/2018\/01\/ENGLISH.jpg 425w, https:\/\/agora.xtec.cat\/ies-rubio-hospitalet\/wp-content\/uploads\/usu1778\/2018\/01\/ENGLISH-300x199.jpg 300w\" sizes=\"auto, (max-width: 307px) 100vw, 307px\" \/><\/a>A l&#8217;Institut Rubi\u00f3 i Ors tot l&#8217;alumnat apr\u00e8n\u00a0<b>angl\u00e8s<\/b>\u00a0com a primera llengua estrangera i tamb\u00e9 estudia\u00a0<b>alemany<\/b>\u00a0l&#8217;alumnat que ho demana. \u00a0<\/span><\/p>\n<p><span style=\"font-family: verdana, sans-serif; font-size: medium; color: #000000;\">Fins al curs 2014-2015 la segona llengua estrangera que s&#8217;oferia a l&#8217;alumnat era el franc\u00e8s, per\u00f2 tenint en compte la situaci\u00f3 actual a Europa <b>hem apostat per l&#8217;alemany<\/b> pensant que pot ser una eina ling\u00fc\u00edstica important pel futur del nostre alumnat.<\/span><\/p>\n<p>&nbsp;<\/p>\n<p>&nbsp;<\/p>\n<h5><a href=\"http:\/\/docs.google.com\/document\/d\/1KhoGh73c47WiSkaY1PV9If5t1KdbIsm0lmGwytLzjaA\/edit?usp=sharing\">CRITERIS D&#8217;AVALUACI\u00d3 D&#8217;ANGL\u00c8S<\/a><\/h5>\n<h5>Aquest \u00e9s el\u00a0<a href=\"http:\/\/idiomesalrubioiors.blogspot.com.es\">BLOG D&#8217;IDIOMES<\/a><\/h5>\n<p>&nbsp;<\/p>\n<p>Els nostres alumnes poden fer l&#8217;activitat extraescolar (els dimecres a la tarda) de <strong>TEATRE EN ANGL\u00c8S.<\/strong><\/p>\n<div>\n<p><span style=\"color: #000000; font-size: medium;\">El passat 12 de maig vam poder gaudir de la magistral interpretaci\u00f3 en angl\u00e8s de l&#8217;alumnat de 4t ESO A, que va representar la com\u00e8dia teatral\u00a0<b>The Importance of Being Earest,<\/b>\u00a0una obra d&#8217;<b>Oscar Wilde<\/b>\u00a0escrita l&#8217;any 1895.<\/span><\/p>\n<p><span style=\"color: #000000; font-size: medium;\">En aquest v\u00eddeo la podeu veure sencera:<\/span><\/p>\n<div><\/div>\n<div><\/div>\n<div><\/div>\n<\/div>\n<div><span style=\"font-family: verdana, sans-serif;\"><span style=\"font-size: medium;\">En aquest<\/span><b><span style=\"font-size: medium;\">\u00a0<\/span><span style=\"font-size: large;\"><a href=\"http:\/\/lhdigital.cat\/web\/digital-h\/veure-multimedia?video=http:\/\/lhdigital.cat\/videos_2017\/noticies\/LHDIGITAL_ENGLHISH_WEEK.mp4&amp;titol=Alumnes%20de%20prim%C3%A0ria%20i%20secund%C3%A0ria%20fan%20teatre%20en%20angl%C3%A8s%20a%20l%27English%20Week-Acting\" target=\"_blank\" rel=\"nofollow noopener noreferrer\">enlla\u00e7<\/a>\u00a0<\/span><\/b><span style=\"font-size: medium;\">podreu veure el<\/span><b> reportatge que ha fet l&#8217;H digital <\/b><span style=\"font-size: medium;\">sobre aquest projecte.<\/span><\/span><\/div>\n<div><\/div>\n<div><\/div>\n<div><\/div>\n<div><\/div>\n<div><\/div>\n<div><\/div>\n<div>\n<div><a href=\"https:\/\/sites.google.com\/a\/xtec.cat\/rubioiors\/departaments\/llengues-estrangeres\/lH.png?attredirects=0\"><img loading=\"lazy\" decoding=\"async\" class=\"aligncenter\" src=\"https:\/\/sites.google.com\/a\/xtec.cat\/rubioiors\/_\/rsrc\/1496499274599\/departaments\/llengues-estrangeres\/lH.png?height=282&amp;width=400\" width=\"400\" height=\"282\" border=\"0\" \/><\/a><\/div>\n<\/div>\n<div><\/div>\n<div><\/div>\n<div><\/div>\n<div><\/div>\n<div><\/div>\n<div><\/div>\n<div><\/div>\n<div><\/div>\n<h4><span lang=\"CA\"><span style=\"font-size: x-large;\"><u>EXAMEN A2 Alemany:<\/u><\/span><\/span><\/h4>\n<p><span lang=\"CA\">Fa uns\u00a0anys entre el\u00a0<b>Departament<\/b><b>\u00a0d&#8217;Ensenyament<\/b>\u00a0i el\u00a0<a href=\"http:\/\/www.goethe.de\/ins\/es\/ca\/bar.html\" target=\"_blank\" rel=\"nofollow noopener noreferrer\"><b>Goethe Institut<\/b><\/a>\u00a0de Barcelona es va arribar <\/span><span style=\"font-family: verdana, sans-serif; font-size: medium;\">a l&#8217;acord pel qual els alumnes dels\u00a0<b>instituts p\u00fablics de Catalunya\u00a0<\/b>que estudien alemany com a primera o segona llengua estrangera\u00a0<b>poden gaudir d\u2019avantatges<\/b>\u00a0a l\u2019hora d\u2019examinar-se d\u2019aquest nivell i obtenir un certificat del Goethe Institut, reconegut internacionalment.<\/span><\/p>\n<p><span lang=\"CA\"><span style=\"font-family: verdana, sans-serif; font-size: medium;\">L\u2019objectiu del nostre centre \u00e9s el d\u2019aconseguir que els nostres alumnes que estudien alemany com a segona llengua estrangera puguin gaudir d\u2019aquests avantatges i\u00a0<b>aconseguir el certificat del nivell A2, expedit pel Goethe Institut, en finalitzar l\u2019ESO<\/b><\/span><\/span><\/p>\n<p><span lang=\"CA\"><span style=\"font-family: verdana, sans-serif; font-size: large;\"><i>Estem molt il\u00b7lusionats amb aquest projecte de centre que, de ben segur, ajudar\u00e0 els nostres alumnes en el seu recorregut acad\u00e8mic i professional!<\/i><\/span><\/span><\/p>\n<div><span style=\"font-family: verdana, sans-serif;\"><span style=\"color: #000000; font-size: x-large;\">\u00a0<\/span><\/span><\/div>\n<div><\/div>\n","protected":false},"excerpt":{"rendered":"<p>A l&#8217;Institut Rubi\u00f3 i Ors tot l&#8217;alumnat apr\u00e8n\u00a0angl\u00e8s\u00a0com a primera llengua estrangera i tamb\u00e9 estudia\u00a0alemany\u00a0l&#8217;alumnat que ho demana. \u00a0 Fins al curs 2014-2015 la segona llengua estrangera que s&#8217;oferia a l&#8217;alumnat era el franc\u00e8s, per\u00f2 tenint en compte la situaci\u00f3 actual a Europa hem apostat per l&#8217;alemany pensant que pot ser una eina ling\u00fc\u00edstica important [&hellip;]<\/p>\n","protected":false},"author":1,"featured_media":0,"parent":623,"menu_order":30,"comment_status":"closed","ping_status":"closed","template":"page-templates\/side-menu.php","meta":{"_bbp_topic_count":0,"_bbp_reply_count":0,"_bbp_total_topic_count":0,"_bbp_total_reply_count":0,"_bbp_voice_count":0,"_bbp_anonymous_reply_count":0,"_bbp_topic_count_hidden":0,"_bbp_reply_count_hidden":0,"_bbp_forum_subforum_count":0,"site-sidebar-layout":"default","site-content-layout":"","ast-site-content-layout":"","site-content-style":"default","site-sidebar-style":"default","ast-global-header-display":"","ast-banner-title-visibility":"","ast-main-header-display":"","ast-hfb-above-header-display":"","ast-hfb-below-header-display":"","ast-hfb-mobile-header-display":"","site-post-title":"","ast-breadcrumbs-content":"","ast-featured-img":"","footer-sml-layout":"","theme-transparent-header-meta":"","adv-header-id-meta":"","stick-header-meta":"","header-above-stick-meta":"","header-main-stick-meta":"","header-below-stick-meta":"","astra-migrate-meta-layouts":"default","ast-page-background-enabled":"default","ast-page-background-meta":{"desktop":{"background-color":"var(--ast-global-color-4)","background-image":"","background-repeat":"repeat","background-position":"center center","background-size":"auto","background-attachment":"scroll","background-type":"","background-media":"","overlay-type":"","overlay-color":"","overlay-opacity":"","overlay-gradient":""},"tablet":{"background-color":"","background-image":"","background-repeat":"repeat","background-position":"center center","background-size":"auto","background-attachment":"scroll","background-type":"","background-media":"","overlay-type":"","overlay-color":"","overlay-opacity":"","overlay-gradient":""},"mobile":{"background-color":"","background-image":"","background-repeat":"repeat","background-position":"center center","background-size":"auto","background-attachment":"scroll","background-type":"","background-media":"","overlay-type":"","overlay-color":"","overlay-opacity":"","overlay-gradient":""}},"ast-content-background-meta":{"desktop":{"background-color":"var(--ast-global-color-5)","background-image":"","background-repeat":"repeat","background-position":"center center","background-size":"auto","background-attachment":"scroll","background-type":"","background-media":"","overlay-type":"","overlay-color":"","overlay-opacity":"","overlay-gradient":""},"tablet":{"background-color":"var(--ast-global-color-5)","background-image":"","background-repeat":"repeat","background-position":"center center","background-size":"auto","background-attachment":"scroll","background-type":"","background-media":"","overlay-type":"","overlay-color":"","overlay-opacity":"","overlay-gradient":""},"mobile":{"background-color":"var(--ast-global-color-5)","background-image":"","background-repeat":"repeat","background-position":"center center","background-size":"auto","background-attachment":"scroll","background-type":"","background-media":"","overlay-type":"","overlay-color":"","overlay-opacity":"","overlay-gradient":""}},"footnotes":""},"class_list":["post-642","page","type-page","status-publish","hentry"],"post_mailing_queue_ids":[],"_links":{"self":[{"href":"https:\/\/agora.xtec.cat\/ies-rubio-hospitalet\/wp-json\/wp\/v2\/pages\/642","targetHints":{"allow":["GET"]}}],"collection":[{"href":"https:\/\/agora.xtec.cat\/ies-rubio-hospitalet\/wp-json\/wp\/v2\/pages"}],"about":[{"href":"https:\/\/agora.xtec.cat\/ies-rubio-hospitalet\/wp-json\/wp\/v2\/types\/page"}],"author":[{"embeddable":true,"href":"https:\/\/agora.xtec.cat\/ies-rubio-hospitalet\/wp-json\/wp\/v2\/users\/1"}],"replies":[{"embeddable":true,"href":"https:\/\/agora.xtec.cat\/ies-rubio-hospitalet\/wp-json\/wp\/v2\/comments?post=642"}],"version-history":[{"count":3,"href":"https:\/\/agora.xtec.cat\/ies-rubio-hospitalet\/wp-json\/wp\/v2\/pages\/642\/revisions"}],"predecessor-version":[{"id":690,"href":"https:\/\/agora.xtec.cat\/ies-rubio-hospitalet\/wp-json\/wp\/v2\/pages\/642\/revisions\/690"}],"up":[{"embeddable":true,"href":"https:\/\/agora.xtec.cat\/ies-rubio-hospitalet\/wp-json\/wp\/v2\/pages\/623"}],"wp:attachment":[{"href":"https:\/\/agora.xtec.cat\/ies-rubio-hospitalet\/wp-json\/wp\/v2\/media?parent=642"}],"curies":[{"name":"wp","href":"https:\/\/api.w.org\/{rel}","templated":true}]}}