{"id":638,"date":"2018-01-29T13:15:28","date_gmt":"2018-01-29T12:15:28","guid":{"rendered":"http:\/\/agora.xtec.cat\/ies-rubio-hospitalet\/?page_id=638"},"modified":"2018-01-29T15:12:47","modified_gmt":"2018-01-29T14:12:47","slug":"ciencies-socials","status":"publish","type":"page","link":"https:\/\/agora.xtec.cat\/ies-rubio-hospitalet\/departaments\/ciencies-socials\/","title":{"rendered":"Ci\u00e8ncies socials"},"content":{"rendered":"<div><span style=\"color: #6aa84f; font-family: verdana, sans-serif; font-size: medium;\"><b><a href=\"https:\/\/drive.google.com\/file\/d\/0B7M6EPtH3pxsT19fcVVuOUhzMlAtS01XTHJ4YlZ5TzZUZUlJ\/view?usp=sharing\" target=\"_blank\" rel=\"noopener noreferrer\">\u00a0<\/a><\/b><\/span><\/div>\n<h3 style=\"text-align: justify;\"><b><\/b><span style=\"color: #3366ff; font-size: medium;\"><a style=\"color: #3366ff;\" href=\"https:\/\/drive.google.com\/file\/d\/0B7M6EPtH3pxsT19fcVVuOUhzMlAtS01XTHJ4YlZ5TzZUZUlJ\/view?usp=sharing\" target=\"_blank\" rel=\"noopener noreferrer\"><span style=\"font-family: verdana, sans-serif;\">Criteris d&#8217;avaluaci\u00f3 a l&#8217;ESO de Ci\u00e8ncies Socials<\/span><\/a><\/span><\/h3>\n<h3 style=\"text-align: justify;\"><span style=\"color: #3366ff; font-family: verdana, sans-serif; font-size: medium;\"><a style=\"color: #3366ff;\" href=\"https:\/\/drive.google.com\/file\/d\/0B7M6EPtH3pxsdUZ5MGZUTndTQ0FQczBlNDBvRTdtck5BRUc4\/view?usp=sharing\" target=\"_blank\" rel=\"noopener noreferrer\">Criteris d&#8217;avaluaci\u00f3 a Batxillerat del Departament de Socials<\/a><br \/>\n<\/span><\/h3>\n<div><span style=\"color: #3366ff; font-family: verdana, sans-serif; font-size: medium;\"><b>\u00a0<\/b><\/span><\/div>\n<div><span style=\"color: #6aa84f; font-family: verdana, sans-serif; font-size: medium;\"><b>\u00a0<\/b><\/span><\/div>\n<div><span style=\"color: #6aa84f; font-family: verdana, sans-serif; font-size: medium;\"><b>\u00a0<\/b><\/span><\/div>\n<div><span style=\"color: #6aa84f; font-family: verdana, sans-serif; font-size: medium;\"><b>\u00a0<\/b><\/span><\/div>\n<div><\/div>\n<div><\/div>\n<div><\/div>\n","protected":false},"excerpt":{"rendered":"<p>\u00a0 Criteris d&#8217;avaluaci\u00f3 a l&#8217;ESO de Ci\u00e8ncies Socials Criteris d&#8217;avaluaci\u00f3 a Batxillerat del Departament de Socials \u00a0 \u00a0 \u00a0 \u00a0<\/p>\n","protected":false},"author":1,"featured_media":0,"parent":623,"menu_order":10,"comment_status":"closed","ping_status":"closed","template":"page-templates\/side-menu.php","meta":{"_bbp_topic_count":0,"_bbp_reply_count":0,"_bbp_total_topic_count":0,"_bbp_total_reply_count":0,"_bbp_voice_count":0,"_bbp_anonymous_reply_count":0,"_bbp_topic_count_hidden":0,"_bbp_reply_count_hidden":0,"_bbp_forum_subforum_count":0,"site-sidebar-layout":"default","site-content-layout":"","ast-site-content-layout":"","site-content-style":"default","site-sidebar-style":"default","ast-global-header-display":"","ast-banner-title-visibility":"","ast-main-header-display":"","ast-hfb-above-header-display":"","ast-hfb-below-header-display":"","ast-hfb-mobile-header-display":"","site-post-title":"","ast-breadcrumbs-content":"","ast-featured-img":"","footer-sml-layout":"","theme-transparent-header-meta":"","adv-header-id-meta":"","stick-header-meta":"","header-above-stick-meta":"","header-main-stick-meta":"","header-below-stick-meta":"","astra-migrate-meta-layouts":"default","ast-page-background-enabled":"default","ast-page-background-meta":{"desktop":{"background-color":"var(--ast-global-color-4)","background-image":"","background-repeat":"repeat","background-position":"center center","background-size":"auto","background-attachment":"scroll","background-type":"","background-media":"","overlay-type":"","overlay-color":"","overlay-opacity":"","overlay-gradient":""},"tablet":{"background-color":"","background-image":"","background-repeat":"repeat","background-position":"center center","background-size":"auto","background-attachment":"scroll","background-type":"","background-media":"","overlay-type":"","overlay-color":"","overlay-opacity":"","overlay-gradient":""},"mobile":{"background-color":"","background-image":"","background-repeat":"repeat","background-position":"center center","background-size":"auto","background-attachment":"scroll","background-type":"","background-media":"","overlay-type":"","overlay-color":"","overlay-opacity":"","overlay-gradient":""}},"ast-content-background-meta":{"desktop":{"background-color":"var(--ast-global-color-5)","background-image":"","background-repeat":"repeat","background-position":"center center","background-size":"auto","background-attachment":"scroll","background-type":"","background-media":"","overlay-type":"","overlay-color":"","overlay-opacity":"","overlay-gradient":""},"tablet":{"background-color":"var(--ast-global-color-5)","background-image":"","background-repeat":"repeat","background-position":"center center","background-size":"auto","background-attachment":"scroll","background-type":"","background-media":"","overlay-type":"","overlay-color":"","overlay-opacity":"","overlay-gradient":""},"mobile":{"background-color":"var(--ast-global-color-5)","background-image":"","background-repeat":"repeat","background-position":"center center","background-size":"auto","background-attachment":"scroll","background-type":"","background-media":"","overlay-type":"","overlay-color":"","overlay-opacity":"","overlay-gradient":""}},"footnotes":""},"class_list":["post-638","page","type-page","status-publish","hentry"],"post_mailing_queue_ids":[],"_links":{"self":[{"href":"https:\/\/agora.xtec.cat\/ies-rubio-hospitalet\/wp-json\/wp\/v2\/pages\/638","targetHints":{"allow":["GET"]}}],"collection":[{"href":"https:\/\/agora.xtec.cat\/ies-rubio-hospitalet\/wp-json\/wp\/v2\/pages"}],"about":[{"href":"https:\/\/agora.xtec.cat\/ies-rubio-hospitalet\/wp-json\/wp\/v2\/types\/page"}],"author":[{"embeddable":true,"href":"https:\/\/agora.xtec.cat\/ies-rubio-hospitalet\/wp-json\/wp\/v2\/users\/1"}],"replies":[{"embeddable":true,"href":"https:\/\/agora.xtec.cat\/ies-rubio-hospitalet\/wp-json\/wp\/v2\/comments?post=638"}],"version-history":[{"count":3,"href":"https:\/\/agora.xtec.cat\/ies-rubio-hospitalet\/wp-json\/wp\/v2\/pages\/638\/revisions"}],"predecessor-version":[{"id":681,"href":"https:\/\/agora.xtec.cat\/ies-rubio-hospitalet\/wp-json\/wp\/v2\/pages\/638\/revisions\/681"}],"up":[{"embeddable":true,"href":"https:\/\/agora.xtec.cat\/ies-rubio-hospitalet\/wp-json\/wp\/v2\/pages\/623"}],"wp:attachment":[{"href":"https:\/\/agora.xtec.cat\/ies-rubio-hospitalet\/wp-json\/wp\/v2\/media?parent=638"}],"curies":[{"name":"wp","href":"https:\/\/api.w.org\/{rel}","templated":true}]}}