{"id":636,"date":"2018-01-29T13:14:48","date_gmt":"2018-01-29T12:14:48","guid":{"rendered":"http:\/\/agora.xtec.cat\/ies-rubio-hospitalet\/?page_id=636"},"modified":"2020-02-19T16:25:33","modified_gmt":"2020-02-19T15:25:33","slug":"ciencies-de-la-naturalesa","status":"publish","type":"page","link":"https:\/\/agora.xtec.cat\/ies-rubio-hospitalet\/departaments\/ciencies-de-la-naturalesa\/","title":{"rendered":"Ci\u00e8ncies de la naturalesa"},"content":{"rendered":"<p><a href=\"https:\/\/sites.google.com\/a\/xtec.cat\/rubioiors\/departaments\/ciencies-de-la-natura\/imatge-capcalera.jpg?attredirects=0\"><img loading=\"lazy\" decoding=\"async\" class=\"alignleft\" src=\"https:\/\/sites.google.com\/a\/xtec.cat\/rubioiors\/_\/rsrc\/1488802212212\/departaments\/ciencies-de-la-natura\/imatge-capcalera.jpg?height=200&amp;width=200\" width=\"262\" height=\"262\" border=\"0\" \/><\/a><\/p>\n<p style=\"text-align: right;\"><span style=\"font-family: verdana, sans-serif; font-size: medium; color: #000000;\"><b>\u00a0<\/b><\/span><\/p>\n<p style=\"text-align: justify;\"><span style=\"color: #000000;\"><span style=\"font-family: verdana, sans-serif; font-size: medium;\"><b>Criteris d&#8217;avaluaci\u00f3\u00a0<\/b>de Ci\u00e8ncies Experimentals de <a style=\"color: #000000;\" href=\"https:\/\/drive.google.com\/file\/d\/0B7M6EPtH3pxsUms2aWtIakNzNkZHZXRvdUw1V1habDg3bFFB\/view?usp=sharing\" target=\"_blank\" rel=\"noopener noreferrer\"><b>l&#8217;ESO<\/b><\/a>\u00a0<\/span>i de<b>\u00a0<\/b><b><a style=\"color: #000000;\" href=\"https:\/\/drive.google.com\/file\/d\/0B7M6EPtH3pxsZzEtaElQVUlTZi1NUFlxekdEZU9vVHpMNnhR\/view?usp=sharing\" target=\"_blank\" rel=\"noopener noreferrer\">Batxillerat<\/a><\/b><\/span><\/p>\n<p style=\"text-align: justify;\"><span style=\"color: #000000;\"><span style=\"color: #3366ff;\"><a style=\"color: #3366ff;\" href=\"https:\/\/drive.google.com\/file\/d\/0B7M6EPtH3pxsdjQxaW84SUZxSmdXTl8zT3djcDg0ZVBsdU5J\/view?usp=sharing\" target=\"_blank\" rel=\"noopener noreferrer\"><b>Planificaci\u00f3 de curs<\/b><\/a><\/span><b>\u00a0<\/b>de 2n ESO de Ci\u00e8ncies Experimentals<br \/>\n<\/span><\/p>\n<p style=\"text-align: justify;\"><span style=\"color: #000000;\"><span style=\"color: #3366ff;\"><a style=\"color: #3366ff;\" href=\"https:\/\/drive.google.com\/file\/d\/0B7M6EPtH3pxsWC1yNDZCWDdTTzMtX1BLZF9pZ2w4MDZSOC1V\/view?usp=sharing\" target=\"_blank\" rel=\"noopener noreferrer\"><b>Planificaci\u00f3 de curs<\/b><\/a><\/span>\u00a0de F\u00edsica i Qu\u00edmica de 4t ESO<\/span><\/p>\n<p style=\"text-align: justify;\"><span style=\"color: #000000;\"><span style=\"color: #3366ff;\"><a style=\"color: #3366ff;\" href=\"https:\/\/drive.google.com\/file\/d\/0B7M6EPtH3pxseXUydEtiVVlTUWRUaUtGOUxuM1VzN1dQaGEw\/view?usp=sharing\" target=\"_blank\" rel=\"noopener noreferrer\"><b>Planificaci\u00f3 de curs<\/b><\/a><\/span>\u00a0de F\u00edsica de 1r BTX<\/span><\/p>\n<p><span style=\"color: #000000;\">\u00a0<\/span><\/p>\n<p>&nbsp;<\/p>\n<div><a href=\"https:\/\/sites.google.com\/a\/xtec.cat\/rubioiors\/departaments\/ciencies-de-la-natura\/quimica.jpg?attredirects=0\"><img loading=\"lazy\" decoding=\"async\" class=\"alignleft\" src=\"https:\/\/sites.google.com\/a\/xtec.cat\/rubioiors\/_\/rsrc\/1488802212212\/departaments\/ciencies-de-la-natura\/quimica.jpg?height=240&amp;width=320\" width=\"320\" height=\"240\" border=\"0\" \/><\/a><\/div>\n<div><\/div>\n<p>&nbsp;<\/p>\n<p style=\"text-align: justify;\"><span style=\"color: #000000;\"><span style=\"font-size: medium;\"><strong><span style=\"color: #3366ff;\"><a style=\"color: #3366ff;\" href=\"https:\/\/drive.google.com\/file\/d\/0B7M6EPtH3pxsc2NaRTUyUmZ4U0Y2SHVVTHh6VE9uYkp6elQ4\/view?usp=sharing\" target=\"_blank\" rel=\"noopener noreferrer\">Planificaci\u00f3 de curs<\/a><\/span><\/strong><\/span><b><span style=\"font-size: medium;\">\u00a0<\/span><\/b><span style=\"font-size: medium;\">de Qu\u00edmica de 1r BTX<\/span><\/span><\/p>\n<p style=\"text-align: justify;\"><span style=\"color: #000000;\"><b><span style=\"color: #3366ff;\"><a style=\"color: #3366ff;\" href=\"https:\/\/drive.google.com\/file\/d\/0B7M6EPtH3pxsWm9GbEp3NzUxZkpDYnZTTWZuR29LMDBULXI0\/view?usp=sharing\" target=\"_blank\" rel=\"noopener noreferrer\">Planificaci\u00f3 de curs<\/a><\/span>\u00a0<\/b>de Qu\u00edmica de 2n BTX<\/span><\/p>\n<div><span style=\"color: #000000;\">\u00a0<\/span><\/div>\n<div><span style=\"color: #000000;\">\u00a0<\/span><\/div>\n<div><span style=\"color: #000000;\">\u00a0<\/span><\/div>\n<div><span style=\"color: #000000;\">\u00a0<\/span><\/div>\n<div><span style=\"color: #000000;\">\u00a0<\/span><\/div>\n<div><\/div>\n","protected":false},"excerpt":{"rendered":"<p>\u00a0 Criteris d&#8217;avaluaci\u00f3\u00a0de Ci\u00e8ncies Experimentals de l&#8217;ESO\u00a0i de\u00a0Batxillerat Planificaci\u00f3 de curs\u00a0de 2n ESO de Ci\u00e8ncies Experimentals Planificaci\u00f3 de curs\u00a0de F\u00edsica i Qu\u00edmica de 4t ESO Planificaci\u00f3 de curs\u00a0de F\u00edsica de 1r BTX \u00a0 &nbsp; &nbsp; Planificaci\u00f3 de curs\u00a0de Qu\u00edmica de 1r BTX Planificaci\u00f3 de curs\u00a0de Qu\u00edmica de 2n BTX \u00a0 \u00a0 \u00a0 \u00a0 \u00a0<\/p>\n","protected":false},"author":1,"featured_media":0,"parent":623,"menu_order":0,"comment_status":"closed","ping_status":"closed","template":"page-templates\/side-menu.php","meta":{"_bbp_topic_count":0,"_bbp_reply_count":0,"_bbp_total_topic_count":0,"_bbp_total_reply_count":0,"_bbp_voice_count":0,"_bbp_anonymous_reply_count":0,"_bbp_topic_count_hidden":0,"_bbp_reply_count_hidden":0,"_bbp_forum_subforum_count":0,"site-sidebar-layout":"default","site-content-layout":"","ast-site-content-layout":"","site-content-style":"default","site-sidebar-style":"default","ast-global-header-display":"","ast-banner-title-visibility":"","ast-main-header-display":"","ast-hfb-above-header-display":"","ast-hfb-below-header-display":"","ast-hfb-mobile-header-display":"","site-post-title":"","ast-breadcrumbs-content":"","ast-featured-img":"","footer-sml-layout":"","theme-transparent-header-meta":"","adv-header-id-meta":"","stick-header-meta":"","header-above-stick-meta":"","header-main-stick-meta":"","header-below-stick-meta":"","astra-migrate-meta-layouts":"default","ast-page-background-enabled":"default","ast-page-background-meta":{"desktop":{"background-color":"var(--ast-global-color-4)","background-image":"","background-repeat":"repeat","background-position":"center center","background-size":"auto","background-attachment":"scroll","background-type":"","background-media":"","overlay-type":"","overlay-color":"","overlay-opacity":"","overlay-gradient":""},"tablet":{"background-color":"","background-image":"","background-repeat":"repeat","background-position":"center center","background-size":"auto","background-attachment":"scroll","background-type":"","background-media":"","overlay-type":"","overlay-color":"","overlay-opacity":"","overlay-gradient":""},"mobile":{"background-color":"","background-image":"","background-repeat":"repeat","background-position":"center center","background-size":"auto","background-attachment":"scroll","background-type":"","background-media":"","overlay-type":"","overlay-color":"","overlay-opacity":"","overlay-gradient":""}},"ast-content-background-meta":{"desktop":{"background-color":"var(--ast-global-color-5)","background-image":"","background-repeat":"repeat","background-position":"center center","background-size":"auto","background-attachment":"scroll","background-type":"","background-media":"","overlay-type":"","overlay-color":"","overlay-opacity":"","overlay-gradient":""},"tablet":{"background-color":"var(--ast-global-color-5)","background-image":"","background-repeat":"repeat","background-position":"center center","background-size":"auto","background-attachment":"scroll","background-type":"","background-media":"","overlay-type":"","overlay-color":"","overlay-opacity":"","overlay-gradient":""},"mobile":{"background-color":"var(--ast-global-color-5)","background-image":"","background-repeat":"repeat","background-position":"center center","background-size":"auto","background-attachment":"scroll","background-type":"","background-media":"","overlay-type":"","overlay-color":"","overlay-opacity":"","overlay-gradient":""}},"footnotes":""},"class_list":["post-636","page","type-page","status-publish","hentry"],"post_mailing_queue_ids":[],"_links":{"self":[{"href":"https:\/\/agora.xtec.cat\/ies-rubio-hospitalet\/wp-json\/wp\/v2\/pages\/636","targetHints":{"allow":["GET"]}}],"collection":[{"href":"https:\/\/agora.xtec.cat\/ies-rubio-hospitalet\/wp-json\/wp\/v2\/pages"}],"about":[{"href":"https:\/\/agora.xtec.cat\/ies-rubio-hospitalet\/wp-json\/wp\/v2\/types\/page"}],"author":[{"embeddable":true,"href":"https:\/\/agora.xtec.cat\/ies-rubio-hospitalet\/wp-json\/wp\/v2\/users\/1"}],"replies":[{"embeddable":true,"href":"https:\/\/agora.xtec.cat\/ies-rubio-hospitalet\/wp-json\/wp\/v2\/comments?post=636"}],"version-history":[{"count":3,"href":"https:\/\/agora.xtec.cat\/ies-rubio-hospitalet\/wp-json\/wp\/v2\/pages\/636\/revisions"}],"predecessor-version":[{"id":679,"href":"https:\/\/agora.xtec.cat\/ies-rubio-hospitalet\/wp-json\/wp\/v2\/pages\/636\/revisions\/679"}],"up":[{"embeddable":true,"href":"https:\/\/agora.xtec.cat\/ies-rubio-hospitalet\/wp-json\/wp\/v2\/pages\/623"}],"wp:attachment":[{"href":"https:\/\/agora.xtec.cat\/ies-rubio-hospitalet\/wp-json\/wp\/v2\/media?parent=636"}],"curies":[{"name":"wp","href":"https:\/\/api.w.org\/{rel}","templated":true}]}}