{"id":43,"date":"2017-09-10T16:45:07","date_gmt":"2017-09-10T14:45:07","guid":{"rendered":"http:\/\/agora.xtec.cat\/ies-rubio-hospitalet\/?page_id=43"},"modified":"2025-12-09T17:39:48","modified_gmt":"2025-12-09T16:39:48","slug":"consell-escolar","status":"publish","type":"page","link":"https:\/\/agora.xtec.cat\/ies-rubio-hospitalet\/linstitut\/consell-escolar\/","title":{"rendered":"Consell escolar"},"content":{"rendered":"\n<p>El consell escolar \u00e9s l&#8217;<strong>\u00f2rgan de participaci\u00f3 dels diferents sectors de la comunitat educativa en el govern dels centres.<\/strong><\/p>\n\n\n\n<h4 class=\"wp-block-heading FW_ancora\" id=\"FW_bloc_951ef9be-5613-11e4-9770-000c29cdf219_3\">Qui forma el consell escolar?<\/h4>\n\n\n\n<div class=\"FW_sArticleFoto\">\n<p class=\"FW_sEditPro\" style=\"text-align: justify;\">El formen els representants de tota la comunitat educativa, \u00e9s a dir, direcci\u00f3, professors, alumnes, fam\u00edlies, personal d&#8217;administraci\u00f3 i serveis, representant de l&#8217;administraci\u00f3 local i altres persones que el mateix consell consideri necess\u00e0ries.<\/p>\n<div class=\"FW_sEditPro\">\n<p style=\"text-align: justify;\">Depenent de si el centre \u00e9s p\u00fablic o privat concertat, la composici\u00f3 del consell escolar tamb\u00e9 pot variar.El consell escolar de cada centre ha de designar un dels membres com a responsable per impulsar les mesures educatives de foment de la igualtat real i efectiva entre homes i dones.<\/p>\n<h4 id=\"FW_bloc_951ef9be-5613-11e4-9770-000c29cdf219_4\" class=\"FW_ancora\" style=\"text-align: justify;\">Quina \u00e9s la funci\u00f3 del consell escolar als centres p\u00fablics?<\/h4>\n<div class=\"FW_sArticleFoto\">\n<div class=\"FW_sEditPro\">\n<p>La funci\u00f3 principal del consell escolar \u00e9s participar en la presa de decisions en relaci\u00f3 amb aquells temes importants per al funcionament i l&#8217;organitzaci\u00f3 del centre: el projecte educatiu, la programaci\u00f3 general, la gesti\u00f3 econ\u00f2mica, la resoluci\u00f3 dels conflictes, les activitats extraescolars, l&#8217;horari lectiu, etc.<\/p>\n<h4 id=\"FW_bloc_951ef9be-5613-11e4-9770-000c29cdf219_7\" class=\"FW_ancora\" style=\"text-align: justify;\">Com podeu participar en les eleccions del consell escolar?<\/h4>\n<div class=\"FW_sArticleFoto\">\n<div class=\"FW_sEditPro\" style=\"text-align: left;\">\n<p>En les eleccions, les fam\u00edlies hi podeu participar de dues maneres diferents:<\/p>\n<ul style=\"text-align: justify;\">\n<li>Presentant-vos com a candidats per representar els pares i mares al consell escolar.<\/li>\n<li>Participant el dia que el centre convoqui les eleccions votant els candidats que considereu m\u00e9s representatius.<\/li>\n<\/ul>\n<div class=\"FW_sPregunta FW_sImpacte\" style=\"text-align: justify;\">\n<h4 id=\"FW_bloc_951ef9be-5613-11e4-9770-000c29cdf219_8\" class=\"FW_ancora\">Per qu\u00e8 \u00e9s important que les fam\u00edlies participeu en el consell escolar?<\/h4>\n<div class=\"FW_sArticleFoto\">\n<p class=\"FW_sEditPro\">Els professionals dels centres i les fam\u00edlies compartim un objectiu:\u00a0l&#8217;\u00e8xit social i personal dels fills. Les decisions que es prenen al consell escolar s\u00f3n claus\u00a0per al funcionament i la millora del centre i, per tant, tamb\u00e9 per a l&#8217;\u00e8xit educatiu de tots els alumnes.<\/p>\n<p class=\"FW_sEditPro\">\u00c9s per aquest motiu que la participaci\u00f3 i implicaci\u00f3 dels pares en les eleccions al consell escolar \u00e9s tan important.Quan les fam\u00edlies participeu en les eleccions, doneu suport al vostre candidat i delegueu en la seva veu i representaci\u00f3. Aix\u00ed feu arribar les seves opinions i aportacions.<\/p>\n<div class=\"FW_sEditPro\">\u00a0<\/div>\n<div class=\"FW_sEditPro\">\n<p>\u00c9s important que participeu en les eleccions al consell escolar perqu\u00e8:<\/p>\n<ul>\n<li>Sou els responsables de la formaci\u00f3 dels vostres fills i \u00e9s important tenir uns bons representants al consell escolar que us informin i facin arribar la vostra veu.<\/li>\n<li>Les fam\u00edlies i els docents compartim un mateix objectiu. Per aix\u00f2 hem de ser capa\u00e7os de decidir, entre tots, a qu\u00e8 ens comprometem per aconseguir-ho.<\/li>\n<li>Les fam\u00edlies teniu el dret de participar de manera democr\u00e0tica en l\u2019organitzaci\u00f3 del centre. Aquesta \u00e9s una manera de valorar l&#8217;escola i tamb\u00e9 contribu\u00efu que el vostre fill la valori.<\/li>\n<li>L&#8217;\u00e8xit educatiu del vostre fill tamb\u00e9 dep\u00e8n del funcionament i el clima de centre. Implicar-vos en el seguiment i l&#8217;avaluaci\u00f3 d&#8217;aquest funcionament incideix en el desenvolupament i creixement personal dels vostres fills.<\/li>\n<li>\u00c9s la manera de fer arribar la vostra veu en temes que us poden preocupar, com activitats extraescolars o quina \u00e9s l&#8217;alimentaci\u00f3 que han de rebre en el menjador escolar.<\/li>\n<li>\u00c9s important tenir una escola oberta a l&#8217;entorn, que col\u00b7labori amb els altres centres i les diferents entitats i que entre tots pugueu fer del vostre municipi, barri o poble un entorn m\u00e9s educatiu i cohesionat. El consell escolar decideix quines han de ser aquestes relacions.<\/li>\n<\/ul>\n<\/div>\n<\/div>\n<p class=\"FW_clear FW_hrBlanc\"><strong>El nostre Consell Escolar est\u00e0 format per:<\/strong><\/p>\n<p class=\"FW_clear FW_hrBlanc\"><span style=\"font-family: verdana, sans-serif; font-size: medium;\"><b><span lang=\"CA\">Director<\/span><\/b><\/span><br \/>Carles Alqu\u00e9zar<\/p>\n<\/div>\n<p><span style=\"font-family: verdana, sans-serif; font-size: medium;\"><b><span lang=\"CA\">Cap d\u2019estudis<\/span><\/b><\/span><br \/>Jordi Arola<\/p>\n<p><span style=\"font-family: verdana, sans-serif; font-size: medium;\"><b><span lang=\"CA\">Secretari<\/span><\/b><\/span><br \/>Albert Garc\u00eda<\/p>\n<span style=\"font-family: verdana, sans-serif; font-size: medium;\"><b><span lang=\"CA\">Professorat<\/span><\/b><\/span><\/div>\n<div class=\"FW_sEditPro\" style=\"text-align: left;\"><span style=\"background-color: rgba(0, 0, 0, 0); font-size: 1rem; font-weight: inherit;\">Sandra Alarc\u00f3n<\/span><\/div>\n<div class=\"FW_sEditPro\" style=\"text-align: left;\">Marta Guti\u00e9rrez<br \/>Alejandro Mora<br \/>Joan Vallet<\/div>\n<\/div>\n<\/div>\n<\/div>\n<\/div>\n<\/div>\n<div>\u00a0<\/div>\n<div class=\"FW_sArticleFoto\">\n<div class=\"FW_sEditPro\">\n<div class=\"FW_sArticleFoto\">\n<div class=\"FW_sEditPro\">\n<div class=\"FW_sArticleFoto\">\n<div class=\"FW_sEditPro\" style=\"text-align: left;\"><span style=\"color: #000000;\"><strong><span style=\"font-family: verdana, sans-serif; font-size: medium;\"><span lang=\"CA\">Personal Atenci\u00f3 Educativa<\/span><\/span><\/strong><\/span><br \/>Muntsa de Frias<\/div>\n<div>\u00a0<\/div>\n<div class=\"FW_sEditPro\" style=\"text-align: left;\">\n<p><span style=\"color: #000000;\"><strong><span style=\"font-family: verdana, sans-serif; font-size: medium;\"><span lang=\"CA\">Personal Administraci\u00f3 i Serveis<\/span><\/span><\/strong><\/span><br \/>Dori Guill\u00e9n<\/p>\n<p><span style=\"font-family: verdana, sans-serif; font-size: medium; color: #000000;\"><b><span lang=\"CA\">Ajuntament<\/span><\/b><\/span><br \/>Maite Mart\u00ednez<\/p>\n<span style=\"font-family: verdana, sans-serif; font-size: medium; color: #000000;\"><b><span lang=\"CA\">AFA<\/span><\/b><\/span><br \/>Francisco Campo<\/div>\nAurora Marqu\u00e9s<\/div>\n<\/div>\n<\/div>\n<div>\u00a0<\/div>\n<div class=\"FW_sArticleFoto\">\n<div class=\"FW_sEditPro\">\n<div class=\"FW_sArticleFoto\"><span style=\"font-family: verdana, sans-serif; font-size: medium; color: #000000;\"><b><span lang=\"CA\">Alumnat<\/span><\/b><\/span><\/div>\n<div class=\"FW_sArticleFoto\">Janat Benyechou<\/div>\n<div class=\"FW_sArticleFoto\">Luna Singh<\/div>\n<div>\u00a0<\/div>\n<\/div>\n<\/div>\n<\/div>\n<\/div>\n\n\n\n<p><\/p>\n","protected":false},"excerpt":{"rendered":"<p>El consell escolar \u00e9s l&#8217;\u00f2rgan de participaci\u00f3 dels diferents sectors de la comunitat educativa en el govern dels centres. Qui forma el consell escolar? El formen els representants de tota la comunitat educativa, \u00e9s a dir, direcci\u00f3, professors, alumnes, fam\u00edlies, personal d&#8217;administraci\u00f3 i serveis, representant de l&#8217;administraci\u00f3 local i altres persones que el mateix consell [&hellip;]<\/p>\n","protected":false},"author":1,"featured_media":0,"parent":19,"menu_order":60,"comment_status":"closed","ping_status":"closed","template":"","meta":{"_bbp_topic_count":0,"_bbp_reply_count":0,"_bbp_total_topic_count":0,"_bbp_total_reply_count":0,"_bbp_voice_count":0,"_bbp_anonymous_reply_count":0,"_bbp_topic_count_hidden":0,"_bbp_reply_count_hidden":0,"_bbp_forum_subforum_count":0,"site-sidebar-layout":"default","site-content-layout":"","ast-site-content-layout":"default","site-content-style":"default","site-sidebar-style":"default","ast-global-header-display":"","ast-banner-title-visibility":"","ast-main-header-display":"","ast-hfb-above-header-display":"","ast-hfb-below-header-display":"","ast-hfb-mobile-header-display":"","site-post-title":"","ast-breadcrumbs-content":"","ast-featured-img":"","footer-sml-layout":"","theme-transparent-header-meta":"","adv-header-id-meta":"","stick-header-meta":"","header-above-stick-meta":"","header-main-stick-meta":"","header-below-stick-meta":"","astra-migrate-meta-layouts":"set","ast-page-background-enabled":"default","ast-page-background-meta":{"desktop":{"background-color":"var(--ast-global-color-4)","background-image":"","background-repeat":"repeat","background-position":"center center","background-size":"auto","background-attachment":"scroll","background-type":"","background-media":"","overlay-type":"","overlay-color":"","overlay-opacity":"","overlay-gradient":""},"tablet":{"background-color":"","background-image":"","background-repeat":"repeat","background-position":"center center","background-size":"auto","background-attachment":"scroll","background-type":"","background-media":"","overlay-type":"","overlay-color":"","overlay-opacity":"","overlay-gradient":""},"mobile":{"background-color":"","background-image":"","background-repeat":"repeat","background-position":"center center","background-size":"auto","background-attachment":"scroll","background-type":"","background-media":"","overlay-type":"","overlay-color":"","overlay-opacity":"","overlay-gradient":""}},"ast-content-background-meta":{"desktop":{"background-color":"var(--ast-global-color-5)","background-image":"","background-repeat":"repeat","background-position":"center center","background-size":"auto","background-attachment":"scroll","background-type":"","background-media":"","overlay-type":"","overlay-color":"","overlay-opacity":"","overlay-gradient":""},"tablet":{"background-color":"var(--ast-global-color-5)","background-image":"","background-repeat":"repeat","background-position":"center center","background-size":"auto","background-attachment":"scroll","background-type":"","background-media":"","overlay-type":"","overlay-color":"","overlay-opacity":"","overlay-gradient":""},"mobile":{"background-color":"var(--ast-global-color-5)","background-image":"","background-repeat":"repeat","background-position":"center center","background-size":"auto","background-attachment":"scroll","background-type":"","background-media":"","overlay-type":"","overlay-color":"","overlay-opacity":"","overlay-gradient":""}},"footnotes":""},"class_list":["post-43","page","type-page","status-publish","hentry"],"post_mailing_queue_ids":[],"_links":{"self":[{"href":"https:\/\/agora.xtec.cat\/ies-rubio-hospitalet\/wp-json\/wp\/v2\/pages\/43","targetHints":{"allow":["GET"]}}],"collection":[{"href":"https:\/\/agora.xtec.cat\/ies-rubio-hospitalet\/wp-json\/wp\/v2\/pages"}],"about":[{"href":"https:\/\/agora.xtec.cat\/ies-rubio-hospitalet\/wp-json\/wp\/v2\/types\/page"}],"author":[{"embeddable":true,"href":"https:\/\/agora.xtec.cat\/ies-rubio-hospitalet\/wp-json\/wp\/v2\/users\/1"}],"replies":[{"embeddable":true,"href":"https:\/\/agora.xtec.cat\/ies-rubio-hospitalet\/wp-json\/wp\/v2\/comments?post=43"}],"version-history":[{"count":6,"href":"https:\/\/agora.xtec.cat\/ies-rubio-hospitalet\/wp-json\/wp\/v2\/pages\/43\/revisions"}],"predecessor-version":[{"id":11835,"href":"https:\/\/agora.xtec.cat\/ies-rubio-hospitalet\/wp-json\/wp\/v2\/pages\/43\/revisions\/11835"}],"up":[{"embeddable":true,"href":"https:\/\/agora.xtec.cat\/ies-rubio-hospitalet\/wp-json\/wp\/v2\/pages\/19"}],"wp:attachment":[{"href":"https:\/\/agora.xtec.cat\/ies-rubio-hospitalet\/wp-json\/wp\/v2\/media?parent=43"}],"curies":[{"name":"wp","href":"https:\/\/api.w.org\/{rel}","templated":true}]}}