{"id":11326,"date":"2025-07-16T15:01:49","date_gmt":"2025-07-16T13:01:49","guid":{"rendered":"https:\/\/agora.xtec.cat\/ies-rubio-hospitalet\/?page_id=11326"},"modified":"2025-07-16T16:52:11","modified_gmt":"2025-07-16T14:52:11","slug":"installacions","status":"publish","type":"page","link":"https:\/\/agora.xtec.cat\/ies-rubio-hospitalet\/linstitut\/installacions\/","title":{"rendered":"Instal\u00b7lacions"},"content":{"rendered":"\n<figure class=\"wp-block-image size-large\"><a href=\"https:\/\/agora.xtec.cat\/ies-rubio-hospitalet\/wp-content\/uploads\/usu1778\/2025\/07\/IMG_7689-scaled.jpeg\"><img loading=\"lazy\" decoding=\"async\" width=\"1024\" height=\"768\" src=\"https:\/\/agora.xtec.cat\/ies-rubio-hospitalet\/wp-content\/uploads\/usu1778\/2025\/07\/IMG_7689-1024x768.jpeg\" alt=\"\" class=\"wp-image-11346\" srcset=\"https:\/\/agora.xtec.cat\/ies-rubio-hospitalet\/wp-content\/uploads\/usu1778\/2025\/07\/IMG_7689-1024x768.jpeg 1024w, https:\/\/agora.xtec.cat\/ies-rubio-hospitalet\/wp-content\/uploads\/usu1778\/2025\/07\/IMG_7689-300x225.jpeg 300w, https:\/\/agora.xtec.cat\/ies-rubio-hospitalet\/wp-content\/uploads\/usu1778\/2025\/07\/IMG_7689-768x576.jpeg 768w, https:\/\/agora.xtec.cat\/ies-rubio-hospitalet\/wp-content\/uploads\/usu1778\/2025\/07\/IMG_7689-1536x1152.jpeg 1536w, https:\/\/agora.xtec.cat\/ies-rubio-hospitalet\/wp-content\/uploads\/usu1778\/2025\/07\/IMG_7689-2048x1536.jpeg 2048w\" sizes=\"auto, (max-width: 1024px) 100vw, 1024px\" \/><\/a><\/figure>\n\n\n\n<p>El nostre institut disposa d\u2019una biblioteca \u00e0mplia i ben equipada, amb un fons molt complet que inclou llibres i c\u00f2mics en catal\u00e0 i castell\u00e0 per a totes les franges d\u2019edat i gustos. <br><\/p>\n\n\n\n<figure class=\"wp-block-image size-large\"><a href=\"https:\/\/agora.xtec.cat\/ies-rubio-hospitalet\/wp-content\/uploads\/usu1778\/2025\/07\/IMG_7684-copy-0-scaled.jpeg\"><img loading=\"lazy\" decoding=\"async\" width=\"1024\" height=\"768\" src=\"https:\/\/agora.xtec.cat\/ies-rubio-hospitalet\/wp-content\/uploads\/usu1778\/2025\/07\/IMG_7684-copy-0-1024x768.jpeg\" alt=\"\" class=\"wp-image-11332\" srcset=\"https:\/\/agora.xtec.cat\/ies-rubio-hospitalet\/wp-content\/uploads\/usu1778\/2025\/07\/IMG_7684-copy-0-1024x768.jpeg 1024w, https:\/\/agora.xtec.cat\/ies-rubio-hospitalet\/wp-content\/uploads\/usu1778\/2025\/07\/IMG_7684-copy-0-300x225.jpeg 300w, https:\/\/agora.xtec.cat\/ies-rubio-hospitalet\/wp-content\/uploads\/usu1778\/2025\/07\/IMG_7684-copy-0-768x576.jpeg 768w, https:\/\/agora.xtec.cat\/ies-rubio-hospitalet\/wp-content\/uploads\/usu1778\/2025\/07\/IMG_7684-copy-0-1536x1152.jpeg 1536w, https:\/\/agora.xtec.cat\/ies-rubio-hospitalet\/wp-content\/uploads\/usu1778\/2025\/07\/IMG_7684-copy-0-2048x1536.jpeg 2048w\" sizes=\"auto, (max-width: 1024px) 100vw, 1024px\" \/><\/a><\/figure>\n\n\n\n<p>S\u2019hi poden trobar tant cl\u00e0ssics de la literatura com novetats editorials, i constitueix un espai ideal per a la lectura, l\u2019estudi i la recerca.<\/p>\n\n\n\n<figure class=\"wp-block-image size-large\"><a href=\"https:\/\/agora.xtec.cat\/ies-rubio-hospitalet\/wp-content\/uploads\/usu1778\/2025\/07\/IMG_7687-scaled.jpeg\"><img loading=\"lazy\" decoding=\"async\" width=\"1024\" height=\"768\" src=\"https:\/\/agora.xtec.cat\/ies-rubio-hospitalet\/wp-content\/uploads\/usu1778\/2025\/07\/IMG_7687-1024x768.jpeg\" alt=\"\" class=\"wp-image-11334\" srcset=\"https:\/\/agora.xtec.cat\/ies-rubio-hospitalet\/wp-content\/uploads\/usu1778\/2025\/07\/IMG_7687-1024x768.jpeg 1024w, https:\/\/agora.xtec.cat\/ies-rubio-hospitalet\/wp-content\/uploads\/usu1778\/2025\/07\/IMG_7687-300x225.jpeg 300w, https:\/\/agora.xtec.cat\/ies-rubio-hospitalet\/wp-content\/uploads\/usu1778\/2025\/07\/IMG_7687-768x576.jpeg 768w, https:\/\/agora.xtec.cat\/ies-rubio-hospitalet\/wp-content\/uploads\/usu1778\/2025\/07\/IMG_7687-1536x1152.jpeg 1536w, https:\/\/agora.xtec.cat\/ies-rubio-hospitalet\/wp-content\/uploads\/usu1778\/2025\/07\/IMG_7687-2048x1536.jpeg 2048w\" sizes=\"auto, (max-width: 1024px) 100vw, 1024px\" \/><\/a><\/figure>\n\n\n\n<p>Disposem tamb\u00e9 d\u2019una sala d\u2019actes amb escenari, pensada per acollir representacions teatrals, xerrades, concerts i altres esdeveniments culturals. A m\u00e9s, tamb\u00e9 \u00e9s una sala polivalent, un espai vers\u00e0til que s\u2019adapta a les diferents activitats pedag\u00f2giques i l\u00fadiques.<\/p>\n\n\n\n<figure class=\"wp-block-image size-large\"><a href=\"https:\/\/agora.xtec.cat\/ies-rubio-hospitalet\/wp-content\/uploads\/usu1778\/2025\/07\/IMG_7688-scaled.jpeg\"><img loading=\"lazy\" decoding=\"async\" width=\"768\" height=\"1024\" src=\"https:\/\/agora.xtec.cat\/ies-rubio-hospitalet\/wp-content\/uploads\/usu1778\/2025\/07\/IMG_7688-768x1024.jpeg\" alt=\"\" class=\"wp-image-11335\" srcset=\"https:\/\/agora.xtec.cat\/ies-rubio-hospitalet\/wp-content\/uploads\/usu1778\/2025\/07\/IMG_7688-768x1024.jpeg 768w, https:\/\/agora.xtec.cat\/ies-rubio-hospitalet\/wp-content\/uploads\/usu1778\/2025\/07\/IMG_7688-225x300.jpeg 225w, https:\/\/agora.xtec.cat\/ies-rubio-hospitalet\/wp-content\/uploads\/usu1778\/2025\/07\/IMG_7688-1152x1536.jpeg 1152w, https:\/\/agora.xtec.cat\/ies-rubio-hospitalet\/wp-content\/uploads\/usu1778\/2025\/07\/IMG_7688-1536x2048.jpeg 1536w, https:\/\/agora.xtec.cat\/ies-rubio-hospitalet\/wp-content\/uploads\/usu1778\/2025\/07\/IMG_7688-scaled.jpeg 1920w\" sizes=\"auto, (max-width: 768px) 100vw, 768px\" \/><\/a><\/figure>\n\n\n\n<p>Pel que fa als espais cient\u00edfics, l\u2019institut t\u00e9 dos laboratoris especialitzats: un de biologia i geologia, i un altre de f\u00edsica i qu\u00edmica. Aquests espais estan equipats amb els materials i instruments necessaris per dur a terme pr\u00e0ctiques experimentals de manera segura i rigorosa.<\/p>\n\n\n\n<figure class=\"wp-block-image size-large\"><a href=\"https:\/\/agora.xtec.cat\/ies-rubio-hospitalet\/wp-content\/uploads\/usu1778\/2025\/07\/IMG_7692-copy-0-scaled.jpeg\"><img loading=\"lazy\" decoding=\"async\" width=\"1024\" height=\"768\" src=\"https:\/\/agora.xtec.cat\/ies-rubio-hospitalet\/wp-content\/uploads\/usu1778\/2025\/07\/IMG_7692-copy-0-1024x768.jpeg\" alt=\"\" class=\"wp-image-11344\" srcset=\"https:\/\/agora.xtec.cat\/ies-rubio-hospitalet\/wp-content\/uploads\/usu1778\/2025\/07\/IMG_7692-copy-0-1024x768.jpeg 1024w, https:\/\/agora.xtec.cat\/ies-rubio-hospitalet\/wp-content\/uploads\/usu1778\/2025\/07\/IMG_7692-copy-0-300x225.jpeg 300w, https:\/\/agora.xtec.cat\/ies-rubio-hospitalet\/wp-content\/uploads\/usu1778\/2025\/07\/IMG_7692-copy-0-768x576.jpeg 768w, https:\/\/agora.xtec.cat\/ies-rubio-hospitalet\/wp-content\/uploads\/usu1778\/2025\/07\/IMG_7692-copy-0-1536x1152.jpeg 1536w, https:\/\/agora.xtec.cat\/ies-rubio-hospitalet\/wp-content\/uploads\/usu1778\/2025\/07\/IMG_7692-copy-0-2048x1536.jpeg 2048w\" sizes=\"auto, (max-width: 1024px) 100vw, 1024px\" \/><\/a><\/figure>\n\n\n\n<p>En l\u2019\u00e0mbit tecnol\u00f2gic i art\u00edstic, l\u2019alumnat pot fer \u00fas d\u2019un taller d\u2019audiovisual, on es treballa amb tot tipus de material i estris, aix\u00ed com d\u2019una aula d\u2019inform\u00e0tica amb ordinadors i recursos digitals per a l\u2019aprenentatge.<\/p>\n\n\n\n<figure class=\"wp-block-image size-large\"><a href=\"https:\/\/agora.xtec.cat\/ies-rubio-hospitalet\/wp-content\/uploads\/usu1778\/2025\/07\/IMG_7690-scaled.jpeg\"><img loading=\"lazy\" decoding=\"async\" width=\"1024\" height=\"768\" src=\"https:\/\/agora.xtec.cat\/ies-rubio-hospitalet\/wp-content\/uploads\/usu1778\/2025\/07\/IMG_7690-1024x768.jpeg\" alt=\"\" class=\"wp-image-11337\" srcset=\"https:\/\/agora.xtec.cat\/ies-rubio-hospitalet\/wp-content\/uploads\/usu1778\/2025\/07\/IMG_7690-1024x768.jpeg 1024w, https:\/\/agora.xtec.cat\/ies-rubio-hospitalet\/wp-content\/uploads\/usu1778\/2025\/07\/IMG_7690-300x225.jpeg 300w, https:\/\/agora.xtec.cat\/ies-rubio-hospitalet\/wp-content\/uploads\/usu1778\/2025\/07\/IMG_7690-768x576.jpeg 768w, https:\/\/agora.xtec.cat\/ies-rubio-hospitalet\/wp-content\/uploads\/usu1778\/2025\/07\/IMG_7690-1536x1152.jpeg 1536w, https:\/\/agora.xtec.cat\/ies-rubio-hospitalet\/wp-content\/uploads\/usu1778\/2025\/07\/IMG_7690-2048x1536.jpeg 2048w\" sizes=\"auto, (max-width: 1024px) 100vw, 1024px\" \/><\/a><\/figure>\n\n\n\n<figure class=\"wp-block-image size-large\"><a href=\"https:\/\/agora.xtec.cat\/ies-rubio-hospitalet\/wp-content\/uploads\/usu1778\/2025\/07\/IMG_7693-1-scaled.jpeg\"><img loading=\"lazy\" decoding=\"async\" width=\"1024\" height=\"768\" src=\"https:\/\/agora.xtec.cat\/ies-rubio-hospitalet\/wp-content\/uploads\/usu1778\/2025\/07\/IMG_7693-1-1024x768.jpeg\" alt=\"\" class=\"wp-image-11345\" srcset=\"https:\/\/agora.xtec.cat\/ies-rubio-hospitalet\/wp-content\/uploads\/usu1778\/2025\/07\/IMG_7693-1-1024x768.jpeg 1024w, https:\/\/agora.xtec.cat\/ies-rubio-hospitalet\/wp-content\/uploads\/usu1778\/2025\/07\/IMG_7693-1-300x225.jpeg 300w, https:\/\/agora.xtec.cat\/ies-rubio-hospitalet\/wp-content\/uploads\/usu1778\/2025\/07\/IMG_7693-1-768x576.jpeg 768w, https:\/\/agora.xtec.cat\/ies-rubio-hospitalet\/wp-content\/uploads\/usu1778\/2025\/07\/IMG_7693-1-1536x1152.jpeg 1536w, https:\/\/agora.xtec.cat\/ies-rubio-hospitalet\/wp-content\/uploads\/usu1778\/2025\/07\/IMG_7693-1-2048x1536.jpeg 2048w\" sizes=\"auto, (max-width: 1024px) 100vw, 1024px\" \/><\/a><\/figure>\n\n\n\n<p>L\u2019exterior del centre tamb\u00e9 ofereix m\u00faltiples possibilitats. <\/p>\n\n\n\n<figure class=\"wp-block-image size-large\"><a href=\"https:\/\/agora.xtec.cat\/ies-rubio-hospitalet\/wp-content\/uploads\/usu1778\/2025\/07\/IMG_7696-2-scaled.jpeg\"><img loading=\"lazy\" decoding=\"async\" width=\"1024\" height=\"768\" src=\"https:\/\/agora.xtec.cat\/ies-rubio-hospitalet\/wp-content\/uploads\/usu1778\/2025\/07\/IMG_7696-2-1024x768.jpeg\" alt=\"\" class=\"wp-image-11347\" srcset=\"https:\/\/agora.xtec.cat\/ies-rubio-hospitalet\/wp-content\/uploads\/usu1778\/2025\/07\/IMG_7696-2-1024x768.jpeg 1024w, https:\/\/agora.xtec.cat\/ies-rubio-hospitalet\/wp-content\/uploads\/usu1778\/2025\/07\/IMG_7696-2-300x225.jpeg 300w, https:\/\/agora.xtec.cat\/ies-rubio-hospitalet\/wp-content\/uploads\/usu1778\/2025\/07\/IMG_7696-2-768x576.jpeg 768w, https:\/\/agora.xtec.cat\/ies-rubio-hospitalet\/wp-content\/uploads\/usu1778\/2025\/07\/IMG_7696-2-1536x1152.jpeg 1536w, https:\/\/agora.xtec.cat\/ies-rubio-hospitalet\/wp-content\/uploads\/usu1778\/2025\/07\/IMG_7696-2-2048x1536.jpeg 2048w\" sizes=\"auto, (max-width: 1024px) 100vw, 1024px\" \/><\/a><\/figure>\n\n\n\n<p>El pati disposa de dues pistes grans on es poden practicar esports com futbol, b\u00e0squet, voleibol i tennis taula. <\/p>\n\n\n\n<figure class=\"wp-block-image size-large\"><a href=\"https:\/\/agora.xtec.cat\/ies-rubio-hospitalet\/wp-content\/uploads\/usu1778\/2025\/07\/IMG_7705-scaled.jpeg\"><img loading=\"lazy\" decoding=\"async\" width=\"1024\" height=\"768\" src=\"https:\/\/agora.xtec.cat\/ies-rubio-hospitalet\/wp-content\/uploads\/usu1778\/2025\/07\/IMG_7705-1024x768.jpeg\" alt=\"\" class=\"wp-image-11338\" srcset=\"https:\/\/agora.xtec.cat\/ies-rubio-hospitalet\/wp-content\/uploads\/usu1778\/2025\/07\/IMG_7705-1024x768.jpeg 1024w, https:\/\/agora.xtec.cat\/ies-rubio-hospitalet\/wp-content\/uploads\/usu1778\/2025\/07\/IMG_7705-300x225.jpeg 300w, https:\/\/agora.xtec.cat\/ies-rubio-hospitalet\/wp-content\/uploads\/usu1778\/2025\/07\/IMG_7705-768x576.jpeg 768w, https:\/\/agora.xtec.cat\/ies-rubio-hospitalet\/wp-content\/uploads\/usu1778\/2025\/07\/IMG_7705-1536x1152.jpeg 1536w, https:\/\/agora.xtec.cat\/ies-rubio-hospitalet\/wp-content\/uploads\/usu1778\/2025\/07\/IMG_7705-2048x1536.jpeg 2048w\" sizes=\"auto, (max-width: 1024px) 100vw, 1024px\" \/><\/a><\/figure>\n\n\n\n<p>Complementa aquest espai un jard\u00ed i un hort escolar, que promouen el contacte amb la natura i el respecte pel medi ambient.<\/p>\n\n\n\n<figure class=\"wp-block-image size-large\"><a href=\"https:\/\/agora.xtec.cat\/ies-rubio-hospitalet\/wp-content\/uploads\/usu1778\/2025\/07\/IMG_7703-1-scaled.jpeg\"><img loading=\"lazy\" decoding=\"async\" width=\"1024\" height=\"768\" src=\"https:\/\/agora.xtec.cat\/ies-rubio-hospitalet\/wp-content\/uploads\/usu1778\/2025\/07\/IMG_7703-1-1024x768.jpeg\" alt=\"\" class=\"wp-image-11340\" srcset=\"https:\/\/agora.xtec.cat\/ies-rubio-hospitalet\/wp-content\/uploads\/usu1778\/2025\/07\/IMG_7703-1-1024x768.jpeg 1024w, https:\/\/agora.xtec.cat\/ies-rubio-hospitalet\/wp-content\/uploads\/usu1778\/2025\/07\/IMG_7703-1-300x225.jpeg 300w, https:\/\/agora.xtec.cat\/ies-rubio-hospitalet\/wp-content\/uploads\/usu1778\/2025\/07\/IMG_7703-1-768x576.jpeg 768w, https:\/\/agora.xtec.cat\/ies-rubio-hospitalet\/wp-content\/uploads\/usu1778\/2025\/07\/IMG_7703-1-1536x1152.jpeg 1536w, https:\/\/agora.xtec.cat\/ies-rubio-hospitalet\/wp-content\/uploads\/usu1778\/2025\/07\/IMG_7703-1-2048x1536.jpeg 2048w\" sizes=\"auto, (max-width: 1024px) 100vw, 1024px\" \/><\/a><\/figure>\n\n\n\n<p>Finalment, comptem amb una caseta annexa que acull diverses aules destinades al programa d\u2019acollida dels nous alumnes, el que ofereix un entorn proper i adaptat per facilitar-ne la integraci\u00f3.<\/p>\n\n\n\n<figure class=\"wp-block-image size-large\"><a href=\"https:\/\/agora.xtec.cat\/ies-rubio-hospitalet\/wp-content\/uploads\/usu1778\/2025\/07\/IMG_7694-scaled.jpeg\"><img loading=\"lazy\" decoding=\"async\" width=\"1024\" height=\"768\" src=\"https:\/\/agora.xtec.cat\/ies-rubio-hospitalet\/wp-content\/uploads\/usu1778\/2025\/07\/IMG_7694-1024x768.jpeg\" alt=\"\" class=\"wp-image-11341\" srcset=\"https:\/\/agora.xtec.cat\/ies-rubio-hospitalet\/wp-content\/uploads\/usu1778\/2025\/07\/IMG_7694-1024x768.jpeg 1024w, https:\/\/agora.xtec.cat\/ies-rubio-hospitalet\/wp-content\/uploads\/usu1778\/2025\/07\/IMG_7694-300x225.jpeg 300w, https:\/\/agora.xtec.cat\/ies-rubio-hospitalet\/wp-content\/uploads\/usu1778\/2025\/07\/IMG_7694-768x576.jpeg 768w, https:\/\/agora.xtec.cat\/ies-rubio-hospitalet\/wp-content\/uploads\/usu1778\/2025\/07\/IMG_7694-1536x1152.jpeg 1536w, https:\/\/agora.xtec.cat\/ies-rubio-hospitalet\/wp-content\/uploads\/usu1778\/2025\/07\/IMG_7694-2048x1536.jpeg 2048w\" sizes=\"auto, (max-width: 1024px) 100vw, 1024px\" \/><\/a><\/figure>\n\n\n\n<p><\/p>\n","protected":false},"excerpt":{"rendered":"<p>El nostre institut disposa d\u2019una biblioteca \u00e0mplia i ben equipada, amb un fons molt complet que inclou llibres i c\u00f2mics en catal\u00e0 i castell\u00e0 per a totes les franges d\u2019edat i gustos. S\u2019hi poden trobar tant cl\u00e0ssics de la literatura com novetats editorials, i constitueix un espai ideal per a la lectura, l\u2019estudi i la [&hellip;]<\/p>\n","protected":false},"author":1,"featured_media":0,"parent":19,"menu_order":0,"comment_status":"closed","ping_status":"close","template":"","meta":{"_bbp_topic_count":0,"_bbp_reply_count":0,"_bbp_total_topic_count":0,"_bbp_total_reply_count":0,"_bbp_voice_count":0,"_bbp_anonymous_reply_count":0,"_bbp_topic_count_hidden":0,"_bbp_reply_count_hidden":0,"_bbp_forum_subforum_count":0,"site-sidebar-layout":"default","site-content-layout":"","ast-site-content-layout":"default","site-content-style":"default","site-sidebar-style":"default","ast-global-header-display":"","ast-banner-title-visibility":"","ast-main-header-display":"","ast-hfb-above-header-display":"","ast-hfb-below-header-display":"","ast-hfb-mobile-header-display":"","site-post-title":"","ast-breadcrumbs-content":"","ast-featured-img":"","footer-sml-layout":"","theme-transparent-header-meta":"","adv-header-id-meta":"","stick-header-meta":"","header-above-stick-meta":"","header-main-stick-meta":"","header-below-stick-meta":"","astra-migrate-meta-layouts":"set","ast-page-background-enabled":"default","ast-page-background-meta":{"desktop":{"background-color":"var(--ast-global-color-4)","background-image":"","background-repeat":"repeat","background-position":"center center","background-size":"auto","background-attachment":"scroll","background-type":"","background-media":"","overlay-type":"","overlay-color":"","overlay-opacity":"","overlay-gradient":""},"tablet":{"background-color":"","background-image":"","background-repeat":"repeat","background-position":"center center","background-size":"auto","background-attachment":"scroll","background-type":"","background-media":"","overlay-type":"","overlay-color":"","overlay-opacity":"","overlay-gradient":""},"mobile":{"background-color":"","background-image":"","background-repeat":"repeat","background-position":"center center","background-size":"auto","background-attachment":"scroll","background-type":"","background-media":"","overlay-type":"","overlay-color":"","overlay-opacity":"","overlay-gradient":""}},"ast-content-background-meta":{"desktop":{"background-color":"var(--ast-global-color-5)","background-image":"","background-repeat":"repeat","background-position":"center center","background-size":"auto","background-attachment":"scroll","background-type":"","background-media":"","overlay-type":"","overlay-color":"","overlay-opacity":"","overlay-gradient":""},"tablet":{"background-color":"var(--ast-global-color-5)","background-image":"","background-repeat":"repeat","background-position":"center center","background-size":"auto","background-attachment":"scroll","background-type":"","background-media":"","overlay-type":"","overlay-color":"","overlay-opacity":"","overlay-gradient":""},"mobile":{"background-color":"var(--ast-global-color-5)","background-image":"","background-repeat":"repeat","background-position":"center center","background-size":"auto","background-attachment":"scroll","background-type":"","background-media":"","overlay-type":"","overlay-color":"","overlay-opacity":"","overlay-gradient":""}},"footnotes":""},"class_list":["post-11326","page","type-page","status-publish","hentry"],"post_mailing_queue_ids":[],"_links":{"self":[{"href":"https:\/\/agora.xtec.cat\/ies-rubio-hospitalet\/wp-json\/wp\/v2\/pages\/11326","targetHints":{"allow":["GET"]}}],"collection":[{"href":"https:\/\/agora.xtec.cat\/ies-rubio-hospitalet\/wp-json\/wp\/v2\/pages"}],"about":[{"href":"https:\/\/agora.xtec.cat\/ies-rubio-hospitalet\/wp-json\/wp\/v2\/types\/page"}],"author":[{"embeddable":true,"href":"https:\/\/agora.xtec.cat\/ies-rubio-hospitalet\/wp-json\/wp\/v2\/users\/1"}],"replies":[{"embeddable":true,"href":"https:\/\/agora.xtec.cat\/ies-rubio-hospitalet\/wp-json\/wp\/v2\/comments?post=11326"}],"version-history":[{"count":6,"href":"https:\/\/agora.xtec.cat\/ies-rubio-hospitalet\/wp-json\/wp\/v2\/pages\/11326\/revisions"}],"predecessor-version":[{"id":11348,"href":"https:\/\/agora.xtec.cat\/ies-rubio-hospitalet\/wp-json\/wp\/v2\/pages\/11326\/revisions\/11348"}],"up":[{"embeddable":true,"href":"https:\/\/agora.xtec.cat\/ies-rubio-hospitalet\/wp-json\/wp\/v2\/pages\/19"}],"wp:attachment":[{"href":"https:\/\/agora.xtec.cat\/ies-rubio-hospitalet\/wp-json\/wp\/v2\/media?parent=11326"}],"curies":[{"name":"wp","href":"https:\/\/api.w.org\/{rel}","templated":true}]}}