{"id":11283,"date":"2025-07-15T10:36:13","date_gmt":"2025-07-15T08:36:13","guid":{"rendered":"https:\/\/agora.xtec.cat\/ies-rubio-hospitalet\/?page_id=11283"},"modified":"2025-09-25T10:25:17","modified_gmt":"2025-09-25T08:25:17","slug":"programes","status":"publish","type":"page","link":"https:\/\/agora.xtec.cat\/ies-rubio-hospitalet\/programes\/","title":{"rendered":"Programes de suport"},"content":{"rendered":"\n<h2 class=\"wp-block-heading\" style=\"border-style:none;border-width:0px;border-radius:0px;font-size:26px\">\ud83d\udcda Qu\u00e8 s\u00f3n els programes de suport?<\/h2>\n\n\n\n<p>Els programes de suport i acompanyament tenen com a objectiu <strong>atendre les necessitats educatives, emocionals i personals de l\u2019alumnat<\/strong>. Aquests programes ofereixen recursos i espais espec\u00edfics per refor\u00e7ar l\u2019aprenentatge, orientar l\u2019alumnat en el seu itinerari acad\u00e8mic i millorar el seu benestar.<\/p>\n\n\n\n<p>Estan adre\u00e7ats especialment a aquells alumnes que poden necessitar <strong>una atenci\u00f3 m\u00e9s individualitzada<\/strong>, ja sigui per dificultats d\u2019aprenentatge, risc d\u2019abandonament escolar, necessitats emocionals o situacions socials complexes.<\/p>\n\n\n\n<p>A trav\u00e9s de tallers, projectes i accions comunit\u00e0ries, <strong>treballem per garantir la igualtat d\u2019oportunitats i l\u2019\u00e8xit educatiu de tot l\u2019alumnat<\/strong>.<\/p>\n\n\n\n<p><\/p>\n","protected":false},"excerpt":{"rendered":"<p>\ud83d\udcda Qu\u00e8 s\u00f3n els programes de suport? Els programes de suport i acompanyament tenen com a objectiu atendre les necessitats educatives, emocionals i personals de l\u2019alumnat. Aquests programes ofereixen recursos i espais espec\u00edfics per refor\u00e7ar l\u2019aprenentatge, orientar l\u2019alumnat en el seu itinerari acad\u00e8mic i millorar el seu benestar. Estan adre\u00e7ats especialment a aquells alumnes que [&hellip;]<\/p>\n","protected":false},"author":1,"featured_media":0,"parent":0,"menu_order":12,"comment_status":"closed","ping_status":"closed","template":"","meta":{"_bbp_topic_count":0,"_bbp_reply_count":0,"_bbp_total_topic_count":0,"_bbp_total_reply_count":0,"_bbp_voice_count":0,"_bbp_anonymous_reply_count":0,"_bbp_topic_count_hidden":0,"_bbp_reply_count_hidden":0,"_bbp_forum_subforum_count":0,"site-sidebar-layout":"default","site-content-layout":"","ast-site-content-layout":"default","site-content-style":"default","site-sidebar-style":"default","ast-global-header-display":"","ast-banner-title-visibility":"","ast-main-header-display":"","ast-hfb-above-header-display":"","ast-hfb-below-header-display":"","ast-hfb-mobile-header-display":"","site-post-title":"","ast-breadcrumbs-content":"","ast-featured-img":"","footer-sml-layout":"","theme-transparent-header-meta":"","adv-header-id-meta":"","stick-header-meta":"","header-above-stick-meta":"","header-main-stick-meta":"","header-below-stick-meta":"","astra-migrate-meta-layouts":"set","ast-page-background-enabled":"default","ast-page-background-meta":{"desktop":{"background-color":"var(--ast-global-color-4)","background-image":"","background-repeat":"repeat","background-position":"center center","background-size":"auto","background-attachment":"scroll","background-type":"","background-media":"","overlay-type":"","overlay-color":"","overlay-opacity":"","overlay-gradient":""},"tablet":{"background-color":"","background-image":"","background-repeat":"repeat","background-position":"center center","background-size":"auto","background-attachment":"scroll","background-type":"","background-media":"","overlay-type":"","overlay-color":"","overlay-opacity":"","overlay-gradient":""},"mobile":{"background-color":"","background-image":"","background-repeat":"repeat","background-position":"center center","background-size":"auto","background-attachment":"scroll","background-type":"","background-media":"","overlay-type":"","overlay-color":"","overlay-opacity":"","overlay-gradient":""}},"ast-content-background-meta":{"desktop":{"background-color":"var(--ast-global-color-5)","background-image":"","background-repeat":"repeat","background-position":"center center","background-size":"auto","background-attachment":"scroll","background-type":"","background-media":"","overlay-type":"","overlay-color":"","overlay-opacity":"","overlay-gradient":""},"tablet":{"background-color":"var(--ast-global-color-5)","background-image":"","background-repeat":"repeat","background-position":"center center","background-size":"auto","background-attachment":"scroll","background-type":"","background-media":"","overlay-type":"","overlay-color":"","overlay-opacity":"","overlay-gradient":""},"mobile":{"background-color":"var(--ast-global-color-5)","background-image":"","background-repeat":"repeat","background-position":"center center","background-size":"auto","background-attachment":"scroll","background-type":"","background-media":"","overlay-type":"","overlay-color":"","overlay-opacity":"","overlay-gradient":""}},"footnotes":""},"class_list":["post-11283","page","type-page","status-publish","hentry"],"post_mailing_queue_ids":[],"_links":{"self":[{"href":"https:\/\/agora.xtec.cat\/ies-rubio-hospitalet\/wp-json\/wp\/v2\/pages\/11283","targetHints":{"allow":["GET"]}}],"collection":[{"href":"https:\/\/agora.xtec.cat\/ies-rubio-hospitalet\/wp-json\/wp\/v2\/pages"}],"about":[{"href":"https:\/\/agora.xtec.cat\/ies-rubio-hospitalet\/wp-json\/wp\/v2\/types\/page"}],"author":[{"embeddable":true,"href":"https:\/\/agora.xtec.cat\/ies-rubio-hospitalet\/wp-json\/wp\/v2\/users\/1"}],"replies":[{"embeddable":true,"href":"https:\/\/agora.xtec.cat\/ies-rubio-hospitalet\/wp-json\/wp\/v2\/comments?post=11283"}],"version-history":[{"count":4,"href":"https:\/\/agora.xtec.cat\/ies-rubio-hospitalet\/wp-json\/wp\/v2\/pages\/11283\/revisions"}],"predecessor-version":[{"id":11294,"href":"https:\/\/agora.xtec.cat\/ies-rubio-hospitalet\/wp-json\/wp\/v2\/pages\/11283\/revisions\/11294"}],"wp:attachment":[{"href":"https:\/\/agora.xtec.cat\/ies-rubio-hospitalet\/wp-json\/wp\/v2\/media?parent=11283"}],"curies":[{"name":"wp","href":"https:\/\/api.w.org\/{rel}","templated":true}]}}