{"id":11224,"date":"2025-07-03T08:35:49","date_gmt":"2025-07-03T06:35:49","guid":{"rendered":"https:\/\/agora.xtec.cat\/ies-rubio-hospitalet\/?page_id=11224"},"modified":"2025-07-14T22:24:40","modified_gmt":"2025-07-14T20:24:40","slug":"la-nostra-historia","status":"publish","type":"page","link":"https:\/\/agora.xtec.cat\/ies-rubio-hospitalet\/linstitut\/la-nostra-historia\/","title":{"rendered":"La nostra hist\u00f2ria"},"content":{"rendered":"\n<p>L\u2019Institut Rubi\u00f3 i Ors de l\u2019Hospitalet t\u00e9 una hist\u00f2ria que reflecteix l\u2019evoluci\u00f3 de la ciutat i del seu entorn. Inicialment, aquest centre va comen\u00e7ar com a escola de prim\u00e0ria, amb la missi\u00f3 d\u2019atendre les necessitats educatives dels nens del barri de Pubilla Cases-Can Serra. Amb el temps, i a mesura que la ciutat va cr\u00e9ixer, l\u2019escola es va transformar en un institut, i va ampliar la seva oferta educativa adaptant-se als canvis socials i culturals.<\/p>\n\n\n\n<figure class=\"wp-block-image size-large is-resized\"><a href=\"https:\/\/agora.xtec.cat\/ies-rubio-hospitalet\/wp-content\/uploads\/usu1778\/2025\/07\/Captura-de-pantalla-2025-07-14-a-las-21.25.16.png\"><img loading=\"lazy\" decoding=\"async\" width=\"1024\" height=\"681\" src=\"https:\/\/agora.xtec.cat\/ies-rubio-hospitalet\/wp-content\/uploads\/usu1778\/2025\/07\/Captura-de-pantalla-2025-07-14-a-las-21.25.16-1024x681.png\" alt=\"\" class=\"wp-image-11265\" style=\"width:543px;height:auto\" srcset=\"https:\/\/agora.xtec.cat\/ies-rubio-hospitalet\/wp-content\/uploads\/usu1778\/2025\/07\/Captura-de-pantalla-2025-07-14-a-las-21.25.16-1024x681.png 1024w, https:\/\/agora.xtec.cat\/ies-rubio-hospitalet\/wp-content\/uploads\/usu1778\/2025\/07\/Captura-de-pantalla-2025-07-14-a-las-21.25.16-300x200.png 300w, https:\/\/agora.xtec.cat\/ies-rubio-hospitalet\/wp-content\/uploads\/usu1778\/2025\/07\/Captura-de-pantalla-2025-07-14-a-las-21.25.16-768x511.png 768w, https:\/\/agora.xtec.cat\/ies-rubio-hospitalet\/wp-content\/uploads\/usu1778\/2025\/07\/Captura-de-pantalla-2025-07-14-a-las-21.25.16.png 1148w\" sizes=\"auto, (max-width: 1024px) 100vw, 1024px\" \/><\/a><\/figure>\n\n\n\n<p>La hist\u00f2ria del barri de Pubilla Cases ve marcada per la seva transformaci\u00f3. Originalment, era un barri de camps dedicats al conreu de sec\u00e0 i on hi havia algunes b\u00f2biles, per\u00f2 a partir dels anys 60 va experimentar un gran desenvolupament urb\u00e0 amb la construcci\u00f3 de nous habitatges i serveis per acollir la poblaci\u00f3 que arribava, principalment, de diferents parts d\u2019Espanya i, m\u00e9s endavant, d\u2019altres regions del m\u00f3n. Aquest canvi va convertir Pubilla Cases en un barri viu i divers, amb una comunitat que ha anat creixent i adaptant-se als nous temps. Forma el districte administratiu V de la ciutat amb el barri de Can Serra, que tamb\u00e9 va experimentar un creixement paral\u00b7lel en convertir-se en un pol\u00edgon d\u2019habitatges amb una estreta franja de jardins al costat de la via f\u00e8rria.<\/p>\n\n\n\n<p>Aquesta zona tamb\u00e9 constitueix un dels punts m\u00e9s alts per sobre del nivell del mar, al costat del Parc Les Planes, que ofereix unes vistes espectaculars i constitueix un espai verd molt apreciat pels residents. Aquesta ubicaci\u00f3 privilegiada contribueix a la qualitat de vida del barri, combinant la proximitat a la natura amb la vida urbana.<\/p>\n\n\n\n<figure class=\"wp-block-image size-large is-resized\"><a href=\"https:\/\/agora.xtec.cat\/ies-rubio-hospitalet\/wp-content\/uploads\/usu1778\/2025\/07\/Urbadis_Parc-de-Les-Planes_1.jpg\"><img loading=\"lazy\" decoding=\"async\" width=\"1024\" height=\"640\" src=\"https:\/\/agora.xtec.cat\/ies-rubio-hospitalet\/wp-content\/uploads\/usu1778\/2025\/07\/Urbadis_Parc-de-Les-Planes_1-1024x640.jpg\" alt=\"\" class=\"wp-image-11266\" style=\"width:540px;height:auto\" srcset=\"https:\/\/agora.xtec.cat\/ies-rubio-hospitalet\/wp-content\/uploads\/usu1778\/2025\/07\/Urbadis_Parc-de-Les-Planes_1-1024x640.jpg 1024w, https:\/\/agora.xtec.cat\/ies-rubio-hospitalet\/wp-content\/uploads\/usu1778\/2025\/07\/Urbadis_Parc-de-Les-Planes_1-300x188.jpg 300w, https:\/\/agora.xtec.cat\/ies-rubio-hospitalet\/wp-content\/uploads\/usu1778\/2025\/07\/Urbadis_Parc-de-Les-Planes_1-768x480.jpg 768w, https:\/\/agora.xtec.cat\/ies-rubio-hospitalet\/wp-content\/uploads\/usu1778\/2025\/07\/Urbadis_Parc-de-Les-Planes_1.jpg 1200w\" sizes=\"auto, (max-width: 1024px) 100vw, 1024px\" \/><\/a><\/figure>\n\n\n\n<p>Avui dia, l\u2019Institut Rubi\u00f3 i Ors continua sent un punt de refer\u00e8ncia per a l\u2019educaci\u00f3 del barri, reflectint la seva hist\u00f2ria de transformaci\u00f3 i el seu comprom\u00eds amb el futur dels joves de Pubillas Cases i Can Serra.<\/p>\n","protected":false},"excerpt":{"rendered":"<p>L\u2019Institut Rubi\u00f3 i Ors de l\u2019Hospitalet t\u00e9 una hist\u00f2ria que reflecteix l\u2019evoluci\u00f3 de la ciutat i del seu entorn. Inicialment, aquest centre va comen\u00e7ar com a escola de prim\u00e0ria, amb la missi\u00f3 d\u2019atendre les necessitats educatives dels nens del barri de Pubilla Cases-Can Serra. Amb el temps, i a mesura que la ciutat va cr\u00e9ixer, [&hellip;]<\/p>\n","protected":false},"author":1,"featured_media":0,"parent":19,"menu_order":0,"comment_status":"closed","ping_status":"close","template":"","meta":{"_bbp_topic_count":0,"_bbp_reply_count":0,"_bbp_total_topic_count":0,"_bbp_total_reply_count":0,"_bbp_voice_count":0,"_bbp_anonymous_reply_count":0,"_bbp_topic_count_hidden":0,"_bbp_reply_count_hidden":0,"_bbp_forum_subforum_count":0,"site-sidebar-layout":"default","site-content-layout":"","ast-site-content-layout":"default","site-content-style":"default","site-sidebar-style":"default","ast-global-header-display":"","ast-banner-title-visibility":"","ast-main-header-display":"","ast-hfb-above-header-display":"","ast-hfb-below-header-display":"","ast-hfb-mobile-header-display":"","site-post-title":"","ast-breadcrumbs-content":"","ast-featured-img":"","footer-sml-layout":"","theme-transparent-header-meta":"","adv-header-id-meta":"","stick-header-meta":"","header-above-stick-meta":"","header-main-stick-meta":"","header-below-stick-meta":"","astra-migrate-meta-layouts":"set","ast-page-background-enabled":"default","ast-page-background-meta":{"desktop":{"background-color":"var(--ast-global-color-4)","background-image":"","background-repeat":"repeat","background-position":"center center","background-size":"auto","background-attachment":"scroll","background-type":"","background-media":"","overlay-type":"","overlay-color":"","overlay-opacity":"","overlay-gradient":""},"tablet":{"background-color":"","background-image":"","background-repeat":"repeat","background-position":"center center","background-size":"auto","background-attachment":"scroll","background-type":"","background-media":"","overlay-type":"","overlay-color":"","overlay-opacity":"","overlay-gradient":""},"mobile":{"background-color":"","background-image":"","background-repeat":"repeat","background-position":"center center","background-size":"auto","background-attachment":"scroll","background-type":"","background-media":"","overlay-type":"","overlay-color":"","overlay-opacity":"","overlay-gradient":""}},"ast-content-background-meta":{"desktop":{"background-color":"var(--ast-global-color-5)","background-image":"","background-repeat":"repeat","background-position":"center center","background-size":"auto","background-attachment":"scroll","background-type":"","background-media":"","overlay-type":"","overlay-color":"","overlay-opacity":"","overlay-gradient":""},"tablet":{"background-color":"var(--ast-global-color-5)","background-image":"","background-repeat":"repeat","background-position":"center center","background-size":"auto","background-attachment":"scroll","background-type":"","background-media":"","overlay-type":"","overlay-color":"","overlay-opacity":"","overlay-gradient":""},"mobile":{"background-color":"var(--ast-global-color-5)","background-image":"","background-repeat":"repeat","background-position":"center center","background-size":"auto","background-attachment":"scroll","background-type":"","background-media":"","overlay-type":"","overlay-color":"","overlay-opacity":"","overlay-gradient":""}},"footnotes":""},"class_list":["post-11224","page","type-page","status-publish","hentry"],"post_mailing_queue_ids":[],"_links":{"self":[{"href":"https:\/\/agora.xtec.cat\/ies-rubio-hospitalet\/wp-json\/wp\/v2\/pages\/11224","targetHints":{"allow":["GET"]}}],"collection":[{"href":"https:\/\/agora.xtec.cat\/ies-rubio-hospitalet\/wp-json\/wp\/v2\/pages"}],"about":[{"href":"https:\/\/agora.xtec.cat\/ies-rubio-hospitalet\/wp-json\/wp\/v2\/types\/page"}],"author":[{"embeddable":true,"href":"https:\/\/agora.xtec.cat\/ies-rubio-hospitalet\/wp-json\/wp\/v2\/users\/1"}],"replies":[{"embeddable":true,"href":"https:\/\/agora.xtec.cat\/ies-rubio-hospitalet\/wp-json\/wp\/v2\/comments?post=11224"}],"version-history":[{"count":5,"href":"https:\/\/agora.xtec.cat\/ies-rubio-hospitalet\/wp-json\/wp\/v2\/pages\/11224\/revisions"}],"predecessor-version":[{"id":11275,"href":"https:\/\/agora.xtec.cat\/ies-rubio-hospitalet\/wp-json\/wp\/v2\/pages\/11224\/revisions\/11275"}],"up":[{"embeddable":true,"href":"https:\/\/agora.xtec.cat\/ies-rubio-hospitalet\/wp-json\/wp\/v2\/pages\/19"}],"wp:attachment":[{"href":"https:\/\/agora.xtec.cat\/ies-rubio-hospitalet\/wp-json\/wp\/v2\/media?parent=11224"}],"curies":[{"name":"wp","href":"https:\/\/api.w.org\/{rel}","templated":true}]}}