{"id":11096,"date":"2025-06-26T10:50:15","date_gmt":"2025-06-26T08:50:15","guid":{"rendered":"https:\/\/agora.xtec.cat\/ies-rubio-hospitalet\/?page_id=11096"},"modified":"2025-06-30T10:02:42","modified_gmt":"2025-06-30T08:02:42","slug":"projectes-interdisciplinaris","status":"publish","type":"page","link":"https:\/\/agora.xtec.cat\/ies-rubio-hospitalet\/oferta-educativa\/projectes-interdisciplinaris\/","title":{"rendered":"Projectes interdisciplinaris"},"content":{"rendered":"\n<p><strong>1r d&#8217;ESO:<\/strong><\/p>\n\n\n\n<p>A 1r d&#8217;ESO es cursa la mat\u00e8ria de Projectes on se&#8217;n fan tres:<\/p>\n\n\n\n<ul class=\"wp-block-list\">\n<li>Un primer dedicat al treball en grup i la coneixen\u00e7a de cadascun dels alumnes, anomenat &#8220;Ens coneixem&#8221;. Amb din\u00e0miques de cohesi\u00f3 i treball cooperatiu descobrim els talents individuals i grupals i reforcem el sentiment d&#8217;equip.<\/li>\n\n\n\n<li>Un segon projecte dedicat a un dels espais naturals m\u00e9s importants del m\u00f3n, &#8220;Expedici\u00f3 a l&#8217;Amaz\u00f2nia&#8221;, a trav\u00e9s del qual explorem aquest paratge natural des d&#8217;un punt de vista ecol\u00f2gic, de biodiversitat i cultural. Per posar-nos a la pell dels exploradors i exploradores, visitem el &#8220;Bosc Inundat&#8221; del CosmoCaixa, coneixent de ben a prop la fauna i flora t\u00edpica de la selva tropical.<\/li>\n\n\n\n<li>Finalment, el projecte &#8220;La ci\u00e8ncia i les seves hist\u00f2ries&#8221; permet viatjar per les diferents etapes hist\u00f2riques, tot recreant alguns dels experiments m\u00e9s rellevants i coneixent les personalitats cient\u00edfiques m\u00e9s destacades que hi ha al darrere.<\/li>\n<\/ul>\n\n\n\n<p>A trav\u00e9s dels projectes treballem de forma interdisciplinar diferents mat\u00e8ries i alhora, l&#8217;alumnat apr\u00e8n a treballar en equip tot assumint rols amb responsabilitat de forma aut\u00f2noma.<\/p>\n\n\n\n<p><strong>2n d&#8217;ESO<\/strong><\/p>\n\n\n\n<p>A Projectes de 2n d\u2019ESO, tenim La veu del Rubi, una proposta que gira entorn de la creaci\u00f3 d\u2019un podcast. Al llarg del curs, cada grup d\u2019alumnes elabora tres cap\u00edtols, un per trimestre, on poden explorar temes que els interessen i donar veu a les seves opinions, inquietuds o curiositats. El podcast neix amb la voluntat de donar veu al nostre institut m\u00e9s enll\u00e0 de les aules, compartint les viv\u00e8ncies i perspectives dels joves amb tota la comunitat.<\/p>\n\n\n\n<p>Aquest projecte t\u00e9 com a eix central la comunicaci\u00f3 oral i el treball cooperatiu. Tots els membres del grup s\u2019encarreguen tant de redactar els guions com de locutar els continguts Aix\u00f2 els permet desenvolupar habilitats comunicatives com la planificaci\u00f3 del discurs, l\u2019expressivitat, la dicci\u00f3 i la capacitat d\u2019adaptar-se al registre oral. A La veu del Rubi, l\u2019alumnat apr\u00e8n a treballar en equip, a comunicar amb claredat i confian\u00e7a i a donar forma a idees pr\u00f2pies compartides.<\/p>\n\n\n\n<p>Les gravacions dels cap\u00edtols les fem a Torre Barrina, on posen a la nostra disposici\u00f3 un estudi de r\u00e0dio professional per donar forma a tot all\u00f2 que treballem a classe!<\/p>\n\n\n\n<p><strong>3r d&#8217;ESO<\/strong><\/p>\n\n\n\n<p>A 3r d&#8217;ESO, formem part del Projecte RED (Revista Escolar Digital) en col\u00b7laboraci\u00f3 amb la revista digital <a href=\"https:\/\/junior-report.cat\/\" data-type=\"link\" data-id=\"https:\/\/junior-report.cat\/\">Junior Report<\/a>. Un cop a la setmana, les aules de 3r d&#8217;ESO es converteixen en la redacci\u00f3 d&#8217;una revista digital i l&#8217;alumnat en els seus periodistes.<\/p>\n\n\n\n<p>Al llarg del curs, redacten diferents tipus de textos (entrevista, reportatge, article, cr\u00edtica\u2026) sobre temes d&#8217;actualitat i d&#8217;inter\u00e8s. Per poder arribar a crear un text amb cap i peus, l&#8217;alumnat ha de ser capa\u00e7 de cercar informaci\u00f3 vera\u00e7 i basada en l&#8217;evid\u00e8ncia, de contrastar-la i d&#8217;organitzar-la. A m\u00e9s, ha de donar-li forma amb esperit cr\u00edtic i a trav\u00e9s del treball cooperatiu.<\/p>\n\n\n\n<p>Gr\u00e0cies a aquest projecte, l&#8217;alumnat descobreix noves realitats i posa l\u00edmits a les fake news, desenvolupant-se per ser ciutadans actius i cr\u00edtics en el futur.<\/p>\n","protected":false},"excerpt":{"rendered":"<p>1r d&#8217;ESO: A 1r d&#8217;ESO es cursa la mat\u00e8ria de Projectes on se&#8217;n fan tres: A trav\u00e9s dels projectes treballem de forma interdisciplinar diferents mat\u00e8ries i alhora, l&#8217;alumnat apr\u00e8n a treballar en equip tot assumint rols amb responsabilitat de forma aut\u00f2noma. 2n d&#8217;ESO A Projectes de 2n d\u2019ESO, tenim La veu del Rubi, una proposta [&hellip;]<\/p>\n","protected":false},"author":1,"featured_media":0,"parent":57,"menu_order":3,"comment_status":"closed","ping_status":"closed","template":"","meta":{"_bbp_topic_count":0,"_bbp_reply_count":0,"_bbp_total_topic_count":0,"_bbp_total_reply_count":0,"_bbp_voice_count":0,"_bbp_anonymous_reply_count":0,"_bbp_topic_count_hidden":0,"_bbp_reply_count_hidden":0,"_bbp_forum_subforum_count":0,"site-sidebar-layout":"default","site-content-layout":"","ast-site-content-layout":"default","site-content-style":"default","site-sidebar-style":"default","ast-global-header-display":"","ast-banner-title-visibility":"","ast-main-header-display":"","ast-hfb-above-header-display":"","ast-hfb-below-header-display":"","ast-hfb-mobile-header-display":"","site-post-title":"","ast-breadcrumbs-content":"","ast-featured-img":"","footer-sml-layout":"","theme-transparent-header-meta":"","adv-header-id-meta":"","stick-header-meta":"","header-above-stick-meta":"","header-main-stick-meta":"","header-below-stick-meta":"","astra-migrate-meta-layouts":"set","ast-page-background-enabled":"default","ast-page-background-meta":{"desktop":{"background-color":"var(--ast-global-color-4)","background-image":"","background-repeat":"repeat","background-position":"center center","background-size":"auto","background-attachment":"scroll","background-type":"","background-media":"","overlay-type":"","overlay-color":"","overlay-opacity":"","overlay-gradient":""},"tablet":{"background-color":"","background-image":"","background-repeat":"repeat","background-position":"center center","background-size":"auto","background-attachment":"scroll","background-type":"","background-media":"","overlay-type":"","overlay-color":"","overlay-opacity":"","overlay-gradient":""},"mobile":{"background-color":"","background-image":"","background-repeat":"repeat","background-position":"center center","background-size":"auto","background-attachment":"scroll","background-type":"","background-media":"","overlay-type":"","overlay-color":"","overlay-opacity":"","overlay-gradient":""}},"ast-content-background-meta":{"desktop":{"background-color":"var(--ast-global-color-5)","background-image":"","background-repeat":"repeat","background-position":"center center","background-size":"auto","background-attachment":"scroll","background-type":"","background-media":"","overlay-type":"","overlay-color":"","overlay-opacity":"","overlay-gradient":""},"tablet":{"background-color":"var(--ast-global-color-5)","background-image":"","background-repeat":"repeat","background-position":"center center","background-size":"auto","background-attachment":"scroll","background-type":"","background-media":"","overlay-type":"","overlay-color":"","overlay-opacity":"","overlay-gradient":""},"mobile":{"background-color":"var(--ast-global-color-5)","background-image":"","background-repeat":"repeat","background-position":"center center","background-size":"auto","background-attachment":"scroll","background-type":"","background-media":"","overlay-type":"","overlay-color":"","overlay-opacity":"","overlay-gradient":""}},"footnotes":""},"class_list":["post-11096","page","type-page","status-publish","hentry"],"post_mailing_queue_ids":[],"_links":{"self":[{"href":"https:\/\/agora.xtec.cat\/ies-rubio-hospitalet\/wp-json\/wp\/v2\/pages\/11096","targetHints":{"allow":["GET"]}}],"collection":[{"href":"https:\/\/agora.xtec.cat\/ies-rubio-hospitalet\/wp-json\/wp\/v2\/pages"}],"about":[{"href":"https:\/\/agora.xtec.cat\/ies-rubio-hospitalet\/wp-json\/wp\/v2\/types\/page"}],"author":[{"embeddable":true,"href":"https:\/\/agora.xtec.cat\/ies-rubio-hospitalet\/wp-json\/wp\/v2\/users\/1"}],"replies":[{"embeddable":true,"href":"https:\/\/agora.xtec.cat\/ies-rubio-hospitalet\/wp-json\/wp\/v2\/comments?post=11096"}],"version-history":[{"count":6,"href":"https:\/\/agora.xtec.cat\/ies-rubio-hospitalet\/wp-json\/wp\/v2\/pages\/11096\/revisions"}],"predecessor-version":[{"id":11145,"href":"https:\/\/agora.xtec.cat\/ies-rubio-hospitalet\/wp-json\/wp\/v2\/pages\/11096\/revisions\/11145"}],"up":[{"embeddable":true,"href":"https:\/\/agora.xtec.cat\/ies-rubio-hospitalet\/wp-json\/wp\/v2\/pages\/57"}],"wp:attachment":[{"href":"https:\/\/agora.xtec.cat\/ies-rubio-hospitalet\/wp-json\/wp\/v2\/media?parent=11096"}],"curies":[{"name":"wp","href":"https:\/\/api.w.org\/{rel}","templated":true}]}}