{"id":951,"date":"2020-05-18T00:13:57","date_gmt":"2020-05-17T22:13:57","guid":{"rendered":"http:\/\/agora.xtec.cat\/ies-ribera-del-sio\/?page_id=951"},"modified":"2021-01-30T19:22:49","modified_gmt":"2021-01-30T18:22:49","slug":"ampa","status":"publish","type":"page","link":"https:\/\/agora.xtec.cat\/ies-ribera-del-sio\/ampa\/","title":{"rendered":"A.F.A."},"content":{"rendered":"<p>&nbsp;<\/p>\n<h2>Implica\u2019t amb l\u2019A.F.A., beneficia a tothom!!<a href=\"https:\/\/agora.xtec.cat\/ies-ribera-del-sio\/wp-content\/uploads\/usu1273\/2021\/01\/logotip.jpeg\"><img loading=\"lazy\" decoding=\"async\" class=\" wp-image-2300 alignright\" src=\"https:\/\/agora.xtec.cat\/ies-ribera-del-sio\/wp-content\/uploads\/usu1273\/2021\/01\/logotip-1024x895.jpeg\" alt=\"\" width=\"352\" height=\"307\" srcset=\"https:\/\/agora.xtec.cat\/ies-ribera-del-sio\/wp-content\/uploads\/usu1273\/2021\/01\/logotip-1024x895.jpeg 1024w, https:\/\/agora.xtec.cat\/ies-ribera-del-sio\/wp-content\/uploads\/usu1273\/2021\/01\/logotip-300x262.jpeg 300w, https:\/\/agora.xtec.cat\/ies-ribera-del-sio\/wp-content\/uploads\/usu1273\/2021\/01\/logotip-768x671.jpeg 768w, https:\/\/agora.xtec.cat\/ies-ribera-del-sio\/wp-content\/uploads\/usu1273\/2021\/01\/logotip.jpeg 1600w\" sizes=\"auto, (max-width: 352px) 100vw, 352px\" \/><\/a><\/h2>\n<ul>\n<li>La gesti\u00f3 dels llibres de text per a tot l\u2019alumnat, beneficiant-se les fam\u00edlies econ\u00f2micament, i sobretot per als socis\/s\u00f2cies de l\u2019A.M.P.A.<\/li>\n<li>Gr\u00e0cies al benefici de la gesti\u00f3 que en fa amb els llibres de text, s\u2019ha pogut realitzar diferents reformes a l\u2019Institut: Laboratori, Plantes,\u2026<\/li>\n<li>Descomptes en les excursions dels associats\/des de l\u2019A.M.P.A.<\/li>\n<li>Aportaci\u00f3 econ\u00f2mica a l\u2019excursi\u00f3 \u00faltim curs de l\u2019ESO.<\/li>\n<li>Aportaci\u00f3 econ\u00f2mica en la contractaci\u00f3 de la web UNPORTAL, per tal que l\u2019alumnat i les fam\u00edlies puguin tenir a l\u2019abast tota la informaci\u00f3 dels graus universitaris i cicles de grau mitj\u00e0 i superior.<\/li>\n<li>Aportaci\u00f3 en les roses per sant Jordi.<\/li>\n<li>S\u2019han contractat els serveis d\u2019una mediadora per tractar conflictes que puguin sorgir durant el curs escolar.<\/li>\n<li>Col\u00b7laboraci\u00f3 amb el Pla Catal\u00e0 de l\u2019Esport, amb el cros escolar de la Vila i amb les Orles i obsequis a l\u2019alumnat de 2n Batxillerat.<\/li>\n<li>Participaci\u00f3 ofrena floral de la Diada.<\/li>\n<li>Vetllem per una bona coordinaci\u00f3 entre el Centre, pares i alumnes.<\/li>\n<li>Subvenci\u00f3 del despla\u00e7ament dels Alumnes membre de l\u2019A.M.P.A. de 2n de Batxillerat per anar a la prova de selectivitat.<\/li>\n<\/ul>\n","protected":false},"excerpt":{"rendered":"<p>&nbsp; Implica\u2019t amb l\u2019A.F.A., beneficia a tothom!! La gesti\u00f3 dels llibres de text per a tot l\u2019alumnat, beneficiant-se les fam\u00edlies econ\u00f2micament, i sobretot per als socis\/s\u00f2cies de l\u2019A.M.P.A. Gr\u00e0cies al benefici de la gesti\u00f3 que en fa amb els llibres de text, s\u2019ha pogut realitzar diferents reformes a l\u2019Institut: Laboratori, Plantes,\u2026 Descomptes en les excursions [&hellip;]<\/p>\n","protected":false},"author":1,"featured_media":0,"parent":0,"menu_order":0,"comment_status":"closed","ping_status":"closed","template":"page-templates\/side-menu.php","meta":{"site-sidebar-layout":"default","site-content-layout":"","ast-site-content-layout":"","site-content-style":"default","site-sidebar-style":"default","ast-global-header-display":"","ast-banner-title-visibility":"","ast-main-header-display":"","ast-hfb-above-header-display":"","ast-hfb-below-header-display":"","ast-hfb-mobile-header-display":"","site-post-title":"","ast-breadcrumbs-content":"","ast-featured-img":"","footer-sml-layout":"","theme-transparent-header-meta":"","adv-header-id-meta":"","stick-header-meta":"","header-above-stick-meta":"","header-main-stick-meta":"","header-below-stick-meta":"","astra-migrate-meta-layouts":"default","ast-page-background-enabled":"default","ast-page-background-meta":{"desktop":{"background-color":"var(--ast-global-color-4)","background-image":"","background-repeat":"repeat","background-position":"center center","background-size":"auto","background-attachment":"scroll","background-type":"","background-media":"","overlay-type":"","overlay-color":"","overlay-opacity":"","overlay-gradient":""},"tablet":{"background-color":"","background-image":"","background-repeat":"repeat","background-position":"center center","background-size":"auto","background-attachment":"scroll","background-type":"","background-media":"","overlay-type":"","overlay-color":"","overlay-opacity":"","overlay-gradient":""},"mobile":{"background-color":"","background-image":"","background-repeat":"repeat","background-position":"center center","background-size":"auto","background-attachment":"scroll","background-type":"","background-media":"","overlay-type":"","overlay-color":"","overlay-opacity":"","overlay-gradient":""}},"ast-content-background-meta":{"desktop":{"background-color":"var(--ast-global-color-5)","background-image":"","background-repeat":"repeat","background-position":"center center","background-size":"auto","background-attachment":"scroll","background-type":"","background-media":"","overlay-type":"","overlay-color":"","overlay-opacity":"","overlay-gradient":""},"tablet":{"background-color":"var(--ast-global-color-5)","background-image":"","background-repeat":"repeat","background-position":"center center","background-size":"auto","background-attachment":"scroll","background-type":"","background-media":"","overlay-type":"","overlay-color":"","overlay-opacity":"","overlay-gradient":""},"mobile":{"background-color":"var(--ast-global-color-5)","background-image":"","background-repeat":"repeat","background-position":"center center","background-size":"auto","background-attachment":"scroll","background-type":"","background-media":"","overlay-type":"","overlay-color":"","overlay-opacity":"","overlay-gradient":""}},"footnotes":""},"class_list":["post-951","page","type-page","status-publish","hentry"],"post_mailing_queue_ids":[],"_links":{"self":[{"href":"https:\/\/agora.xtec.cat\/ies-ribera-del-sio\/wp-json\/wp\/v2\/pages\/951","targetHints":{"allow":["GET"]}}],"collection":[{"href":"https:\/\/agora.xtec.cat\/ies-ribera-del-sio\/wp-json\/wp\/v2\/pages"}],"about":[{"href":"https:\/\/agora.xtec.cat\/ies-ribera-del-sio\/wp-json\/wp\/v2\/types\/page"}],"author":[{"embeddable":true,"href":"https:\/\/agora.xtec.cat\/ies-ribera-del-sio\/wp-json\/wp\/v2\/users\/1"}],"replies":[{"embeddable":true,"href":"https:\/\/agora.xtec.cat\/ies-ribera-del-sio\/wp-json\/wp\/v2\/comments?post=951"}],"version-history":[{"count":3,"href":"https:\/\/agora.xtec.cat\/ies-ribera-del-sio\/wp-json\/wp\/v2\/pages\/951\/revisions"}],"predecessor-version":[{"id":2305,"href":"https:\/\/agora.xtec.cat\/ies-ribera-del-sio\/wp-json\/wp\/v2\/pages\/951\/revisions\/2305"}],"wp:attachment":[{"href":"https:\/\/agora.xtec.cat\/ies-ribera-del-sio\/wp-json\/wp\/v2\/media?parent=951"}],"curies":[{"name":"wp","href":"https:\/\/api.w.org\/{rel}","templated":true}]}}