{"id":946,"date":"2020-05-18T00:11:13","date_gmt":"2020-05-17T22:11:13","guid":{"rendered":"http:\/\/agora.xtec.cat\/ies-ribera-del-sio\/?page_id=946"},"modified":"2025-03-14T10:47:34","modified_gmt":"2025-03-14T09:47:34","slug":"membres-de-la-m-p-a","status":"publish","type":"page","link":"https:\/\/agora.xtec.cat\/ies-ribera-del-sio\/ampa\/membres-de-la-m-p-a\/","title":{"rendered":"Membres de l&#8217;A.F.A."},"content":{"rendered":"<p>&nbsp;<\/p>\n<table style=\"border-collapse: collapse; width: 95.5801%;\">\n<tbody>\n<tr>\n<td dir=\"LTR\" style=\"width: 31.4917%;\" width=\"170\" height=\"17\">Patricia Lerin Pizarro<\/td>\n<td dir=\"LTR\" style=\"width: 63.9042%;\" width=\"368\">Presidenta<\/td>\n<\/tr>\n<tr>\n<td dir=\"LTR\" style=\"width: 31.4917%;\" width=\"170\" height=\"17\">Imma Gilabert Mir<\/td>\n<td dir=\"LTR\" style=\"width: 63.9042%;\" width=\"368\">Vicepresidenta i Tresorera<\/td>\n<\/tr>\n<tr>\n<td dir=\"LTR\" style=\"width: 31.4917%;\" width=\"170\" height=\"17\">Eva Martinez Sari\u00f1ena<\/td>\n<td dir=\"LTR\" style=\"width: 63.9042%;\" width=\"368\">Secret\u00e0ria<\/td>\n<\/tr>\n<tr>\n<td dir=\"LTR\" style=\"width: 31.4917%;\" width=\"170\" height=\"17\">M\u00f2nica Ribalta Alcalde<\/td>\n<td dir=\"LTR\" style=\"width: 63.9042%;\" width=\"368\">Vocal Consell Escolar<\/td>\n<\/tr>\n<tr>\n<td dir=\"LTR\" style=\"width: 31.4917%;\" width=\"170\" height=\"17\">Mireia Gines Esteban<\/td>\n<td dir=\"LTR\" style=\"width: 63.9042%;\" width=\"368\">Vocal Consell Municipal \/ Vocal de festes i Cultura<\/td>\n<\/tr>\n<tr>\n<td dir=\"LTR\" style=\"width: 31.4917%;\" width=\"170\" height=\"17\">Mireia Montan\u00e9 Guillaumet<\/td>\n<td dir=\"LTR\" style=\"width: 63.9042%;\" width=\"368\">Vocal FAPAC i Xarxes Socials<\/td>\n<\/tr>\n<tr>\n<td dir=\"LTR\" style=\"width: 31.4917%;\" width=\"170\" height=\"17\">Rosa Agramunt Oliva<\/td>\n<td dir=\"LTR\" style=\"width: 63.9042%;\" width=\"368\">Vocal Esport<\/td>\n<\/tr>\n<\/tbody>\n<\/table>\n","protected":false},"excerpt":{"rendered":"<p>&nbsp; Patricia Lerin Pizarro Presidenta Imma Gilabert Mir Vicepresidenta i Tresorera Eva Martinez Sari\u00f1ena Secret\u00e0ria M\u00f2nica Ribalta Alcalde Vocal Consell Escolar Mireia Gines Esteban Vocal Consell Municipal \/ Vocal de festes i Cultura Mireia Montan\u00e9 Guillaumet Vocal FAPAC i Xarxes Socials Rosa Agramunt Oliva Vocal Esport<\/p>\n","protected":false},"author":1,"featured_media":0,"parent":951,"menu_order":20,"comment_status":"closed","ping_status":"closed","template":"page-templates\/side-menu.php","meta":{"site-sidebar-layout":"default","site-content-layout":"","ast-site-content-layout":"","site-content-style":"default","site-sidebar-style":"default","ast-global-header-display":"","ast-banner-title-visibility":"","ast-main-header-display":"","ast-hfb-above-header-display":"","ast-hfb-below-header-display":"","ast-hfb-mobile-header-display":"","site-post-title":"","ast-breadcrumbs-content":"","ast-featured-img":"","footer-sml-layout":"","theme-transparent-header-meta":"","adv-header-id-meta":"","stick-header-meta":"","header-above-stick-meta":"","header-main-stick-meta":"","header-below-stick-meta":"","astra-migrate-meta-layouts":"default","ast-page-background-enabled":"default","ast-page-background-meta":{"desktop":{"background-color":"var(--ast-global-color-4)","background-image":"","background-repeat":"repeat","background-position":"center center","background-size":"auto","background-attachment":"scroll","background-type":"","background-media":"","overlay-type":"","overlay-color":"","overlay-opacity":"","overlay-gradient":""},"tablet":{"background-color":"","background-image":"","background-repeat":"repeat","background-position":"center center","background-size":"auto","background-attachment":"scroll","background-type":"","background-media":"","overlay-type":"","overlay-color":"","overlay-opacity":"","overlay-gradient":""},"mobile":{"background-color":"","background-image":"","background-repeat":"repeat","background-position":"center center","background-size":"auto","background-attachment":"scroll","background-type":"","background-media":"","overlay-type":"","overlay-color":"","overlay-opacity":"","overlay-gradient":""}},"ast-content-background-meta":{"desktop":{"background-color":"var(--ast-global-color-5)","background-image":"","background-repeat":"repeat","background-position":"center center","background-size":"auto","background-attachment":"scroll","background-type":"","background-media":"","overlay-type":"","overlay-color":"","overlay-opacity":"","overlay-gradient":""},"tablet":{"background-color":"var(--ast-global-color-5)","background-image":"","background-repeat":"repeat","background-position":"center center","background-size":"auto","background-attachment":"scroll","background-type":"","background-media":"","overlay-type":"","overlay-color":"","overlay-opacity":"","overlay-gradient":""},"mobile":{"background-color":"var(--ast-global-color-5)","background-image":"","background-repeat":"repeat","background-position":"center center","background-size":"auto","background-attachment":"scroll","background-type":"","background-media":"","overlay-type":"","overlay-color":"","overlay-opacity":"","overlay-gradient":""}},"footnotes":""},"class_list":["post-946","page","type-page","status-publish","hentry"],"post_mailing_queue_ids":[],"_links":{"self":[{"href":"https:\/\/agora.xtec.cat\/ies-ribera-del-sio\/wp-json\/wp\/v2\/pages\/946","targetHints":{"allow":["GET"]}}],"collection":[{"href":"https:\/\/agora.xtec.cat\/ies-ribera-del-sio\/wp-json\/wp\/v2\/pages"}],"about":[{"href":"https:\/\/agora.xtec.cat\/ies-ribera-del-sio\/wp-json\/wp\/v2\/types\/page"}],"author":[{"embeddable":true,"href":"https:\/\/agora.xtec.cat\/ies-ribera-del-sio\/wp-json\/wp\/v2\/users\/1"}],"replies":[{"embeddable":true,"href":"https:\/\/agora.xtec.cat\/ies-ribera-del-sio\/wp-json\/wp\/v2\/comments?post=946"}],"version-history":[{"count":6,"href":"https:\/\/agora.xtec.cat\/ies-ribera-del-sio\/wp-json\/wp\/v2\/pages\/946\/revisions"}],"predecessor-version":[{"id":4241,"href":"https:\/\/agora.xtec.cat\/ies-ribera-del-sio\/wp-json\/wp\/v2\/pages\/946\/revisions\/4241"}],"up":[{"embeddable":true,"href":"https:\/\/agora.xtec.cat\/ies-ribera-del-sio\/wp-json\/wp\/v2\/pages\/951"}],"wp:attachment":[{"href":"https:\/\/agora.xtec.cat\/ies-ribera-del-sio\/wp-json\/wp\/v2\/media?parent=946"}],"curies":[{"name":"wp","href":"https:\/\/api.w.org\/{rel}","templated":true}]}}