{"id":933,"date":"2020-05-16T21:28:06","date_gmt":"2020-05-16T19:28:06","guid":{"rendered":"http:\/\/agora.xtec.cat\/ies-ribera-del-sio\/?page_id=933"},"modified":"2024-07-08T15:21:00","modified_gmt":"2024-07-08T13:21:00","slug":"orientacio","status":"publish","type":"page","link":"https:\/\/agora.xtec.cat\/ies-ribera-del-sio\/orientacio\/","title":{"rendered":"Orientaci\u00f3"},"content":{"rendered":"<p><a href=\"https:\/\/agora.xtec.cat\/ies-ribera-del-sio\/wp-content\/uploads\/usu1273\/2020\/05\/orientacio.jpg\"><img loading=\"lazy\" decoding=\"async\" class=\"size-full wp-image-1874 aligncenter\" src=\"https:\/\/agora.xtec.cat\/ies-ribera-del-sio\/wp-content\/uploads\/usu1273\/2020\/05\/orientacio.jpg\" alt=\"\" width=\"611\" height=\"163\" srcset=\"https:\/\/agora.xtec.cat\/ies-ribera-del-sio\/wp-content\/uploads\/usu1273\/2020\/05\/orientacio.jpg 611w, https:\/\/agora.xtec.cat\/ies-ribera-del-sio\/wp-content\/uploads\/usu1273\/2020\/05\/orientacio-300x80.jpg 300w\" sizes=\"auto, (max-width: 611px) 100vw, 611px\" \/><\/a><\/p>\n<p>El seguiment i l\u2019orientaci\u00f3 \u00e9s un proc\u00e9s global durant l\u2019ESO i Batxillerat, des de l\u2019aula, l\u2019aprenentatge i l\u2019acompanyament personal. Del centre i la xarxa amb accions concretes i recursos com Unportal amb contrasenya personal per a cada alumne\/a L\u2019orientaci\u00f3 personal, l\u2019orientaci\u00f3 acad\u00e8mica, l\u2019orientaci\u00f3 professional es treballen des de l\u2019institut a nivell grupal i individual a tots els nivells del centre adaptant\u2010los a cada edat i necessitat.<\/p>\n<p>1. Orientaci\u00f3 personal: pret\u00e9n contribuir a la formaci\u00f3 integral de l\u2019alumnat i al seu creixement personal, facilitant\u2010li l\u2019autoconeixement en l\u2019\u00e0mbit de les aptituds, personalitat i interessos.<\/p>\n<p>2. Orientaci\u00f3 acad\u00e8mica: pret\u00e9n que l\u2019alumnat conegui la forma de dur a terme un millor aprenentatge dels continguts, tant te\u00f2rics com pr\u00e0ctics, que se li imparteixen i possibilitar la coordinaci\u00f3 i integraci\u00f3 dels diferents aspectes que incideixen en el seu proc\u00e9s d\u2019aprenentatge.<\/p>\n<p>3. Orientaci\u00f3 professional: pret\u00e9n oferir a l\u2019alumnat tota la informaci\u00f3 necess\u00e0ria per fer una elecci\u00f3 equilibrada de posteriors estudis que el preparin en la seva professi\u00f3. Per acabar totes aquestes accions \u00e9s vital la relaci\u00f3 amb les fam\u00edlies on es comparteix tota la informaci\u00f3 amb tots els \u00e0mbits de l\u2019acci\u00f3 del tutors\/es.<\/p>\n<p>&nbsp;<\/p>\n<p>El centre amb la col\u00b7laboraci\u00f3 de l&#8217;Ajuntament d&#8217;Agramunt posa a la disposici\u00f3 dels alumnes i fam\u00edlies el portal web UNPORTAL, on podran trobar tota la \u00a0informaci\u00f3, permanentment actualitzada, sobre els graus universitaris i els cicles formatius que es poden cursar a Catalunya.<\/p>\n<p><a href=\"http:\/\/www.unportal.net\" target=\"_blank\" rel=\"noopener www.unportal.net noreferrer\"><img loading=\"lazy\" decoding=\"async\" class=\"wp-image-542 size-full aligncenter\" src=\"https:\/\/agora.xtec.cat\/ies-ribera-del-sio\/wp-content\/uploads\/usu1273\/2014\/09\/unportal.jpg\" alt=\"\" width=\"225\" height=\"225\" srcset=\"https:\/\/agora.xtec.cat\/ies-ribera-del-sio\/wp-content\/uploads\/usu1273\/2014\/09\/unportal.jpg 225w, https:\/\/agora.xtec.cat\/ies-ribera-del-sio\/wp-content\/uploads\/usu1273\/2014\/09\/unportal-150x150.jpg 150w\" sizes=\"auto, (max-width: 225px) 100vw, 225px\" \/><\/a><\/p>\n<div id=\"gtx-trans\" style=\"position: absolute; left: 284px; top: 545.344px;\">\n<div class=\"gtx-trans-icon\"><\/div>\n<\/div>\n","protected":false},"excerpt":{"rendered":"<p>El seguiment i l\u2019orientaci\u00f3 \u00e9s un proc\u00e9s global durant l\u2019ESO i Batxillerat, des de l\u2019aula, l\u2019aprenentatge i l\u2019acompanyament personal. Del centre i la xarxa amb accions concretes i recursos com Unportal amb contrasenya personal per a cada alumne\/a L\u2019orientaci\u00f3 personal, l\u2019orientaci\u00f3 acad\u00e8mica, l\u2019orientaci\u00f3 professional es treballen des de l\u2019institut a nivell grupal i individual a [&hellip;]<\/p>\n","protected":false},"author":1,"featured_media":0,"parent":0,"menu_order":0,"comment_status":"closed","ping_status":"closed","template":"","meta":{"site-sidebar-layout":"default","site-content-layout":"","ast-site-content-layout":"","site-content-style":"default","site-sidebar-style":"default","ast-global-header-display":"","ast-banner-title-visibility":"","ast-main-header-display":"","ast-hfb-above-header-display":"","ast-hfb-below-header-display":"","ast-hfb-mobile-header-display":"","site-post-title":"","ast-breadcrumbs-content":"","ast-featured-img":"","footer-sml-layout":"","theme-transparent-header-meta":"","adv-header-id-meta":"","stick-header-meta":"","header-above-stick-meta":"","header-main-stick-meta":"","header-below-stick-meta":"","astra-migrate-meta-layouts":"default","ast-page-background-enabled":"default","ast-page-background-meta":{"desktop":{"background-color":"var(--ast-global-color-4)","background-image":"","background-repeat":"repeat","background-position":"center center","background-size":"auto","background-attachment":"scroll","background-type":"","background-media":"","overlay-type":"","overlay-color":"","overlay-opacity":"","overlay-gradient":""},"tablet":{"background-color":"","background-image":"","background-repeat":"repeat","background-position":"center center","background-size":"auto","background-attachment":"scroll","background-type":"","background-media":"","overlay-type":"","overlay-color":"","overlay-opacity":"","overlay-gradient":""},"mobile":{"background-color":"","background-image":"","background-repeat":"repeat","background-position":"center center","background-size":"auto","background-attachment":"scroll","background-type":"","background-media":"","overlay-type":"","overlay-color":"","overlay-opacity":"","overlay-gradient":""}},"ast-content-background-meta":{"desktop":{"background-color":"var(--ast-global-color-5)","background-image":"","background-repeat":"repeat","background-position":"center center","background-size":"auto","background-attachment":"scroll","background-type":"","background-media":"","overlay-type":"","overlay-color":"","overlay-opacity":"","overlay-gradient":""},"tablet":{"background-color":"var(--ast-global-color-5)","background-image":"","background-repeat":"repeat","background-position":"center center","background-size":"auto","background-attachment":"scroll","background-type":"","background-media":"","overlay-type":"","overlay-color":"","overlay-opacity":"","overlay-gradient":""},"mobile":{"background-color":"var(--ast-global-color-5)","background-image":"","background-repeat":"repeat","background-position":"center center","background-size":"auto","background-attachment":"scroll","background-type":"","background-media":"","overlay-type":"","overlay-color":"","overlay-opacity":"","overlay-gradient":""}},"footnotes":""},"class_list":["post-933","page","type-page","status-publish","hentry"],"post_mailing_queue_ids":[],"_links":{"self":[{"href":"https:\/\/agora.xtec.cat\/ies-ribera-del-sio\/wp-json\/wp\/v2\/pages\/933","targetHints":{"allow":["GET"]}}],"collection":[{"href":"https:\/\/agora.xtec.cat\/ies-ribera-del-sio\/wp-json\/wp\/v2\/pages"}],"about":[{"href":"https:\/\/agora.xtec.cat\/ies-ribera-del-sio\/wp-json\/wp\/v2\/types\/page"}],"author":[{"embeddable":true,"href":"https:\/\/agora.xtec.cat\/ies-ribera-del-sio\/wp-json\/wp\/v2\/users\/1"}],"replies":[{"embeddable":true,"href":"https:\/\/agora.xtec.cat\/ies-ribera-del-sio\/wp-json\/wp\/v2\/comments?post=933"}],"version-history":[{"count":4,"href":"https:\/\/agora.xtec.cat\/ies-ribera-del-sio\/wp-json\/wp\/v2\/pages\/933\/revisions"}],"predecessor-version":[{"id":4147,"href":"https:\/\/agora.xtec.cat\/ies-ribera-del-sio\/wp-json\/wp\/v2\/pages\/933\/revisions\/4147"}],"wp:attachment":[{"href":"https:\/\/agora.xtec.cat\/ies-ribera-del-sio\/wp-json\/wp\/v2\/media?parent=933"}],"curies":[{"name":"wp","href":"https:\/\/api.w.org\/{rel}","templated":true}]}}