{"id":922,"date":"2020-05-16T20:53:30","date_gmt":"2020-05-16T18:53:30","guid":{"rendered":"http:\/\/agora.xtec.cat\/ies-ribera-del-sio\/?page_id=922"},"modified":"2020-05-16T21:26:26","modified_gmt":"2020-05-16T19:26:26","slug":"mediacio-escolar","status":"publish","type":"page","link":"https:\/\/agora.xtec.cat\/ies-ribera-del-sio\/mediacio-escolar\/","title":{"rendered":"Mediaci\u00f3 escolar"},"content":{"rendered":"<h2><a href=\"https:\/\/agora.xtec.cat\/ies-ribera-del-sio\/wp-content\/uploads\/usu1273\/2020\/05\/mediacio.jpg\"><img loading=\"lazy\" decoding=\"async\" class=\"alignnone wp-image-923\" src=\"https:\/\/agora.xtec.cat\/ies-ribera-del-sio\/wp-content\/uploads\/usu1273\/2020\/05\/mediacio.jpg\" alt=\"\" width=\"162\" height=\"109\" srcset=\"https:\/\/agora.xtec.cat\/ies-ribera-del-sio\/wp-content\/uploads\/usu1273\/2020\/05\/mediacio.jpg 423w, https:\/\/agora.xtec.cat\/ies-ribera-del-sio\/wp-content\/uploads\/usu1273\/2020\/05\/mediacio-300x201.jpg 300w\" sizes=\"auto, (max-width: 162px) 100vw, 162px\" \/><\/a><\/h2>\n<p>I.- Definici\u00f3 del servei<\/p>\n<p>El servei de Mediaci\u00f3 Escolar consisteix en la intervenci\u00f3 d&#8217;un professional en la resoluci\u00f3 de conflictes en horari escolar del centre.<\/p>\n<p>Els alumnes que requereixen el servei s\u00f3n derivats pels professors o\/i l&#8217;equip directiu en detectar les dificultats per resoldre la situaci\u00f3.<\/p>\n<p>La intervenci\u00f3 es planteja en entrevistes individuals per con\u00e8ixer les diferents versions de cada un dels alumnes que hi han intervingut.<\/p>\n<p>El retorn de la informaci\u00f3 al professor que ha efectuat la derivaci\u00f3, es realitza en finalitzar el proc\u00e9s de mediaci\u00f3, amb els compromisos adquirits.<\/p>\n<p>En cas de necessitat, es segueix el proc\u00e9s dels acords durant les primeres setmanes per comprovar el compliment de tots els alumnes.<\/p>\n<p>II.- Horaris<\/p>\n<p>La intervenci\u00f3 del t\u00e8cnic de Mediaci\u00f3 Escolar \u00e9s de 6 hores setmanals, efectuades en dues sessions de 3 hores cada una.<\/p>\n<p>III.- Mem\u00f2ria<\/p>\n<p>En finalitzar el curs escolar es redacta la mem\u00f2ria on es recull les diferents casu\u00edstiques de les intervencions i els recursos on s&#8217;han dut a terme.<\/p>\n<p><a href=\"https:\/\/agora.xtec.cat\/ies-ribera-del-sio\/wp-content\/uploads\/usu1273\/2020\/05\/mediacio-1.jpg\"><img loading=\"lazy\" decoding=\"async\" class=\"size-large wp-image-924\" src=\"https:\/\/agora.xtec.cat\/ies-ribera-del-sio\/wp-content\/uploads\/usu1273\/2020\/05\/mediacio-1-1024x381.jpg\" alt=\"\" width=\"1024\" height=\"381\" srcset=\"https:\/\/agora.xtec.cat\/ies-ribera-del-sio\/wp-content\/uploads\/usu1273\/2020\/05\/mediacio-1-1024x381.jpg 1024w, https:\/\/agora.xtec.cat\/ies-ribera-del-sio\/wp-content\/uploads\/usu1273\/2020\/05\/mediacio-1-300x112.jpg 300w, https:\/\/agora.xtec.cat\/ies-ribera-del-sio\/wp-content\/uploads\/usu1273\/2020\/05\/mediacio-1-768x285.jpg 768w, https:\/\/agora.xtec.cat\/ies-ribera-del-sio\/wp-content\/uploads\/usu1273\/2020\/05\/mediacio-1.jpg 1754w\" sizes=\"auto, (max-width: 1024px) 100vw, 1024px\" \/><\/a><\/p>\n","protected":false},"excerpt":{"rendered":"<p>I.- Definici\u00f3 del servei El servei de Mediaci\u00f3 Escolar consisteix en la intervenci\u00f3 d&#8217;un professional en la resoluci\u00f3 de conflictes en horari escolar del centre. Els alumnes que requereixen el servei s\u00f3n derivats pels professors o\/i l&#8217;equip directiu en detectar les dificultats per resoldre la situaci\u00f3. La intervenci\u00f3 es planteja en entrevistes individuals per con\u00e8ixer [&hellip;]<\/p>\n","protected":false},"author":1,"featured_media":0,"parent":0,"menu_order":0,"comment_status":"closed","ping_status":"closed","template":"","meta":{"site-sidebar-layout":"default","site-content-layout":"","ast-site-content-layout":"","site-content-style":"default","site-sidebar-style":"default","ast-global-header-display":"","ast-banner-title-visibility":"","ast-main-header-display":"","ast-hfb-above-header-display":"","ast-hfb-below-header-display":"","ast-hfb-mobile-header-display":"","site-post-title":"","ast-breadcrumbs-content":"","ast-featured-img":"","footer-sml-layout":"","theme-transparent-header-meta":"","adv-header-id-meta":"","stick-header-meta":"","header-above-stick-meta":"","header-main-stick-meta":"","header-below-stick-meta":"","astra-migrate-meta-layouts":"default","ast-page-background-enabled":"default","ast-page-background-meta":{"desktop":{"background-color":"var(--ast-global-color-4)","background-image":"","background-repeat":"repeat","background-position":"center center","background-size":"auto","background-attachment":"scroll","background-type":"","background-media":"","overlay-type":"","overlay-color":"","overlay-opacity":"","overlay-gradient":""},"tablet":{"background-color":"","background-image":"","background-repeat":"repeat","background-position":"center center","background-size":"auto","background-attachment":"scroll","background-type":"","background-media":"","overlay-type":"","overlay-color":"","overlay-opacity":"","overlay-gradient":""},"mobile":{"background-color":"","background-image":"","background-repeat":"repeat","background-position":"center center","background-size":"auto","background-attachment":"scroll","background-type":"","background-media":"","overlay-type":"","overlay-color":"","overlay-opacity":"","overlay-gradient":""}},"ast-content-background-meta":{"desktop":{"background-color":"var(--ast-global-color-5)","background-image":"","background-repeat":"repeat","background-position":"center center","background-size":"auto","background-attachment":"scroll","background-type":"","background-media":"","overlay-type":"","overlay-color":"","overlay-opacity":"","overlay-gradient":""},"tablet":{"background-color":"var(--ast-global-color-5)","background-image":"","background-repeat":"repeat","background-position":"center center","background-size":"auto","background-attachment":"scroll","background-type":"","background-media":"","overlay-type":"","overlay-color":"","overlay-opacity":"","overlay-gradient":""},"mobile":{"background-color":"var(--ast-global-color-5)","background-image":"","background-repeat":"repeat","background-position":"center center","background-size":"auto","background-attachment":"scroll","background-type":"","background-media":"","overlay-type":"","overlay-color":"","overlay-opacity":"","overlay-gradient":""}},"footnotes":""},"class_list":["post-922","page","type-page","status-publish","hentry"],"post_mailing_queue_ids":[],"_links":{"self":[{"href":"https:\/\/agora.xtec.cat\/ies-ribera-del-sio\/wp-json\/wp\/v2\/pages\/922","targetHints":{"allow":["GET"]}}],"collection":[{"href":"https:\/\/agora.xtec.cat\/ies-ribera-del-sio\/wp-json\/wp\/v2\/pages"}],"about":[{"href":"https:\/\/agora.xtec.cat\/ies-ribera-del-sio\/wp-json\/wp\/v2\/types\/page"}],"author":[{"embeddable":true,"href":"https:\/\/agora.xtec.cat\/ies-ribera-del-sio\/wp-json\/wp\/v2\/users\/1"}],"replies":[{"embeddable":true,"href":"https:\/\/agora.xtec.cat\/ies-ribera-del-sio\/wp-json\/wp\/v2\/comments?post=922"}],"version-history":[{"count":3,"href":"https:\/\/agora.xtec.cat\/ies-ribera-del-sio\/wp-json\/wp\/v2\/pages\/922\/revisions"}],"predecessor-version":[{"id":928,"href":"https:\/\/agora.xtec.cat\/ies-ribera-del-sio\/wp-json\/wp\/v2\/pages\/922\/revisions\/928"}],"wp:attachment":[{"href":"https:\/\/agora.xtec.cat\/ies-ribera-del-sio\/wp-json\/wp\/v2\/media?parent=922"}],"curies":[{"name":"wp","href":"https:\/\/api.w.org\/{rel}","templated":true}]}}