{"id":919,"date":"2020-05-16T21:24:37","date_gmt":"2020-05-16T19:24:37","guid":{"rendered":"http:\/\/agora.xtec.cat\/ies-ribera-del-sio\/?page_id=919"},"modified":"2020-05-26T19:43:32","modified_gmt":"2020-05-26T17:43:32","slug":"salut-i-escola","status":"publish","type":"page","link":"https:\/\/agora.xtec.cat\/ies-ribera-del-sio\/salut-i-escola\/","title":{"rendered":"Salut i escola"},"content":{"rendered":"<h2><strong><a href=\"https:\/\/agora.xtec.cat\/ies-ribera-del-sio\/wp-content\/uploads\/usu1273\/2020\/05\/salut-i-escola.jpg\"><img loading=\"lazy\" decoding=\"async\" class=\"size-full wp-image-1876 alignleft\" src=\"https:\/\/agora.xtec.cat\/ies-ribera-del-sio\/wp-content\/uploads\/usu1273\/2020\/05\/salut-i-escola.jpg\" alt=\"\" width=\"68\" height=\"69\" \/><\/a>SALUT I ESCOLA: UN PROGRAMA INTEGRAL D\u2019ATENCI\u00d3 A L\u2019ADOLESC\u00c8NCIA EN Q\u00dcESTIONS DE SALUT<\/strong><\/h2>\n<p>Amb l\u2019<strong><span style=\"color: #0000ff;\">Objectiu General<\/span><\/strong> de millorar la salut dels adolescents, la Generalitat de Catalunya, a trav\u00e9s dels Centres d\u2019Atenci\u00f3 Prim\u00e0ria de Salut, ofereix als centres educatius de secund\u00e0ria el programa Salut i Escola.<\/p>\n<p><span style=\"color: #0000ff;\"><strong>Objectius espec\u00edfics:<\/strong><\/span><\/p>\n<ul>\n<li>Millorar la coordinaci\u00f3 entre els centres docents i els serveis de salut per poder donar resposta a les necessitats dels adolescents.<\/li>\n<li>Apropar els serveis de salut als centres docents i als adolescents mitjan\u00e7ant la Consulta Oberta als centres d\u2019Educaci\u00f3 Secund\u00e0ria amb les m\u00e0ximes garanties d\u2019intimitat.<\/li>\n<li>Facilitar la promoci\u00f3 d\u2019actituds i h\u00e0bits saludables (factors protectors) amb actuacions d\u2019educaci\u00f3 per a la salut.<\/li>\n<li>Reduir els comportaments que poden afectar negativament la salut (factors de risc).<\/li>\n<li>Detecci\u00f3 preco\u00e7 dels problemes de salut a fi d\u2019intervenir el m\u00e9s aviat possible<\/li>\n<\/ul>\n<p><span style=\"color: #0000ff;\"><strong>Consulta Oberta<\/strong><\/span><\/p>\n<p>El programa ofereix als nois i noies un servei de <strong>Consulta Oberta<\/strong> en el seu centre educatiu per poder ser assessorat sobre temes relacionats amb la salut.<\/p>\n<p>Volem apropar-nos a les necessitats dels adolescents i joves per:<\/p>\n<ul>\n<li><strong>FACILITAR-LOS<\/strong> informaci\u00f3 amb una infermera.<\/li>\n<li><strong>APROPAR<\/strong> els serveis de salut als centres docents i als adolescents.<\/li>\n<li><strong>AFAVORIR<\/strong> la confidencialitat i uns serveis realment a l\u2019abast.<\/li>\n<li><strong>EDUCAR-LOS<\/strong> en com millorar la seva salut.<\/li>\n<li><strong>INFORMAR-LOS<\/strong> de les conductes de risc per a la salut.<\/li>\n<li><strong>FER M\u00c9S EFECTIVA<\/strong> la detecci\u00f3 preco\u00e7 i la intervenci\u00f3.<\/li>\n<li><strong>REDUIR<\/strong> els factors de risc que afecten negativament a la salut dels nois i noies.<\/li>\n<\/ul>\n<p><strong><span style=\"color: #0000ff;\">El programa Salut i Escola aporta: <\/span><\/strong><\/p>\n<p>\u2022 Una infermera espec\u00edficament formada a tots els centres d\u2019educaci\u00f3 secund\u00e0ria.<br \/>\n\u2022 Equips especialitzats en salut ( en atenci\u00f3 a la salut sexual i reproductiva, en salut mental infantil i juvenil, en atenci\u00f3 al consum de drogues&#8230;) .<br \/>\n\u2022 Sessions d\u2019educaci\u00f3 sanit\u00e0ria, materials concrets per la promoci\u00f3 de la salut.<br \/>\n\u2022 La participaci\u00f3 i col\u00b7laboraci\u00f3 dels equips de salut p\u00fablica municipals.<br \/>\n\u2022 El treball conjunt de sanitaris i educadors orientat a la salut dels adolescents.<\/p>\n<p><a href=\"http:\/\/xtec.gencat.cat\/ca\/comunitat\/salutescola\/programasalutescola\/\" target=\"_blank\" rel=\"noopener noreferrer\">Enlla\u00e7 Programa Salut i Escola<\/a><\/p>\n","protected":false},"excerpt":{"rendered":"<p>SALUT I ESCOLA: UN PROGRAMA INTEGRAL D\u2019ATENCI\u00d3 A L\u2019ADOLESC\u00c8NCIA EN Q\u00dcESTIONS DE SALUT Amb l\u2019Objectiu General de millorar la salut dels adolescents, la Generalitat de Catalunya, a trav\u00e9s dels Centres d\u2019Atenci\u00f3 Prim\u00e0ria de Salut, ofereix als centres educatius de secund\u00e0ria el programa Salut i Escola. Objectius espec\u00edfics: Millorar la coordinaci\u00f3 entre els centres docents i [&hellip;]<\/p>\n","protected":false},"author":1,"featured_media":0,"parent":0,"menu_order":0,"comment_status":"closed","ping_status":"closed","template":"","meta":{"site-sidebar-layout":"default","site-content-layout":"","ast-site-content-layout":"","site-content-style":"default","site-sidebar-style":"default","ast-global-header-display":"","ast-banner-title-visibility":"","ast-main-header-display":"","ast-hfb-above-header-display":"","ast-hfb-below-header-display":"","ast-hfb-mobile-header-display":"","site-post-title":"","ast-breadcrumbs-content":"","ast-featured-img":"","footer-sml-layout":"","theme-transparent-header-meta":"","adv-header-id-meta":"","stick-header-meta":"","header-above-stick-meta":"","header-main-stick-meta":"","header-below-stick-meta":"","astra-migrate-meta-layouts":"default","ast-page-background-enabled":"default","ast-page-background-meta":{"desktop":{"background-color":"var(--ast-global-color-4)","background-image":"","background-repeat":"repeat","background-position":"center center","background-size":"auto","background-attachment":"scroll","background-type":"","background-media":"","overlay-type":"","overlay-color":"","overlay-opacity":"","overlay-gradient":""},"tablet":{"background-color":"","background-image":"","background-repeat":"repeat","background-position":"center center","background-size":"auto","background-attachment":"scroll","background-type":"","background-media":"","overlay-type":"","overlay-color":"","overlay-opacity":"","overlay-gradient":""},"mobile":{"background-color":"","background-image":"","background-repeat":"repeat","background-position":"center center","background-size":"auto","background-attachment":"scroll","background-type":"","background-media":"","overlay-type":"","overlay-color":"","overlay-opacity":"","overlay-gradient":""}},"ast-content-background-meta":{"desktop":{"background-color":"var(--ast-global-color-5)","background-image":"","background-repeat":"repeat","background-position":"center center","background-size":"auto","background-attachment":"scroll","background-type":"","background-media":"","overlay-type":"","overlay-color":"","overlay-opacity":"","overlay-gradient":""},"tablet":{"background-color":"var(--ast-global-color-5)","background-image":"","background-repeat":"repeat","background-position":"center center","background-size":"auto","background-attachment":"scroll","background-type":"","background-media":"","overlay-type":"","overlay-color":"","overlay-opacity":"","overlay-gradient":""},"mobile":{"background-color":"var(--ast-global-color-5)","background-image":"","background-repeat":"repeat","background-position":"center center","background-size":"auto","background-attachment":"scroll","background-type":"","background-media":"","overlay-type":"","overlay-color":"","overlay-opacity":"","overlay-gradient":""}},"footnotes":""},"class_list":["post-919","page","type-page","status-publish","hentry"],"post_mailing_queue_ids":[],"_links":{"self":[{"href":"https:\/\/agora.xtec.cat\/ies-ribera-del-sio\/wp-json\/wp\/v2\/pages\/919","targetHints":{"allow":["GET"]}}],"collection":[{"href":"https:\/\/agora.xtec.cat\/ies-ribera-del-sio\/wp-json\/wp\/v2\/pages"}],"about":[{"href":"https:\/\/agora.xtec.cat\/ies-ribera-del-sio\/wp-json\/wp\/v2\/types\/page"}],"author":[{"embeddable":true,"href":"https:\/\/agora.xtec.cat\/ies-ribera-del-sio\/wp-json\/wp\/v2\/users\/1"}],"replies":[{"embeddable":true,"href":"https:\/\/agora.xtec.cat\/ies-ribera-del-sio\/wp-json\/wp\/v2\/comments?post=919"}],"version-history":[{"count":3,"href":"https:\/\/agora.xtec.cat\/ies-ribera-del-sio\/wp-json\/wp\/v2\/pages\/919\/revisions"}],"predecessor-version":[{"id":1878,"href":"https:\/\/agora.xtec.cat\/ies-ribera-del-sio\/wp-json\/wp\/v2\/pages\/919\/revisions\/1878"}],"wp:attachment":[{"href":"https:\/\/agora.xtec.cat\/ies-ribera-del-sio\/wp-json\/wp\/v2\/media?parent=919"}],"curies":[{"name":"wp","href":"https:\/\/api.w.org\/{rel}","templated":true}]}}