{"id":75,"date":"2014-09-18T10:21:02","date_gmt":"2014-09-18T08:21:02","guid":{"rendered":"http:\/\/agora.xtec.cat\/ies-ribera-del-sio\/?page_id=75"},"modified":"2020-05-26T23:29:35","modified_gmt":"2020-05-26T21:29:35","slug":"activitats-extraescolars","status":"publish","type":"page","link":"https:\/\/agora.xtec.cat\/ies-ribera-del-sio\/serveis\/activitats-extraescolars\/","title":{"rendered":"Activitats de centre"},"content":{"rendered":"<p>En aquesta p\u00e0gina podeu trobar el recull d&#8217;activitats de centre (festes, sortides,&#8230;) que s&#8217;han realitzat al llarg d&#8217;un curs acad\u00e8mic.<\/p>\n<p>A continuaci\u00f3 teniu els enlla\u00e7os a les activitats de centre del curs actual i d&#8217;anteriors cursos.<\/p>\n<p><a href=\"https:\/\/agora.xtec.cat\/ies-ribera-del-sio\/categoria\/activitats-curs-2019-2020\/\">Curs 2019\/2020<\/a><\/p>\n<p><a href=\"https:\/\/agora.xtec.cat\/ies-ribera-del-sio\/categoria\/activitats-curs-2018-2019\/\">Curs 2018\/2019<\/a><\/p>\n<p><a href=\"https:\/\/agora.xtec.cat\/ies-ribera-del-sio\/categoria\/activitats-curs-2017-2018\/\">Curs 2017\/2018<\/a><\/p>\n<p><a href=\"https:\/\/agora.xtec.cat\/ies-ribera-del-sio\/categoria\/activitats-curs-2016-2017\/\">Curs 2016\/2017<\/a><\/p>\n<p><a href=\"https:\/\/agora.xtec.cat\/ies-ribera-del-sio\/categoria\/activitats-curs-2015-2016\/\">Curs 2015\/2016<\/a><\/p>\n<p><a href=\"https:\/\/agora.xtec.cat\/ies-ribera-del-sio\/categoria\/activitats-curs-2014-2015\/\">Curs 2014\/2015<\/a><\/p>\n<p><a href=\"https:\/\/agora.xtec.cat\/ies-ribera-del-sio\/categoria\/activitats-curs-2013-2014\/\">Curs 2013\/2014<\/a><\/p>\n<p>&nbsp;<\/p>\n","protected":false},"excerpt":{"rendered":"<p>En aquesta p\u00e0gina podeu trobar el recull d&#8217;activitats de centre (festes, sortides,&#8230;) que s&#8217;han realitzat al llarg d&#8217;un curs acad\u00e8mic. A continuaci\u00f3 teniu els enlla\u00e7os a les activitats de centre del curs actual i d&#8217;anteriors cursos. Curs 2019\/2020 Curs 2018\/2019 Curs 2017\/2018 Curs 2016\/2017 Curs 2015\/2016 Curs 2014\/2015 Curs 2013\/2014 &nbsp;<\/p>\n","protected":false},"author":1,"featured_media":0,"parent":63,"menu_order":10,"comment_status":"closed","ping_status":"closed","template":"page-templates\/side-menu.php","meta":{"site-sidebar-layout":"default","site-content-layout":"","ast-site-content-layout":"","site-content-style":"default","site-sidebar-style":"default","ast-global-header-display":"","ast-banner-title-visibility":"","ast-main-header-display":"","ast-hfb-above-header-display":"","ast-hfb-below-header-display":"","ast-hfb-mobile-header-display":"","site-post-title":"","ast-breadcrumbs-content":"","ast-featured-img":"","footer-sml-layout":"","theme-transparent-header-meta":"","adv-header-id-meta":"","stick-header-meta":"","header-above-stick-meta":"","header-main-stick-meta":"","header-below-stick-meta":"","astra-migrate-meta-layouts":"default","ast-page-background-enabled":"default","ast-page-background-meta":{"desktop":{"background-color":"var(--ast-global-color-4)","background-image":"","background-repeat":"repeat","background-position":"center center","background-size":"auto","background-attachment":"scroll","background-type":"","background-media":"","overlay-type":"","overlay-color":"","overlay-opacity":"","overlay-gradient":""},"tablet":{"background-color":"","background-image":"","background-repeat":"repeat","background-position":"center center","background-size":"auto","background-attachment":"scroll","background-type":"","background-media":"","overlay-type":"","overlay-color":"","overlay-opacity":"","overlay-gradient":""},"mobile":{"background-color":"","background-image":"","background-repeat":"repeat","background-position":"center center","background-size":"auto","background-attachment":"scroll","background-type":"","background-media":"","overlay-type":"","overlay-color":"","overlay-opacity":"","overlay-gradient":""}},"ast-content-background-meta":{"desktop":{"background-color":"var(--ast-global-color-5)","background-image":"","background-repeat":"repeat","background-position":"center center","background-size":"auto","background-attachment":"scroll","background-type":"","background-media":"","overlay-type":"","overlay-color":"","overlay-opacity":"","overlay-gradient":""},"tablet":{"background-color":"var(--ast-global-color-5)","background-image":"","background-repeat":"repeat","background-position":"center center","background-size":"auto","background-attachment":"scroll","background-type":"","background-media":"","overlay-type":"","overlay-color":"","overlay-opacity":"","overlay-gradient":""},"mobile":{"background-color":"var(--ast-global-color-5)","background-image":"","background-repeat":"repeat","background-position":"center center","background-size":"auto","background-attachment":"scroll","background-type":"","background-media":"","overlay-type":"","overlay-color":"","overlay-opacity":"","overlay-gradient":""}},"footnotes":""},"class_list":["post-75","page","type-page","status-publish","hentry"],"post_mailing_queue_ids":[],"_links":{"self":[{"href":"https:\/\/agora.xtec.cat\/ies-ribera-del-sio\/wp-json\/wp\/v2\/pages\/75","targetHints":{"allow":["GET"]}}],"collection":[{"href":"https:\/\/agora.xtec.cat\/ies-ribera-del-sio\/wp-json\/wp\/v2\/pages"}],"about":[{"href":"https:\/\/agora.xtec.cat\/ies-ribera-del-sio\/wp-json\/wp\/v2\/types\/page"}],"author":[{"embeddable":true,"href":"https:\/\/agora.xtec.cat\/ies-ribera-del-sio\/wp-json\/wp\/v2\/users\/1"}],"replies":[{"embeddable":true,"href":"https:\/\/agora.xtec.cat\/ies-ribera-del-sio\/wp-json\/wp\/v2\/comments?post=75"}],"version-history":[{"count":3,"href":"https:\/\/agora.xtec.cat\/ies-ribera-del-sio\/wp-json\/wp\/v2\/pages\/75\/revisions"}],"predecessor-version":[{"id":1655,"href":"https:\/\/agora.xtec.cat\/ies-ribera-del-sio\/wp-json\/wp\/v2\/pages\/75\/revisions\/1655"}],"up":[{"embeddable":true,"href":"https:\/\/agora.xtec.cat\/ies-ribera-del-sio\/wp-json\/wp\/v2\/pages\/63"}],"wp:attachment":[{"href":"https:\/\/agora.xtec.cat\/ies-ribera-del-sio\/wp-json\/wp\/v2\/media?parent=75"}],"curies":[{"name":"wp","href":"https:\/\/api.w.org\/{rel}","templated":true}]}}