{"id":43,"date":"2014-09-17T16:45:07","date_gmt":"2014-09-17T14:45:07","guid":{"rendered":"http:\/\/agora.xtec.cat\/ies-ribera-del-sio\/?page_id=43"},"modified":"2026-04-09T09:21:53","modified_gmt":"2026-04-09T07:21:53","slug":"consell-escolar","status":"publish","type":"page","link":"https:\/\/agora.xtec.cat\/ies-ribera-del-sio\/linstitut\/consell-escolar\/","title":{"rendered":"Consell escolar"},"content":{"rendered":"\n<p>El consell escolar del centre \u00e9s l&#8217;<strong>\u00f2rgan col\u00b7legiat de participaci\u00f3<\/strong> de la comunitat escolar en el govern del centre. En el consell escolar hi ha representats tots els col\u00b7lectius que intervenen en la comunitat educativa: direcci\u00f3, professorat, alumnat, personal d&#8217;administraci\u00f3 i serveis, AFA i representant de l&#8217;Ajuntament.<\/p>\n\n\n\n<p>Fruit de les eleccions celebrades els passats dies 18 de desembre de 2025 (sectors Fam\u00edlies, professorat i PAS) i 19 de desembre de 2025 (sector alumnat), el nou Consell escolar queda constitu\u00eft de la seg\u00fcent manera:<\/p>\n\n\n\n<p><strong>Director:<\/strong> Jordi Pijuan Agudo<\/p>\n\n\n\n<p><strong>Cap d&#8217;estudis:<\/strong> Gemma Badia Fust\u00e9<\/p>\n\n\n\n<p><strong>Secretari:<\/strong> Bernat Sol\u00e9 Barril<\/p>\n\n\n\n<p><strong>Representants del professorat:<\/strong><\/p>\n\n\n\n<ul class=\"wp-block-list\">\n<li>Marga Cano Moroba<\/li>\n\n\n\n<li>Carme Pedrol Valls<\/li>\n\n\n\n<li>Kira Pedr\u00f3s Vall\u00e9s<\/li>\n\n\n\n<li>Judit Plaza Portol\u00e9s<\/li>\n\n\n\n<li>Jaume Rovira Baella<\/li>\n\n\n\n<li>Paquita S\u00e1nchez Teruel<\/li>\n<\/ul>\n\n\n\n<p><strong>Representants de les fam\u00edlies:<\/strong><\/p>\n\n\n\n<ul class=\"wp-block-list\">\n<li>Merc\u00e8 Segura Vall<\/li>\n\n\n\n<li>David Serra Barril<\/li>\n\n\n\n<li>Pere Vidal Bar\u00f3<\/li>\n<\/ul>\n\n\n\n<p><strong>Representants de l&#8217;alumnat:<\/strong><\/p>\n\n\n\n<ul class=\"wp-block-list\">\n<li>Emma Balsells P\u00e9rez<\/li>\n\n\n\n<li>Pol Riera Valentines<\/li>\n\n\n\n<li>Cesc Santacreu Huguet<\/li>\n<\/ul>\n\n\n\n<p><strong>Representant del PAS:<\/strong> N\u00faria Boleda Azor\u00edn<\/p>\n\n\n\n<p><strong>Representant de l&#8217;AFA:<\/strong> M\u00f2nica Ribalta Alcalde<\/p>\n\n\n\n<p><strong>Representant de l&#8217;ajuntament: <\/strong>M\u00f2nica Marquilles Canela<\/p>\n\n\n\n<p class=\"has-text-align-right\">20\/12\/2025<\/p>\n","protected":false},"excerpt":{"rendered":"<p>El consell escolar del centre \u00e9s l&#8217;\u00f2rgan col\u00b7legiat de participaci\u00f3 de la comunitat escolar en el govern del centre. En el consell escolar hi ha representats tots els col\u00b7lectius que intervenen en la comunitat educativa: direcci\u00f3, professorat, alumnat, personal d&#8217;administraci\u00f3 i serveis, AFA i representant de l&#8217;Ajuntament. Fruit de les eleccions celebrades els passats dies [&hellip;]<\/p>\n","protected":false},"author":1,"featured_media":0,"parent":19,"menu_order":60,"comment_status":"closed","ping_status":"closed","template":"","meta":{"site-sidebar-layout":"default","site-content-layout":"","ast-site-content-layout":"default","site-content-style":"default","site-sidebar-style":"default","ast-global-header-display":"","ast-banner-title-visibility":"","ast-main-header-display":"","ast-hfb-above-header-display":"","ast-hfb-below-header-display":"","ast-hfb-mobile-header-display":"","site-post-title":"","ast-breadcrumbs-content":"","ast-featured-img":"","footer-sml-layout":"","theme-transparent-header-meta":"","adv-header-id-meta":"","stick-header-meta":"","header-above-stick-meta":"","header-main-stick-meta":"","header-below-stick-meta":"","astra-migrate-meta-layouts":"set","ast-page-background-enabled":"default","ast-page-background-meta":{"desktop":{"background-color":"var(--ast-global-color-4)","background-image":"","background-repeat":"repeat","background-position":"center center","background-size":"auto","background-attachment":"scroll","background-type":"","background-media":"","overlay-type":"","overlay-color":"","overlay-opacity":"","overlay-gradient":""},"tablet":{"background-color":"","background-image":"","background-repeat":"repeat","background-position":"center center","background-size":"auto","background-attachment":"scroll","background-type":"","background-media":"","overlay-type":"","overlay-color":"","overlay-opacity":"","overlay-gradient":""},"mobile":{"background-color":"","background-image":"","background-repeat":"repeat","background-position":"center center","background-size":"auto","background-attachment":"scroll","background-type":"","background-media":"","overlay-type":"","overlay-color":"","overlay-opacity":"","overlay-gradient":""}},"ast-content-background-meta":{"desktop":{"background-color":"var(--ast-global-color-5)","background-image":"","background-repeat":"repeat","background-position":"center center","background-size":"auto","background-attachment":"scroll","background-type":"","background-media":"","overlay-type":"","overlay-color":"","overlay-opacity":"","overlay-gradient":""},"tablet":{"background-color":"var(--ast-global-color-5)","background-image":"","background-repeat":"repeat","background-position":"center center","background-size":"auto","background-attachment":"scroll","background-type":"","background-media":"","overlay-type":"","overlay-color":"","overlay-opacity":"","overlay-gradient":""},"mobile":{"background-color":"var(--ast-global-color-5)","background-image":"","background-repeat":"repeat","background-position":"center center","background-size":"auto","background-attachment":"scroll","background-type":"","background-media":"","overlay-type":"","overlay-color":"","overlay-opacity":"","overlay-gradient":""}},"footnotes":""},"class_list":["post-43","page","type-page","status-publish","hentry"],"post_mailing_queue_ids":[],"_links":{"self":[{"href":"https:\/\/agora.xtec.cat\/ies-ribera-del-sio\/wp-json\/wp\/v2\/pages\/43","targetHints":{"allow":["GET"]}}],"collection":[{"href":"https:\/\/agora.xtec.cat\/ies-ribera-del-sio\/wp-json\/wp\/v2\/pages"}],"about":[{"href":"https:\/\/agora.xtec.cat\/ies-ribera-del-sio\/wp-json\/wp\/v2\/types\/page"}],"author":[{"embeddable":true,"href":"https:\/\/agora.xtec.cat\/ies-ribera-del-sio\/wp-json\/wp\/v2\/users\/1"}],"replies":[{"embeddable":true,"href":"https:\/\/agora.xtec.cat\/ies-ribera-del-sio\/wp-json\/wp\/v2\/comments?post=43"}],"version-history":[{"count":6,"href":"https:\/\/agora.xtec.cat\/ies-ribera-del-sio\/wp-json\/wp\/v2\/pages\/43\/revisions"}],"predecessor-version":[{"id":4689,"href":"https:\/\/agora.xtec.cat\/ies-ribera-del-sio\/wp-json\/wp\/v2\/pages\/43\/revisions\/4689"}],"up":[{"embeddable":true,"href":"https:\/\/agora.xtec.cat\/ies-ribera-del-sio\/wp-json\/wp\/v2\/pages\/19"}],"wp:attachment":[{"href":"https:\/\/agora.xtec.cat\/ies-ribera-del-sio\/wp-json\/wp\/v2\/media?parent=43"}],"curies":[{"name":"wp","href":"https:\/\/api.w.org\/{rel}","templated":true}]}}