{"id":39,"date":"2014-09-17T16:36:44","date_gmt":"2014-09-17T14:36:44","guid":{"rendered":"http:\/\/agora.xtec.cat\/ies-ribera-del-sio\/?page_id=39"},"modified":"2026-04-09T09:13:32","modified_gmt":"2026-04-09T07:13:32","slug":"instal%c2%b7lacions","status":"publish","type":"page","link":"https:\/\/agora.xtec.cat\/ies-ribera-del-sio\/linstitut\/instal%c2%b7lacions\/","title":{"rendered":"Instal\u00b7lacions"},"content":{"rendered":"\r\n\t<div class=\"slideshow_container slideshow_container_style-light\" style=\"height: 200px; \" data-slideshow-id=\"31\" data-style-name=\"style-light\" data-style-version=\"2.3.1\" >\r\n\r\n\t\t\t\t\t<div class=\"slideshow_loading_icon\"><\/div>\r\n\t\t\r\n\t\t<div class=\"slideshow_content\" style=\"display: none;\">\r\n\r\n\t\t\t<div class=\"slideshow_view\">\r\n\t\t\t\t<div class=\"slideshow_slide slideshow_slide_image\">\r\n\t\t\t\t\t\t\t\t\t\t\t<img src=\"https:\/\/agora.xtec.cat\/ies-ribera-del-sio\/wp-content\/uploads\/usu1273\/2018\/10\/edifici.jpg\" alt=\"Edifici\" width=\"1024\" height=\"768\" \/>\r\n\t\t\t\t\t\t\t\t\t\t<div class=\"slideshow_description_box slideshow_transparent\">\r\n\t\t\t\t\t\t<div class=\"slideshow_title\">Edifici<\/div>\t\t\t\t\t\t\t\t\t\t\t<\/div>\r\n\t\t\t\t<\/div>\r\n\r\n\t\t\t\t\t\t<div style=\"clear: both;\"><\/div><\/div><div class=\"slideshow_view\">\r\n\t\t\t\t<div class=\"slideshow_slide slideshow_slide_image\">\r\n\t\t\t\t\t\t\t\t\t\t\t<img src=\"https:\/\/agora.xtec.cat\/ies-ribera-del-sio\/wp-content\/uploads\/usu1273\/2018\/10\/gimnas.jpg\" alt=\"Gimn\u00e0s\" width=\"1024\" height=\"682\" \/>\r\n\t\t\t\t\t\t\t\t\t\t<div class=\"slideshow_description_box slideshow_transparent\">\r\n\t\t\t\t\t\t<div class=\"slideshow_title\">Gimn\u00e0s<\/div>\t\t\t\t\t\t\t\t\t\t\t<\/div>\r\n\t\t\t\t<\/div>\r\n\r\n\t\t\t\t\t\t<div style=\"clear: both;\"><\/div><\/div><div class=\"slideshow_view\">\r\n\t\t\t\t<div class=\"slideshow_slide slideshow_slide_image\">\r\n\t\t\t\t\t\t\t\t\t\t\t<img src=\"https:\/\/agora.xtec.cat\/ies-ribera-del-sio\/wp-content\/uploads\/usu1273\/2018\/10\/edifici_pas.jpg\" alt=\"Entrada\" width=\"1024\" height=\"768\" \/>\r\n\t\t\t\t\t\t\t\t\t\t<div class=\"slideshow_description_box slideshow_transparent\">\r\n\t\t\t\t\t\t<div class=\"slideshow_title\">Entrada<\/div>\t\t\t\t\t\t\t\t\t\t\t<\/div>\r\n\t\t\t\t<\/div>\r\n\r\n\t\t\t\t\t\t<div style=\"clear: both;\"><\/div><\/div><div class=\"slideshow_view\">\r\n\t\t\t\t<div class=\"slideshow_slide slideshow_slide_image\">\r\n\t\t\t\t\t\t\t\t\t\t\t<img src=\"https:\/\/agora.xtec.cat\/ies-ribera-del-sio\/wp-content\/uploads\/usu1273\/2018\/10\/pati.jpg\" alt=\"Pati\" width=\"1024\" height=\"768\" \/>\r\n\t\t\t\t\t\t\t\t\t\t<div class=\"slideshow_description_box slideshow_transparent\">\r\n\t\t\t\t\t\t<div class=\"slideshow_title\">Pati<\/div>\t\t\t\t\t\t\t\t\t\t\t<\/div>\r\n\t\t\t\t<\/div>\r\n\r\n\t\t\t\t\t\t<div style=\"clear: both;\"><\/div><\/div>\r\n\t\t<\/div>\r\n\r\n\t\t<div class=\"slideshow_controlPanel slideshow_transparent\" style=\"display: none;\"><ul><li class=\"slideshow_togglePlay\" data-play-text=\"Visualitza\" data-pause-text=\"Pausa\"><\/li><\/ul><\/div>\r\n\r\n\t\t<div class=\"slideshow_button slideshow_previous slideshow_transparent\" role=\"button\" data-previous-text=\"Anterior\" style=\"display: none;\"><\/div>\r\n\t\t<div class=\"slideshow_button slideshow_next slideshow_transparent\" role=\"button\" data-next-text=\"Seg\u00fcent\" style=\"display: none;\"><\/div>\r\n\r\n\t\t<div class=\"slideshow_pagination\" style=\"display: none;\" data-go-to-text=\"V\u00e9s a la diapositiva\"><div class=\"slideshow_pagination_center\"><\/div><\/div>\r\n\r\n\t\t<!-- WordPress Slideshow Version 2.3.1 -->\r\n\r\n\t\t\t<\/div>\r\n\r\n\n<p>El centre consta de tres edificis: l&#8217;edifici principal de dues plantes, el gimn\u00e0s i un edifici exterior amb dues aules.<\/p>\n<ul>\n<li>Aula taller<\/li>\n<li>Aula de Tecnologia<\/li>\n<li>Aula de Visual i Pl\u00e0stica<\/li>\n<li>Gimn\u00e0s cobert<\/li>\n<li>Laboratori de Ci\u00e8ncies Naturals<\/li>\n<li>Laboratori de F\u00edsica i Qu\u00edmica<\/li>\n<li>Pista poliesportiva exterior<\/li>\n<li>Sala de professors<\/li>\n<li>Departaments i Seminaris<\/li>\n<li>Sala d\u2019actes<\/li>\n<li>Sala Polivalent<\/li>\n<li>Obradors<\/li>\n<li>Aula polivalent<\/li>\n<\/ul>\n<p>El centre disposa de connexi\u00f3 a Internet amb fibra \u00f2ptica i la wifi \u00e9s accessible a totes les instal\u00b7lacions de l\u2019institut.<\/p>\n<p>Totes les aules disposen de pissarra digital o can\u00f3 de projecci\u00f3<\/p>\n<p><img loading=\"lazy\" decoding=\"async\" class=\"aligncenter size-full wp-image-4390\" src=\"https:\/\/agora.xtec.cat\/ies-ribera-del-sio\/wp-content\/uploads\/usu1273\/2025\/09\/planta-baixa-25_26.jpg\" alt=\"\" width=\"555\" height=\"426\" srcset=\"https:\/\/agora.xtec.cat\/ies-ribera-del-sio\/wp-content\/uploads\/usu1273\/2025\/09\/planta-baixa-25_26.jpg 555w, https:\/\/agora.xtec.cat\/ies-ribera-del-sio\/wp-content\/uploads\/usu1273\/2025\/09\/planta-baixa-25_26-300x230.jpg 300w\" sizes=\"auto, (max-width: 555px) 100vw, 555px\" \/><\/p>\n<p><img loading=\"lazy\" decoding=\"async\" class=\"aligncenter size-full wp-image-4391\" src=\"https:\/\/agora.xtec.cat\/ies-ribera-del-sio\/wp-content\/uploads\/usu1273\/2025\/09\/1a-i-2n-planta-25_26.jpg\" alt=\"\" width=\"582\" height=\"530\" srcset=\"https:\/\/agora.xtec.cat\/ies-ribera-del-sio\/wp-content\/uploads\/usu1273\/2025\/09\/1a-i-2n-planta-25_26.jpg 582w, https:\/\/agora.xtec.cat\/ies-ribera-del-sio\/wp-content\/uploads\/usu1273\/2025\/09\/1a-i-2n-planta-25_26-300x273.jpg 300w\" sizes=\"auto, (max-width: 582px) 100vw, 582px\" \/><\/p>\n","protected":false},"excerpt":{"rendered":"<p>El centre consta de tres edificis: l&#8217;edifici principal de dues plantes, el gimn\u00e0s i un edifici exterior amb dues aules. Aula taller Aula de Tecnologia Aula de Visual i Pl\u00e0stica Gimn\u00e0s cobert Laboratori de Ci\u00e8ncies Naturals Laboratori de F\u00edsica i Qu\u00edmica Pista poliesportiva exterior Sala de professors Departaments i Seminaris Sala d\u2019actes Sala Polivalent Obradors [&hellip;]<\/p>\n","protected":false},"author":1,"featured_media":0,"parent":19,"menu_order":70,"comment_status":"closed","ping_status":"closed","template":"","meta":{"site-sidebar-layout":"default","site-content-layout":"","ast-site-content-layout":"default","site-content-style":"default","site-sidebar-style":"default","ast-global-header-display":"","ast-banner-title-visibility":"","ast-main-header-display":"","ast-hfb-above-header-display":"","ast-hfb-below-header-display":"","ast-hfb-mobile-header-display":"","site-post-title":"","ast-breadcrumbs-content":"","ast-featured-img":"","footer-sml-layout":"","theme-transparent-header-meta":"","adv-header-id-meta":"","stick-header-meta":"","header-above-stick-meta":"","header-main-stick-meta":"","header-below-stick-meta":"","astra-migrate-meta-layouts":"set","ast-page-background-enabled":"default","ast-page-background-meta":{"desktop":{"background-color":"var(--ast-global-color-4)","background-image":"","background-repeat":"repeat","background-position":"center center","background-size":"auto","background-attachment":"scroll","background-type":"","background-media":"","overlay-type":"","overlay-color":"","overlay-opacity":"","overlay-gradient":""},"tablet":{"background-color":"","background-image":"","background-repeat":"repeat","background-position":"center center","background-size":"auto","background-attachment":"scroll","background-type":"","background-media":"","overlay-type":"","overlay-color":"","overlay-opacity":"","overlay-gradient":""},"mobile":{"background-color":"","background-image":"","background-repeat":"repeat","background-position":"center center","background-size":"auto","background-attachment":"scroll","background-type":"","background-media":"","overlay-type":"","overlay-color":"","overlay-opacity":"","overlay-gradient":""}},"ast-content-background-meta":{"desktop":{"background-color":"var(--ast-global-color-5)","background-image":"","background-repeat":"repeat","background-position":"center center","background-size":"auto","background-attachment":"scroll","background-type":"","background-media":"","overlay-type":"","overlay-color":"","overlay-opacity":"","overlay-gradient":""},"tablet":{"background-color":"var(--ast-global-color-5)","background-image":"","background-repeat":"repeat","background-position":"center center","background-size":"auto","background-attachment":"scroll","background-type":"","background-media":"","overlay-type":"","overlay-color":"","overlay-opacity":"","overlay-gradient":""},"mobile":{"background-color":"var(--ast-global-color-5)","background-image":"","background-repeat":"repeat","background-position":"center center","background-size":"auto","background-attachment":"scroll","background-type":"","background-media":"","overlay-type":"","overlay-color":"","overlay-opacity":"","overlay-gradient":""}},"footnotes":""},"class_list":["post-39","page","type-page","status-publish","hentry"],"post_mailing_queue_ids":[],"_links":{"self":[{"href":"https:\/\/agora.xtec.cat\/ies-ribera-del-sio\/wp-json\/wp\/v2\/pages\/39","targetHints":{"allow":["GET"]}}],"collection":[{"href":"https:\/\/agora.xtec.cat\/ies-ribera-del-sio\/wp-json\/wp\/v2\/pages"}],"about":[{"href":"https:\/\/agora.xtec.cat\/ies-ribera-del-sio\/wp-json\/wp\/v2\/types\/page"}],"author":[{"embeddable":true,"href":"https:\/\/agora.xtec.cat\/ies-ribera-del-sio\/wp-json\/wp\/v2\/users\/1"}],"replies":[{"embeddable":true,"href":"https:\/\/agora.xtec.cat\/ies-ribera-del-sio\/wp-json\/wp\/v2\/comments?post=39"}],"version-history":[{"count":6,"href":"https:\/\/agora.xtec.cat\/ies-ribera-del-sio\/wp-json\/wp\/v2\/pages\/39\/revisions"}],"predecessor-version":[{"id":4686,"href":"https:\/\/agora.xtec.cat\/ies-ribera-del-sio\/wp-json\/wp\/v2\/pages\/39\/revisions\/4686"}],"up":[{"embeddable":true,"href":"https:\/\/agora.xtec.cat\/ies-ribera-del-sio\/wp-json\/wp\/v2\/pages\/19"}],"wp:attachment":[{"href":"https:\/\/agora.xtec.cat\/ies-ribera-del-sio\/wp-json\/wp\/v2\/media?parent=39"}],"curies":[{"name":"wp","href":"https:\/\/api.w.org\/{rel}","templated":true}]}}