{"id":3411,"date":"2022-11-23T00:47:52","date_gmt":"2022-11-22T23:47:52","guid":{"rendered":"https:\/\/agora.xtec.cat\/ies-ribera-del-sio\/?page_id=3411"},"modified":"2024-06-20T12:50:03","modified_gmt":"2024-06-20T10:50:03","slug":"estrategia-digital-de-centre-edc","status":"publish","type":"page","link":"https:\/\/agora.xtec.cat\/ies-ribera-del-sio\/linstitut\/estrategia-digital-de-centre-edc\/","title":{"rendered":"Estrat\u00e8gia Digital de Centre (EDC)"},"content":{"rendered":"<p class=\"CDt4Ke zfr3Q\" dir=\"ltr\">El nostre institut ja fa gaireb\u00e9 3 anys que est\u00e0 apostant per un treball d&#8217;<strong>integraci\u00f3 de les eines digitals<\/strong>\u00a0en els processos d&#8217;ensenyan\u00e7a &#8211; aprenentatge fent-ne un\u00a0<strong>\u00fas transversal a totes les mat\u00e8ries<\/strong>, deixant enrere el model d&#8217;aula d&#8217;inform\u00e0tica com a espai tancat, volem aconseguir que els recursos digitals siguin presents a les aules.<\/p>\n<p class=\"CDt4Ke zfr3Q\" dir=\"ltr\">Estem en un m\u00f3n global on la tecnologia impulsa la innovaci\u00f3 i dins les nostres aules hem comen\u00e7at a integrar\u00a0<strong>metodologies digitalment actives<\/strong>\u00a0(l&#8217;\u00fas d&#8217;entorns virtuals d&#8217;aprenentatge) per a preparar ciutadans cr\u00edtics i digitalment competents.<\/p>\n<p class=\"CDt4Ke zfr3Q\" dir=\"ltr\">Aquest pla parteix del Pla d&#8217;educaci\u00f3 digital de Catalunya i ha d&#8217;esdevenir una eina \u00e0gil, \u00fatil i flexible. Per tant, l&#8217;EDC concreta les l\u00ednies d&#8217;actuaci\u00f3 del nostre intitut per tal que\u00a0<strong>els docents i l&#8217;alumnat assoleixin la compet\u00e8ncia digital\u00a0<\/strong>i puguem\u00a0<strong>aconseguir ser un centre digitalment competent<\/strong>.<\/p>\n<p class=\"CDt4Ke zfr3Q\" dir=\"ltr\">Per aconseguir aquesta compet\u00e8ncia ens cal una\u00a0<strong>FORMACI\u00d3 cont\u00ednua del professorat<\/strong>, des d&#8217;una perspectiva de canvi, de\u00a0<strong>millora continua<\/strong>\u00a0que arribi a tots els \u00e0mbits del centre: organitzatiu, metodol\u00f2gic, curricular&#8230;<\/p>\n<p dir=\"ltr\" style=\"text-align: center;\"><a href=\"https:\/\/sites.google.com\/xtec.cat\/edc-ins-riberadelsio\/presentaci%C3%B3\" target=\"_blank\" rel=\"noopener\">Enlla\u00e7 a la web de l&#8217;Estrat\u00e8gia Digital de Centre<\/a><\/p>\n","protected":false},"excerpt":{"rendered":"<p>El nostre institut ja fa gaireb\u00e9 3 anys que est\u00e0 apostant per un treball d&#8217;integraci\u00f3 de les eines digitals\u00a0en els processos d&#8217;ensenyan\u00e7a &#8211; aprenentatge fent-ne un\u00a0\u00fas transversal a totes les mat\u00e8ries, deixant enrere el model d&#8217;aula d&#8217;inform\u00e0tica com a espai tancat, volem aconseguir que els recursos digitals siguin presents a les aules. Estem en un [&hellip;]<\/p>\n","protected":false},"author":1,"featured_media":0,"parent":19,"menu_order":50,"comment_status":"closed","ping_status":"closed","template":"page-templates\/side-menu.php","meta":{"site-sidebar-layout":"default","site-content-layout":"","ast-site-content-layout":"","site-content-style":"default","site-sidebar-style":"default","ast-global-header-display":"","ast-banner-title-visibility":"","ast-main-header-display":"","ast-hfb-above-header-display":"","ast-hfb-below-header-display":"","ast-hfb-mobile-header-display":"","site-post-title":"","ast-breadcrumbs-content":"","ast-featured-img":"","footer-sml-layout":"","theme-transparent-header-meta":"","adv-header-id-meta":"","stick-header-meta":"","header-above-stick-meta":"","header-main-stick-meta":"","header-below-stick-meta":"","astra-migrate-meta-layouts":"default","ast-page-background-enabled":"default","ast-page-background-meta":{"desktop":{"background-color":"var(--ast-global-color-4)","background-image":"","background-repeat":"repeat","background-position":"center center","background-size":"auto","background-attachment":"scroll","background-type":"","background-media":"","overlay-type":"","overlay-color":"","overlay-opacity":"","overlay-gradient":""},"tablet":{"background-color":"","background-image":"","background-repeat":"repeat","background-position":"center center","background-size":"auto","background-attachment":"scroll","background-type":"","background-media":"","overlay-type":"","overlay-color":"","overlay-opacity":"","overlay-gradient":""},"mobile":{"background-color":"","background-image":"","background-repeat":"repeat","background-position":"center center","background-size":"auto","background-attachment":"scroll","background-type":"","background-media":"","overlay-type":"","overlay-color":"","overlay-opacity":"","overlay-gradient":""}},"ast-content-background-meta":{"desktop":{"background-color":"var(--ast-global-color-5)","background-image":"","background-repeat":"repeat","background-position":"center center","background-size":"auto","background-attachment":"scroll","background-type":"","background-media":"","overlay-type":"","overlay-color":"","overlay-opacity":"","overlay-gradient":""},"tablet":{"background-color":"var(--ast-global-color-5)","background-image":"","background-repeat":"repeat","background-position":"center center","background-size":"auto","background-attachment":"scroll","background-type":"","background-media":"","overlay-type":"","overlay-color":"","overlay-opacity":"","overlay-gradient":""},"mobile":{"background-color":"var(--ast-global-color-5)","background-image":"","background-repeat":"repeat","background-position":"center center","background-size":"auto","background-attachment":"scroll","background-type":"","background-media":"","overlay-type":"","overlay-color":"","overlay-opacity":"","overlay-gradient":""}},"footnotes":""},"class_list":["post-3411","page","type-page","status-publish","hentry"],"post_mailing_queue_ids":[],"_links":{"self":[{"href":"https:\/\/agora.xtec.cat\/ies-ribera-del-sio\/wp-json\/wp\/v2\/pages\/3411","targetHints":{"allow":["GET"]}}],"collection":[{"href":"https:\/\/agora.xtec.cat\/ies-ribera-del-sio\/wp-json\/wp\/v2\/pages"}],"about":[{"href":"https:\/\/agora.xtec.cat\/ies-ribera-del-sio\/wp-json\/wp\/v2\/types\/page"}],"author":[{"embeddable":true,"href":"https:\/\/agora.xtec.cat\/ies-ribera-del-sio\/wp-json\/wp\/v2\/users\/1"}],"replies":[{"embeddable":true,"href":"https:\/\/agora.xtec.cat\/ies-ribera-del-sio\/wp-json\/wp\/v2\/comments?post=3411"}],"version-history":[{"count":1,"href":"https:\/\/agora.xtec.cat\/ies-ribera-del-sio\/wp-json\/wp\/v2\/pages\/3411\/revisions"}],"predecessor-version":[{"id":3412,"href":"https:\/\/agora.xtec.cat\/ies-ribera-del-sio\/wp-json\/wp\/v2\/pages\/3411\/revisions\/3412"}],"up":[{"embeddable":true,"href":"https:\/\/agora.xtec.cat\/ies-ribera-del-sio\/wp-json\/wp\/v2\/pages\/19"}],"wp:attachment":[{"href":"https:\/\/agora.xtec.cat\/ies-ribera-del-sio\/wp-json\/wp\/v2\/media?parent=3411"}],"curies":[{"name":"wp","href":"https:\/\/api.w.org\/{rel}","templated":true}]}}