{"id":27,"date":"2014-09-17T16:24:03","date_gmt":"2014-09-17T16:24:03","guid":{"rendered":"http:\/\/agora.xtec.cat\/ies-ribera-del-sio\/?page_id=27"},"modified":"2025-03-21T10:44:29","modified_gmt":"2025-03-21T09:44:29","slug":"historia","status":"publish","type":"page","link":"https:\/\/agora.xtec.cat\/ies-ribera-del-sio\/linstitut\/historia\/","title":{"rendered":"Hist\u00f2ria"},"content":{"rendered":"<p align=\"center\"><span style=\"font-family: 'Arial',sans-serif; color: black;\">Retalls de la hist\u00f2ria de l&#8217;Institut d&#8217;Agramunt<\/span><\/p>\n<p style=\"text-align: justify;\"><b><span style=\"font-family: 'Arial',sans-serif; color: black;\">A)<\/span><\/b><span style=\"font-family: 'Arial',sans-serif; color: black;\"> <b>De la construcci\u00f3 i posada en funcionament.<\/b><\/span><\/p>\n<p style=\"text-align: justify;\"><span style=\"font-family: 'Arial',sans-serif; color: black;\">La construcci\u00f3 i posada en funcionament de l&#8217;Institut d&#8217;Ensenyament Secundari \u00e9s uns dels fets que m\u00e9s han fet canviar la vida d&#8217;Agramunt a l&#8217;\u00faltim ter\u00e7 del segle XX.<\/span><\/p>\n<p style=\"text-align: justify;\"><span style=\"font-family: 'Arial',sans-serif; color: black;\">Les primeres gestions oficials per a la concessi\u00f3 d&#8217;un institut daten dels anys 1967-68 quan l&#8217;aleshores alcalde, Manuel Maz\u00f3n, ja va aconseguir que el Ministerio de Educaci\u00f3n y Ciencia prevei\u00e9s la construcci\u00f3 a Agramunt d&#8217;un Instituto T\u00e9cnico Superior, dins del que anomenaven el Segundo Plan de Desarrollo. Els terrenys per a la seva construcci\u00f3 es van comprar a la partida de la Capella (12.000 m2), amb els diners aportats en pr\u00e9stec (1.700.000 pessetes), per trenta-quatre ve\u00efns de la poblaci\u00f3. <\/span><\/p>\n<p style=\"text-align: justify;\"><span style=\"font-family: 'Arial',sans-serif; color: black;\">En aquells moments (1969) s&#8217;estava posant en marxa la Reforma de l&#8217;Ensenyament de Villar Palas\u00ed, la qual cosa posava traves moment\u00e0nies a les gestions, ja que es preveia passar dels antics Batxillerats Mitja i Superior a la nova EGB i BUP. De tota manera el 22 de juny de 1970 el BOE n\u00fam. 148 publica oficialment la concessi\u00f3 a Agramunt del desitjat institut de secund\u00e0ria, quan feia prop d&#8217;un any del nomenament com a nou alcalde de Josep M. Ingl\u00e9s, el qual far\u00e0 possible la construcci\u00f3 i obertura del centre. <\/span><\/p>\n<p style=\"text-align: justify;\"><span style=\"font-family: 'Arial',sans-serif; color: black;\">Les obres de construcci\u00f3 es van iniciar el novembre de 1970 i es van allargar durant tot l&#8217;any 1971. Per la Setmana Santa de 1972 l&#8217;Ajuntament ja va organitzar una jornada de portes obertes on la gent va poder veure l&#8217;obra civil acabada (feines de paleta, pintura, instal\u00b7laci\u00f3 el\u00e8ctrica i calefacci\u00f3). Quedava pendent el mobiliari. Tothom creia que aquell mateix octubre comen\u00e7arien les classes. Per\u00f2 no fou possible. Insalvables tr\u00e0mits burocr\u00e0tics i problemes amb el nombre d&#8217;alumnes deguts a l&#8217;aplicaci\u00f3 de la Reforma Educativa no varen permetre obrir el nou centre el curs 1972-73, quedant-se, de moment, en &#8220;una hermosa jaula sin p\u00e1jaros&#8221;, segons les paraules del mateix Delegat d&#8217;Ensenyament a Lleida, Octavi Mestre.<\/span><\/p>\n<p style=\"text-align: justify;\"><span style=\"font-family: 'Arial',sans-serif; color: black;\"><b>B) L&#8217;Institut d&#8217;Agramunt secci\u00f3 delegada de l&#8217;Institut T\u00e0rrega-Bellpuig.<\/b><\/span><\/p>\n<p style=\"text-align: justify;\"><span style=\"font-family: 'Arial',sans-serif; color: black;\">L&#8217;octubre de 1973, despr\u00e9s d&#8217;innombrables impediments, s&#8217;iniciaven les classes al centre d&#8217;Agramunt com a secci\u00f3 delegada de l&#8217;Instituto Mixto T\u00e1rrega-Bellpuig. Aquest any nom\u00e9s hi havia una quarantena d&#8217;alumnes matriculats que estudiaven el 4t. i 5\u00e8 de l&#8217;antic Batxillerat. Tres professors tenien l&#8217;horari sencer al centre, mentre que sis m\u00e9s l&#8217;havien de completar entre T\u00e0rrega i Bellpuig.<\/span><\/p>\n<p style=\"text-align: justify;\"><span style=\"font-family: 'Arial',sans-serif; color: black;\">Aquest primer curs, i durant nou anys, es van compartir les instal\u00b7lacions del centre amb els alumnes i professors de la Segona Etapa de l&#8217;EGB del Col\u00b7legi P\u00fablic d&#8217;Agramunt, que reunia tots els alumnes de 6\u00e8, 7\u00e8 i 8\u00e8 dels pobles de la Ribera del Si\u00f3, des de les Pallargues fins a Montgai, en la concentraci\u00f3 escolar conseq\u00fc\u00e8ncia de la reforma de l&#8217;antic ensenyament primari i secundari.<br \/>\nDurant els cinc primers cursos l&#8217;Institut d&#8217;Agramunt depenia org\u00e0nicament, en l&#8217;aspecte pedag\u00f2gic i el professorat, de l&#8217;Institut de T\u00e0rrega-Bellpuig. L&#8217;aspecte econ\u00f2mic i de manteniment l&#8217;assumia l&#8217;Ajuntament d&#8217;Agramunt. Aquesta doble depend\u00e8ncia va crear nombrosos problemes de funcionament, especialment en l&#8217;aspecte organitzatiu i pressupostari.<\/span><\/p>\n<p style=\"text-align: justify;\"><span style=\"font-family: 'Arial',sans-serif; color: black;\">El curs 1975-76 la plantilla ja la formaven 12 professors i la matr\u00edcula era de 150 alumnes que cursaven 1r. de BUP, 6\u00e8 de Batxillerat i COU. Aquest any s&#8217;introdueix el catal\u00e0 com assignatura experimental. Cal tamb\u00e9 destacar que, a part dels alumnes d&#8217;Agramunt i el pobles de la Ribera, el 19 % eren ja de la zona d&#8217;Artesa de Segre i el 2,6 % de Ponts.<\/span><\/p>\n<p style=\"text-align: justify;\"><span style=\"font-family: 'Arial',sans-serif; color: black;\">El curs 1977-78 s&#8217;imparteix tota la secund\u00e0ria completa: 1r, 2n i 3r de BUP i el COU, amb una plantilla de 13 professors. Aquest any comen\u00e7a a funcionar el transport escolar que permet als alumnes d&#8217;Agramunt, Artesa de Segre i Ponts cursar el batxillerat al centre d&#8217;Agramunt i la Formaci\u00f3 Professional al nou centre d&#8217;Artesa.<\/span><\/p>\n<p style=\"text-align: justify;\"><span style=\"font-family: 'Arial',sans-serif; color: black;\"><b>C) Agramunt institut independent: IB &#8220;Ribera del Si\u00f3&#8221;<\/b><\/span><\/p>\n<p style=\"text-align: justify;\"><span style=\"font-family: 'Arial',sans-serif; color: black;\">El curs 1978-79 l&#8217;Institut d&#8217;Agramunt es deslliga del de T\u00e0rrega adoptant el nom oficial d&#8217;Instituto Nacional de Bachillerato de Agramunt. No sense dificultats, es comen\u00e7a a organitzar el centre independent. El Claustre el formaven 17 professors i la matr\u00edcula era de 264 alumnes. Aquell any comen\u00e7a a impartir-se l&#8217;assignatura de catal\u00e0 i la major part de les classes es fan en llengua catalana. Aquest any \u00e9s nomenada la primera auxiliar administrativa del centre. Aquests primers anys de l&#8217;institut coincideixen amb la democratitzaci\u00f3 de la vida del pa\u00eds i es viu una efervesc\u00e8ncia de canvi i il\u00b7lusi\u00f3 en una societat que tamb\u00e9 est\u00e0 canviant i en la que encara tot era possible. Al febrer de 1979 es va constituir l&#8217;Associaci\u00f3 de Pares d&#8217;Alumnes (APA). <\/span><\/p>\n<p style=\"text-align: justify;\"><span style=\"font-family: 'Arial',sans-serif; color: black;\">El curs 1980-81 es comencen a redactar les actes del Claustre en llengua catalana. Aquest any deixen de baixar a Agramunt els alumnes de BUP de Ponts ja que a la seva vila s&#8217;ha obert un centre de secund\u00e0ria municipal. <\/span><\/p>\n<p style=\"text-align: justify;\"><span style=\"font-family: 'Arial',sans-serif; color: black;\">El curs 1981-82 es trasllada la Biblioteca al seu empla\u00e7ament actual i comen\u00e7a a haver-hi restriccions que prohibeixen de fumar a molts indrets del centre. Al desembre de 1980 apareix el n\u00fam. 1 de la revista escolar AIGUABARREIG. <\/span><\/p>\n<p style=\"text-align: justify;\"><span style=\"font-family: 'Arial',sans-serif; color: black;\">El curs 1982-82 abandonen les depend\u00e8ncies de l&#8217;Institut els alumnes de la Segona Etapa de l&#8217;EGB i comen\u00e7a a funcionar el servei de Bar i Menjador Escolar. Aquell any el centre comen\u00e7a a denominar-se oficialment Institut de Batxillerat (IB) &#8220;Ribera del Si\u00f3&#8221;. Per primera vegada es comen\u00e7a a celebrar la Setmana d&#8217;Esqu\u00ed. <\/span><\/p>\n<p style=\"text-align: justify;\"><span style=\"font-family: 'Arial',sans-serif; color: black;\">El curs 1985-86 es crea el Consell Escolar com a m\u00e0xim \u00f2rgan rector. Tamb\u00e9 aquell any alumnes del centre guanyen per primer cop un premi CIRIT. El curs 1992-93 es comencen a impartir les classes d&#8217;Educaci\u00f3 Sexual. El curs 1993-94, que es compleixen vint anys de la posada en funcionament de l&#8217;institut i apareix la revista INSTINOT\u00cdCIES com butllet\u00ed informatiu del centre. <\/span><\/p>\n<p style=\"text-align: justify;\"><span style=\"font-family: 'Arial',sans-serif; color: black;\">El curs 1994-95 es celebra per primera vegada la festa de comiat dels alumnes de COU amb el lliurament d&#8217;una &#8220;orla&#8221; de record.<\/span><\/p>\n<p style=\"text-align: justify;\"><b><span style=\"font-family: 'Arial',sans-serif; color: black;\">D) Comen\u00e7a l&#8217;Ensenyament Secundari Obligatori (ESO).<\/span><\/b><\/p>\n<p style=\"text-align: justify;\"><span style=\"font-family: 'Arial',sans-serif; color: black;\">El curs 1995-96, i despr\u00e9s d&#8217;innombrables reciclatges tant del professorat com de la directiva, es comen\u00e7a a impartir al centre el 3r. Curs d&#8217;ESO en comptes del 1r. de BUP, tot aplicant la nova Llei de Reforma Educativa. \u00c9s el comen\u00e7ament de tot un seguit de canvis en els que encara estem immersos. <\/span><\/p>\n<p style=\"text-align: justify;\"><span style=\"font-family: 'Arial',sans-serif; color: black;\">El curs 1996-97 es comen\u00e7a a impartir el 1r. Curs de l&#8217;ESO i arriben al centre els primers professors de Prim\u00e0ria. Aquest any el centre passa a denominar-se oficialment Institut d&#8217;Ensenyament Secundari (IES) &#8220;Ribera del Si\u00f3&#8221;. <\/span><\/p>\n<p style=\"text-align: justify;\"><span style=\"font-family: 'Arial',sans-serif; color: black;\">El curs 1997-98 ja funcionen els quatre cursos de l&#8217;ESO i es comen\u00e7a a impartir el primer curs del nou Batxillerat. Aquest any s&#8217;extingeix, amb els alumnes de COU, l&#8217;antic pla d&#8217;ensenyament. Aquest curs s&#8217;aproven el Projecte Educatiu de Centre i el Projecte Ling\u00fc\u00edstic.<\/span><\/p>\n<p style=\"text-align: justify;\"><span style=\"font-family: 'Arial',sans-serif; color: black;\">El curs 1998-99 ja s&#8217;imparteixen els dos cicles de l&#8217;ESO i el 1r i 2n de Batxillerat. Els alumnes d&#8217;Artesa de Segre i els pobles de la rodalia, que des dels primers anys de funcionament de l&#8217;institut havien baixat a Agramunt, es queden al centre de secund\u00e0ria de la seva localitat. Tants anys de conviv\u00e8ncia, de compartir experi\u00e8ncies i de treball conjunt produeixen nost\u00e0lgia i un record inesborrable. <\/span><\/p>\n<p style=\"text-align: justify;\"><span style=\"font-family: 'Arial',sans-serif; color: black;\">Fa 25 anys que va comen\u00e7ar a funcionar l&#8217;institut d&#8217;Agramunt i es duen a terme diversos actes commemoratius, essent els m\u00e9s importants la festa que es va celebrar el diumenge 23 de maig i la publicaci\u00f3 d&#8217;un llibre on es fa mem\u00f2ria d&#8217;aquest primer quart de segle.<\/span><\/p>\n<p style=\"text-align: justify;\"><i><span style=\"font-family: 'Arial',sans-serif; color: #cc3300;\">Resum del llibre editat en commemoraci\u00f3 del 25\u00e8 aniversari de l&#8217;Institut Ribera del Si\u00f3 d&#8217;Agramunt. <\/span><\/i><\/p>\n","protected":false},"excerpt":{"rendered":"<p>Retalls de la hist\u00f2ria de l&#8217;Institut d&#8217;Agramunt A) De la construcci\u00f3 i posada en funcionament. La construcci\u00f3 i posada en funcionament de l&#8217;Institut d&#8217;Ensenyament Secundari \u00e9s uns dels fets que m\u00e9s han fet canviar la vida d&#8217;Agramunt a l&#8217;\u00faltim ter\u00e7 del segle XX. Les primeres gestions oficials per a la concessi\u00f3 d&#8217;un institut daten dels [&hellip;]<\/p>\n","protected":false},"author":1,"featured_media":0,"parent":19,"menu_order":20,"comment_status":"closed","ping_status":"closed","template":"page-templates\/side-menu.php","meta":{"site-sidebar-layout":"default","site-content-layout":"","ast-site-content-layout":"","site-content-style":"default","site-sidebar-style":"default","ast-global-header-display":"","ast-banner-title-visibility":"","ast-main-header-display":"","ast-hfb-above-header-display":"","ast-hfb-below-header-display":"","ast-hfb-mobile-header-display":"","site-post-title":"","ast-breadcrumbs-content":"","ast-featured-img":"","footer-sml-layout":"","theme-transparent-header-meta":"","adv-header-id-meta":"","stick-header-meta":"","header-above-stick-meta":"","header-main-stick-meta":"","header-below-stick-meta":"","astra-migrate-meta-layouts":"default","ast-page-background-enabled":"default","ast-page-background-meta":{"desktop":{"background-color":"var(--ast-global-color-4)","background-image":"","background-repeat":"repeat","background-position":"center center","background-size":"auto","background-attachment":"scroll","background-type":"","background-media":"","overlay-type":"","overlay-color":"","overlay-opacity":"","overlay-gradient":""},"tablet":{"background-color":"","background-image":"","background-repeat":"repeat","background-position":"center center","background-size":"auto","background-attachment":"scroll","background-type":"","background-media":"","overlay-type":"","overlay-color":"","overlay-opacity":"","overlay-gradient":""},"mobile":{"background-color":"","background-image":"","background-repeat":"repeat","background-position":"center center","background-size":"auto","background-attachment":"scroll","background-type":"","background-media":"","overlay-type":"","overlay-color":"","overlay-opacity":"","overlay-gradient":""}},"ast-content-background-meta":{"desktop":{"background-color":"var(--ast-global-color-5)","background-image":"","background-repeat":"repeat","background-position":"center center","background-size":"auto","background-attachment":"scroll","background-type":"","background-media":"","overlay-type":"","overlay-color":"","overlay-opacity":"","overlay-gradient":""},"tablet":{"background-color":"var(--ast-global-color-5)","background-image":"","background-repeat":"repeat","background-position":"center center","background-size":"auto","background-attachment":"scroll","background-type":"","background-media":"","overlay-type":"","overlay-color":"","overlay-opacity":"","overlay-gradient":""},"mobile":{"background-color":"var(--ast-global-color-5)","background-image":"","background-repeat":"repeat","background-position":"center center","background-size":"auto","background-attachment":"scroll","background-type":"","background-media":"","overlay-type":"","overlay-color":"","overlay-opacity":"","overlay-gradient":""}},"footnotes":""},"class_list":["post-27","page","type-page","status-publish","hentry"],"post_mailing_queue_ids":[],"_links":{"self":[{"href":"https:\/\/agora.xtec.cat\/ies-ribera-del-sio\/wp-json\/wp\/v2\/pages\/27","targetHints":{"allow":["GET"]}}],"collection":[{"href":"https:\/\/agora.xtec.cat\/ies-ribera-del-sio\/wp-json\/wp\/v2\/pages"}],"about":[{"href":"https:\/\/agora.xtec.cat\/ies-ribera-del-sio\/wp-json\/wp\/v2\/types\/page"}],"author":[{"embeddable":true,"href":"https:\/\/agora.xtec.cat\/ies-ribera-del-sio\/wp-json\/wp\/v2\/users\/1"}],"replies":[{"embeddable":true,"href":"https:\/\/agora.xtec.cat\/ies-ribera-del-sio\/wp-json\/wp\/v2\/comments?post=27"}],"version-history":[{"count":4,"href":"https:\/\/agora.xtec.cat\/ies-ribera-del-sio\/wp-json\/wp\/v2\/pages\/27\/revisions"}],"predecessor-version":[{"id":4266,"href":"https:\/\/agora.xtec.cat\/ies-ribera-del-sio\/wp-json\/wp\/v2\/pages\/27\/revisions\/4266"}],"up":[{"embeddable":true,"href":"https:\/\/agora.xtec.cat\/ies-ribera-del-sio\/wp-json\/wp\/v2\/pages\/19"}],"wp:attachment":[{"href":"https:\/\/agora.xtec.cat\/ies-ribera-del-sio\/wp-json\/wp\/v2\/media?parent=27"}],"curies":[{"name":"wp","href":"https:\/\/api.w.org\/{rel}","templated":true}]}}